{"id":7951,"date":"2025-09-02T15:25:29","date_gmt":"2025-09-02T15:25:29","guid":{"rendered":"https:\/\/concept05design.com\/achievements-other-2\/"},"modified":"2025-09-02T15:43:41","modified_gmt":"2025-09-02T15:43:41","slug":"achievements-other-2","status":"publish","type":"page","link":"https:\/\/concept05design.com\/en\/achievements-other-2\/","title":{"rendered":"Achievements &#8211; Other"},"content":{"rendered":"<div class=\"fusion-fullwidth fullwidth-box fusion-builder-row-1 fusion-flex-container has-pattern-background has-mask-background nonhundred-percent-fullwidth non-hundred-percent-height-scrolling fusion-custom-z-index\" style=\"--awb-background-position:center top;--awb-border-radius-top-left:0px;--awb-border-radius-top-right:0px;--awb-border-radius-bottom-right:0px;--awb-border-radius-bottom-left:0px;--awb-z-index:0;--awb-padding-top:150px;--awb-padding-top-small:100px;--awb-background-size:contain;--awb-flex-wrap:wrap;\" ><div class=\"fusion-builder-row fusion-row fusion-flex-align-items-flex-start fusion-flex-justify-content-center fusion-flex-content-wrap\" style=\"max-width:1248px;margin-left: calc(-4% \/ 2 );margin-right: calc(-4% \/ 2 );\"><div class=\"fusion-layout-column fusion_builder_column fusion-builder-column-0 fusion_builder_column_1_1 1_1 fusion-flex-column\" style=\"--awb-bg-size:cover;--awb-width-large:100%;--awb-margin-top-large:0px;--awb-spacing-right-large:1.92%;--awb-margin-bottom-large:40px;--awb-spacing-left-large:1.92%;--awb-width-medium:100%;--awb-order-medium:0;--awb-spacing-right-medium:1.92%;--awb-spacing-left-medium:1.92%;--awb-width-small:100%;--awb-order-small:0;--awb-spacing-right-small:1.92%;--awb-spacing-left-small:1.92%;\" data-scroll-devices=\"small-visibility,medium-visibility,large-visibility\"><div class=\"fusion-column-wrapper fusion-column-has-shadow fusion-flex-justify-content-flex-start fusion-content-layout-column\"><div class=\"fusion-image-element \" style=\"text-align:center;--awb-caption-title-font-family:var(--h2_typography-font-family);--awb-caption-title-font-weight:var(--h2_typography-font-weight);--awb-caption-title-font-style:var(--h2_typography-font-style);--awb-caption-title-size:var(--h2_typography-font-size);--awb-caption-title-transform:var(--h2_typography-text-transform);--awb-caption-title-line-height:var(--h2_typography-line-height);--awb-caption-title-letter-spacing:var(--h2_typography-letter-spacing);\"><span class=\" fusion-imageframe imageframe-none imageframe-1 hover-type-none\"><img decoding=\"async\" width=\"2\" height=\"148\" title=\"Line-11\" src=\"https:\/\/concept05design.com\/wp-content\/uploads\/2024\/06\/Line-11.jpg\" alt class=\"img-responsive wp-image-128\"\/><\/span><\/div><div class=\"fusion-title title fusion-title-1 fusion-sep-none fusion-title-center fusion-title-text fusion-title-size-two\" style=\"--awb-margin-bottom:40px;\"><h2 class=\"fusion-title-heading title-heading-center fusion-responsive-typography-calculated\" style=\"margin:0;--fontSize:40;line-height:1.25;\">Our other achievements<\/h2><\/div><\/div><\/div><div class=\"fusion-layout-column fusion_builder_column fusion-builder-column-1 fusion_builder_column_1_1 1_1 fusion-flex-column\" style=\"--awb-bg-size:cover;--awb-width-large:100%;--awb-margin-top-large:0px;--awb-spacing-right-large:1.92%;--awb-margin-bottom-large:20px;--awb-spacing-left-large:1.92%;--awb-width-medium:100%;--awb-order-medium:0;--awb-spacing-right-medium:1.92%;--awb-spacing-left-medium:1.92%;--awb-width-small:100%;--awb-order-small:0;--awb-spacing-right-small:1.92%;--awb-spacing-left-small:1.92%;\"><div class=\"fusion-column-wrapper fusion-column-has-shadow fusion-flex-justify-content-flex-start fusion-content-layout-column\"><div class=\"awb-gallery-wrapper awb-gallery-wrapper-1 button-span-no\" style=\"--more-btn-alignment:center;\"><div style=\"margin:-5px;--awb-bordersize:0px;\" class=\"fusion-gallery fusion-gallery-container fusion-grid-3 fusion-columns-total-4 fusion-gallery-layout-grid fusion-gallery-1\"><div style=\"padding:5px;\" class=\"fusion-grid-column fusion-gallery-column fusion-gallery-column-3 hover-type-none\"><div class=\"fusion-gallery-image\"><a href=\"https:\/\/concept05design.com\/wp-content\/uploads\/2025\/08\/IMG_3876-scaled.jpeg\" rel=\"noreferrer\" data-rel=\"iLightbox[gallery_image_1]\" class=\"fusion-lightbox\" target=\"_self\"><img decoding=\"async\" src=\"https:\/\/concept05design.com\/wp-content\/uploads\/2025\/08\/IMG_3876-scaled.jpeg\" width=\"2560\" height=\"1920\" alt=\"\" title=\"IMG_3876\" aria-label=\"IMG_3876\" class=\"img-responsive wp-image-7898\" srcset=\"https:\/\/concept05design.com\/wp-content\/uploads\/2025\/08\/IMG_3876-200x150.jpeg 200w, https:\/\/concept05design.com\/wp-content\/uploads\/2025\/08\/IMG_3876-400x300.jpeg 400w, https:\/\/concept05design.com\/wp-content\/uploads\/2025\/08\/IMG_3876-600x450.jpeg 600w, https:\/\/concept05design.com\/wp-content\/uploads\/2025\/08\/IMG_3876-800x600.jpeg 800w, https:\/\/concept05design.com\/wp-content\/uploads\/2025\/08\/IMG_3876-1200x900.jpeg 1200w, https:\/\/concept05design.com\/wp-content\/uploads\/2025\/08\/IMG_3876-scaled.jpeg 2560w\" sizes=\"(min-width: 2200px) 100vw, (min-width: 784px) 397px, (min-width: 712px) 595px, (min-width: 640px) 712px, \" \/><\/a><\/div><\/div><div style=\"padding:5px;\" class=\"fusion-grid-column fusion-gallery-column fusion-gallery-column-3 hover-type-none\"><div class=\"fusion-gallery-image\"><a href=\"https:\/\/concept05design.com\/wp-content\/uploads\/2025\/08\/IMG_3877-scaled.jpeg\" rel=\"noreferrer\" data-rel=\"iLightbox[gallery_image_1]\" class=\"fusion-lightbox\" target=\"_self\"><img decoding=\"async\" src=\"https:\/\/concept05design.com\/wp-content\/uploads\/2025\/08\/IMG_3877-scaled.jpeg\" width=\"2560\" height=\"1920\" alt=\"\" title=\"IMG_3877\" aria-label=\"IMG_3877\" class=\"img-responsive wp-image-7900\" srcset=\"https:\/\/concept05design.com\/wp-content\/uploads\/2025\/08\/IMG_3877-200x150.jpeg 200w, https:\/\/concept05design.com\/wp-content\/uploads\/2025\/08\/IMG_3877-400x300.jpeg 400w, https:\/\/concept05design.com\/wp-content\/uploads\/2025\/08\/IMG_3877-600x450.jpeg 600w, https:\/\/concept05design.com\/wp-content\/uploads\/2025\/08\/IMG_3877-800x600.jpeg 800w, https:\/\/concept05design.com\/wp-content\/uploads\/2025\/08\/IMG_3877-1200x900.jpeg 1200w, https:\/\/concept05design.com\/wp-content\/uploads\/2025\/08\/IMG_3877-scaled.jpeg 2560w\" sizes=\"(min-width: 2200px) 100vw, (min-width: 784px) 397px, (min-width: 712px) 595px, (min-width: 640px) 712px, \" \/><\/a><\/div><\/div><div style=\"padding:5px;\" class=\"fusion-grid-column fusion-gallery-column fusion-gallery-column-3 hover-type-none\"><div class=\"fusion-gallery-image\"><a href=\"https:\/\/concept05design.com\/wp-content\/uploads\/2025\/08\/IMG_3878-scaled.jpeg\" rel=\"noreferrer\" data-rel=\"iLightbox[gallery_image_1]\" class=\"fusion-lightbox\" target=\"_self\"><img decoding=\"async\" src=\"https:\/\/concept05design.com\/wp-content\/uploads\/2025\/08\/IMG_3878-scaled.jpeg\" width=\"2560\" height=\"1920\" alt=\"\" title=\"IMG_3878\" aria-label=\"IMG_3878\" class=\"img-responsive wp-image-7902\" srcset=\"https:\/\/concept05design.com\/wp-content\/uploads\/2025\/08\/IMG_3878-200x150.jpeg 200w, https:\/\/concept05design.com\/wp-content\/uploads\/2025\/08\/IMG_3878-400x300.jpeg 400w, https:\/\/concept05design.com\/wp-content\/uploads\/2025\/08\/IMG_3878-600x450.jpeg 600w, https:\/\/concept05design.com\/wp-content\/uploads\/2025\/08\/IMG_3878-800x600.jpeg 800w, https:\/\/concept05design.com\/wp-content\/uploads\/2025\/08\/IMG_3878-1200x900.jpeg 1200w, https:\/\/concept05design.com\/wp-content\/uploads\/2025\/08\/IMG_3878-scaled.jpeg 2560w\" sizes=\"(min-width: 2200px) 100vw, (min-width: 784px) 397px, (min-width: 712px) 595px, (min-width: 640px) 712px, \" \/><\/a><\/div><\/div><div class=\"clearfix\"><\/div><div style=\"padding:5px;\" class=\"fusion-grid-column fusion-gallery-column fusion-gallery-column-3 hover-type-none\"><div class=\"fusion-gallery-image\"><a href=\"https:\/\/concept05design.com\/wp-content\/uploads\/2025\/08\/IMG_3879-scaled.jpeg\" rel=\"noreferrer\" data-rel=\"iLightbox[gallery_image_1]\" class=\"fusion-lightbox\" target=\"_self\"><img decoding=\"async\" src=\"https:\/\/concept05design.com\/wp-content\/uploads\/2025\/08\/IMG_3879-scaled.jpeg\" width=\"2560\" height=\"1920\" alt=\"\" title=\"IMG_3879\" aria-label=\"IMG_3879\" class=\"img-responsive wp-image-7904\" srcset=\"https:\/\/concept05design.com\/wp-content\/uploads\/2025\/08\/IMG_3879-200x150.jpeg 200w, https:\/\/concept05design.com\/wp-content\/uploads\/2025\/08\/IMG_3879-400x300.jpeg 400w, https:\/\/concept05design.com\/wp-content\/uploads\/2025\/08\/IMG_3879-600x450.jpeg 600w, https:\/\/concept05design.com\/wp-content\/uploads\/2025\/08\/IMG_3879-800x600.jpeg 800w, https:\/\/concept05design.com\/wp-content\/uploads\/2025\/08\/IMG_3879-1200x900.jpeg 1200w, https:\/\/concept05design.com\/wp-content\/uploads\/2025\/08\/IMG_3879-scaled.jpeg 2560w\" sizes=\"(min-width: 2200px) 100vw, (min-width: 784px) 397px, (min-width: 712px) 595px, (min-width: 640px) 712px, \" \/><\/a><\/div><\/div><\/div><\/div><\/div><\/div><\/div><\/div>\n","protected":false},"excerpt":{"rendered":"","protected":false},"author":5,"featured_media":0,"parent":0,"menu_order":0,"comment_status":"closed","ping_status":"closed","template":"100-width.php","meta":{"footnotes":""},"class_list":["post-7951","page","type-page","status-publish","hentry"],"yoast_head":"<!-- This site is optimized with the Yoast SEO plugin v27.6 - https:\/\/yoast.com\/product\/yoast-seo-wordpress\/ -->\n<title>Our other achievements<\/title>\n<meta name=\"description\" content=\"Discover our flooring projects and more, combining quality, style and professional expertise.\" \/>\n<meta name=\"robots\" content=\"index, follow, max-snippet:-1, max-image-preview:large, max-video-preview:-1\" \/>\n<link rel=\"canonical\" href=\"https:\/\/concept05design.com\/en\/achievements-other-2\/\" \/>\n<meta property=\"og:locale\" content=\"en_US\" \/>\n<meta property=\"og:type\" content=\"article\" \/>\n<meta property=\"og:title\" content=\"Our other achievements\" \/>\n<meta property=\"og:description\" content=\"Discover our flooring projects and more, combining quality, style and professional expertise.\" \/>\n<meta property=\"og:url\" content=\"https:\/\/concept05design.com\/en\/achievements-other-2\/\" \/>\n<meta property=\"og:site_name\" content=\"Concept 05 Design\" \/>\n<meta property=\"article:modified_time\" content=\"2025-09-02T15:43:41+00:00\" \/>\n<meta name=\"twitter:card\" content=\"summary_large_image\" \/>\n<meta name=\"twitter:label1\" content=\"Est. reading time\" \/>\n\t<meta name=\"twitter:data1\" content=\"8 minutes\" \/>\n<script type=\"application\/ld+json\" class=\"yoast-schema-graph\">{\"@context\":\"https:\\\/\\\/schema.org\",\"@graph\":[{\"@type\":\"WebPage\",\"@id\":\"https:\\\/\\\/concept05design.com\\\/en\\\/achievements-other-2\\\/\",\"url\":\"https:\\\/\\\/concept05design.com\\\/en\\\/achievements-other-2\\\/\",\"name\":\"Our other achievements\",\"isPartOf\":{\"@id\":\"https:\\\/\\\/concept05design.com\\\/en\\\/#website\"},\"datePublished\":\"2025-09-02T15:25:29+00:00\",\"dateModified\":\"2025-09-02T15:43:41+00:00\",\"description\":\"Discover our flooring projects and more, combining quality, style and professional expertise.\",\"breadcrumb\":{\"@id\":\"https:\\\/\\\/concept05design.com\\\/en\\\/achievements-other-2\\\/#breadcrumb\"},\"inLanguage\":\"en-US\",\"potentialAction\":[{\"@type\":\"ReadAction\",\"target\":[\"https:\\\/\\\/concept05design.com\\\/en\\\/achievements-other-2\\\/\"]}]},{\"@type\":\"BreadcrumbList\",\"@id\":\"https:\\\/\\\/concept05design.com\\\/en\\\/achievements-other-2\\\/#breadcrumb\",\"itemListElement\":[{\"@type\":\"ListItem\",\"position\":1,\"name\":\"Accueil\",\"item\":\"https:\\\/\\\/concept05design.com\\\/en\\\/\"},{\"@type\":\"ListItem\",\"position\":2,\"name\":\"Achievements &#8211; Other\"}]},{\"@type\":\"WebSite\",\"@id\":\"https:\\\/\\\/concept05design.com\\\/en\\\/#website\",\"url\":\"https:\\\/\\\/concept05design.com\\\/en\\\/\",\"name\":\"Concept 05 Design\",\"description\":\"Du Concept \u00e0 la R\u00e9alit\u00e9 : Votre Vision, Notre Mission\",\"potentialAction\":[{\"@type\":\"SearchAction\",\"target\":{\"@type\":\"EntryPoint\",\"urlTemplate\":\"https:\\\/\\\/concept05design.com\\\/en\\\/?s={search_term_string}\"},\"query-input\":{\"@type\":\"PropertyValueSpecification\",\"valueRequired\":true,\"valueName\":\"search_term_string\"}}],\"inLanguage\":\"en-US\"}]}<\/script>\n<!-- \/ Yoast SEO plugin. -->","yoast_head_json":{"title":"Our other achievements","description":"Discover our flooring projects and more, combining quality, style and professional expertise.","robots":{"index":"index","follow":"follow","max-snippet":"max-snippet:-1","max-image-preview":"max-image-preview:large","max-video-preview":"max-video-preview:-1"},"canonical":"https:\/\/concept05design.com\/en\/achievements-other-2\/","og_locale":"en_US","og_type":"article","og_title":"Our other achievements","og_description":"Discover our flooring projects and more, combining quality, style and professional expertise.","og_url":"https:\/\/concept05design.com\/en\/achievements-other-2\/","og_site_name":"Concept 05 Design","article_modified_time":"2025-09-02T15:43:41+00:00","twitter_card":"summary_large_image","twitter_misc":{"Est. reading time":"8 minutes"},"schema":{"@context":"https:\/\/schema.org","@graph":[{"@type":"WebPage","@id":"https:\/\/concept05design.com\/en\/achievements-other-2\/","url":"https:\/\/concept05design.com\/en\/achievements-other-2\/","name":"Our other achievements","isPartOf":{"@id":"https:\/\/concept05design.com\/en\/#website"},"datePublished":"2025-09-02T15:25:29+00:00","dateModified":"2025-09-02T15:43:41+00:00","description":"Discover our flooring projects and more, combining quality, style and professional expertise.","breadcrumb":{"@id":"https:\/\/concept05design.com\/en\/achievements-other-2\/#breadcrumb"},"inLanguage":"en-US","potentialAction":[{"@type":"ReadAction","target":["https:\/\/concept05design.com\/en\/achievements-other-2\/"]}]},{"@type":"BreadcrumbList","@id":"https:\/\/concept05design.com\/en\/achievements-other-2\/#breadcrumb","itemListElement":[{"@type":"ListItem","position":1,"name":"Accueil","item":"https:\/\/concept05design.com\/en\/"},{"@type":"ListItem","position":2,"name":"Achievements &#8211; Other"}]},{"@type":"WebSite","@id":"https:\/\/concept05design.com\/en\/#website","url":"https:\/\/concept05design.com\/en\/","name":"Concept 05 Design","description":"Du Concept \u00e0 la R\u00e9alit\u00e9 : Votre Vision, Notre Mission","potentialAction":[{"@type":"SearchAction","target":{"@type":"EntryPoint","urlTemplate":"https:\/\/concept05design.com\/en\/?s={search_term_string}"},"query-input":{"@type":"PropertyValueSpecification","valueRequired":true,"valueName":"search_term_string"}}],"inLanguage":"en-US"}]}},"_links":{"self":[{"href":"https:\/\/concept05design.com\/en\/wp-json\/wp\/v2\/pages\/7951","targetHints":{"allow":["GET"]}}],"collection":[{"href":"https:\/\/concept05design.com\/en\/wp-json\/wp\/v2\/pages"}],"about":[{"href":"https:\/\/concept05design.com\/en\/wp-json\/wp\/v2\/types\/page"}],"author":[{"embeddable":true,"href":"https:\/\/concept05design.com\/en\/wp-json\/wp\/v2\/users\/5"}],"replies":[{"embeddable":true,"href":"https:\/\/concept05design.com\/en\/wp-json\/wp\/v2\/comments?post=7951"}],"version-history":[{"count":4,"href":"https:\/\/concept05design.com\/en\/wp-json\/wp\/v2\/pages\/7951\/revisions"}],"predecessor-version":[{"id":7971,"href":"https:\/\/concept05design.com\/en\/wp-json\/wp\/v2\/pages\/7951\/revisions\/7971"}],"wp:attachment":[{"href":"https:\/\/concept05design.com\/en\/wp-json\/wp\/v2\/media?parent=7951"}],"curies":[{"name":"wp","href":"https:\/\/api.w.org\/{rel}","templated":true}]}}