{"id":162,"date":"2024-06-04T14:22:22","date_gmt":"2024-06-04T14:22:22","guid":{"rendered":"https:\/\/c05design.digitalmarketsolution.com\/?post_type=product&#038;p=162"},"modified":"2024-07-15T23:34:19","modified_gmt":"2024-07-15T23:34:19","slug":"epoque-ivory","status":"publish","type":"product","link":"https:\/\/concept05design.com\/en\/produit\/epoque-ivory\/","title":{"rendered":"Epoque Ivory"},"content":{"rendered":"<p>Rogatus ad ultimum admissusque in consistorium ambage nulla praegressa inconsiderate et leviter proficiscere inquit ut praeceptum est, Caesar sciens quod si cessaveris, et tuas et palatii tui auferri iubebo prope diem annonas. hocque solo contumaciter dicto subiratus abscessit nec in conspectum eius postea venit saepius arcessitus.<\/p>\n<p><a href=\"https:\/\/concept05design.com\" target=\"_blank\" rel=\"noopener\"><img decoding=\"async\" class=\"alignnone  wp-image-41\" src=\"https:\/\/concept05design.com\/wp-content\/uploads\/2024\/06\/logo-c05design.png\" alt=\"\" width=\"215\" height=\"83\" \/><\/a> <a href=\"https:\/\/concept05design.com\" target=\"_blank\" rel=\"noopener\"><img decoding=\"async\" class=\"alignnone wp-image-41\" src=\"https:\/\/concept05design.com\/wp-content\/uploads\/2024\/06\/logo-c05design.png\" alt=\"\" width=\"215\" height=\"83\" \/><\/a><\/p>\n","protected":false},"excerpt":{"rendered":"<p>Rogatus ad ultimum admissusque in consistorium ambage nulla praegressa inconsiderate  [&#8230;]<\/p>\n","protected":false},"featured_media":163,"template":"","meta":[],"product_brand":[],"product_cat":[56],"product_tag":[],"class_list":{"0":"post-162","1":"product","2":"type-product","3":"status-publish","4":"has-post-thumbnail","6":"product_cat-new-arrivals","8":"first","9":"instock","10":"shipping-taxable","11":"purchasable","12":"product-type-simple"},"yoast_head":"<!-- This site is optimized with the Yoast SEO plugin v27.4 - https:\/\/yoast.com\/product\/yoast-seo-wordpress\/ -->\n<title>Epoque Ivory - Concept 05 Design<\/title>\n<meta name=\"robots\" content=\"index, follow, max-snippet:-1, max-image-preview:large, max-video-preview:-1\" \/>\n<link rel=\"canonical\" href=\"https:\/\/concept05design.com\/en\/produit\/epoque-ivory\/\" \/>\n<meta property=\"og:locale\" content=\"en_US\" \/>\n<meta property=\"og:type\" content=\"article\" \/>\n<meta property=\"og:title\" content=\"Epoque Ivory - Concept 05 Design\" \/>\n<meta property=\"og:description\" content=\"Rogatus ad ultimum admissusque in consistorium ambage nulla praegressa inconsiderate [...]\" \/>\n<meta property=\"og:url\" content=\"https:\/\/concept05design.com\/en\/produit\/epoque-ivory\/\" \/>\n<meta property=\"og:site_name\" content=\"Concept 05 Design\" \/>\n<meta property=\"article:modified_time\" content=\"2024-07-15T23:34:19+00:00\" \/>\n<meta property=\"og:image\" content=\"https:\/\/concept05design.com\/wp-content\/uploads\/2024\/06\/Produit-1.jpg\" \/>\n\t<meta property=\"og:image:width\" content=\"489\" \/>\n\t<meta property=\"og:image:height\" content=\"638\" \/>\n\t<meta property=\"og:image:type\" content=\"image\/jpeg\" \/>\n<meta name=\"twitter:card\" content=\"summary_large_image\" \/>\n<meta name=\"twitter:label1\" content=\"Est. reading time\" \/>\n\t<meta name=\"twitter:data1\" content=\"1 minute\" \/>\n<script type=\"application\/ld+json\" class=\"yoast-schema-graph\">{\"@context\":\"https:\\\/\\\/schema.org\",\"@graph\":[{\"@type\":\"WebPage\",\"@id\":\"https:\\\/\\\/concept05design.com\\\/en\\\/produit\\\/epoque-ivory\\\/\",\"url\":\"https:\\\/\\\/concept05design.com\\\/en\\\/produit\\\/epoque-ivory\\\/\",\"name\":\"Epoque Ivory - Concept 05 Design\",\"isPartOf\":{\"@id\":\"https:\\\/\\\/concept05design.com\\\/en\\\/#website\"},\"primaryImageOfPage\":{\"@id\":\"https:\\\/\\\/concept05design.com\\\/en\\\/produit\\\/epoque-ivory\\\/#primaryimage\"},\"image\":{\"@id\":\"https:\\\/\\\/concept05design.com\\\/en\\\/produit\\\/epoque-ivory\\\/#primaryimage\"},\"thumbnailUrl\":\"https:\\\/\\\/concept05design.com\\\/wp-content\\\/uploads\\\/2024\\\/06\\\/Produit-1.jpg\",\"datePublished\":\"2024-06-04T14:22:22+00:00\",\"dateModified\":\"2024-07-15T23:34:19+00:00\",\"breadcrumb\":{\"@id\":\"https:\\\/\\\/concept05design.com\\\/en\\\/produit\\\/epoque-ivory\\\/#breadcrumb\"},\"inLanguage\":\"en-US\",\"potentialAction\":[{\"@type\":\"ReadAction\",\"target\":[\"https:\\\/\\\/concept05design.com\\\/en\\\/produit\\\/epoque-ivory\\\/\"]}]},{\"@type\":\"ImageObject\",\"inLanguage\":\"en-US\",\"@id\":\"https:\\\/\\\/concept05design.com\\\/en\\\/produit\\\/epoque-ivory\\\/#primaryimage\",\"url\":\"https:\\\/\\\/concept05design.com\\\/wp-content\\\/uploads\\\/2024\\\/06\\\/Produit-1.jpg\",\"contentUrl\":\"https:\\\/\\\/concept05design.com\\\/wp-content\\\/uploads\\\/2024\\\/06\\\/Produit-1.jpg\",\"width\":489,\"height\":638},{\"@type\":\"BreadcrumbList\",\"@id\":\"https:\\\/\\\/concept05design.com\\\/en\\\/produit\\\/epoque-ivory\\\/#breadcrumb\",\"itemListElement\":[{\"@type\":\"ListItem\",\"position\":1,\"name\":\"Accueil\",\"item\":\"https:\\\/\\\/concept05design.com\\\/en\\\/\"},{\"@type\":\"ListItem\",\"position\":2,\"name\":\"Shop\",\"item\":\"https:\\\/\\\/concept05design.com\\\/shop\\\/\"},{\"@type\":\"ListItem\",\"position\":3,\"name\":\"Epoque Ivory\"}]},{\"@type\":\"WebSite\",\"@id\":\"https:\\\/\\\/concept05design.com\\\/en\\\/#website\",\"url\":\"https:\\\/\\\/concept05design.com\\\/en\\\/\",\"name\":\"Concept 05 Design\",\"description\":\"Du Concept \u00e0 la R\u00e9alit\u00e9 : Votre Vision, Notre Mission\",\"potentialAction\":[{\"@type\":\"SearchAction\",\"target\":{\"@type\":\"EntryPoint\",\"urlTemplate\":\"https:\\\/\\\/concept05design.com\\\/en\\\/?s={search_term_string}\"},\"query-input\":{\"@type\":\"PropertyValueSpecification\",\"valueRequired\":true,\"valueName\":\"search_term_string\"}}],\"inLanguage\":\"en-US\"}]}<\/script>\n<!-- \/ Yoast SEO plugin. -->","yoast_head_json":{"title":"Epoque Ivory - Concept 05 Design","robots":{"index":"index","follow":"follow","max-snippet":"max-snippet:-1","max-image-preview":"max-image-preview:large","max-video-preview":"max-video-preview:-1"},"canonical":"https:\/\/concept05design.com\/en\/produit\/epoque-ivory\/","og_locale":"en_US","og_type":"article","og_title":"Epoque Ivory - Concept 05 Design","og_description":"Rogatus ad ultimum admissusque in consistorium ambage nulla praegressa inconsiderate [...]","og_url":"https:\/\/concept05design.com\/en\/produit\/epoque-ivory\/","og_site_name":"Concept 05 Design","article_modified_time":"2024-07-15T23:34:19+00:00","og_image":[{"width":489,"height":638,"url":"https:\/\/concept05design.com\/wp-content\/uploads\/2024\/06\/Produit-1.jpg","type":"image\/jpeg"}],"twitter_card":"summary_large_image","twitter_misc":{"Est. reading time":"1 minute"},"schema":{"@context":"https:\/\/schema.org","@graph":[{"@type":"WebPage","@id":"https:\/\/concept05design.com\/en\/produit\/epoque-ivory\/","url":"https:\/\/concept05design.com\/en\/produit\/epoque-ivory\/","name":"Epoque Ivory - Concept 05 Design","isPartOf":{"@id":"https:\/\/concept05design.com\/en\/#website"},"primaryImageOfPage":{"@id":"https:\/\/concept05design.com\/en\/produit\/epoque-ivory\/#primaryimage"},"image":{"@id":"https:\/\/concept05design.com\/en\/produit\/epoque-ivory\/#primaryimage"},"thumbnailUrl":"https:\/\/concept05design.com\/wp-content\/uploads\/2024\/06\/Produit-1.jpg","datePublished":"2024-06-04T14:22:22+00:00","dateModified":"2024-07-15T23:34:19+00:00","breadcrumb":{"@id":"https:\/\/concept05design.com\/en\/produit\/epoque-ivory\/#breadcrumb"},"inLanguage":"en-US","potentialAction":[{"@type":"ReadAction","target":["https:\/\/concept05design.com\/en\/produit\/epoque-ivory\/"]}]},{"@type":"ImageObject","inLanguage":"en-US","@id":"https:\/\/concept05design.com\/en\/produit\/epoque-ivory\/#primaryimage","url":"https:\/\/concept05design.com\/wp-content\/uploads\/2024\/06\/Produit-1.jpg","contentUrl":"https:\/\/concept05design.com\/wp-content\/uploads\/2024\/06\/Produit-1.jpg","width":489,"height":638},{"@type":"BreadcrumbList","@id":"https:\/\/concept05design.com\/en\/produit\/epoque-ivory\/#breadcrumb","itemListElement":[{"@type":"ListItem","position":1,"name":"Accueil","item":"https:\/\/concept05design.com\/en\/"},{"@type":"ListItem","position":2,"name":"Shop","item":"https:\/\/concept05design.com\/shop\/"},{"@type":"ListItem","position":3,"name":"Epoque Ivory"}]},{"@type":"WebSite","@id":"https:\/\/concept05design.com\/en\/#website","url":"https:\/\/concept05design.com\/en\/","name":"Concept 05 Design","description":"Du Concept \u00e0 la R\u00e9alit\u00e9 : Votre Vision, Notre Mission","potentialAction":[{"@type":"SearchAction","target":{"@type":"EntryPoint","urlTemplate":"https:\/\/concept05design.com\/en\/?s={search_term_string}"},"query-input":{"@type":"PropertyValueSpecification","valueRequired":true,"valueName":"search_term_string"}}],"inLanguage":"en-US"}]}},"_links":{"self":[{"href":"https:\/\/concept05design.com\/en\/wp-json\/wp\/v2\/product\/162","targetHints":{"allow":["GET"]}}],"collection":[{"href":"https:\/\/concept05design.com\/en\/wp-json\/wp\/v2\/product"}],"about":[{"href":"https:\/\/concept05design.com\/en\/wp-json\/wp\/v2\/types\/product"}],"wp:featuredmedia":[{"embeddable":true,"href":"https:\/\/concept05design.com\/en\/wp-json\/wp\/v2\/media\/163"}],"wp:attachment":[{"href":"https:\/\/concept05design.com\/en\/wp-json\/wp\/v2\/media?parent=162"}],"wp:term":[{"taxonomy":"product_brand","embeddable":true,"href":"https:\/\/concept05design.com\/en\/wp-json\/wp\/v2\/product_brand?post=162"},{"taxonomy":"product_cat","embeddable":true,"href":"https:\/\/concept05design.com\/en\/wp-json\/wp\/v2\/product_cat?post=162"},{"taxonomy":"product_tag","embeddable":true,"href":"https:\/\/concept05design.com\/en\/wp-json\/wp\/v2\/product_tag?post=162"}],"curies":[{"name":"wp","href":"https:\/\/api.w.org\/{rel}","templated":true}]}}