{"id":1873,"date":"2024-10-17T12:44:38","date_gmt":"2024-10-17T12:44:38","guid":{"rendered":"https:\/\/rxt.ae8.myftpupload.com\/?post_type=product&#038;p=1873"},"modified":"2025-07-11T16:14:27","modified_gmt":"2025-07-11T16:14:27","slug":"sunstone","status":"publish","type":"product","link":"https:\/\/concept05design.com\/en\/produit\/sunstone\/","title":{"rendered":"Sunstone"},"content":{"rendered":"<table class=\"specs-table\">\n<thead>\n<tr>\n<th>Format<\/th>\n<th>24\u2033 \u00d7 24\u2033 (~600 \u00d7 600 mm)<\/th>\n<\/tr>\n<\/thead>\n<tbody>\n<tr>\n<td>Manufacture<\/td>\n<td>Made in Italy<\/td>\n<\/tr>\n<tr>\n<td>Thickness<\/td>\n<td>9.0 mm<\/td>\n<\/tr>\n<tr>\n<td>Finish<\/td>\n<td>Matt<\/td>\n<\/tr>\n<tr>\n<td>Application<\/td>\n<td>Wall &amp; Floor<\/td>\n<\/tr>\n<tr>\n<td>Number of visuals (faces)<\/td>\n<td>12<\/td>\n<\/tr>\n<tr>\n<td>Rectified<\/td>\n<td>Yes<\/td>\n<\/tr>\n<tr>\n<td>Water absorption (ISO 10545-3)<\/td>\n<td>\u2264 0,5 %<\/td>\n<\/tr>\n<tr>\n<td>Breaking strength (ISO 10545-4)<\/td>\n<td>&gt; 1300 N<\/td>\n<\/tr>\n<tr>\n<td>Modulus of rupture (ISO 10545-4)<\/td>\n<td>&gt; 35 N\/mm\u00b2 at break<\/td>\n<\/tr>\n<tr>\n<td>Deep abrasion (ISO 10545-6)<\/td>\n<td>&lt; 175 mm\u00b3 of abrasion<\/td>\n<\/tr>\n<tr>\n<td>Abrasion (ISO 10545-7)<\/td>\n<td>&#8211;<\/td>\n<\/tr>\n<tr>\n<td>Thermal shock (ISO 10545-9)<\/td>\n<td>Resistant<\/td>\n<\/tr>\n<tr>\n<td>Cracks (ISO 10545-11)<\/td>\n<td>&#8211;<\/td>\n<\/tr>\n<tr>\n<td>Frost resistance (ISO 10545-12)<\/td>\n<td>Resistant<\/td>\n<\/tr>\n<tr>\n<td>Chemical resistance (ISO 10545-13)<\/td>\n<td>Min Class B<\/td>\n<\/tr>\n<tr>\n<td>Stain resistance (ISO 10545-14)<\/td>\n<td>Class 3<\/td>\n<\/tr>\n<tr>\n<td>Slippage (DIN \/ ANSI)<\/td>\n<td>R10, &gt; 0.42<\/td>\n<\/tr>\n<tr>\n<td>Number of pieces per box<\/td>\n<td>4<\/td>\n<\/tr>\n<tr>\n<td>Weight per box<\/td>\n<td>32.70 kg (72.10 lb)<\/td>\n<\/tr>\n<tr>\n<td>Boxes per pallet<\/td>\n<td>30<\/td>\n<\/tr>\n<tr>\n<td>Weight per pallet<\/td>\n<td>1000.17 kg (2205.00 lb)<\/td>\n<\/tr>\n<tr>\n<td>Coverage per box<\/td>\n<td>1.44 m\u00b2 (15.50 ft\u00b2)<\/td>\n<\/tr>\n<tr>\n<td>Coverage per pallet<\/td>\n<td>43.20 m\u00b2 (465.00 ft\u00b2)<\/td>\n<\/tr>\n<\/tbody>\n<\/table>\n","protected":false},"excerpt":{"rendered":"<article class=\"text-token-text-primary w-full\" dir=\"auto\" data-testid=\"conversation-turn-8\" data-scroll-anchor=\"true\">\n<div class=\"text-base my-auto mx-auto py-5 [--thread-content-margin:--spacing(4)] @[37rem]:[--thread-content-margin:--spacing(6)] @[72rem]:[--thread-content-margin:--spacing(16)] px-(--thread-content-margin)\">\n<div class=\"[--thread-content-max-width:32rem] @[34rem]:[--thread-content-max-width:40rem] @[64rem]:[--thread-content-max-width:48rem] mx-auto flex max-w-(--thread-content-max-width) flex-1 text-base gap-4 md:gap-5 lg:gap-6 group\/turn-messages focus-visible:outline-hidden\" tabindex=\"-1\">\n<div class=\"group\/conversation-turn relative flex w-full min-w-0 flex-col agent-turn\">\n<div class=\"relative flex-col gap-1 md:gap-3\">\n<div class=\"flex max-w-full flex-col grow\">\n<div class=\"min-h-8 text-message relative flex w-full flex-col items-end gap-2 text-start break-words whitespace-normal [.text-message+&amp;]:mt-5\" dir=\"auto\" data-message-author-role=\"assistant\" data-message-id=\"5365d842-0473-4844-b6f0-e0b920cb2283\" data-message-model-slug=\"gpt-4o\">\n<div class=\"flex w-full flex-col gap-1 empty:hidden first:pt-[3px]\">\n<div class=\"markdown prose dark:prose-invert w-full break-words dark\">\n<p data-start=\"0\" data-end=\"294\" data-is-last-node=\"\" data-is-only-node=\"\">Unglazed, matte-finish, rectified porcelain tile offering high resistance to wear and water. Its matte finish ensures a sober, natural look, while the rectified edges allow installation with fine joints for a modern, uniform effect, ideal for interiors or exteriors. <\/p>\n<\/div>\n<\/div>\n<\/div>\n<\/div>\n<\/div>\n<\/div>\n<\/div>\n<\/div>\n<\/article>\n<ul>\n<li>Porcelain<\/li>\n<li>Unglazed<\/li>\n<li>Mate<\/li>\n<li>Rectified<\/li>\n<\/ul>\n<p><img decoding=\"async\" class=\"alignnone size-full wp-image-9096\" src=\"https:\/\/www.planchers1867.com\/wp-content\/uploads\/2019\/04\/dimension_dispo.png\" alt=\"\" width=\"274\" height=\"72\"><\/p>\n<p><img decoding=\"async\" class=\"alignnone wp-image-10931 size-medium entered lazyloaded\" src=\"https:\/\/www.planchers1867.com\/wp-content\/uploads\/2019\/04\/symbole-Sunstone-300x30.png\" alt=\"\" width=\"300\" height=\"30\" data-lazy-src=\"https:\/\/www.planchers1867.com\/wp-content\/uploads\/2019\/04\/symbole-Sunstone-300x30.png\" data-ll-status=\"loaded\"><\/p>\n<p>&nbsp;<\/p>\n","protected":false},"featured_media":4774,"template":"","meta":[],"product_brand":[],"product_cat":[121,122,123,131,129,130,89,88,90,127,134,22,78],"product_tag":[],"class_list":{"0":"post-1873","1":"product","2":"type-product","3":"status-publish","4":"has-post-thumbnail","6":"product_cat-12x24","7":"product_cat-24x24","8":"product_cat-24x48","9":"product_cat-anthracite","10":"product_cat-beige","11":"product_cat-noir","12":"product_cat-couleur","13":"product_cat-dimension","14":"product_cat-fini","15":"product_cat-gris","16":"product_cat-mat","17":"product_cat-nouveautes","18":"product_cat-tuile-de-porcelaine","20":"first","21":"instock","22":"shipping-taxable","23":"purchasable","24":"product-type-simple"},"yoast_head":"<!-- This site is optimized with the Yoast SEO plugin v27.4 - https:\/\/yoast.com\/product\/yoast-seo-wordpress\/ -->\n<title>Sunstone - Concept 05 Design<\/title>\n<meta name=\"robots\" content=\"index, follow, max-snippet:-1, max-image-preview:large, max-video-preview:-1\" \/>\n<link rel=\"canonical\" href=\"https:\/\/concept05design.com\/en\/produit\/sunstone\/\" \/>\n<meta property=\"og:locale\" content=\"en_US\" \/>\n<meta property=\"og:type\" content=\"article\" \/>\n<meta property=\"og:title\" content=\"Sunstone - Concept 05 Design\" \/>\n<meta property=\"og:description\" content=\"Unglazed, matte-finish, rectified porcelain tile offering high resistance to wear and water. Its matte finish ensures a sober, natural look, while the rectified edges allow installation with fine joints for a modern, uniform effect, ideal for interiors or exteriors.        Porcelain  Unglazed  Mate  Rectified   &nbsp;\" \/>\n<meta property=\"og:url\" content=\"https:\/\/concept05design.com\/en\/produit\/sunstone\/\" \/>\n<meta property=\"og:site_name\" content=\"Concept 05 Design\" \/>\n<meta property=\"article:modified_time\" content=\"2025-07-11T16:14:27+00:00\" \/>\n<meta property=\"og:image\" content=\"https:\/\/concept05design.com\/wp-content\/uploads\/2024\/10\/advance-2.png\" \/>\n\t<meta property=\"og:image:width\" content=\"640\" \/>\n\t<meta property=\"og:image:height\" content=\"640\" \/>\n\t<meta property=\"og:image:type\" content=\"image\/png\" \/>\n<meta name=\"twitter:card\" content=\"summary_large_image\" \/>\n<meta name=\"twitter:label1\" content=\"Est. reading time\" \/>\n\t<meta name=\"twitter:data1\" content=\"1 minute\" \/>\n<script type=\"application\/ld+json\" class=\"yoast-schema-graph\">{\"@context\":\"https:\\\/\\\/schema.org\",\"@graph\":[{\"@type\":\"WebPage\",\"@id\":\"https:\\\/\\\/concept05design.com\\\/en\\\/produit\\\/sunstone\\\/\",\"url\":\"https:\\\/\\\/concept05design.com\\\/en\\\/produit\\\/sunstone\\\/\",\"name\":\"Sunstone - Concept 05 Design\",\"isPartOf\":{\"@id\":\"https:\\\/\\\/concept05design.com\\\/en\\\/#website\"},\"primaryImageOfPage\":{\"@id\":\"https:\\\/\\\/concept05design.com\\\/en\\\/produit\\\/sunstone\\\/#primaryimage\"},\"image\":{\"@id\":\"https:\\\/\\\/concept05design.com\\\/en\\\/produit\\\/sunstone\\\/#primaryimage\"},\"thumbnailUrl\":\"https:\\\/\\\/concept05design.com\\\/wp-content\\\/uploads\\\/2024\\\/10\\\/advance-2.png\",\"datePublished\":\"2024-10-17T12:44:38+00:00\",\"dateModified\":\"2025-07-11T16:14:27+00:00\",\"breadcrumb\":{\"@id\":\"https:\\\/\\\/concept05design.com\\\/en\\\/produit\\\/sunstone\\\/#breadcrumb\"},\"inLanguage\":\"en-US\",\"potentialAction\":[{\"@type\":\"ReadAction\",\"target\":[\"https:\\\/\\\/concept05design.com\\\/en\\\/produit\\\/sunstone\\\/\"]}]},{\"@type\":\"ImageObject\",\"inLanguage\":\"en-US\",\"@id\":\"https:\\\/\\\/concept05design.com\\\/en\\\/produit\\\/sunstone\\\/#primaryimage\",\"url\":\"https:\\\/\\\/concept05design.com\\\/wp-content\\\/uploads\\\/2024\\\/10\\\/advance-2.png\",\"contentUrl\":\"https:\\\/\\\/concept05design.com\\\/wp-content\\\/uploads\\\/2024\\\/10\\\/advance-2.png\",\"width\":640,\"height\":640},{\"@type\":\"BreadcrumbList\",\"@id\":\"https:\\\/\\\/concept05design.com\\\/en\\\/produit\\\/sunstone\\\/#breadcrumb\",\"itemListElement\":[{\"@type\":\"ListItem\",\"position\":1,\"name\":\"Accueil\",\"item\":\"https:\\\/\\\/concept05design.com\\\/en\\\/\"},{\"@type\":\"ListItem\",\"position\":2,\"name\":\"Shop\",\"item\":\"https:\\\/\\\/concept05design.com\\\/shop\\\/\"},{\"@type\":\"ListItem\",\"position\":3,\"name\":\"Sunstone\"}]},{\"@type\":\"WebSite\",\"@id\":\"https:\\\/\\\/concept05design.com\\\/en\\\/#website\",\"url\":\"https:\\\/\\\/concept05design.com\\\/en\\\/\",\"name\":\"Concept 05 Design\",\"description\":\"Du Concept \u00e0 la R\u00e9alit\u00e9 : Votre Vision, Notre Mission\",\"potentialAction\":[{\"@type\":\"SearchAction\",\"target\":{\"@type\":\"EntryPoint\",\"urlTemplate\":\"https:\\\/\\\/concept05design.com\\\/en\\\/?s={search_term_string}\"},\"query-input\":{\"@type\":\"PropertyValueSpecification\",\"valueRequired\":true,\"valueName\":\"search_term_string\"}}],\"inLanguage\":\"en-US\"}]}<\/script>\n<!-- \/ Yoast SEO plugin. -->","yoast_head_json":{"title":"Sunstone - Concept 05 Design","robots":{"index":"index","follow":"follow","max-snippet":"max-snippet:-1","max-image-preview":"max-image-preview:large","max-video-preview":"max-video-preview:-1"},"canonical":"https:\/\/concept05design.com\/en\/produit\/sunstone\/","og_locale":"en_US","og_type":"article","og_title":"Sunstone - Concept 05 Design","og_description":"Unglazed, matte-finish, rectified porcelain tile offering high resistance to wear and water. Its matte finish ensures a sober, natural look, while the rectified edges allow installation with fine joints for a modern, uniform effect, ideal for interiors or exteriors.        Porcelain  Unglazed  Mate  Rectified   &nbsp;","og_url":"https:\/\/concept05design.com\/en\/produit\/sunstone\/","og_site_name":"Concept 05 Design","article_modified_time":"2025-07-11T16:14:27+00:00","og_image":[{"width":640,"height":640,"url":"https:\/\/concept05design.com\/wp-content\/uploads\/2024\/10\/advance-2.png","type":"image\/png"}],"twitter_card":"summary_large_image","twitter_misc":{"Est. reading time":"1 minute"},"schema":{"@context":"https:\/\/schema.org","@graph":[{"@type":"WebPage","@id":"https:\/\/concept05design.com\/en\/produit\/sunstone\/","url":"https:\/\/concept05design.com\/en\/produit\/sunstone\/","name":"Sunstone - Concept 05 Design","isPartOf":{"@id":"https:\/\/concept05design.com\/en\/#website"},"primaryImageOfPage":{"@id":"https:\/\/concept05design.com\/en\/produit\/sunstone\/#primaryimage"},"image":{"@id":"https:\/\/concept05design.com\/en\/produit\/sunstone\/#primaryimage"},"thumbnailUrl":"https:\/\/concept05design.com\/wp-content\/uploads\/2024\/10\/advance-2.png","datePublished":"2024-10-17T12:44:38+00:00","dateModified":"2025-07-11T16:14:27+00:00","breadcrumb":{"@id":"https:\/\/concept05design.com\/en\/produit\/sunstone\/#breadcrumb"},"inLanguage":"en-US","potentialAction":[{"@type":"ReadAction","target":["https:\/\/concept05design.com\/en\/produit\/sunstone\/"]}]},{"@type":"ImageObject","inLanguage":"en-US","@id":"https:\/\/concept05design.com\/en\/produit\/sunstone\/#primaryimage","url":"https:\/\/concept05design.com\/wp-content\/uploads\/2024\/10\/advance-2.png","contentUrl":"https:\/\/concept05design.com\/wp-content\/uploads\/2024\/10\/advance-2.png","width":640,"height":640},{"@type":"BreadcrumbList","@id":"https:\/\/concept05design.com\/en\/produit\/sunstone\/#breadcrumb","itemListElement":[{"@type":"ListItem","position":1,"name":"Accueil","item":"https:\/\/concept05design.com\/en\/"},{"@type":"ListItem","position":2,"name":"Shop","item":"https:\/\/concept05design.com\/shop\/"},{"@type":"ListItem","position":3,"name":"Sunstone"}]},{"@type":"WebSite","@id":"https:\/\/concept05design.com\/en\/#website","url":"https:\/\/concept05design.com\/en\/","name":"Concept 05 Design","description":"Du Concept \u00e0 la R\u00e9alit\u00e9 : Votre Vision, Notre Mission","potentialAction":[{"@type":"SearchAction","target":{"@type":"EntryPoint","urlTemplate":"https:\/\/concept05design.com\/en\/?s={search_term_string}"},"query-input":{"@type":"PropertyValueSpecification","valueRequired":true,"valueName":"search_term_string"}}],"inLanguage":"en-US"}]}},"_links":{"self":[{"href":"https:\/\/concept05design.com\/en\/wp-json\/wp\/v2\/product\/1873","targetHints":{"allow":["GET"]}}],"collection":[{"href":"https:\/\/concept05design.com\/en\/wp-json\/wp\/v2\/product"}],"about":[{"href":"https:\/\/concept05design.com\/en\/wp-json\/wp\/v2\/types\/product"}],"wp:featuredmedia":[{"embeddable":true,"href":"https:\/\/concept05design.com\/en\/wp-json\/wp\/v2\/media\/4774"}],"wp:attachment":[{"href":"https:\/\/concept05design.com\/en\/wp-json\/wp\/v2\/media?parent=1873"}],"wp:term":[{"taxonomy":"product_brand","embeddable":true,"href":"https:\/\/concept05design.com\/en\/wp-json\/wp\/v2\/product_brand?post=1873"},{"taxonomy":"product_cat","embeddable":true,"href":"https:\/\/concept05design.com\/en\/wp-json\/wp\/v2\/product_cat?post=1873"},{"taxonomy":"product_tag","embeddable":true,"href":"https:\/\/concept05design.com\/en\/wp-json\/wp\/v2\/product_tag?post=1873"}],"curies":[{"name":"wp","href":"https:\/\/api.w.org\/{rel}","templated":true}]}}