{"id":1889,"date":"2024-10-17T12:47:54","date_gmt":"2024-10-17T12:47:54","guid":{"rendered":"https:\/\/rxt.ae8.myftpupload.com\/?post_type=product&#038;p=1889"},"modified":"2025-07-11T17:26:54","modified_gmt":"2025-07-11T17:26:54","slug":"super-slate","status":"publish","type":"product","link":"https:\/\/concept05design.com\/en\/produit\/super-slate\/","title":{"rendered":"Super Slate"},"content":{"rendered":"<table class=\"specs-table\">\n<thead>\n<tr>\n<th>Format<\/th>\n<th>12\u2033 \u00d7 24\u2033 (300 \u00d7 600 mm)<\/th>\n<th>24\u2033 \u00d7 24\u2033 (500 \u00d7 500 mm)<\/th>\n<\/tr>\n<\/thead>\n<tbody>\n<tr>\n<td>Dimensions<\/td>\n<td>9 mm \u00d7 300 mm \u00d7 600 mm (\u00b3\u2044\u2088\u2033 \u00d7 12\u2033 \u00d7 24\u2033)<\/td>\n<td>9 mm \u00d7 500 mm \u00d7 500 mm (\u00b3\u2044\u2088\u2033 \u00d7 24\u2033 \u00d7 24\u2033)<\/td>\n<\/tr>\n<tr>\n<td>Coverage per box<\/td>\n<td>1.44 m\u00b2 (15.50 ft\u00b2)<\/td>\n<td>1.44 m\u00b2 (15.50 ft\u00b2)<\/td>\n<\/tr>\n<tr>\n<td>Number of tiles per box<\/td>\n<td>8 tiles<\/td>\n<td>4 tiles<\/td>\n<\/tr>\n<tr>\n<td>Weight per box<\/td>\n<td>33 kg (72.75 lbs)<\/td>\n<td>33 kg (72.75 lbs)<\/td>\n<\/tr>\n<tr>\n<td>Boxes per pallet<\/td>\n<td>40<\/td>\n<td>40<\/td>\n<\/tr>\n<tr>\n<td>Coverage per pallet<\/td>\n<td>57.6 m\u00b2 (620 ft\u00b2)<\/td>\n<td>57.6 m\u00b2 (620 ft\u00b2)<\/td>\n<\/tr>\n<tr>\n<td>Weight per pallet<\/td>\n<td>1220 kg (2690 lbs)<\/td>\n<td>1220 kg (2690 lbs)<\/td>\n<\/tr>\n<tr>\n<td>Finish<\/td>\n<td>Textured, Glazed, Matte<\/td>\n<td>Textured, Glazed, Matte<\/td>\n<\/tr>\n<tr>\n<td>Number of visuals (faces)<\/td>\n<td>Multiple designs (56690 0020R White, 56690 4020R Black)<\/td>\n<td>Multiple designs (56690 0040R White, 56690 4040R Black)<\/td>\n<\/tr>\n<tr>\n<td>Application<\/td>\n<td>Wall &amp; Floor<\/td>\n<td>Wall &amp; Floor<\/td>\n<\/tr>\n<tr>\n<td>Rectified<\/td>\n<td>Yes<\/td>\n<td>Yes<\/td>\n<\/tr>\n<tr>\n<td>Water absorption<\/td>\n<td>\u2264 0.5% (ISO 10545-3)<\/td>\n<td>\u2264 0.5% (ISO 10545-3)<\/td>\n<\/tr>\n<tr>\n<td>Abrasion<\/td>\n<td>PEI 4-3<\/td>\n<td>PEI 4-3<\/td>\n<\/tr>\n<tr>\n<td>Frost resistance<\/td>\n<td>Yes<\/td>\n<td>Yes<\/td>\n<\/tr>\n<tr>\n<td>Chemical resistance<\/td>\n<td>Yes<\/td>\n<td>Yes<\/td>\n<\/tr>\n<\/tbody>\n<\/table>\n","protected":false},"excerpt":{"rendered":"<p>Black porcelain tile with matte finish, 12&#8243; x 24&#8243; format. Versatile and elegant, it&#8217;s perfect for walls and floors. Its natural texture and deep color add a contemporary touch to any residential or commercial space. Durable, easy-care and ideal for clean, modern design.   <\/p>\n<p>&#8211; Porcelain<br data-start=\"184\" data-end=\"187\">&#8211; Black<br data-start=\"194\" data-end=\"197\">&#8211; 12&#8243; x 24&#8243;<br data-start=\"208\" data-end=\"211\">&#8211; Matte finish<br data-start=\"221\" data-end=\"224\">&#8211; Wall | Floor<\/p>\n<p><img decoding=\"async\" class=\"alignnone size-full wp-image-5470\" src=\"https:\/\/www.planchers1867.com\/wp-content\/uploads\/2019\/04\/delicato-format-icons.png\" alt=\"\" width=\"360\" height=\"59\"><\/p>\n<p><a href=\"https:\/\/www.planchers1867.com\/wp-content\/uploads\/2019\/04\/delicato-fini-icons.png\" data-caption=\"\"><img decoding=\"async\" class=\"alignnone wp-image-9592\" src=\"https:\/\/www.planchers1867.com\/wp-content\/uploads\/2022\/07\/symbole-Advance.png\" alt=\"\" width=\"382\" height=\"43\"><\/a><\/p>\n","protected":false},"featured_media":4872,"template":"","meta":[],"product_brand":[],"product_cat":[207,210,198,169,206,203,212,56,84,201],"product_tag":[],"class_list":{"0":"post-1889","1":"product","2":"type-product","3":"status-publish","4":"has-post-thumbnail","6":"product_cat-12x24-en","7":"product_cat-24x24-en","8":"product_cat-black-en","9":"product_cat-color","10":"product_cat-dimension-en","11":"product_cat-finish-3","12":"product_cat-matte-en","13":"product_cat-new-arrivals","14":"product_cat-porcelain-tile","15":"product_cat-white","17":"first","18":"instock","19":"shipping-taxable","20":"purchasable","21":"product-type-simple"},"yoast_head":"<!-- This site is optimized with the Yoast SEO plugin v27.4 - https:\/\/yoast.com\/product\/yoast-seo-wordpress\/ -->\n<title>Super Slate - Concept 05 Design<\/title>\n<meta name=\"robots\" content=\"index, follow, max-snippet:-1, max-image-preview:large, max-video-preview:-1\" \/>\n<link rel=\"canonical\" href=\"https:\/\/concept05design.com\/en\/produit\/super-slate\/\" \/>\n<meta property=\"og:locale\" content=\"en_US\" \/>\n<meta property=\"og:type\" content=\"article\" \/>\n<meta property=\"og:title\" content=\"Super Slate - Concept 05 Design\" \/>\n<meta property=\"og:description\" content=\"Black porcelain tile with matte finish, 12&quot; x 24&quot; format. Versatile and elegant, it&#039;s perfect for walls and floors. Its natural texture and deep color add a contemporary touch to any residential or commercial space. Durable, easy-care and ideal for clean, modern design.   - Porcelain- Black- 12&quot; x 24&quot;- Matte finish- Wall | Floor\" \/>\n<meta property=\"og:url\" content=\"https:\/\/concept05design.com\/en\/produit\/super-slate\/\" \/>\n<meta property=\"og:site_name\" content=\"Concept 05 Design\" \/>\n<meta property=\"article:modified_time\" content=\"2025-07-11T17:26:54+00:00\" \/>\n<meta property=\"og:image\" content=\"https:\/\/concept05design.com\/wp-content\/uploads\/2024\/10\/advance-1-5.png\" \/>\n\t<meta property=\"og:image:width\" content=\"640\" \/>\n\t<meta property=\"og:image:height\" content=\"640\" \/>\n\t<meta property=\"og:image:type\" content=\"image\/png\" \/>\n<meta name=\"twitter:card\" content=\"summary_large_image\" \/>\n<meta name=\"twitter:label1\" content=\"Est. reading time\" \/>\n\t<meta name=\"twitter:data1\" content=\"1 minute\" \/>\n<script type=\"application\/ld+json\" class=\"yoast-schema-graph\">{\"@context\":\"https:\\\/\\\/schema.org\",\"@graph\":[{\"@type\":\"WebPage\",\"@id\":\"https:\\\/\\\/concept05design.com\\\/en\\\/produit\\\/super-slate\\\/\",\"url\":\"https:\\\/\\\/concept05design.com\\\/en\\\/produit\\\/super-slate\\\/\",\"name\":\"Super Slate - Concept 05 Design\",\"isPartOf\":{\"@id\":\"https:\\\/\\\/concept05design.com\\\/en\\\/#website\"},\"primaryImageOfPage\":{\"@id\":\"https:\\\/\\\/concept05design.com\\\/en\\\/produit\\\/super-slate\\\/#primaryimage\"},\"image\":{\"@id\":\"https:\\\/\\\/concept05design.com\\\/en\\\/produit\\\/super-slate\\\/#primaryimage\"},\"thumbnailUrl\":\"https:\\\/\\\/concept05design.com\\\/wp-content\\\/uploads\\\/2024\\\/10\\\/advance-1-5.png\",\"datePublished\":\"2024-10-17T12:47:54+00:00\",\"dateModified\":\"2025-07-11T17:26:54+00:00\",\"breadcrumb\":{\"@id\":\"https:\\\/\\\/concept05design.com\\\/en\\\/produit\\\/super-slate\\\/#breadcrumb\"},\"inLanguage\":\"en-US\",\"potentialAction\":[{\"@type\":\"ReadAction\",\"target\":[\"https:\\\/\\\/concept05design.com\\\/en\\\/produit\\\/super-slate\\\/\"]}]},{\"@type\":\"ImageObject\",\"inLanguage\":\"en-US\",\"@id\":\"https:\\\/\\\/concept05design.com\\\/en\\\/produit\\\/super-slate\\\/#primaryimage\",\"url\":\"https:\\\/\\\/concept05design.com\\\/wp-content\\\/uploads\\\/2024\\\/10\\\/advance-1-5.png\",\"contentUrl\":\"https:\\\/\\\/concept05design.com\\\/wp-content\\\/uploads\\\/2024\\\/10\\\/advance-1-5.png\",\"width\":640,\"height\":640},{\"@type\":\"BreadcrumbList\",\"@id\":\"https:\\\/\\\/concept05design.com\\\/en\\\/produit\\\/super-slate\\\/#breadcrumb\",\"itemListElement\":[{\"@type\":\"ListItem\",\"position\":1,\"name\":\"Accueil\",\"item\":\"https:\\\/\\\/concept05design.com\\\/en\\\/\"},{\"@type\":\"ListItem\",\"position\":2,\"name\":\"Shop\",\"item\":\"https:\\\/\\\/concept05design.com\\\/shop\\\/\"},{\"@type\":\"ListItem\",\"position\":3,\"name\":\"Super Slate\"}]},{\"@type\":\"WebSite\",\"@id\":\"https:\\\/\\\/concept05design.com\\\/en\\\/#website\",\"url\":\"https:\\\/\\\/concept05design.com\\\/en\\\/\",\"name\":\"Concept 05 Design\",\"description\":\"Du Concept \u00e0 la R\u00e9alit\u00e9 : Votre Vision, Notre Mission\",\"potentialAction\":[{\"@type\":\"SearchAction\",\"target\":{\"@type\":\"EntryPoint\",\"urlTemplate\":\"https:\\\/\\\/concept05design.com\\\/en\\\/?s={search_term_string}\"},\"query-input\":{\"@type\":\"PropertyValueSpecification\",\"valueRequired\":true,\"valueName\":\"search_term_string\"}}],\"inLanguage\":\"en-US\"}]}<\/script>\n<!-- \/ Yoast SEO plugin. -->","yoast_head_json":{"title":"Super Slate - Concept 05 Design","robots":{"index":"index","follow":"follow","max-snippet":"max-snippet:-1","max-image-preview":"max-image-preview:large","max-video-preview":"max-video-preview:-1"},"canonical":"https:\/\/concept05design.com\/en\/produit\/super-slate\/","og_locale":"en_US","og_type":"article","og_title":"Super Slate - Concept 05 Design","og_description":"Black porcelain tile with matte finish, 12\" x 24\" format. Versatile and elegant, it's perfect for walls and floors. Its natural texture and deep color add a contemporary touch to any residential or commercial space. Durable, easy-care and ideal for clean, modern design.   - Porcelain- Black- 12\" x 24\"- Matte finish- Wall | Floor","og_url":"https:\/\/concept05design.com\/en\/produit\/super-slate\/","og_site_name":"Concept 05 Design","article_modified_time":"2025-07-11T17:26:54+00:00","og_image":[{"width":640,"height":640,"url":"https:\/\/concept05design.com\/wp-content\/uploads\/2024\/10\/advance-1-5.png","type":"image\/png"}],"twitter_card":"summary_large_image","twitter_misc":{"Est. reading time":"1 minute"},"schema":{"@context":"https:\/\/schema.org","@graph":[{"@type":"WebPage","@id":"https:\/\/concept05design.com\/en\/produit\/super-slate\/","url":"https:\/\/concept05design.com\/en\/produit\/super-slate\/","name":"Super Slate - Concept 05 Design","isPartOf":{"@id":"https:\/\/concept05design.com\/en\/#website"},"primaryImageOfPage":{"@id":"https:\/\/concept05design.com\/en\/produit\/super-slate\/#primaryimage"},"image":{"@id":"https:\/\/concept05design.com\/en\/produit\/super-slate\/#primaryimage"},"thumbnailUrl":"https:\/\/concept05design.com\/wp-content\/uploads\/2024\/10\/advance-1-5.png","datePublished":"2024-10-17T12:47:54+00:00","dateModified":"2025-07-11T17:26:54+00:00","breadcrumb":{"@id":"https:\/\/concept05design.com\/en\/produit\/super-slate\/#breadcrumb"},"inLanguage":"en-US","potentialAction":[{"@type":"ReadAction","target":["https:\/\/concept05design.com\/en\/produit\/super-slate\/"]}]},{"@type":"ImageObject","inLanguage":"en-US","@id":"https:\/\/concept05design.com\/en\/produit\/super-slate\/#primaryimage","url":"https:\/\/concept05design.com\/wp-content\/uploads\/2024\/10\/advance-1-5.png","contentUrl":"https:\/\/concept05design.com\/wp-content\/uploads\/2024\/10\/advance-1-5.png","width":640,"height":640},{"@type":"BreadcrumbList","@id":"https:\/\/concept05design.com\/en\/produit\/super-slate\/#breadcrumb","itemListElement":[{"@type":"ListItem","position":1,"name":"Accueil","item":"https:\/\/concept05design.com\/en\/"},{"@type":"ListItem","position":2,"name":"Shop","item":"https:\/\/concept05design.com\/shop\/"},{"@type":"ListItem","position":3,"name":"Super Slate"}]},{"@type":"WebSite","@id":"https:\/\/concept05design.com\/en\/#website","url":"https:\/\/concept05design.com\/en\/","name":"Concept 05 Design","description":"Du Concept \u00e0 la R\u00e9alit\u00e9 : Votre Vision, Notre Mission","potentialAction":[{"@type":"SearchAction","target":{"@type":"EntryPoint","urlTemplate":"https:\/\/concept05design.com\/en\/?s={search_term_string}"},"query-input":{"@type":"PropertyValueSpecification","valueRequired":true,"valueName":"search_term_string"}}],"inLanguage":"en-US"}]}},"_links":{"self":[{"href":"https:\/\/concept05design.com\/en\/wp-json\/wp\/v2\/product\/1889","targetHints":{"allow":["GET"]}}],"collection":[{"href":"https:\/\/concept05design.com\/en\/wp-json\/wp\/v2\/product"}],"about":[{"href":"https:\/\/concept05design.com\/en\/wp-json\/wp\/v2\/types\/product"}],"wp:featuredmedia":[{"embeddable":true,"href":"https:\/\/concept05design.com\/en\/wp-json\/wp\/v2\/media\/4872"}],"wp:attachment":[{"href":"https:\/\/concept05design.com\/en\/wp-json\/wp\/v2\/media?parent=1889"}],"wp:term":[{"taxonomy":"product_brand","embeddable":true,"href":"https:\/\/concept05design.com\/en\/wp-json\/wp\/v2\/product_brand?post=1889"},{"taxonomy":"product_cat","embeddable":true,"href":"https:\/\/concept05design.com\/en\/wp-json\/wp\/v2\/product_cat?post=1889"},{"taxonomy":"product_tag","embeddable":true,"href":"https:\/\/concept05design.com\/en\/wp-json\/wp\/v2\/product_tag?post=1889"}],"curies":[{"name":"wp","href":"https:\/\/api.w.org\/{rel}","templated":true}]}}