{"id":1903,"date":"2024-10-17T12:52:19","date_gmt":"2024-10-17T12:52:19","guid":{"rendered":"https:\/\/rxt.ae8.myftpupload.com\/?post_type=product&#038;p=1903"},"modified":"2025-07-11T16:31:54","modified_gmt":"2025-07-11T16:31:54","slug":"epoque-white-copie-copie-copie-copie-copie-copie-copie-copie-copie-copie-copie-copie-copie-copie-copie-copie-copie-copie-copie-copie-copie-copie-copie-co-3","status":"publish","type":"product","link":"https:\/\/concept05design.com\/en\/produit\/epoque-white-copie-copie-copie-copie-copie-copie-copie-copie-copie-copie-copie-copie-copie-copie-copie-copie-copie-copie-copie-copie-copie-copie-copie-co-3\/","title":{"rendered":"Techstone"},"content":{"rendered":"<table class=\"specs-table\">\n<thead>\n<tr>\n<th>Format<\/th>\n<th>12\u2033 \u00d7 24\u2033 (~300 \u00d7 600 mm)<\/th>\n<th>24\u2033 \u00d7 24\u2033 (~600 \u00d7 600 mm)<\/th>\n<\/tr>\n<\/thead>\n<tbody>\n<tr>\n<td>Manufacturing<\/td>\n<td colspan=\"2\">Made in Spain<\/td>\n<\/tr>\n<tr>\n<td>Thickness<\/td>\n<td>8.7 mm thick<\/td>\n<td>9.8 mm<\/td>\n<\/tr>\n<tr>\n<td>Finish<\/td>\n<td>Matt<\/td>\n<td>Matt<\/td>\n<\/tr>\n<tr>\n<td>Application<\/td>\n<td colspan=\"2\">Wall &amp; Floor<\/td>\n<\/tr>\n<tr>\n<td>Number of visuals (faces)<\/td>\n<td>17<\/td>\n<td>13<\/td>\n<\/tr>\n<tr>\n<td>Rectified<\/td>\n<td>No<\/td>\n<td>Yes<\/td>\n<\/tr>\n<tr>\n<td>Water absorption (ISO 10545-3)<\/td>\n<td colspan=\"2\">\u2264 0,5 %<\/td>\n<\/tr>\n<tr>\n<td>Breaking strength (ISO 10545-4)<\/td>\n<td colspan=\"2\">&gt; 1300 N<\/td>\n<\/tr>\n<tr>\n<td>Modulus of rupture (ISO 10545-4)<\/td>\n<td colspan=\"2\">&gt; 35 N\/mm\u00b2 at break<\/td>\n<\/tr>\n<tr>\n<td>Deep abrasion (ISO 10545-6)<\/td>\n<td colspan=\"2\">&#8211;<\/td>\n<\/tr>\n<tr>\n<td>Abrasion (ISO 10545-7)<\/td>\n<td>PEI 3 (Anthracite)<\/td>\n<td>PEI 4<\/td>\n<\/tr>\n<tr>\n<td>Thermal shock (ISO 10545-9)<\/td>\n<td colspan=\"2\">Resistant<\/td>\n<\/tr>\n<tr>\n<td>Cracks (ISO 10545-11)<\/td>\n<td colspan=\"2\">Resistant<\/td>\n<\/tr>\n<tr>\n<td>Frost resistance (ISO 10545-12)<\/td>\n<td colspan=\"2\">Resistant<\/td>\n<\/tr>\n<tr>\n<td>Chemical resistance (ISO 10545-13)<\/td>\n<td colspan=\"2\">Class A<\/td>\n<\/tr>\n<tr>\n<td>Stain resistance (ISO 10545-14)<\/td>\n<td colspan=\"2\">Class 5<\/td>\n<\/tr>\n<tr>\n<td>Slip (DIN \/ ANSI)<\/td>\n<td colspan=\"2\">R10, &gt; 0.63<\/td>\n<\/tr>\n<tr>\n<td>Number of pieces per box<\/td>\n<td>7<\/td>\n<td>4<\/td>\n<\/tr>\n<tr>\n<td>Weight per box<\/td>\n<td>22.92 kg (48 lb)<\/td>\n<td>28.47 kg (62 lb)<\/td>\n<\/tr>\n<tr>\n<td>Boxes per pallet<\/td>\n<td>48<\/td>\n<td>36<\/td>\n<\/tr>\n<tr>\n<td>Weight per pallet<\/td>\n<td>1120 kg (2469 lb)<\/td>\n<td>1045 kg (2304 lb)<\/td>\n<\/tr>\n<tr>\n<td>Coverage per box<\/td>\n<td>1.26 m\u00b2 (13.56 ft\u00b2)<\/td>\n<td>1.42 m\u00b2 (15.24 ft\u00b2)<\/td>\n<\/tr>\n<tr>\n<td>Coverage per pallet<\/td>\n<td>50.88 m\u00b2 (548.64 ft\u00b2)<\/td>\n<td>49.20 m\u00b2 (548.64 ft\u00b2)<\/td>\n<\/tr>\n<\/tbody>\n<\/table>\n","protected":false},"excerpt":{"rendered":"<p>Ground, glazed porcelain tile with matte finish. Highly resistant, it offers a modern, uniform look thanks to its clean edges. The enamel protects the surface while facilitating maintenance. Ideal for floors and walls, indoors or out, with a sober, elegant look and no shine.   <\/p>\n<p>&#8211; Porcelain<br \/>\n&#8211; Rectified<br \/>\n&#8211; Enamelled<br \/>\n&#8211; Matte<\/p>\n<p><img decoding=\"async\" class=\"alignnone wp-image-5714\" src=\"https:\/\/www.planchers1867.com\/wp-content\/uploads\/2019\/04\/sunstone-format-icons-1.png\" alt=\"\" width=\"397\" height=\"65\"><\/p>\n<p><img decoding=\"async\" class=\"alignnone wp-image-9370\" src=\"https:\/\/www.planchers1867.com\/wp-content\/uploads\/2022\/06\/symbole-Techstone.png\" alt=\"\" width=\"337\" height=\"39\"><\/p>\n","protected":false},"featured_media":4766,"template":"","meta":[],"product_brand":[],"product_cat":[207,210,204,169,206,203,199,212,84],"product_tag":[],"class_list":{"0":"post-1903","1":"product","2":"type-product","3":"status-publish","4":"has-post-thumbnail","6":"product_cat-12x24-en","7":"product_cat-24x24-en","8":"product_cat-anthracite-en","9":"product_cat-color","10":"product_cat-dimension-en","11":"product_cat-finish-3","12":"product_cat-gray-en","13":"product_cat-matte-en","14":"product_cat-porcelain-tile","16":"first","17":"instock","18":"shipping-taxable","19":"purchasable","20":"product-type-simple"},"yoast_head":"<!-- This site is optimized with the Yoast SEO plugin v27.4 - https:\/\/yoast.com\/product\/yoast-seo-wordpress\/ -->\n<title>Techstone - Concept 05 Design<\/title>\n<meta name=\"robots\" content=\"index, follow, max-snippet:-1, max-image-preview:large, max-video-preview:-1\" \/>\n<link rel=\"canonical\" href=\"https:\/\/concept05design.com\/en\/produit\/epoque-white-copie-copie-copie-copie-copie-copie-copie-copie-copie-copie-copie-copie-copie-copie-copie-copie-copie-copie-copie-copie-copie-copie-copie-co-3\/\" \/>\n<meta property=\"og:locale\" content=\"en_US\" \/>\n<meta property=\"og:type\" content=\"article\" \/>\n<meta property=\"og:title\" content=\"Techstone - Concept 05 Design\" \/>\n<meta property=\"og:description\" content=\"Ground, glazed porcelain tile with matte finish. Highly resistant, it offers a modern, uniform look thanks to its clean edges. The enamel protects the surface while facilitating maintenance. Ideal for floors and walls, indoors or out, with a sober, elegant look and no shine.   - Porcelain - Rectified - Enamelled - Matte\" \/>\n<meta property=\"og:url\" content=\"https:\/\/concept05design.com\/en\/produit\/epoque-white-copie-copie-copie-copie-copie-copie-copie-copie-copie-copie-copie-copie-copie-copie-copie-copie-copie-copie-copie-copie-copie-copie-copie-co-3\/\" \/>\n<meta property=\"og:site_name\" content=\"Concept 05 Design\" \/>\n<meta property=\"article:modified_time\" content=\"2025-07-11T16:31:54+00:00\" \/>\n<meta property=\"og:image\" content=\"https:\/\/concept05design.com\/wp-content\/uploads\/2024\/10\/advance.png\" \/>\n\t<meta property=\"og:image:width\" content=\"640\" \/>\n\t<meta property=\"og:image:height\" content=\"640\" \/>\n\t<meta property=\"og:image:type\" content=\"image\/png\" \/>\n<meta name=\"twitter:card\" content=\"summary_large_image\" \/>\n<meta name=\"twitter:label1\" content=\"Est. reading time\" \/>\n\t<meta name=\"twitter:data1\" content=\"1 minute\" \/>\n<script type=\"application\/ld+json\" class=\"yoast-schema-graph\">{\"@context\":\"https:\\\/\\\/schema.org\",\"@graph\":[{\"@type\":\"WebPage\",\"@id\":\"https:\\\/\\\/concept05design.com\\\/en\\\/produit\\\/epoque-white-copie-copie-copie-copie-copie-copie-copie-copie-copie-copie-copie-copie-copie-copie-copie-copie-copie-copie-copie-copie-copie-copie-copie-co-3\\\/\",\"url\":\"https:\\\/\\\/concept05design.com\\\/en\\\/produit\\\/epoque-white-copie-copie-copie-copie-copie-copie-copie-copie-copie-copie-copie-copie-copie-copie-copie-copie-copie-copie-copie-copie-copie-copie-copie-co-3\\\/\",\"name\":\"Techstone - Concept 05 Design\",\"isPartOf\":{\"@id\":\"https:\\\/\\\/concept05design.com\\\/en\\\/#website\"},\"primaryImageOfPage\":{\"@id\":\"https:\\\/\\\/concept05design.com\\\/en\\\/produit\\\/epoque-white-copie-copie-copie-copie-copie-copie-copie-copie-copie-copie-copie-copie-copie-copie-copie-copie-copie-copie-copie-copie-copie-copie-copie-co-3\\\/#primaryimage\"},\"image\":{\"@id\":\"https:\\\/\\\/concept05design.com\\\/en\\\/produit\\\/epoque-white-copie-copie-copie-copie-copie-copie-copie-copie-copie-copie-copie-copie-copie-copie-copie-copie-copie-copie-copie-copie-copie-copie-copie-co-3\\\/#primaryimage\"},\"thumbnailUrl\":\"https:\\\/\\\/concept05design.com\\\/wp-content\\\/uploads\\\/2024\\\/10\\\/advance.png\",\"datePublished\":\"2024-10-17T12:52:19+00:00\",\"dateModified\":\"2025-07-11T16:31:54+00:00\",\"breadcrumb\":{\"@id\":\"https:\\\/\\\/concept05design.com\\\/en\\\/produit\\\/epoque-white-copie-copie-copie-copie-copie-copie-copie-copie-copie-copie-copie-copie-copie-copie-copie-copie-copie-copie-copie-copie-copie-copie-copie-co-3\\\/#breadcrumb\"},\"inLanguage\":\"en-US\",\"potentialAction\":[{\"@type\":\"ReadAction\",\"target\":[\"https:\\\/\\\/concept05design.com\\\/en\\\/produit\\\/epoque-white-copie-copie-copie-copie-copie-copie-copie-copie-copie-copie-copie-copie-copie-copie-copie-copie-copie-copie-copie-copie-copie-copie-copie-co-3\\\/\"]}]},{\"@type\":\"ImageObject\",\"inLanguage\":\"en-US\",\"@id\":\"https:\\\/\\\/concept05design.com\\\/en\\\/produit\\\/epoque-white-copie-copie-copie-copie-copie-copie-copie-copie-copie-copie-copie-copie-copie-copie-copie-copie-copie-copie-copie-copie-copie-copie-copie-co-3\\\/#primaryimage\",\"url\":\"https:\\\/\\\/concept05design.com\\\/wp-content\\\/uploads\\\/2024\\\/10\\\/advance.png\",\"contentUrl\":\"https:\\\/\\\/concept05design.com\\\/wp-content\\\/uploads\\\/2024\\\/10\\\/advance.png\",\"width\":640,\"height\":640},{\"@type\":\"BreadcrumbList\",\"@id\":\"https:\\\/\\\/concept05design.com\\\/en\\\/produit\\\/epoque-white-copie-copie-copie-copie-copie-copie-copie-copie-copie-copie-copie-copie-copie-copie-copie-copie-copie-copie-copie-copie-copie-copie-copie-co-3\\\/#breadcrumb\",\"itemListElement\":[{\"@type\":\"ListItem\",\"position\":1,\"name\":\"Accueil\",\"item\":\"https:\\\/\\\/concept05design.com\\\/en\\\/\"},{\"@type\":\"ListItem\",\"position\":2,\"name\":\"Shop\",\"item\":\"https:\\\/\\\/concept05design.com\\\/shop\\\/\"},{\"@type\":\"ListItem\",\"position\":3,\"name\":\"Techstone\"}]},{\"@type\":\"WebSite\",\"@id\":\"https:\\\/\\\/concept05design.com\\\/en\\\/#website\",\"url\":\"https:\\\/\\\/concept05design.com\\\/en\\\/\",\"name\":\"Concept 05 Design\",\"description\":\"Du Concept \u00e0 la R\u00e9alit\u00e9 : Votre Vision, Notre Mission\",\"potentialAction\":[{\"@type\":\"SearchAction\",\"target\":{\"@type\":\"EntryPoint\",\"urlTemplate\":\"https:\\\/\\\/concept05design.com\\\/en\\\/?s={search_term_string}\"},\"query-input\":{\"@type\":\"PropertyValueSpecification\",\"valueRequired\":true,\"valueName\":\"search_term_string\"}}],\"inLanguage\":\"en-US\"}]}<\/script>\n<!-- \/ Yoast SEO plugin. -->","yoast_head_json":{"title":"Techstone - Concept 05 Design","robots":{"index":"index","follow":"follow","max-snippet":"max-snippet:-1","max-image-preview":"max-image-preview:large","max-video-preview":"max-video-preview:-1"},"canonical":"https:\/\/concept05design.com\/en\/produit\/epoque-white-copie-copie-copie-copie-copie-copie-copie-copie-copie-copie-copie-copie-copie-copie-copie-copie-copie-copie-copie-copie-copie-copie-copie-co-3\/","og_locale":"en_US","og_type":"article","og_title":"Techstone - Concept 05 Design","og_description":"Ground, glazed porcelain tile with matte finish. Highly resistant, it offers a modern, uniform look thanks to its clean edges. The enamel protects the surface while facilitating maintenance. Ideal for floors and walls, indoors or out, with a sober, elegant look and no shine.   - Porcelain - Rectified - Enamelled - Matte","og_url":"https:\/\/concept05design.com\/en\/produit\/epoque-white-copie-copie-copie-copie-copie-copie-copie-copie-copie-copie-copie-copie-copie-copie-copie-copie-copie-copie-copie-copie-copie-copie-copie-co-3\/","og_site_name":"Concept 05 Design","article_modified_time":"2025-07-11T16:31:54+00:00","og_image":[{"width":640,"height":640,"url":"https:\/\/concept05design.com\/wp-content\/uploads\/2024\/10\/advance.png","type":"image\/png"}],"twitter_card":"summary_large_image","twitter_misc":{"Est. reading time":"1 minute"},"schema":{"@context":"https:\/\/schema.org","@graph":[{"@type":"WebPage","@id":"https:\/\/concept05design.com\/en\/produit\/epoque-white-copie-copie-copie-copie-copie-copie-copie-copie-copie-copie-copie-copie-copie-copie-copie-copie-copie-copie-copie-copie-copie-copie-copie-co-3\/","url":"https:\/\/concept05design.com\/en\/produit\/epoque-white-copie-copie-copie-copie-copie-copie-copie-copie-copie-copie-copie-copie-copie-copie-copie-copie-copie-copie-copie-copie-copie-copie-copie-co-3\/","name":"Techstone - Concept 05 Design","isPartOf":{"@id":"https:\/\/concept05design.com\/en\/#website"},"primaryImageOfPage":{"@id":"https:\/\/concept05design.com\/en\/produit\/epoque-white-copie-copie-copie-copie-copie-copie-copie-copie-copie-copie-copie-copie-copie-copie-copie-copie-copie-copie-copie-copie-copie-copie-copie-co-3\/#primaryimage"},"image":{"@id":"https:\/\/concept05design.com\/en\/produit\/epoque-white-copie-copie-copie-copie-copie-copie-copie-copie-copie-copie-copie-copie-copie-copie-copie-copie-copie-copie-copie-copie-copie-copie-copie-co-3\/#primaryimage"},"thumbnailUrl":"https:\/\/concept05design.com\/wp-content\/uploads\/2024\/10\/advance.png","datePublished":"2024-10-17T12:52:19+00:00","dateModified":"2025-07-11T16:31:54+00:00","breadcrumb":{"@id":"https:\/\/concept05design.com\/en\/produit\/epoque-white-copie-copie-copie-copie-copie-copie-copie-copie-copie-copie-copie-copie-copie-copie-copie-copie-copie-copie-copie-copie-copie-copie-copie-co-3\/#breadcrumb"},"inLanguage":"en-US","potentialAction":[{"@type":"ReadAction","target":["https:\/\/concept05design.com\/en\/produit\/epoque-white-copie-copie-copie-copie-copie-copie-copie-copie-copie-copie-copie-copie-copie-copie-copie-copie-copie-copie-copie-copie-copie-copie-copie-co-3\/"]}]},{"@type":"ImageObject","inLanguage":"en-US","@id":"https:\/\/concept05design.com\/en\/produit\/epoque-white-copie-copie-copie-copie-copie-copie-copie-copie-copie-copie-copie-copie-copie-copie-copie-copie-copie-copie-copie-copie-copie-copie-copie-co-3\/#primaryimage","url":"https:\/\/concept05design.com\/wp-content\/uploads\/2024\/10\/advance.png","contentUrl":"https:\/\/concept05design.com\/wp-content\/uploads\/2024\/10\/advance.png","width":640,"height":640},{"@type":"BreadcrumbList","@id":"https:\/\/concept05design.com\/en\/produit\/epoque-white-copie-copie-copie-copie-copie-copie-copie-copie-copie-copie-copie-copie-copie-copie-copie-copie-copie-copie-copie-copie-copie-copie-copie-co-3\/#breadcrumb","itemListElement":[{"@type":"ListItem","position":1,"name":"Accueil","item":"https:\/\/concept05design.com\/en\/"},{"@type":"ListItem","position":2,"name":"Shop","item":"https:\/\/concept05design.com\/shop\/"},{"@type":"ListItem","position":3,"name":"Techstone"}]},{"@type":"WebSite","@id":"https:\/\/concept05design.com\/en\/#website","url":"https:\/\/concept05design.com\/en\/","name":"Concept 05 Design","description":"Du Concept \u00e0 la R\u00e9alit\u00e9 : Votre Vision, Notre Mission","potentialAction":[{"@type":"SearchAction","target":{"@type":"EntryPoint","urlTemplate":"https:\/\/concept05design.com\/en\/?s={search_term_string}"},"query-input":{"@type":"PropertyValueSpecification","valueRequired":true,"valueName":"search_term_string"}}],"inLanguage":"en-US"}]}},"_links":{"self":[{"href":"https:\/\/concept05design.com\/en\/wp-json\/wp\/v2\/product\/1903","targetHints":{"allow":["GET"]}}],"collection":[{"href":"https:\/\/concept05design.com\/en\/wp-json\/wp\/v2\/product"}],"about":[{"href":"https:\/\/concept05design.com\/en\/wp-json\/wp\/v2\/types\/product"}],"wp:featuredmedia":[{"embeddable":true,"href":"https:\/\/concept05design.com\/en\/wp-json\/wp\/v2\/media\/4766"}],"wp:attachment":[{"href":"https:\/\/concept05design.com\/en\/wp-json\/wp\/v2\/media?parent=1903"}],"wp:term":[{"taxonomy":"product_brand","embeddable":true,"href":"https:\/\/concept05design.com\/en\/wp-json\/wp\/v2\/product_brand?post=1903"},{"taxonomy":"product_cat","embeddable":true,"href":"https:\/\/concept05design.com\/en\/wp-json\/wp\/v2\/product_cat?post=1903"},{"taxonomy":"product_tag","embeddable":true,"href":"https:\/\/concept05design.com\/en\/wp-json\/wp\/v2\/product_tag?post=1903"}],"curies":[{"name":"wp","href":"https:\/\/api.w.org\/{rel}","templated":true}]}}