{"id":2578,"date":"2024-10-08T18:54:00","date_gmt":"2024-10-08T18:54:00","guid":{"rendered":"https:\/\/concept05design.com\/produit\/alloy-decor\/"},"modified":"2025-07-11T15:46:38","modified_gmt":"2025-07-11T15:46:38","slug":"alloy-decor","status":"publish","type":"product","link":"https:\/\/concept05design.com\/en\/produit\/alloy-decor\/","title":{"rendered":"Alloy Decor"},"content":{"rendered":"<table class=\"specs-table\">\n<thead>\n<tr>\n<th>Format<\/th>\n<th>3\u2033 \u00d7 12\u2033 (75 \u00d7 300 mm)<\/th>\n<\/tr>\n<\/thead>\n<tbody>\n<tr>\n<td>Dimensions<\/td>\n<td>10.0 mm \u00d7 75 mm \u00d7 300 mm (\u00b3\u2044\u2088\u2033 \u00d7 3\u2033 \u00d7 12\u2033)<\/td>\n<\/tr>\n<tr>\n<td>Coverage per box<\/td>\n<td>0.58 m\u00b2 (6.29 ft\u00b2)<\/td>\n<\/tr>\n<tr>\n<td>Number of tiles per box<\/td>\n<td>26 tiles<\/td>\n<\/tr>\n<tr>\n<td>Weight per box<\/td>\n<td>9.18 kg (20.24 lbs)<\/td>\n<\/tr>\n<tr>\n<td>Boxes per pallet<\/td>\n<td>120<\/td>\n<\/tr>\n<tr>\n<td>Coverage per pallet<\/td>\n<td>70.08 m\u00b2 (754.80 ft\u00b2)<\/td>\n<\/tr>\n<tr>\n<td>Weight per pallet<\/td>\n<td>1101 kg (2428 lbs)<\/td>\n<\/tr>\n<tr>\n<td>Finish<\/td>\n<td>Matt<\/td>\n<\/tr>\n<tr>\n<td>Number of visuals (faces)<\/td>\n<td>23 different designs<\/td>\n<\/tr>\n<tr>\n<td>Application<\/td>\n<td>Wall<\/td>\n<\/tr>\n<tr>\n<td>Rectified<\/td>\n<td>No<\/td>\n<\/tr>\n<tr>\n<td>Water absorption<\/td>\n<td>16% (ISO 10545-3)<\/td>\n<\/tr>\n<tr>\n<td>Breaking strength<\/td>\n<td>&gt; 600-900 N (ISO 10545-4)<\/td>\n<\/tr>\n<tr>\n<td>Modulus of rupture<\/td>\n<td>&gt; 15-25 N\/mm\u00b2 (ISO 10545-4)<\/td>\n<\/tr>\n<tr>\n<td>Chemical resistance<\/td>\n<td>Min. Class A (ISO 10545-13)<\/td>\n<\/tr>\n<tr>\n<td>Stain resistance<\/td>\n<td>Class 5 (ISO 10545-14)<\/td>\n<\/tr>\n<tr>\n<td>Country of manufacture<\/td>\n<td>Spain<\/td>\n<\/tr>\n<\/tbody>\n<\/table>\n","protected":false},"excerpt":{"rendered":"<p><span class=\"TextRun SCXW128843453 BCX8\" lang=\"FR-CA\" data-contrast=\"auto\" xml:lang=\"FR-CA\"><span class=\"NormalTextRun SCXW128843453 BCX8\">Ceramics <\/span><span class=\"NormalTextRun SpellingErrorV2Themed SCXW128843453 BCX8\">Alloy<\/span> <span class=\"NormalTextRun SpellingErrorV2Themed SCXW128843453 BCX8\">Decor<\/span><span class=\"NormalTextRun SCXW128843453 BCX8\"> embodies contemporary elegance with its porcelain<\/span> <span class=\"NormalTextRun SCXW128843453 BCX8\">porcelain, offering a matte finish that adds<\/span><span class=\"NormalTextRun SCXW128843453 BCX8\">ra<\/span><span class=\"NormalTextRun SCXW128843453 BCX8\"> a touch of sophistication to <\/span><span class=\"NormalTextRun SCXW128843453 BCX8\">your<\/span><span class=\"NormalTextRun SCXW128843453 BCX8\">  space. Available in six distinct colors, this <\/span> <span class=\"NormalTextRun SCXW128843453 BCX8\">wall ceramics<\/span><span class=\"NormalTextRun SCXW128843453 BCX8\"> adapts to any <\/span><span class=\"NormalTextRun SCXW128843453 BCX8\">decor.<\/span><\/span><span class=\"EOP SCXW128843453 BCX8\" data-ccp-props=\"{}\"> <\/span><\/p>\n<p><img decoding=\"async\" class=\"alignnone wp-image-10506 size-medium\" src=\"https:\/\/www.planchers1867.com\/wp-content\/uploads\/2023\/04\/icone_AlloyDecor-300x44.png\" alt=\"\" width=\"300\" height=\"44\"><\/p>\n<p>&#8211; Porcelain<br \/>\n&#8211; Non-Rectified<br \/>\n&#8211; Wall tile<br \/>\n&#8211; Matt finish<\/p>\n<p><img decoding=\"async\" class=\"alignnone wp-image-9560 size-full entered lazyloaded\" src=\"https:\/\/www.planchers1867.com\/wp-content\/uploads\/2022\/07\/eternity_dimension.png\" alt=\"\" width=\"72\" height=\"21\" data-lazy-src=\"https:\/\/www.planchers1867.com\/wp-content\/uploads\/2022\/07\/eternity_dimension.png\" data-ll-status=\"loaded\"><\/p>\n","protected":false},"featured_media":4473,"template":"","meta":[],"product_brand":[],"product_cat":[262,204,59,202,200,199,56,205],"product_tag":[],"class_list":{"0":"post-2578","1":"product","2":"type-product","3":"status-publish","4":"has-post-thumbnail","6":"product_cat-3x12-en","7":"product_cat-anthracite-en","8":"product_cat-backsplash-and-mosaic","9":"product_cat-beige-3","10":"product_cat-brown-en","11":"product_cat-gray-en","12":"product_cat-new-arrivals","13":"product_cat-pattern","15":"first","16":"instock","17":"shipping-taxable","18":"purchasable","19":"product-type-simple"},"yoast_head":"<!-- This site is optimized with the Yoast SEO plugin v27.4 - https:\/\/yoast.com\/product\/yoast-seo-wordpress\/ -->\n<title>Alloy Decor - Concept 05 Design<\/title>\n<meta name=\"robots\" content=\"index, follow, max-snippet:-1, max-image-preview:large, max-video-preview:-1\" \/>\n<link rel=\"canonical\" href=\"https:\/\/concept05design.com\/en\/produit\/alloy-decor\/\" \/>\n<meta property=\"og:locale\" content=\"en_US\" \/>\n<meta property=\"og:type\" content=\"article\" \/>\n<meta property=\"og:title\" content=\"Alloy Decor - Concept 05 Design\" \/>\n<meta property=\"og:description\" content=\"Ceramics Alloy Decor embodies contemporary elegance with its porcelain porcelain, offering a matte finish that addsra a touch of sophistication to your space. Available in six distinct colors, this wall ceramics adapts to any decor.   - Porcelain - Non-Rectified - Wall tile - Matt finish\" \/>\n<meta property=\"og:url\" content=\"https:\/\/concept05design.com\/en\/produit\/alloy-decor\/\" \/>\n<meta property=\"og:site_name\" content=\"Concept 05 Design\" \/>\n<meta property=\"article:modified_time\" content=\"2025-07-11T15:46:38+00:00\" \/>\n<meta property=\"og:image\" content=\"https:\/\/concept05design.com\/wp-content\/uploads\/2024\/10\/Copy-of-Your-paragraph-text-29.png\" \/>\n\t<meta property=\"og:image:width\" content=\"640\" \/>\n\t<meta property=\"og:image:height\" content=\"640\" \/>\n\t<meta property=\"og:image:type\" content=\"image\/png\" \/>\n<meta name=\"twitter:card\" content=\"summary_large_image\" \/>\n<meta name=\"twitter:label1\" content=\"Est. reading time\" \/>\n\t<meta name=\"twitter:data1\" content=\"1 minute\" \/>\n<script type=\"application\/ld+json\" class=\"yoast-schema-graph\">{\"@context\":\"https:\\\/\\\/schema.org\",\"@graph\":[{\"@type\":\"WebPage\",\"@id\":\"https:\\\/\\\/concept05design.com\\\/en\\\/produit\\\/alloy-decor\\\/\",\"url\":\"https:\\\/\\\/concept05design.com\\\/en\\\/produit\\\/alloy-decor\\\/\",\"name\":\"Alloy Decor - Concept 05 Design\",\"isPartOf\":{\"@id\":\"https:\\\/\\\/concept05design.com\\\/en\\\/#website\"},\"primaryImageOfPage\":{\"@id\":\"https:\\\/\\\/concept05design.com\\\/en\\\/produit\\\/alloy-decor\\\/#primaryimage\"},\"image\":{\"@id\":\"https:\\\/\\\/concept05design.com\\\/en\\\/produit\\\/alloy-decor\\\/#primaryimage\"},\"thumbnailUrl\":\"https:\\\/\\\/concept05design.com\\\/wp-content\\\/uploads\\\/2024\\\/10\\\/Copy-of-Your-paragraph-text-29.png\",\"datePublished\":\"2024-10-08T18:54:00+00:00\",\"dateModified\":\"2025-07-11T15:46:38+00:00\",\"breadcrumb\":{\"@id\":\"https:\\\/\\\/concept05design.com\\\/en\\\/produit\\\/alloy-decor\\\/#breadcrumb\"},\"inLanguage\":\"en-US\",\"potentialAction\":[{\"@type\":\"ReadAction\",\"target\":[\"https:\\\/\\\/concept05design.com\\\/en\\\/produit\\\/alloy-decor\\\/\"]}]},{\"@type\":\"ImageObject\",\"inLanguage\":\"en-US\",\"@id\":\"https:\\\/\\\/concept05design.com\\\/en\\\/produit\\\/alloy-decor\\\/#primaryimage\",\"url\":\"https:\\\/\\\/concept05design.com\\\/wp-content\\\/uploads\\\/2024\\\/10\\\/Copy-of-Your-paragraph-text-29.png\",\"contentUrl\":\"https:\\\/\\\/concept05design.com\\\/wp-content\\\/uploads\\\/2024\\\/10\\\/Copy-of-Your-paragraph-text-29.png\",\"width\":640,\"height\":640},{\"@type\":\"BreadcrumbList\",\"@id\":\"https:\\\/\\\/concept05design.com\\\/en\\\/produit\\\/alloy-decor\\\/#breadcrumb\",\"itemListElement\":[{\"@type\":\"ListItem\",\"position\":1,\"name\":\"Accueil\",\"item\":\"https:\\\/\\\/concept05design.com\\\/en\\\/\"},{\"@type\":\"ListItem\",\"position\":2,\"name\":\"Shop\",\"item\":\"https:\\\/\\\/concept05design.com\\\/shop\\\/\"},{\"@type\":\"ListItem\",\"position\":3,\"name\":\"Alloy Decor\"}]},{\"@type\":\"WebSite\",\"@id\":\"https:\\\/\\\/concept05design.com\\\/en\\\/#website\",\"url\":\"https:\\\/\\\/concept05design.com\\\/en\\\/\",\"name\":\"Concept 05 Design\",\"description\":\"Du Concept \u00e0 la R\u00e9alit\u00e9 : Votre Vision, Notre Mission\",\"potentialAction\":[{\"@type\":\"SearchAction\",\"target\":{\"@type\":\"EntryPoint\",\"urlTemplate\":\"https:\\\/\\\/concept05design.com\\\/en\\\/?s={search_term_string}\"},\"query-input\":{\"@type\":\"PropertyValueSpecification\",\"valueRequired\":true,\"valueName\":\"search_term_string\"}}],\"inLanguage\":\"en-US\"}]}<\/script>\n<!-- \/ Yoast SEO plugin. -->","yoast_head_json":{"title":"Alloy Decor - Concept 05 Design","robots":{"index":"index","follow":"follow","max-snippet":"max-snippet:-1","max-image-preview":"max-image-preview:large","max-video-preview":"max-video-preview:-1"},"canonical":"https:\/\/concept05design.com\/en\/produit\/alloy-decor\/","og_locale":"en_US","og_type":"article","og_title":"Alloy Decor - Concept 05 Design","og_description":"Ceramics Alloy Decor embodies contemporary elegance with its porcelain porcelain, offering a matte finish that addsra a touch of sophistication to your space. Available in six distinct colors, this wall ceramics adapts to any decor.   - Porcelain - Non-Rectified - Wall tile - Matt finish","og_url":"https:\/\/concept05design.com\/en\/produit\/alloy-decor\/","og_site_name":"Concept 05 Design","article_modified_time":"2025-07-11T15:46:38+00:00","og_image":[{"width":640,"height":640,"url":"https:\/\/concept05design.com\/wp-content\/uploads\/2024\/10\/Copy-of-Your-paragraph-text-29.png","type":"image\/png"}],"twitter_card":"summary_large_image","twitter_misc":{"Est. reading time":"1 minute"},"schema":{"@context":"https:\/\/schema.org","@graph":[{"@type":"WebPage","@id":"https:\/\/concept05design.com\/en\/produit\/alloy-decor\/","url":"https:\/\/concept05design.com\/en\/produit\/alloy-decor\/","name":"Alloy Decor - Concept 05 Design","isPartOf":{"@id":"https:\/\/concept05design.com\/en\/#website"},"primaryImageOfPage":{"@id":"https:\/\/concept05design.com\/en\/produit\/alloy-decor\/#primaryimage"},"image":{"@id":"https:\/\/concept05design.com\/en\/produit\/alloy-decor\/#primaryimage"},"thumbnailUrl":"https:\/\/concept05design.com\/wp-content\/uploads\/2024\/10\/Copy-of-Your-paragraph-text-29.png","datePublished":"2024-10-08T18:54:00+00:00","dateModified":"2025-07-11T15:46:38+00:00","breadcrumb":{"@id":"https:\/\/concept05design.com\/en\/produit\/alloy-decor\/#breadcrumb"},"inLanguage":"en-US","potentialAction":[{"@type":"ReadAction","target":["https:\/\/concept05design.com\/en\/produit\/alloy-decor\/"]}]},{"@type":"ImageObject","inLanguage":"en-US","@id":"https:\/\/concept05design.com\/en\/produit\/alloy-decor\/#primaryimage","url":"https:\/\/concept05design.com\/wp-content\/uploads\/2024\/10\/Copy-of-Your-paragraph-text-29.png","contentUrl":"https:\/\/concept05design.com\/wp-content\/uploads\/2024\/10\/Copy-of-Your-paragraph-text-29.png","width":640,"height":640},{"@type":"BreadcrumbList","@id":"https:\/\/concept05design.com\/en\/produit\/alloy-decor\/#breadcrumb","itemListElement":[{"@type":"ListItem","position":1,"name":"Accueil","item":"https:\/\/concept05design.com\/en\/"},{"@type":"ListItem","position":2,"name":"Shop","item":"https:\/\/concept05design.com\/shop\/"},{"@type":"ListItem","position":3,"name":"Alloy Decor"}]},{"@type":"WebSite","@id":"https:\/\/concept05design.com\/en\/#website","url":"https:\/\/concept05design.com\/en\/","name":"Concept 05 Design","description":"Du Concept \u00e0 la R\u00e9alit\u00e9 : Votre Vision, Notre Mission","potentialAction":[{"@type":"SearchAction","target":{"@type":"EntryPoint","urlTemplate":"https:\/\/concept05design.com\/en\/?s={search_term_string}"},"query-input":{"@type":"PropertyValueSpecification","valueRequired":true,"valueName":"search_term_string"}}],"inLanguage":"en-US"}]}},"_links":{"self":[{"href":"https:\/\/concept05design.com\/en\/wp-json\/wp\/v2\/product\/2578","targetHints":{"allow":["GET"]}}],"collection":[{"href":"https:\/\/concept05design.com\/en\/wp-json\/wp\/v2\/product"}],"about":[{"href":"https:\/\/concept05design.com\/en\/wp-json\/wp\/v2\/types\/product"}],"wp:featuredmedia":[{"embeddable":true,"href":"https:\/\/concept05design.com\/en\/wp-json\/wp\/v2\/media\/4473"}],"wp:attachment":[{"href":"https:\/\/concept05design.com\/en\/wp-json\/wp\/v2\/media?parent=2578"}],"wp:term":[{"taxonomy":"product_brand","embeddable":true,"href":"https:\/\/concept05design.com\/en\/wp-json\/wp\/v2\/product_brand?post=2578"},{"taxonomy":"product_cat","embeddable":true,"href":"https:\/\/concept05design.com\/en\/wp-json\/wp\/v2\/product_cat?post=2578"},{"taxonomy":"product_tag","embeddable":true,"href":"https:\/\/concept05design.com\/en\/wp-json\/wp\/v2\/product_tag?post=2578"}],"curies":[{"name":"wp","href":"https:\/\/api.w.org\/{rel}","templated":true}]}}