{"id":2589,"date":"2024-10-10T16:22:15","date_gmt":"2024-10-10T16:22:15","guid":{"rendered":"https:\/\/concept05design.com\/produit\/eternity\/"},"modified":"2025-07-09T17:33:31","modified_gmt":"2025-07-09T17:33:31","slug":"eternity","status":"publish","type":"product","link":"https:\/\/concept05design.com\/en\/produit\/eternity\/","title":{"rendered":"Eternity"},"content":{"rendered":"<table class=\"specs-table\">\n<thead>\n<tr>\n<th>Format<\/th>\n<th>3\u2033 \u00d7 12\u2033 (~75 \u00d7 300 mm)<\/th>\n<\/tr>\n<\/thead>\n<tbody>\n<tr>\n<td>Manufacture<\/td>\n<td>Fabriqu\u00e9 en Turquie \/ Made in Turkey<\/td>\n<\/tr>\n<tr>\n<td>Thickness<\/td>\n<td>8.0 mm thick<\/td>\n<\/tr>\n<tr>\n<td>Finish<\/td>\n<td>Matt &amp; Glossy \/ Matte &amp; Glossy<\/td>\n<\/tr>\n<tr>\n<td>Application<\/td>\n<td>Mur \/ Wall<\/td>\n<\/tr>\n<tr>\n<td>Number of faces (Designs)<\/td>\n<td>\u53e3 (not specified)<\/td>\n<\/tr>\n<tr>\n<td>Rectified<\/td>\n<td>Non \/ No<\/td>\n<\/tr>\n<tr>\n<td>Water absorption (ISO 10545-3)<\/td>\n<td>&gt; 10 %<\/td>\n<\/tr>\n<tr>\n<td>Modulus of rupture (ISO 10545-4)<\/td>\n<td>&gt; 12 N\/mm\u00b2 at break<\/td>\n<\/tr>\n<tr>\n<td>Deep abrasion (ISO 10545-6)<\/td>\n<td>&#8211;<\/td>\n<\/tr>\n<tr>\n<td>Abrasion (ISO 10545-7)<\/td>\n<td>&#8211;<\/td>\n<\/tr>\n<tr>\n<td>Thermal shock resistance (ISO 10545-9)<\/td>\n<td>R\u00e9sistant \/ Resist<\/td>\n<\/tr>\n<tr>\n<td>Cracks (ISO 10545-11)<\/td>\n<td>&#8211;<\/td>\n<\/tr>\n<tr>\n<td>Frost resistance (ISO 10545-12)<\/td>\n<td>&#8211;<\/td>\n<\/tr>\n<tr>\n<td>Chemical resistance (ISO 10545-13)<\/td>\n<td>&#8211;<\/td>\n<\/tr>\n<tr>\n<td>Stain resistance (ISO 10545-14)<\/td>\n<td>R\u00e9sistant \/ Resist<\/td>\n<\/tr>\n<tr>\n<td>Slippage (DIN 51130 \/ DIN 51097 \/ ANSI A326.3)<\/td>\n<td>&#8211;<\/td>\n<\/tr>\n<tr>\n<td>Number of pieces per box<\/td>\n<td>44<\/td>\n<\/tr>\n<tr>\n<td>Weight per box<\/td>\n<td>14.00 kg (30.86 lb)<\/td>\n<\/tr>\n<tr>\n<td>Boxes per pallet<\/td>\n<td>48<\/td>\n<\/tr>\n<tr>\n<td>Weight per pallet<\/td>\n<td>672.00 kg (1481.28 lb)<\/td>\n<\/tr>\n<tr>\n<td>Coverage per box<\/td>\n<td>1.00 m\u00b2 (10.76 ft\u00b2)<\/td>\n<\/tr>\n<tr>\n<td>Coverage per pallet<\/td>\n<td>48.00 m\u00b2 (516.48 ft\u00b2)<\/td>\n<\/tr>\n<\/tbody>\n<\/table>\n","protected":false},"excerpt":{"rendered":"<p><span class=\"TextRun SCXW129849634 BCX8\" lang=\"FR-CA\" data-contrast=\"auto\" xml:lang=\"FR-CA\"><span class=\"NormalTextRun SCXW129849634 BCX8\">This wall tile offers a very modern look and will fit perfectly in your kitchen or bathroom. You will have a choice of six colors for this 3 x 12 ceramic tile.<\/span><\/span><span class=\"EOP SCXW129849634 BCX8\" data-ccp-props=\"{}\"> <\/span><\/p>\n<p><img decoding=\"async\" class=\"alignnone size-full wp-image-9562 entered lazyloaded\" src=\"https:\/\/www.planchers1867.com\/wp-content\/uploads\/2022\/07\/icone_eternity.png\" alt=\"\" width=\"104\" height=\"47\" data-lazy-src=\"https:\/\/www.planchers1867.com\/wp-content\/uploads\/2022\/07\/icone_eternity.png\" data-ll-status=\"loaded\"><\/p>\n<p>&#8211; Wall tile only<br \/>\n&#8211; Glazed ceramic<br \/>\n&#8211; Matt<br \/>\n&#8211; Glossy<\/p>\n<p><img decoding=\"async\" class=\"alignnone size-full wp-image-9560 entered lazyloaded\" src=\"https:\/\/www.planchers1867.com\/wp-content\/uploads\/2022\/07\/eternity_dimension.png\" alt=\"\" width=\"72\" height=\"21\" data-lazy-src=\"https:\/\/www.planchers1867.com\/wp-content\/uploads\/2022\/07\/eternity_dimension.png\" data-ll-status=\"loaded\"><\/p>\n","protected":false},"featured_media":4626,"template":"","meta":[],"product_brand":[],"product_cat":[262,204,59,198,169,206,203,214,199,212,56,201],"product_tag":[],"class_list":{"0":"post-2589","1":"product","2":"type-product","3":"status-publish","4":"has-post-thumbnail","6":"product_cat-3x12-en","7":"product_cat-anthracite-en","8":"product_cat-backsplash-and-mosaic","9":"product_cat-black-en","10":"product_cat-color","11":"product_cat-dimension-en","12":"product_cat-finish-3","13":"product_cat-glossy","14":"product_cat-gray-en","15":"product_cat-matte-en","16":"product_cat-new-arrivals","17":"product_cat-white","19":"first","20":"instock","21":"shipping-taxable","22":"purchasable","23":"product-type-simple"},"yoast_head":"<!-- This site is optimized with the Yoast SEO plugin v27.4 - https:\/\/yoast.com\/product\/yoast-seo-wordpress\/ -->\n<title>Eternity - Concept 05 Design<\/title>\n<meta name=\"robots\" content=\"index, follow, max-snippet:-1, max-image-preview:large, max-video-preview:-1\" \/>\n<link rel=\"canonical\" href=\"https:\/\/concept05design.com\/en\/produit\/eternity\/\" \/>\n<meta property=\"og:locale\" content=\"en_US\" \/>\n<meta property=\"og:type\" content=\"article\" \/>\n<meta property=\"og:title\" content=\"Eternity - Concept 05 Design\" \/>\n<meta property=\"og:description\" content=\"This wall tile offers a very modern look and will fit perfectly in your kitchen or bathroom. You will have a choice of six colors for this 3 x 12 ceramic tile.   - Wall tile only - Glazed ceramic - Matt - Glossy\" \/>\n<meta property=\"og:url\" content=\"https:\/\/concept05design.com\/en\/produit\/eternity\/\" \/>\n<meta property=\"og:site_name\" content=\"Concept 05 Design\" \/>\n<meta property=\"article:modified_time\" content=\"2025-07-09T17:33:31+00:00\" \/>\n<meta property=\"og:image\" content=\"https:\/\/concept05design.com\/wp-content\/uploads\/2024\/10\/advance-44.png\" \/>\n\t<meta property=\"og:image:width\" content=\"640\" \/>\n\t<meta property=\"og:image:height\" content=\"640\" \/>\n\t<meta property=\"og:image:type\" content=\"image\/png\" \/>\n<meta name=\"twitter:card\" content=\"summary_large_image\" \/>\n<meta name=\"twitter:label1\" content=\"Est. reading time\" \/>\n\t<meta name=\"twitter:data1\" content=\"1 minute\" \/>\n<script type=\"application\/ld+json\" class=\"yoast-schema-graph\">{\"@context\":\"https:\\\/\\\/schema.org\",\"@graph\":[{\"@type\":\"WebPage\",\"@id\":\"https:\\\/\\\/concept05design.com\\\/en\\\/produit\\\/eternity\\\/\",\"url\":\"https:\\\/\\\/concept05design.com\\\/en\\\/produit\\\/eternity\\\/\",\"name\":\"Eternity - Concept 05 Design\",\"isPartOf\":{\"@id\":\"https:\\\/\\\/concept05design.com\\\/en\\\/#website\"},\"primaryImageOfPage\":{\"@id\":\"https:\\\/\\\/concept05design.com\\\/en\\\/produit\\\/eternity\\\/#primaryimage\"},\"image\":{\"@id\":\"https:\\\/\\\/concept05design.com\\\/en\\\/produit\\\/eternity\\\/#primaryimage\"},\"thumbnailUrl\":\"https:\\\/\\\/concept05design.com\\\/wp-content\\\/uploads\\\/2024\\\/10\\\/advance-44.png\",\"datePublished\":\"2024-10-10T16:22:15+00:00\",\"dateModified\":\"2025-07-09T17:33:31+00:00\",\"breadcrumb\":{\"@id\":\"https:\\\/\\\/concept05design.com\\\/en\\\/produit\\\/eternity\\\/#breadcrumb\"},\"inLanguage\":\"en-US\",\"potentialAction\":[{\"@type\":\"ReadAction\",\"target\":[\"https:\\\/\\\/concept05design.com\\\/en\\\/produit\\\/eternity\\\/\"]}]},{\"@type\":\"ImageObject\",\"inLanguage\":\"en-US\",\"@id\":\"https:\\\/\\\/concept05design.com\\\/en\\\/produit\\\/eternity\\\/#primaryimage\",\"url\":\"https:\\\/\\\/concept05design.com\\\/wp-content\\\/uploads\\\/2024\\\/10\\\/advance-44.png\",\"contentUrl\":\"https:\\\/\\\/concept05design.com\\\/wp-content\\\/uploads\\\/2024\\\/10\\\/advance-44.png\",\"width\":640,\"height\":640},{\"@type\":\"BreadcrumbList\",\"@id\":\"https:\\\/\\\/concept05design.com\\\/en\\\/produit\\\/eternity\\\/#breadcrumb\",\"itemListElement\":[{\"@type\":\"ListItem\",\"position\":1,\"name\":\"Accueil\",\"item\":\"https:\\\/\\\/concept05design.com\\\/en\\\/\"},{\"@type\":\"ListItem\",\"position\":2,\"name\":\"Shop\",\"item\":\"https:\\\/\\\/concept05design.com\\\/shop\\\/\"},{\"@type\":\"ListItem\",\"position\":3,\"name\":\"Eternity\"}]},{\"@type\":\"WebSite\",\"@id\":\"https:\\\/\\\/concept05design.com\\\/en\\\/#website\",\"url\":\"https:\\\/\\\/concept05design.com\\\/en\\\/\",\"name\":\"Concept 05 Design\",\"description\":\"Du Concept \u00e0 la R\u00e9alit\u00e9 : Votre Vision, Notre Mission\",\"potentialAction\":[{\"@type\":\"SearchAction\",\"target\":{\"@type\":\"EntryPoint\",\"urlTemplate\":\"https:\\\/\\\/concept05design.com\\\/en\\\/?s={search_term_string}\"},\"query-input\":{\"@type\":\"PropertyValueSpecification\",\"valueRequired\":true,\"valueName\":\"search_term_string\"}}],\"inLanguage\":\"en-US\"}]}<\/script>\n<!-- \/ Yoast SEO plugin. -->","yoast_head_json":{"title":"Eternity - Concept 05 Design","robots":{"index":"index","follow":"follow","max-snippet":"max-snippet:-1","max-image-preview":"max-image-preview:large","max-video-preview":"max-video-preview:-1"},"canonical":"https:\/\/concept05design.com\/en\/produit\/eternity\/","og_locale":"en_US","og_type":"article","og_title":"Eternity - Concept 05 Design","og_description":"This wall tile offers a very modern look and will fit perfectly in your kitchen or bathroom. You will have a choice of six colors for this 3 x 12 ceramic tile.   - Wall tile only - Glazed ceramic - Matt - Glossy","og_url":"https:\/\/concept05design.com\/en\/produit\/eternity\/","og_site_name":"Concept 05 Design","article_modified_time":"2025-07-09T17:33:31+00:00","og_image":[{"width":640,"height":640,"url":"https:\/\/concept05design.com\/wp-content\/uploads\/2024\/10\/advance-44.png","type":"image\/png"}],"twitter_card":"summary_large_image","twitter_misc":{"Est. reading time":"1 minute"},"schema":{"@context":"https:\/\/schema.org","@graph":[{"@type":"WebPage","@id":"https:\/\/concept05design.com\/en\/produit\/eternity\/","url":"https:\/\/concept05design.com\/en\/produit\/eternity\/","name":"Eternity - Concept 05 Design","isPartOf":{"@id":"https:\/\/concept05design.com\/en\/#website"},"primaryImageOfPage":{"@id":"https:\/\/concept05design.com\/en\/produit\/eternity\/#primaryimage"},"image":{"@id":"https:\/\/concept05design.com\/en\/produit\/eternity\/#primaryimage"},"thumbnailUrl":"https:\/\/concept05design.com\/wp-content\/uploads\/2024\/10\/advance-44.png","datePublished":"2024-10-10T16:22:15+00:00","dateModified":"2025-07-09T17:33:31+00:00","breadcrumb":{"@id":"https:\/\/concept05design.com\/en\/produit\/eternity\/#breadcrumb"},"inLanguage":"en-US","potentialAction":[{"@type":"ReadAction","target":["https:\/\/concept05design.com\/en\/produit\/eternity\/"]}]},{"@type":"ImageObject","inLanguage":"en-US","@id":"https:\/\/concept05design.com\/en\/produit\/eternity\/#primaryimage","url":"https:\/\/concept05design.com\/wp-content\/uploads\/2024\/10\/advance-44.png","contentUrl":"https:\/\/concept05design.com\/wp-content\/uploads\/2024\/10\/advance-44.png","width":640,"height":640},{"@type":"BreadcrumbList","@id":"https:\/\/concept05design.com\/en\/produit\/eternity\/#breadcrumb","itemListElement":[{"@type":"ListItem","position":1,"name":"Accueil","item":"https:\/\/concept05design.com\/en\/"},{"@type":"ListItem","position":2,"name":"Shop","item":"https:\/\/concept05design.com\/shop\/"},{"@type":"ListItem","position":3,"name":"Eternity"}]},{"@type":"WebSite","@id":"https:\/\/concept05design.com\/en\/#website","url":"https:\/\/concept05design.com\/en\/","name":"Concept 05 Design","description":"Du Concept \u00e0 la R\u00e9alit\u00e9 : Votre Vision, Notre Mission","potentialAction":[{"@type":"SearchAction","target":{"@type":"EntryPoint","urlTemplate":"https:\/\/concept05design.com\/en\/?s={search_term_string}"},"query-input":{"@type":"PropertyValueSpecification","valueRequired":true,"valueName":"search_term_string"}}],"inLanguage":"en-US"}]}},"_links":{"self":[{"href":"https:\/\/concept05design.com\/en\/wp-json\/wp\/v2\/product\/2589","targetHints":{"allow":["GET"]}}],"collection":[{"href":"https:\/\/concept05design.com\/en\/wp-json\/wp\/v2\/product"}],"about":[{"href":"https:\/\/concept05design.com\/en\/wp-json\/wp\/v2\/types\/product"}],"wp:featuredmedia":[{"embeddable":true,"href":"https:\/\/concept05design.com\/en\/wp-json\/wp\/v2\/media\/4626"}],"wp:attachment":[{"href":"https:\/\/concept05design.com\/en\/wp-json\/wp\/v2\/media?parent=2589"}],"wp:term":[{"taxonomy":"product_brand","embeddable":true,"href":"https:\/\/concept05design.com\/en\/wp-json\/wp\/v2\/product_brand?post=2589"},{"taxonomy":"product_cat","embeddable":true,"href":"https:\/\/concept05design.com\/en\/wp-json\/wp\/v2\/product_cat?post=2589"},{"taxonomy":"product_tag","embeddable":true,"href":"https:\/\/concept05design.com\/en\/wp-json\/wp\/v2\/product_tag?post=2589"}],"curies":[{"name":"wp","href":"https:\/\/api.w.org\/{rel}","templated":true}]}}