{"id":2592,"date":"2024-10-10T16:26:29","date_gmt":"2024-10-10T16:26:29","guid":{"rendered":"https:\/\/concept05design.com\/produit\/evolve\/"},"modified":"2025-07-11T15:59:26","modified_gmt":"2025-07-11T15:59:26","slug":"evolve","status":"publish","type":"product","link":"https:\/\/concept05design.com\/en\/produit\/evolve\/","title":{"rendered":"Evolve"},"content":{"rendered":"<table class=\"specs-table\">\n<thead>\n<tr>\n<th>Format<\/th>\n<th>4\u2033 \u00d7 12\u2033 (~100 \u00d7 300 mm)<\/th>\n<th>4\u2033 \u00d7 16\u2033 (~100 \u00d7 400 mm)<\/th>\n<\/tr>\n<\/thead>\n<tbody>\n<tr>\n<td>Manufacturing<\/td>\n<td colspan=\"2\">Made in Turkey<\/td>\n<\/tr>\n<tr>\n<td>Thickness<\/td>\n<td>8.0 mm thick<\/td>\n<td>8.0 mm<\/td>\n<\/tr>\n<tr>\n<td>Finish<\/td>\n<td>Matt &amp; High Gloss<\/td>\n<td>Matt &amp; High Gloss<\/td>\n<\/tr>\n<tr>\n<td>Application<\/td>\n<td colspan=\"2\">Wall<\/td>\n<\/tr>\n<tr>\n<td>Number of visuals (faces)<\/td>\n<td colspan=\"2\">4 different designs<\/td>\n<\/tr>\n<tr>\n<td>Rectified<\/td>\n<td colspan=\"2\">No<\/td>\n<\/tr>\n<tr>\n<td>Water absorption (ISO 10545-3)<\/td>\n<td colspan=\"2\">&gt; 10 %<\/td>\n<\/tr>\n<tr>\n<td>Modulus of rupture (ISO 10545-4)<\/td>\n<td colspan=\"2\">&gt; 12 N\/mm\u00b2 at break<\/td>\n<\/tr>\n<tr>\n<td>Thermal shock (ISO 10545-9)<\/td>\n<td colspan=\"2\">Resistant<\/td>\n<\/tr>\n<tr>\n<td>Stain resistance (ISO 10545-14)<\/td>\n<td colspan=\"2\">Resistant<\/td>\n<\/tr>\n<tr>\n<td>Number of pieces per box<\/td>\n<td>30<\/td>\n<td>30<\/td>\n<\/tr>\n<tr>\n<td>Weight per box<\/td>\n<td>12.16 kg (28.66 lb)<\/td>\n<td>13.55 kg (29.87 lb)<\/td>\n<\/tr>\n<tr>\n<td>Boxes per pallet<\/td>\n<td>60<\/td>\n<td>60<\/td>\n<\/tr>\n<tr>\n<td>Weight per pallet<\/td>\n<td>750.00 kg (1653.47 lb)<\/td>\n<td>833.00 kg (1836.45 lb) per pallet<\/td>\n<\/tr>\n<tr>\n<td>Coverage per box<\/td>\n<td>0.90 m\u00b2 (9.68 ft\u00b2)<\/td>\n<td>1.00 m\u00b2 (10.76 ft\u00b2)<\/td>\n<\/tr>\n<tr>\n<td>Coverage per pallet<\/td>\n<td>54.00 m\u00b2 (580.80 ft\u00b2)<\/td>\n<td>60.00 m\u00b2 (645.60 ft\u00b2)<\/td>\n<\/tr>\n<\/tbody>\n<\/table>\n","protected":false},"excerpt":{"rendered":"<p><span class=\"TextRun SCXW253577575 BCX8\" lang=\"FR-CA\" data-contrast=\"auto\" xml:lang=\"FR-CA\"><span class=\"NormalTextRun SCXW253577575 BCX8\">These modern, minimalist tiles will never go out of fashion. Wall ceramics  <\/span><span class=\"NormalTextRun SpellingErrorV2Themed SCXW253577575 BCX8\">Evolve<\/span><span class=\"NormalTextRun SCXW253577575 BCX8\"> is available <\/span><span class=\"NormalTextRun SCXW253577575 BCX8\">in<\/span><span class=\"NormalTextRun SCXW253577575 BCX8\"> five colors and <\/span><span class=\"NormalTextRun SCXW253577575 BCX8\">matte or gloss finish<\/span><span class=\"NormalTextRun SCXW253577575 BCX8\">.<\/span><\/span><span class=\"EOP SCXW253577575 BCX8\" data-ccp-props=\"{}\"> <\/span><\/p>\n<p>&#8211; Ceramic tiles<br \/>\n&#8211; Enamelled<br \/>\n&#8211; Wall tiles only<br \/>\n&#8211; Glossy<br \/>\n&#8211; Matt<\/p>\n<p><img decoding=\"async\" class=\"alignnone size-full wp-image-8734\" src=\"https:\/\/www.planchers1867.com\/wp-content\/uploads\/2021\/07\/evolve_dimension.png\" alt=\"\" width=\"168\" height=\"21\"><\/p>\n","protected":false},"featured_media":4730,"template":"","meta":[],"product_brand":[],"product_cat":[263,264,204,59,198,169,206,203,214,199,212,56,201],"product_tag":[],"class_list":{"0":"post-2592","1":"product","2":"type-product","3":"status-publish","4":"has-post-thumbnail","6":"product_cat-4x12-en","7":"product_cat-4x16-en","8":"product_cat-anthracite-en","9":"product_cat-backsplash-and-mosaic","10":"product_cat-black-en","11":"product_cat-color","12":"product_cat-dimension-en","13":"product_cat-finish-3","14":"product_cat-glossy","15":"product_cat-gray-en","16":"product_cat-matte-en","17":"product_cat-new-arrivals","18":"product_cat-white","20":"first","21":"instock","22":"shipping-taxable","23":"purchasable","24":"product-type-simple"},"yoast_head":"<!-- This site is optimized with the Yoast SEO plugin v27.4 - https:\/\/yoast.com\/product\/yoast-seo-wordpress\/ -->\n<title>Evolve - Concept 05 Design<\/title>\n<meta name=\"robots\" content=\"index, follow, max-snippet:-1, max-image-preview:large, max-video-preview:-1\" \/>\n<link rel=\"canonical\" href=\"https:\/\/concept05design.com\/en\/produit\/evolve\/\" \/>\n<meta property=\"og:locale\" content=\"en_US\" \/>\n<meta property=\"og:type\" content=\"article\" \/>\n<meta property=\"og:title\" content=\"Evolve - Concept 05 Design\" \/>\n<meta property=\"og:description\" content=\"These modern, minimalist tiles will never go out of fashion. Wall ceramics Evolve is available in five colors and matte or gloss finish.  - Ceramic tiles - Enamelled - Wall tiles only - Glossy - Matt\" \/>\n<meta property=\"og:url\" content=\"https:\/\/concept05design.com\/en\/produit\/evolve\/\" \/>\n<meta property=\"og:site_name\" content=\"Concept 05 Design\" \/>\n<meta property=\"article:modified_time\" content=\"2025-07-11T15:59:26+00:00\" \/>\n<meta property=\"og:image\" content=\"https:\/\/concept05design.com\/wp-content\/uploads\/2024\/10\/advance-80.png\" \/>\n\t<meta property=\"og:image:width\" content=\"640\" \/>\n\t<meta property=\"og:image:height\" content=\"640\" \/>\n\t<meta property=\"og:image:type\" content=\"image\/png\" \/>\n<meta name=\"twitter:card\" content=\"summary_large_image\" \/>\n<meta name=\"twitter:label1\" content=\"Est. reading time\" \/>\n\t<meta name=\"twitter:data1\" content=\"1 minute\" \/>\n<script type=\"application\/ld+json\" class=\"yoast-schema-graph\">{\"@context\":\"https:\\\/\\\/schema.org\",\"@graph\":[{\"@type\":\"WebPage\",\"@id\":\"https:\\\/\\\/concept05design.com\\\/en\\\/produit\\\/evolve\\\/\",\"url\":\"https:\\\/\\\/concept05design.com\\\/en\\\/produit\\\/evolve\\\/\",\"name\":\"Evolve - Concept 05 Design\",\"isPartOf\":{\"@id\":\"https:\\\/\\\/concept05design.com\\\/en\\\/#website\"},\"primaryImageOfPage\":{\"@id\":\"https:\\\/\\\/concept05design.com\\\/en\\\/produit\\\/evolve\\\/#primaryimage\"},\"image\":{\"@id\":\"https:\\\/\\\/concept05design.com\\\/en\\\/produit\\\/evolve\\\/#primaryimage\"},\"thumbnailUrl\":\"https:\\\/\\\/concept05design.com\\\/wp-content\\\/uploads\\\/2024\\\/10\\\/advance-80.png\",\"datePublished\":\"2024-10-10T16:26:29+00:00\",\"dateModified\":\"2025-07-11T15:59:26+00:00\",\"breadcrumb\":{\"@id\":\"https:\\\/\\\/concept05design.com\\\/en\\\/produit\\\/evolve\\\/#breadcrumb\"},\"inLanguage\":\"en-US\",\"potentialAction\":[{\"@type\":\"ReadAction\",\"target\":[\"https:\\\/\\\/concept05design.com\\\/en\\\/produit\\\/evolve\\\/\"]}]},{\"@type\":\"ImageObject\",\"inLanguage\":\"en-US\",\"@id\":\"https:\\\/\\\/concept05design.com\\\/en\\\/produit\\\/evolve\\\/#primaryimage\",\"url\":\"https:\\\/\\\/concept05design.com\\\/wp-content\\\/uploads\\\/2024\\\/10\\\/advance-80.png\",\"contentUrl\":\"https:\\\/\\\/concept05design.com\\\/wp-content\\\/uploads\\\/2024\\\/10\\\/advance-80.png\",\"width\":640,\"height\":640},{\"@type\":\"BreadcrumbList\",\"@id\":\"https:\\\/\\\/concept05design.com\\\/en\\\/produit\\\/evolve\\\/#breadcrumb\",\"itemListElement\":[{\"@type\":\"ListItem\",\"position\":1,\"name\":\"Accueil\",\"item\":\"https:\\\/\\\/concept05design.com\\\/en\\\/\"},{\"@type\":\"ListItem\",\"position\":2,\"name\":\"Shop\",\"item\":\"https:\\\/\\\/concept05design.com\\\/shop\\\/\"},{\"@type\":\"ListItem\",\"position\":3,\"name\":\"Evolve\"}]},{\"@type\":\"WebSite\",\"@id\":\"https:\\\/\\\/concept05design.com\\\/en\\\/#website\",\"url\":\"https:\\\/\\\/concept05design.com\\\/en\\\/\",\"name\":\"Concept 05 Design\",\"description\":\"Du Concept \u00e0 la R\u00e9alit\u00e9 : Votre Vision, Notre Mission\",\"potentialAction\":[{\"@type\":\"SearchAction\",\"target\":{\"@type\":\"EntryPoint\",\"urlTemplate\":\"https:\\\/\\\/concept05design.com\\\/en\\\/?s={search_term_string}\"},\"query-input\":{\"@type\":\"PropertyValueSpecification\",\"valueRequired\":true,\"valueName\":\"search_term_string\"}}],\"inLanguage\":\"en-US\"}]}<\/script>\n<!-- \/ Yoast SEO plugin. -->","yoast_head_json":{"title":"Evolve - Concept 05 Design","robots":{"index":"index","follow":"follow","max-snippet":"max-snippet:-1","max-image-preview":"max-image-preview:large","max-video-preview":"max-video-preview:-1"},"canonical":"https:\/\/concept05design.com\/en\/produit\/evolve\/","og_locale":"en_US","og_type":"article","og_title":"Evolve - Concept 05 Design","og_description":"These modern, minimalist tiles will never go out of fashion. Wall ceramics Evolve is available in five colors and matte or gloss finish.  - Ceramic tiles - Enamelled - Wall tiles only - Glossy - Matt","og_url":"https:\/\/concept05design.com\/en\/produit\/evolve\/","og_site_name":"Concept 05 Design","article_modified_time":"2025-07-11T15:59:26+00:00","og_image":[{"width":640,"height":640,"url":"https:\/\/concept05design.com\/wp-content\/uploads\/2024\/10\/advance-80.png","type":"image\/png"}],"twitter_card":"summary_large_image","twitter_misc":{"Est. reading time":"1 minute"},"schema":{"@context":"https:\/\/schema.org","@graph":[{"@type":"WebPage","@id":"https:\/\/concept05design.com\/en\/produit\/evolve\/","url":"https:\/\/concept05design.com\/en\/produit\/evolve\/","name":"Evolve - Concept 05 Design","isPartOf":{"@id":"https:\/\/concept05design.com\/en\/#website"},"primaryImageOfPage":{"@id":"https:\/\/concept05design.com\/en\/produit\/evolve\/#primaryimage"},"image":{"@id":"https:\/\/concept05design.com\/en\/produit\/evolve\/#primaryimage"},"thumbnailUrl":"https:\/\/concept05design.com\/wp-content\/uploads\/2024\/10\/advance-80.png","datePublished":"2024-10-10T16:26:29+00:00","dateModified":"2025-07-11T15:59:26+00:00","breadcrumb":{"@id":"https:\/\/concept05design.com\/en\/produit\/evolve\/#breadcrumb"},"inLanguage":"en-US","potentialAction":[{"@type":"ReadAction","target":["https:\/\/concept05design.com\/en\/produit\/evolve\/"]}]},{"@type":"ImageObject","inLanguage":"en-US","@id":"https:\/\/concept05design.com\/en\/produit\/evolve\/#primaryimage","url":"https:\/\/concept05design.com\/wp-content\/uploads\/2024\/10\/advance-80.png","contentUrl":"https:\/\/concept05design.com\/wp-content\/uploads\/2024\/10\/advance-80.png","width":640,"height":640},{"@type":"BreadcrumbList","@id":"https:\/\/concept05design.com\/en\/produit\/evolve\/#breadcrumb","itemListElement":[{"@type":"ListItem","position":1,"name":"Accueil","item":"https:\/\/concept05design.com\/en\/"},{"@type":"ListItem","position":2,"name":"Shop","item":"https:\/\/concept05design.com\/shop\/"},{"@type":"ListItem","position":3,"name":"Evolve"}]},{"@type":"WebSite","@id":"https:\/\/concept05design.com\/en\/#website","url":"https:\/\/concept05design.com\/en\/","name":"Concept 05 Design","description":"Du Concept \u00e0 la R\u00e9alit\u00e9 : Votre Vision, Notre Mission","potentialAction":[{"@type":"SearchAction","target":{"@type":"EntryPoint","urlTemplate":"https:\/\/concept05design.com\/en\/?s={search_term_string}"},"query-input":{"@type":"PropertyValueSpecification","valueRequired":true,"valueName":"search_term_string"}}],"inLanguage":"en-US"}]}},"_links":{"self":[{"href":"https:\/\/concept05design.com\/en\/wp-json\/wp\/v2\/product\/2592","targetHints":{"allow":["GET"]}}],"collection":[{"href":"https:\/\/concept05design.com\/en\/wp-json\/wp\/v2\/product"}],"about":[{"href":"https:\/\/concept05design.com\/en\/wp-json\/wp\/v2\/types\/product"}],"wp:featuredmedia":[{"embeddable":true,"href":"https:\/\/concept05design.com\/en\/wp-json\/wp\/v2\/media\/4730"}],"wp:attachment":[{"href":"https:\/\/concept05design.com\/en\/wp-json\/wp\/v2\/media?parent=2592"}],"wp:term":[{"taxonomy":"product_brand","embeddable":true,"href":"https:\/\/concept05design.com\/en\/wp-json\/wp\/v2\/product_brand?post=2592"},{"taxonomy":"product_cat","embeddable":true,"href":"https:\/\/concept05design.com\/en\/wp-json\/wp\/v2\/product_cat?post=2592"},{"taxonomy":"product_tag","embeddable":true,"href":"https:\/\/concept05design.com\/en\/wp-json\/wp\/v2\/product_tag?post=2592"}],"curies":[{"name":"wp","href":"https:\/\/api.w.org\/{rel}","templated":true}]}}