{"id":3259,"date":"2025-02-14T21:30:03","date_gmt":"2025-02-14T21:30:03","guid":{"rendered":"https:\/\/concept05design.com\/?post_type=product&#038;p=3259"},"modified":"2025-02-19T20:34:24","modified_gmt":"2025-02-19T20:34:24","slug":"albino-briquette","status":"publish","type":"product","link":"https:\/\/concept05design.com\/en\/produit\/albino-briquette\/","title":{"rendered":"NOCTURNE BRIQUETTE"},"content":{"rendered":"<h4>NOCTURNE BRIQUETTE<\/h4>\n<p class=\"p2\">So named for its unique white color, the Albino briquette is a charming update of the traditional look. A low-maintenance, lightweight briquette. For interior installation only.<\/p>\n<div>\n<div class=\"product-details-desc\">\n<table width=\"50%\">\n<tbody>\n<tr>\n<td><strong> Format <\/strong><\/td>\n<td><strong> Imperial <\/strong><\/td>\n<td><strong>Metric <\/strong><\/td>\n<\/tr>\n<tr>\n<td>Height<\/td>\n<td>2 1\/8<\/td>\n<td>55<\/td>\n<\/tr>\n<tr>\n<td>Length<\/td>\n<td>7 7\/8<\/td>\n<td>200<\/td>\n<\/tr>\n<tr>\n<td>Thickness<\/td>\n<td>3\/8<\/td>\n<td>10<\/td>\n<\/tr>\n<tr>\n<td>Weight<\/td>\n<td>30 lbs<\/td>\n<td>14 kg<\/td>\n<\/tr>\n<tr>\n<td><sup>ft2<\/sup> \/ Box<\/td>\n<td>10.76 <sup>ft2<\/sup><\/td>\n<td>1<sup>m2<\/sup><\/td>\n<\/tr>\n<tr>\n<td>Nbr mrx \/ Bte<\/td>\n<td>\u00b1 74<\/td>\n<td>\u00b1 74<\/td>\n<\/tr>\n<\/tbody>\n<\/table>\n<\/div>\n<\/div>\n<div class=\"row-fluid\"><\/div>\n","protected":false},"excerpt":{"rendered":"<h4>NOCTURNE BRIQUETTE<\/h4>\n<p><span class=\"Apple-converted-space\"><strong>Dimensions<\/strong><\/span><\/p>\n<p><span class=\"Apple-converted-space\"><strong>2 <\/strong><\/span><span class=\"Apple-converted-space\"><strong>1<\/strong><\/span><span class=\"Apple-converted-space\"><strong>\/8&#8221; x 7 7\/8&#8221; x 3\/8&#8221; thickness<\/strong><\/span><\/p>\n<p>&nbsp;<\/p>\n","protected":false},"featured_media":3294,"template":"","meta":[],"product_brand":[],"product_cat":[56],"product_tag":[],"class_list":{"0":"post-3259","1":"product","2":"type-product","3":"status-publish","4":"has-post-thumbnail","6":"product_cat-new-arrivals","8":"first","9":"instock","10":"shipping-taxable","11":"product-type-simple"},"yoast_head":"<!-- This site is optimized with the Yoast SEO plugin v27.6 - https:\/\/yoast.com\/product\/yoast-seo-wordpress\/ -->\n<title>NOCTURNE BRIQUETTE - Concept 05 Design<\/title>\n<meta name=\"robots\" content=\"index, follow, max-snippet:-1, max-image-preview:large, max-video-preview:-1\" \/>\n<link rel=\"canonical\" href=\"https:\/\/concept05design.com\/en\/produit\/albino-briquette\/\" \/>\n<meta property=\"og:locale\" content=\"en_US\" \/>\n<meta property=\"og:type\" content=\"article\" \/>\n<meta property=\"og:title\" content=\"NOCTURNE BRIQUETTE - Concept 05 Design\" \/>\n<meta property=\"og:description\" content=\"NOCTURNE BRIQUETTE Dimensions  2 1\/8&#039;&#039; x 7 7\/8&#039;&#039; x 3\/8&#039;&#039; thickness  &nbsp;\" \/>\n<meta property=\"og:url\" content=\"https:\/\/concept05design.com\/en\/produit\/albino-briquette\/\" \/>\n<meta property=\"og:site_name\" content=\"Concept 05 Design\" \/>\n<meta property=\"article:modified_time\" content=\"2025-02-19T20:34:24+00:00\" \/>\n<meta property=\"og:image\" content=\"https:\/\/concept05design.com\/wp-content\/uploads\/2025\/02\/L301_7-B-e1739996863987.jpg\" \/>\n\t<meta property=\"og:image:width\" content=\"700\" \/>\n\t<meta property=\"og:image:height\" content=\"700\" \/>\n\t<meta property=\"og:image:type\" content=\"image\/jpeg\" \/>\n<meta name=\"twitter:card\" content=\"summary_large_image\" \/>\n<meta name=\"twitter:label1\" content=\"Est. reading time\" \/>\n\t<meta name=\"twitter:data1\" content=\"1 minute\" \/>\n<script type=\"application\/ld+json\" class=\"yoast-schema-graph\">{\"@context\":\"https:\\\/\\\/schema.org\",\"@graph\":[{\"@type\":\"WebPage\",\"@id\":\"https:\\\/\\\/concept05design.com\\\/en\\\/produit\\\/albino-briquette\\\/\",\"url\":\"https:\\\/\\\/concept05design.com\\\/en\\\/produit\\\/albino-briquette\\\/\",\"name\":\"NOCTURNE BRIQUETTE - Concept 05 Design\",\"isPartOf\":{\"@id\":\"https:\\\/\\\/concept05design.com\\\/en\\\/#website\"},\"primaryImageOfPage\":{\"@id\":\"https:\\\/\\\/concept05design.com\\\/en\\\/produit\\\/albino-briquette\\\/#primaryimage\"},\"image\":{\"@id\":\"https:\\\/\\\/concept05design.com\\\/en\\\/produit\\\/albino-briquette\\\/#primaryimage\"},\"thumbnailUrl\":\"https:\\\/\\\/concept05design.com\\\/wp-content\\\/uploads\\\/2025\\\/02\\\/L301_7-B-e1739996863987.jpg\",\"datePublished\":\"2025-02-14T21:30:03+00:00\",\"dateModified\":\"2025-02-19T20:34:24+00:00\",\"breadcrumb\":{\"@id\":\"https:\\\/\\\/concept05design.com\\\/en\\\/produit\\\/albino-briquette\\\/#breadcrumb\"},\"inLanguage\":\"en-US\",\"potentialAction\":[{\"@type\":\"ReadAction\",\"target\":[\"https:\\\/\\\/concept05design.com\\\/en\\\/produit\\\/albino-briquette\\\/\"]}]},{\"@type\":\"ImageObject\",\"inLanguage\":\"en-US\",\"@id\":\"https:\\\/\\\/concept05design.com\\\/en\\\/produit\\\/albino-briquette\\\/#primaryimage\",\"url\":\"https:\\\/\\\/concept05design.com\\\/wp-content\\\/uploads\\\/2025\\\/02\\\/L301_7-B-e1739996863987.jpg\",\"contentUrl\":\"https:\\\/\\\/concept05design.com\\\/wp-content\\\/uploads\\\/2025\\\/02\\\/L301_7-B-e1739996863987.jpg\",\"width\":700,\"height\":700},{\"@type\":\"BreadcrumbList\",\"@id\":\"https:\\\/\\\/concept05design.com\\\/en\\\/produit\\\/albino-briquette\\\/#breadcrumb\",\"itemListElement\":[{\"@type\":\"ListItem\",\"position\":1,\"name\":\"Accueil\",\"item\":\"https:\\\/\\\/concept05design.com\\\/en\\\/\"},{\"@type\":\"ListItem\",\"position\":2,\"name\":\"Shop\",\"item\":\"https:\\\/\\\/concept05design.com\\\/shop\\\/\"},{\"@type\":\"ListItem\",\"position\":3,\"name\":\"NOCTURNE BRIQUETTE\"}]},{\"@type\":\"WebSite\",\"@id\":\"https:\\\/\\\/concept05design.com\\\/en\\\/#website\",\"url\":\"https:\\\/\\\/concept05design.com\\\/en\\\/\",\"name\":\"Concept 05 Design\",\"description\":\"Du Concept \u00e0 la R\u00e9alit\u00e9 : Votre Vision, Notre Mission\",\"potentialAction\":[{\"@type\":\"SearchAction\",\"target\":{\"@type\":\"EntryPoint\",\"urlTemplate\":\"https:\\\/\\\/concept05design.com\\\/en\\\/?s={search_term_string}\"},\"query-input\":{\"@type\":\"PropertyValueSpecification\",\"valueRequired\":true,\"valueName\":\"search_term_string\"}}],\"inLanguage\":\"en-US\"}]}<\/script>\n<!-- \/ Yoast SEO plugin. -->","yoast_head_json":{"title":"NOCTURNE BRIQUETTE - Concept 05 Design","robots":{"index":"index","follow":"follow","max-snippet":"max-snippet:-1","max-image-preview":"max-image-preview:large","max-video-preview":"max-video-preview:-1"},"canonical":"https:\/\/concept05design.com\/en\/produit\/albino-briquette\/","og_locale":"en_US","og_type":"article","og_title":"NOCTURNE BRIQUETTE - Concept 05 Design","og_description":"NOCTURNE BRIQUETTE Dimensions  2 1\/8'' x 7 7\/8'' x 3\/8'' thickness  &nbsp;","og_url":"https:\/\/concept05design.com\/en\/produit\/albino-briquette\/","og_site_name":"Concept 05 Design","article_modified_time":"2025-02-19T20:34:24+00:00","og_image":[{"width":700,"height":700,"url":"https:\/\/concept05design.com\/wp-content\/uploads\/2025\/02\/L301_7-B-e1739996863987.jpg","type":"image\/jpeg"}],"twitter_card":"summary_large_image","twitter_misc":{"Est. reading time":"1 minute"},"schema":{"@context":"https:\/\/schema.org","@graph":[{"@type":"WebPage","@id":"https:\/\/concept05design.com\/en\/produit\/albino-briquette\/","url":"https:\/\/concept05design.com\/en\/produit\/albino-briquette\/","name":"NOCTURNE BRIQUETTE - Concept 05 Design","isPartOf":{"@id":"https:\/\/concept05design.com\/en\/#website"},"primaryImageOfPage":{"@id":"https:\/\/concept05design.com\/en\/produit\/albino-briquette\/#primaryimage"},"image":{"@id":"https:\/\/concept05design.com\/en\/produit\/albino-briquette\/#primaryimage"},"thumbnailUrl":"https:\/\/concept05design.com\/wp-content\/uploads\/2025\/02\/L301_7-B-e1739996863987.jpg","datePublished":"2025-02-14T21:30:03+00:00","dateModified":"2025-02-19T20:34:24+00:00","breadcrumb":{"@id":"https:\/\/concept05design.com\/en\/produit\/albino-briquette\/#breadcrumb"},"inLanguage":"en-US","potentialAction":[{"@type":"ReadAction","target":["https:\/\/concept05design.com\/en\/produit\/albino-briquette\/"]}]},{"@type":"ImageObject","inLanguage":"en-US","@id":"https:\/\/concept05design.com\/en\/produit\/albino-briquette\/#primaryimage","url":"https:\/\/concept05design.com\/wp-content\/uploads\/2025\/02\/L301_7-B-e1739996863987.jpg","contentUrl":"https:\/\/concept05design.com\/wp-content\/uploads\/2025\/02\/L301_7-B-e1739996863987.jpg","width":700,"height":700},{"@type":"BreadcrumbList","@id":"https:\/\/concept05design.com\/en\/produit\/albino-briquette\/#breadcrumb","itemListElement":[{"@type":"ListItem","position":1,"name":"Accueil","item":"https:\/\/concept05design.com\/en\/"},{"@type":"ListItem","position":2,"name":"Shop","item":"https:\/\/concept05design.com\/shop\/"},{"@type":"ListItem","position":3,"name":"NOCTURNE BRIQUETTE"}]},{"@type":"WebSite","@id":"https:\/\/concept05design.com\/en\/#website","url":"https:\/\/concept05design.com\/en\/","name":"Concept 05 Design","description":"Du Concept \u00e0 la R\u00e9alit\u00e9 : Votre Vision, Notre Mission","potentialAction":[{"@type":"SearchAction","target":{"@type":"EntryPoint","urlTemplate":"https:\/\/concept05design.com\/en\/?s={search_term_string}"},"query-input":{"@type":"PropertyValueSpecification","valueRequired":true,"valueName":"search_term_string"}}],"inLanguage":"en-US"}]}},"_links":{"self":[{"href":"https:\/\/concept05design.com\/en\/wp-json\/wp\/v2\/product\/3259","targetHints":{"allow":["GET"]}}],"collection":[{"href":"https:\/\/concept05design.com\/en\/wp-json\/wp\/v2\/product"}],"about":[{"href":"https:\/\/concept05design.com\/en\/wp-json\/wp\/v2\/types\/product"}],"wp:featuredmedia":[{"embeddable":true,"href":"https:\/\/concept05design.com\/en\/wp-json\/wp\/v2\/media\/3294"}],"wp:attachment":[{"href":"https:\/\/concept05design.com\/en\/wp-json\/wp\/v2\/media?parent=3259"}],"wp:term":[{"taxonomy":"product_brand","embeddable":true,"href":"https:\/\/concept05design.com\/en\/wp-json\/wp\/v2\/product_brand?post=3259"},{"taxonomy":"product_cat","embeddable":true,"href":"https:\/\/concept05design.com\/en\/wp-json\/wp\/v2\/product_cat?post=3259"},{"taxonomy":"product_tag","embeddable":true,"href":"https:\/\/concept05design.com\/en\/wp-json\/wp\/v2\/product_tag?post=3259"}],"curies":[{"name":"wp","href":"https:\/\/api.w.org\/{rel}","templated":true}]}}