{"id":3798,"date":"2025-06-27T17:04:09","date_gmt":"2025-06-27T17:22:42","guid":{"rendered":"https:\/\/concept05design.com\/produit\/expressions\/"},"modified":"2025-06-27T17:22:42","modified_gmt":"2025-06-27T17:22:42","slug":"expressions","status":"publish","type":"product","link":"https:\/\/concept05design.com\/en\/produit\/expressions\/","title":{"rendered":"Expressions"},"content":{"rendered":"<h3 class=\"fusion-responsive-typography-calculated\" data-start=\"156\" data-end=\"193\" data-fontsize=\"30\" data-lineheight=\"39.9px\"><strong data-start=\"160\" data-end=\"191\">Expressions<\/strong><\/h3>\n<p data-start=\"189\" data-end=\"684\">The <strong data-start=\"203\" data-end=\"218\">Expressions<\/strong> collection showcases the natural elegance of <strong data-start=\"257\" data-end=\"275\">European oak<\/strong> through carefully crafted engineered hardwood planks. Each plank is <strong data-start=\"365\" data-end=\"387\">lightly brushed<\/strong> to reveal the wood&#8217;s authentic texture and bring a touch of understated refinement to your interior. With its <strong data-start=\"506\" data-end=\"526\">timeless style<\/strong>, <strong data-start=\"531\" data-end=\"559\">low-gloss finish<\/strong> and <strong data-start=\"567\" data-end=\"587\">moderate character<\/strong>, this collection is equally at home in classic or contemporary settings.  <\/p>\n<p data-start=\"686\" data-end=\"1268\">Designed to combine beauty, <strong data-start=\"713\" data-end=\"727\">durability<\/strong> and <strong data-start=\"731\" data-end=\"744\">practicality<\/strong>, Expressions is based on a <strong data-start=\"785\" data-end=\"813\">multi-layer solid core<\/strong> structure and a <strong data-start=\"821\" data-end=\"864\">thick layer of sawn wood facing<\/strong>. Thanks to its compatibility with <strong data-start=\"912\" data-end=\"933\">radiant heating<\/strong> systems and its various installation options (glued, floating or stapled), this collection offers great versatility. It&#8217;s an ideal choice for those looking for an <strong data-start=\"1105\" data-end=\"1137\">ecological<\/strong>, reliable and aesthetically harmonious <strong data-start=\"1105\" data-end=\"1137\">floor covering<\/strong>, backed by a <strong data-start=\"1192\" data-end=\"1228\">35-year residential warranty<\/strong> and a <strong data-start=\"1236\" data-end=\"1267\">lifetime structural warranty<\/strong>.  <\/p>\n<hr data-start=\"103\" data-end=\"106\">\n<h3 class=\"fusion-responsive-typography-calculated\" data-start=\"156\" data-end=\"193\" data-fontsize=\"30\" data-lineheight=\"39.9px\"><strong data-start=\"160\" data-end=\"191\">Technical data<\/strong><\/h3>\n<ul>\n<li data-start=\"1212\" data-end=\"1495\"><strong data-start=\"1212\" data-end=\"1228\">Dimensions:<\/strong> 14.3 mm \u00d7 190 mm \u00d7 up to 1905 mm (\u2079\u2044\u2081\u2086\u2033 \u00d7 7 \u00bd\u2033 \u00d7 75\u2033 random)<\/li>\n<li data-start=\"1212\" data-end=\"1495\"><strong data-start=\"1300\" data-end=\"1326\">Coverage per box:<\/strong> 2.87 m\u00b2 (30.93 ft\u00b2)<\/li>\n<li data-start=\"1212\" data-end=\"1495\"><strong data-start=\"1415\" data-end=\"1436\">Weight per box:<\/strong> 21.45 kg (47.3 lb)<\/li>\n<li data-start=\"1497\" data-end=\"1764\"><strong data-start=\"1497\" data-end=\"1511\">Finish:<\/strong> UV-cured polyurethane finish with aluminum oxide<\/li>\n<li data-start=\"1497\" data-end=\"1764\"><strong data-start=\"1573\" data-end=\"1584\">Core:<\/strong> 3-ply plywood<\/li>\n<li data-start=\"1497\" data-end=\"1764\"><strong data-start=\"1612\" data-end=\"1635\">Top layer:<\/strong> dry-sawn hardwood (3 mm)<\/li>\n<li data-start=\"1766\" data-end=\"2152\"><strong data-start=\"1766\" data-end=\"1784\">Installation:<\/strong> stapled, glued or floating<\/li>\n<li data-start=\"1766\" data-end=\"2152\"><strong data-start=\"1878\" data-end=\"1901\">Radiant heating:<\/strong> compatible with hydronic systems<\/li>\n<li data-start=\"1766\" data-end=\"2152\"><strong data-start=\"1945\" data-end=\"1965\">Use class:<\/strong> residential only<\/li>\n<li data-start=\"1766\" data-end=\"2152\"><strong data-start=\"1991\" data-end=\"2013\">Features:<\/strong> environmentally friendly, moderate in character, excellent value for money<\/li>\n<li data-start=\"1766\" data-end=\"2152\"><strong data-start=\"2077\" data-end=\"2091\">Warranty:<\/strong> 35-year limited residential warranty, lifetime structural warranty<\/li>\n<\/ul>\n","protected":false},"excerpt":{"rendered":"<div class=\"post-content woocommerce-product-details__short-description\">\n<p><strong>Dimensions:<\/strong><br \/>\nThickness: 14.3 mm (\u2079\u2044\u2081\u2086\u2033)<br \/>\nWidth: 190 mm (7 \u00bd\u2033 )<br \/>\nLength: up to 1905 mm (75\u2033 random&#8217;)<\/p>\n<p>Covers: 30.93 ft\u00b2<sup> <\/sup>\/box<br \/>\nGrade: ABC<br \/>\nInstallation: stapled, glued or floating<\/p>\n<p>Warranty: 35-year residential\/structural for life<\/p>\n<p><img decoding=\"async\" class=\"alignnone size-full wp-image-3777\" src=\"https:\/\/concept05design.com\/wp-content\/uploads\/2025\/06\/Fusion.png\" alt=\"\" width=\"261\" height=\"50\" srcset=\"https:\/\/concept05design.com\/wp-content\/uploads\/2025\/06\/Fusion-200x38.png 200w, https:\/\/concept05design.com\/wp-content\/uploads\/2025\/06\/Fusion.png 261w\" sizes=\"(max-width: 261px) 100vw, 261px\" \/><\/p>\n<\/div>\n","protected":false},"featured_media":3784,"template":"","meta":[],"product_brand":[],"product_cat":[56],"product_tag":[],"class_list":{"0":"post-3798","1":"product","2":"type-product","3":"status-publish","4":"has-post-thumbnail","6":"product_cat-new-arrivals","8":"first","9":"instock","10":"shipping-taxable","11":"product-type-simple"},"yoast_head":"<!-- This site is optimized with the Yoast SEO plugin v27.4 - https:\/\/yoast.com\/product\/yoast-seo-wordpress\/ -->\n<title>Expressions - Concept 05 Design<\/title>\n<meta name=\"robots\" content=\"index, follow, max-snippet:-1, max-image-preview:large, max-video-preview:-1\" \/>\n<link rel=\"canonical\" href=\"https:\/\/concept05design.com\/en\/produit\/expressions\/\" \/>\n<meta property=\"og:locale\" content=\"en_US\" \/>\n<meta property=\"og:type\" content=\"article\" \/>\n<meta property=\"og:title\" content=\"Expressions - Concept 05 Design\" \/>\n<meta property=\"og:description\" content=\"Dimensions: Thickness: 14.3 mm (\u2079\u2044\u2081\u2086\u2033) Width: 190 mm (7 \u00bd\u2033 ) Length: up to 1905 mm (75\u2033 random&#039;) Covers: 30.93 ft\u00b2 \/box Grade: ABC Installation: stapled, glued or floating Warranty: 35-year residential\/structural for life\" \/>\n<meta property=\"og:url\" content=\"https:\/\/concept05design.com\/en\/produit\/expressions\/\" \/>\n<meta property=\"og:site_name\" content=\"Concept 05 Design\" \/>\n<meta property=\"og:image\" content=\"https:\/\/concept05design.com\/wp-content\/uploads\/2025\/06\/Expressions.png\" \/>\n\t<meta property=\"og:image:width\" content=\"640\" \/>\n\t<meta property=\"og:image:height\" content=\"640\" \/>\n\t<meta property=\"og:image:type\" content=\"image\/png\" \/>\n<meta name=\"twitter:card\" content=\"summary_large_image\" \/>\n<meta name=\"twitter:label1\" content=\"Est. reading time\" \/>\n\t<meta name=\"twitter:data1\" content=\"1 minute\" \/>\n<script type=\"application\/ld+json\" class=\"yoast-schema-graph\">{\"@context\":\"https:\\\/\\\/schema.org\",\"@graph\":[{\"@type\":\"WebPage\",\"@id\":\"https:\\\/\\\/concept05design.com\\\/en\\\/produit\\\/expressions\\\/\",\"url\":\"https:\\\/\\\/concept05design.com\\\/en\\\/produit\\\/expressions\\\/\",\"name\":\"Expressions - Concept 05 Design\",\"isPartOf\":{\"@id\":\"https:\\\/\\\/concept05design.com\\\/en\\\/#website\"},\"primaryImageOfPage\":{\"@id\":\"https:\\\/\\\/concept05design.com\\\/en\\\/produit\\\/expressions\\\/#primaryimage\"},\"image\":{\"@id\":\"https:\\\/\\\/concept05design.com\\\/en\\\/produit\\\/expressions\\\/#primaryimage\"},\"thumbnailUrl\":\"https:\\\/\\\/concept05design.com\\\/wp-content\\\/uploads\\\/2025\\\/06\\\/Expressions.png\",\"datePublished\":\"2025-06-27T17:22:42+00:00\",\"breadcrumb\":{\"@id\":\"https:\\\/\\\/concept05design.com\\\/en\\\/produit\\\/expressions\\\/#breadcrumb\"},\"inLanguage\":\"en-US\",\"potentialAction\":[{\"@type\":\"ReadAction\",\"target\":[\"https:\\\/\\\/concept05design.com\\\/en\\\/produit\\\/expressions\\\/\"]}]},{\"@type\":\"ImageObject\",\"inLanguage\":\"en-US\",\"@id\":\"https:\\\/\\\/concept05design.com\\\/en\\\/produit\\\/expressions\\\/#primaryimage\",\"url\":\"https:\\\/\\\/concept05design.com\\\/wp-content\\\/uploads\\\/2025\\\/06\\\/Expressions.png\",\"contentUrl\":\"https:\\\/\\\/concept05design.com\\\/wp-content\\\/uploads\\\/2025\\\/06\\\/Expressions.png\",\"width\":640,\"height\":640},{\"@type\":\"BreadcrumbList\",\"@id\":\"https:\\\/\\\/concept05design.com\\\/en\\\/produit\\\/expressions\\\/#breadcrumb\",\"itemListElement\":[{\"@type\":\"ListItem\",\"position\":1,\"name\":\"Accueil\",\"item\":\"https:\\\/\\\/concept05design.com\\\/en\\\/\"},{\"@type\":\"ListItem\",\"position\":2,\"name\":\"Shop\",\"item\":\"https:\\\/\\\/concept05design.com\\\/shop\\\/\"},{\"@type\":\"ListItem\",\"position\":3,\"name\":\"Expressions\"}]},{\"@type\":\"WebSite\",\"@id\":\"https:\\\/\\\/concept05design.com\\\/en\\\/#website\",\"url\":\"https:\\\/\\\/concept05design.com\\\/en\\\/\",\"name\":\"Concept 05 Design\",\"description\":\"Du Concept \u00e0 la R\u00e9alit\u00e9 : Votre Vision, Notre Mission\",\"potentialAction\":[{\"@type\":\"SearchAction\",\"target\":{\"@type\":\"EntryPoint\",\"urlTemplate\":\"https:\\\/\\\/concept05design.com\\\/en\\\/?s={search_term_string}\"},\"query-input\":{\"@type\":\"PropertyValueSpecification\",\"valueRequired\":true,\"valueName\":\"search_term_string\"}}],\"inLanguage\":\"en-US\"}]}<\/script>\n<!-- \/ Yoast SEO plugin. -->","yoast_head_json":{"title":"Expressions - Concept 05 Design","robots":{"index":"index","follow":"follow","max-snippet":"max-snippet:-1","max-image-preview":"max-image-preview:large","max-video-preview":"max-video-preview:-1"},"canonical":"https:\/\/concept05design.com\/en\/produit\/expressions\/","og_locale":"en_US","og_type":"article","og_title":"Expressions - Concept 05 Design","og_description":"Dimensions: Thickness: 14.3 mm (\u2079\u2044\u2081\u2086\u2033) Width: 190 mm (7 \u00bd\u2033 ) Length: up to 1905 mm (75\u2033 random') Covers: 30.93 ft\u00b2 \/box Grade: ABC Installation: stapled, glued or floating Warranty: 35-year residential\/structural for life","og_url":"https:\/\/concept05design.com\/en\/produit\/expressions\/","og_site_name":"Concept 05 Design","og_image":[{"width":640,"height":640,"url":"https:\/\/concept05design.com\/wp-content\/uploads\/2025\/06\/Expressions.png","type":"image\/png"}],"twitter_card":"summary_large_image","twitter_misc":{"Est. reading time":"1 minute"},"schema":{"@context":"https:\/\/schema.org","@graph":[{"@type":"WebPage","@id":"https:\/\/concept05design.com\/en\/produit\/expressions\/","url":"https:\/\/concept05design.com\/en\/produit\/expressions\/","name":"Expressions - Concept 05 Design","isPartOf":{"@id":"https:\/\/concept05design.com\/en\/#website"},"primaryImageOfPage":{"@id":"https:\/\/concept05design.com\/en\/produit\/expressions\/#primaryimage"},"image":{"@id":"https:\/\/concept05design.com\/en\/produit\/expressions\/#primaryimage"},"thumbnailUrl":"https:\/\/concept05design.com\/wp-content\/uploads\/2025\/06\/Expressions.png","datePublished":"2025-06-27T17:22:42+00:00","breadcrumb":{"@id":"https:\/\/concept05design.com\/en\/produit\/expressions\/#breadcrumb"},"inLanguage":"en-US","potentialAction":[{"@type":"ReadAction","target":["https:\/\/concept05design.com\/en\/produit\/expressions\/"]}]},{"@type":"ImageObject","inLanguage":"en-US","@id":"https:\/\/concept05design.com\/en\/produit\/expressions\/#primaryimage","url":"https:\/\/concept05design.com\/wp-content\/uploads\/2025\/06\/Expressions.png","contentUrl":"https:\/\/concept05design.com\/wp-content\/uploads\/2025\/06\/Expressions.png","width":640,"height":640},{"@type":"BreadcrumbList","@id":"https:\/\/concept05design.com\/en\/produit\/expressions\/#breadcrumb","itemListElement":[{"@type":"ListItem","position":1,"name":"Accueil","item":"https:\/\/concept05design.com\/en\/"},{"@type":"ListItem","position":2,"name":"Shop","item":"https:\/\/concept05design.com\/shop\/"},{"@type":"ListItem","position":3,"name":"Expressions"}]},{"@type":"WebSite","@id":"https:\/\/concept05design.com\/en\/#website","url":"https:\/\/concept05design.com\/en\/","name":"Concept 05 Design","description":"Du Concept \u00e0 la R\u00e9alit\u00e9 : Votre Vision, Notre Mission","potentialAction":[{"@type":"SearchAction","target":{"@type":"EntryPoint","urlTemplate":"https:\/\/concept05design.com\/en\/?s={search_term_string}"},"query-input":{"@type":"PropertyValueSpecification","valueRequired":true,"valueName":"search_term_string"}}],"inLanguage":"en-US"}]}},"_links":{"self":[{"href":"https:\/\/concept05design.com\/en\/wp-json\/wp\/v2\/product\/3798","targetHints":{"allow":["GET"]}}],"collection":[{"href":"https:\/\/concept05design.com\/en\/wp-json\/wp\/v2\/product"}],"about":[{"href":"https:\/\/concept05design.com\/en\/wp-json\/wp\/v2\/types\/product"}],"wp:featuredmedia":[{"embeddable":true,"href":"https:\/\/concept05design.com\/en\/wp-json\/wp\/v2\/media\/3784"}],"wp:attachment":[{"href":"https:\/\/concept05design.com\/en\/wp-json\/wp\/v2\/media?parent=3798"}],"wp:term":[{"taxonomy":"product_brand","embeddable":true,"href":"https:\/\/concept05design.com\/en\/wp-json\/wp\/v2\/product_brand?post=3798"},{"taxonomy":"product_cat","embeddable":true,"href":"https:\/\/concept05design.com\/en\/wp-json\/wp\/v2\/product_cat?post=3798"},{"taxonomy":"product_tag","embeddable":true,"href":"https:\/\/concept05design.com\/en\/wp-json\/wp\/v2\/product_tag?post=3798"}],"curies":[{"name":"wp","href":"https:\/\/api.w.org\/{rel}","templated":true}]}}