{"id":3849,"date":"2025-06-27T18:59:38","date_gmt":"2025-06-27T19:00:08","guid":{"rendered":"https:\/\/concept05design.com\/produit\/bistro\/"},"modified":"2025-06-27T19:00:08","modified_gmt":"2025-06-27T19:00:08","slug":"bistro","status":"publish","type":"product","link":"https:\/\/concept05design.com\/en\/produit\/bistro\/","title":{"rendered":"Bistro"},"content":{"rendered":"<h3 class=\"\" data-start=\"156\" data-end=\"193\" data-fontsize=\"30\" data-lineheight=\"39.9px\"><strong data-start=\"160\" data-end=\"191\">Bistro<\/strong><\/h3>\n<p data-start=\"165\" data-end=\"760\">The <strong data-start=\"179\" data-end=\"189\">Bistro<\/strong> collection captures the friendly, welcoming atmosphere of urban bistros, bringing authentic warmth to your interior. Crafted from <strong data-start=\"335\" data-end=\"363\">brushed oak or maple<\/strong>, this series highlights the natural texture of wood with a <strong data-start=\"428\" data-end=\"457\">low degree of variation<\/strong>, ideal for creating a neutral, elegant base in any room. Its <strong data-start=\"538\" data-end=\"589\">modest-width, low-gloss planks<\/strong> are both easy to maintain and hard-wearing, offering excellent value for money while integrating harmoniously into a modern, relaxed lifestyle.  <\/p>\n<p data-start=\"762\" data-end=\"1271\">Featuring a <strong data-start=\"773\" data-end=\"810\">multi-layer plywood core<\/strong> and a <strong data-start=\"820\" data-end=\"857\">thick layer of dry-sawn wood<\/strong>, the Bistro collection ensures stability and longevity. Compatible with <strong data-start=\"943\" data-end=\"964\">radiant heating<\/strong> systems, it is suitable for installation at, above or below ground level, guaranteeing flexibility and comfort throughout the home. Protected by a <strong data-start=\"1117\" data-end=\"1153\">35-year residential<\/strong> and <strong data-start=\"1157\" data-end=\"1179\">lifetime structural<\/strong> warranty, this collection transforms your space into a warm and welcoming refuge.  <\/p>\n<hr data-start=\"103\" data-end=\"106\">\n<h3 class=\"\" data-start=\"156\" data-end=\"193\" data-fontsize=\"30\" data-lineheight=\"39.9px\"><strong data-start=\"160\" data-end=\"191\">Technical data<\/strong><\/h3>\n<ul>\n<li data-start=\"1309\" data-end=\"1585\"><strong data-start=\"1309\" data-end=\"1325\">Dimensions:<\/strong> 19 mm \u00d7 127 mm \u00d7 up to 1200 mm (\u00be\u2033 \u00d7 5\u2033 \u00d7 47 \u00bc\u2033 random)<\/li>\n<li data-start=\"1309\" data-end=\"1585\"><strong data-start=\"1393\" data-end=\"1419\">Coverage per box:<\/strong> 2.24 m\u00b2 (24.1 ft\u00b2)<\/li>\n<li data-start=\"1309\" data-end=\"1585\"><strong data-start=\"1507\" data-end=\"1528\">Weight per box:<\/strong> 25.85 kg (57 lb)<\/li>\n<li data-start=\"1587\" data-end=\"1843\"><strong data-start=\"1587\" data-end=\"1601\">Finish:<\/strong> UV-cured polyurethane finish with aluminum oxide<\/li>\n<li data-start=\"1587\" data-end=\"1843\"><strong data-start=\"1663\" data-end=\"1674\">Core:<\/strong> engineered multilayer plywood<\/li>\n<li data-start=\"1587\" data-end=\"1843\"><strong data-start=\"1708\" data-end=\"1731\">Top layer:<\/strong> dry-sawn lumber (3 mm)<\/li>\n<li data-start=\"1845\" data-end=\"2239\"><strong data-start=\"1845\" data-end=\"1863\">Installation:<\/strong> nailed, stapled, glued or floating<\/li>\n<li data-start=\"1845\" data-end=\"2239\"><strong data-start=\"1965\" data-end=\"1988\">Radiant heating:<\/strong> compatible with hydronic systems<\/li>\n<li data-start=\"1845\" data-end=\"2239\"><strong data-start=\"2032\" data-end=\"2052\">Use class:<\/strong> residential only<\/li>\n<li data-start=\"1845\" data-end=\"2239\"><strong data-start=\"2078\" data-end=\"2100\">Features:<\/strong> environmentally friendly, low character, excellent value for money<\/li>\n<li data-start=\"1845\" data-end=\"2239\"><strong data-start=\"2164\" data-end=\"2178\">Warranty:<\/strong> 35-year limited residential warranty, lifetime structural warranty<\/li>\n<\/ul>\n","protected":false},"excerpt":{"rendered":"<p><strong>Dimensions:<\/strong><br \/>\nThickness: 19 mm (\u00be\u2033)<br \/>\nWidth: 127 mm (5\u2033 )<br \/>\nLength: up to 1200 mm (47 \u00bc\u2033 random&#8217;)<\/p>\n<p>Covers: 24.1 ft\u00b2<sup> <\/sup>\/box<br \/>\nGrade: ABC<br \/>\nInstallation: nailed, stapled, glued or floating<\/p>\n<p>Warranty: 35-year residential\/structural lifetime<\/p>\n<p><img decoding=\"async\" class=\"alignnone size-full wp-image-3777\" src=\"https:\/\/concept05design.com\/wp-content\/uploads\/2025\/06\/Fusion.png\" alt=\"\" width=\"261\" height=\"50\" srcset=\"https:\/\/concept05design.com\/wp-content\/uploads\/2025\/06\/Fusion-200x38.png 200w, https:\/\/concept05design.com\/wp-content\/uploads\/2025\/06\/Fusion.png 261w\" sizes=\"(max-width: 261px) 100vw, 261px\" \/><\/p>\n","protected":false},"featured_media":3836,"template":"","meta":[],"product_brand":[],"product_cat":[56],"product_tag":[],"class_list":{"0":"post-3849","1":"product","2":"type-product","3":"status-publish","4":"has-post-thumbnail","6":"product_cat-new-arrivals","8":"first","9":"instock","10":"shipping-taxable","11":"product-type-simple"},"yoast_head":"<!-- This site is optimized with the Yoast SEO plugin v27.4 - https:\/\/yoast.com\/product\/yoast-seo-wordpress\/ -->\n<title>Bistro - Concept 05 Design<\/title>\n<meta name=\"robots\" content=\"index, follow, max-snippet:-1, max-image-preview:large, max-video-preview:-1\" \/>\n<link rel=\"canonical\" href=\"https:\/\/concept05design.com\/en\/produit\/bistro\/\" \/>\n<meta property=\"og:locale\" content=\"en_US\" \/>\n<meta property=\"og:type\" content=\"article\" \/>\n<meta property=\"og:title\" content=\"Bistro - Concept 05 Design\" \/>\n<meta property=\"og:description\" content=\"Dimensions: Thickness: 19 mm (\u00be\u2033) Width: 127 mm (5\u2033 ) Length: up to 1200 mm (47 \u00bc\u2033 random&#039;) Covers: 24.1 ft\u00b2 \/box Grade: ABC Installation: nailed, stapled, glued or floating Warranty: 35-year residential\/structural lifetime\" \/>\n<meta property=\"og:url\" content=\"https:\/\/concept05design.com\/en\/produit\/bistro\/\" \/>\n<meta property=\"og:site_name\" content=\"Concept 05 Design\" \/>\n<meta property=\"og:image\" content=\"https:\/\/concept05design.com\/wp-content\/uploads\/2025\/06\/Bistro.png\" \/>\n\t<meta property=\"og:image:width\" content=\"640\" \/>\n\t<meta property=\"og:image:height\" content=\"640\" \/>\n\t<meta property=\"og:image:type\" content=\"image\/png\" \/>\n<meta name=\"twitter:card\" content=\"summary_large_image\" \/>\n<meta name=\"twitter:label1\" content=\"Est. reading time\" \/>\n\t<meta name=\"twitter:data1\" content=\"1 minute\" \/>\n<script type=\"application\/ld+json\" class=\"yoast-schema-graph\">{\"@context\":\"https:\\\/\\\/schema.org\",\"@graph\":[{\"@type\":\"WebPage\",\"@id\":\"https:\\\/\\\/concept05design.com\\\/en\\\/produit\\\/bistro\\\/\",\"url\":\"https:\\\/\\\/concept05design.com\\\/en\\\/produit\\\/bistro\\\/\",\"name\":\"Bistro - Concept 05 Design\",\"isPartOf\":{\"@id\":\"https:\\\/\\\/concept05design.com\\\/en\\\/#website\"},\"primaryImageOfPage\":{\"@id\":\"https:\\\/\\\/concept05design.com\\\/en\\\/produit\\\/bistro\\\/#primaryimage\"},\"image\":{\"@id\":\"https:\\\/\\\/concept05design.com\\\/en\\\/produit\\\/bistro\\\/#primaryimage\"},\"thumbnailUrl\":\"https:\\\/\\\/concept05design.com\\\/wp-content\\\/uploads\\\/2025\\\/06\\\/Bistro.png\",\"datePublished\":\"2025-06-27T19:00:08+00:00\",\"breadcrumb\":{\"@id\":\"https:\\\/\\\/concept05design.com\\\/en\\\/produit\\\/bistro\\\/#breadcrumb\"},\"inLanguage\":\"en-US\",\"potentialAction\":[{\"@type\":\"ReadAction\",\"target\":[\"https:\\\/\\\/concept05design.com\\\/en\\\/produit\\\/bistro\\\/\"]}]},{\"@type\":\"ImageObject\",\"inLanguage\":\"en-US\",\"@id\":\"https:\\\/\\\/concept05design.com\\\/en\\\/produit\\\/bistro\\\/#primaryimage\",\"url\":\"https:\\\/\\\/concept05design.com\\\/wp-content\\\/uploads\\\/2025\\\/06\\\/Bistro.png\",\"contentUrl\":\"https:\\\/\\\/concept05design.com\\\/wp-content\\\/uploads\\\/2025\\\/06\\\/Bistro.png\",\"width\":640,\"height\":640},{\"@type\":\"BreadcrumbList\",\"@id\":\"https:\\\/\\\/concept05design.com\\\/en\\\/produit\\\/bistro\\\/#breadcrumb\",\"itemListElement\":[{\"@type\":\"ListItem\",\"position\":1,\"name\":\"Accueil\",\"item\":\"https:\\\/\\\/concept05design.com\\\/en\\\/\"},{\"@type\":\"ListItem\",\"position\":2,\"name\":\"Shop\",\"item\":\"https:\\\/\\\/concept05design.com\\\/shop\\\/\"},{\"@type\":\"ListItem\",\"position\":3,\"name\":\"Bistro\"}]},{\"@type\":\"WebSite\",\"@id\":\"https:\\\/\\\/concept05design.com\\\/en\\\/#website\",\"url\":\"https:\\\/\\\/concept05design.com\\\/en\\\/\",\"name\":\"Concept 05 Design\",\"description\":\"Du Concept \u00e0 la R\u00e9alit\u00e9 : Votre Vision, Notre Mission\",\"potentialAction\":[{\"@type\":\"SearchAction\",\"target\":{\"@type\":\"EntryPoint\",\"urlTemplate\":\"https:\\\/\\\/concept05design.com\\\/en\\\/?s={search_term_string}\"},\"query-input\":{\"@type\":\"PropertyValueSpecification\",\"valueRequired\":true,\"valueName\":\"search_term_string\"}}],\"inLanguage\":\"en-US\"}]}<\/script>\n<!-- \/ Yoast SEO plugin. -->","yoast_head_json":{"title":"Bistro - Concept 05 Design","robots":{"index":"index","follow":"follow","max-snippet":"max-snippet:-1","max-image-preview":"max-image-preview:large","max-video-preview":"max-video-preview:-1"},"canonical":"https:\/\/concept05design.com\/en\/produit\/bistro\/","og_locale":"en_US","og_type":"article","og_title":"Bistro - Concept 05 Design","og_description":"Dimensions: Thickness: 19 mm (\u00be\u2033) Width: 127 mm (5\u2033 ) Length: up to 1200 mm (47 \u00bc\u2033 random') Covers: 24.1 ft\u00b2 \/box Grade: ABC Installation: nailed, stapled, glued or floating Warranty: 35-year residential\/structural lifetime","og_url":"https:\/\/concept05design.com\/en\/produit\/bistro\/","og_site_name":"Concept 05 Design","og_image":[{"width":640,"height":640,"url":"https:\/\/concept05design.com\/wp-content\/uploads\/2025\/06\/Bistro.png","type":"image\/png"}],"twitter_card":"summary_large_image","twitter_misc":{"Est. reading time":"1 minute"},"schema":{"@context":"https:\/\/schema.org","@graph":[{"@type":"WebPage","@id":"https:\/\/concept05design.com\/en\/produit\/bistro\/","url":"https:\/\/concept05design.com\/en\/produit\/bistro\/","name":"Bistro - Concept 05 Design","isPartOf":{"@id":"https:\/\/concept05design.com\/en\/#website"},"primaryImageOfPage":{"@id":"https:\/\/concept05design.com\/en\/produit\/bistro\/#primaryimage"},"image":{"@id":"https:\/\/concept05design.com\/en\/produit\/bistro\/#primaryimage"},"thumbnailUrl":"https:\/\/concept05design.com\/wp-content\/uploads\/2025\/06\/Bistro.png","datePublished":"2025-06-27T19:00:08+00:00","breadcrumb":{"@id":"https:\/\/concept05design.com\/en\/produit\/bistro\/#breadcrumb"},"inLanguage":"en-US","potentialAction":[{"@type":"ReadAction","target":["https:\/\/concept05design.com\/en\/produit\/bistro\/"]}]},{"@type":"ImageObject","inLanguage":"en-US","@id":"https:\/\/concept05design.com\/en\/produit\/bistro\/#primaryimage","url":"https:\/\/concept05design.com\/wp-content\/uploads\/2025\/06\/Bistro.png","contentUrl":"https:\/\/concept05design.com\/wp-content\/uploads\/2025\/06\/Bistro.png","width":640,"height":640},{"@type":"BreadcrumbList","@id":"https:\/\/concept05design.com\/en\/produit\/bistro\/#breadcrumb","itemListElement":[{"@type":"ListItem","position":1,"name":"Accueil","item":"https:\/\/concept05design.com\/en\/"},{"@type":"ListItem","position":2,"name":"Shop","item":"https:\/\/concept05design.com\/shop\/"},{"@type":"ListItem","position":3,"name":"Bistro"}]},{"@type":"WebSite","@id":"https:\/\/concept05design.com\/en\/#website","url":"https:\/\/concept05design.com\/en\/","name":"Concept 05 Design","description":"Du Concept \u00e0 la R\u00e9alit\u00e9 : Votre Vision, Notre Mission","potentialAction":[{"@type":"SearchAction","target":{"@type":"EntryPoint","urlTemplate":"https:\/\/concept05design.com\/en\/?s={search_term_string}"},"query-input":{"@type":"PropertyValueSpecification","valueRequired":true,"valueName":"search_term_string"}}],"inLanguage":"en-US"}]}},"_links":{"self":[{"href":"https:\/\/concept05design.com\/en\/wp-json\/wp\/v2\/product\/3849","targetHints":{"allow":["GET"]}}],"collection":[{"href":"https:\/\/concept05design.com\/en\/wp-json\/wp\/v2\/product"}],"about":[{"href":"https:\/\/concept05design.com\/en\/wp-json\/wp\/v2\/types\/product"}],"wp:featuredmedia":[{"embeddable":true,"href":"https:\/\/concept05design.com\/en\/wp-json\/wp\/v2\/media\/3836"}],"wp:attachment":[{"href":"https:\/\/concept05design.com\/en\/wp-json\/wp\/v2\/media?parent=3849"}],"wp:term":[{"taxonomy":"product_brand","embeddable":true,"href":"https:\/\/concept05design.com\/en\/wp-json\/wp\/v2\/product_brand?post=3849"},{"taxonomy":"product_cat","embeddable":true,"href":"https:\/\/concept05design.com\/en\/wp-json\/wp\/v2\/product_cat?post=3849"},{"taxonomy":"product_tag","embeddable":true,"href":"https:\/\/concept05design.com\/en\/wp-json\/wp\/v2\/product_tag?post=3849"}],"curies":[{"name":"wp","href":"https:\/\/api.w.org\/{rel}","templated":true}]}}