{"id":4660,"date":"2025-07-09T17:23:10","date_gmt":"2025-07-09T17:23:10","guid":{"rendered":"https:\/\/concept05design.com\/produit\/bargini-fenta\/"},"modified":"2025-07-11T15:34:22","modified_gmt":"2025-07-11T15:34:22","slug":"bargini-fenta","status":"publish","type":"product","link":"https:\/\/concept05design.com\/en\/produit\/bargini-fenta\/","title":{"rendered":"Bargini Fenta"},"content":{"rendered":"<table class=\"specs-table\">\n<thead>\n<tr>\n<th>Format<\/th>\n<th>24\u2033 \u00d7 24\u2033 (600 \u00d7 600 mm)<\/th>\n<th>24\u2033 \u00d7 48\u2033 (600 \u00d7 1200 mm)<\/th>\n<\/tr>\n<\/thead>\n<tbody>\n<tr>\n<td>Dimensions<\/td>\n<td>8.0 mm \u00d7 600 mm \u00d7 600 mm (\u2075\u2044\u2081\u2086\u2033 \u00d7 24\u2033 \u00d7 24\u2033)<\/td>\n<td>8.0 mm \u00d7 600 mm \u00d7 1200 mm (\u2075\u2044\u2081\u2086\u2033 \u00d7 24\u2033 \u00d7 48\u2033)<\/td>\n<\/tr>\n<tr>\n<td>Coverage per box<\/td>\n<td>1.44 m\u00b2 (15.50 ft\u00b2)<\/td>\n<td>1.44 m\u00b2 (15.50 ft\u00b2)<\/td>\n<\/tr>\n<tr>\n<td>Number of tiles per box<\/td>\n<td>4 tiles<\/td>\n<td>2 tiles<\/td>\n<\/tr>\n<tr>\n<td>Weight per box<\/td>\n<td>26.84 kg (59.17 lbs)<\/td>\n<td>28.50 kg (62.83 lbs)<\/td>\n<\/tr>\n<tr>\n<td>Boxes per pallet<\/td>\n<td>50<\/td>\n<td>30<\/td>\n<\/tr>\n<tr>\n<td>Coverage per pallet<\/td>\n<td>72.0 m\u00b2 (775.00 ft\u00b2)<\/td>\n<td>43.2 m\u00b2 (465.00 ft\u00b2)<\/td>\n<\/tr>\n<tr>\n<td>Weight per pallet<\/td>\n<td>1342 kg (2958 lbs)<\/td>\n<td>855 kg (1884.95 lbs)<\/td>\n<\/tr>\n<tr>\n<td>Finish<\/td>\n<td>Matt<\/td>\n<td>Matt<\/td>\n<\/tr>\n<tr>\n<td>Number of visuals (faces)<\/td>\n<td>12 different designs<\/td>\n<td>6 different designs<\/td>\n<\/tr>\n<tr>\n<td>Application<\/td>\n<td>Wall &amp; Floor<\/td>\n<td>Wall &amp; Floor<\/td>\n<\/tr>\n<tr>\n<td>Rectified<\/td>\n<td>Yes<\/td>\n<td>Yes<\/td>\n<\/tr>\n<tr>\n<td>Water absorption<\/td>\n<td>\u2264 0.5% (ISO 10545-3)<\/td>\n<td>\u2264 0.5% (ISO 10545-3)<\/td>\n<\/tr>\n<tr>\n<td>Abrasion<\/td>\n<td>PEI 4 (ISO 10545-7)<\/td>\n<td>PEI 4 (ISO 10545-7)<\/td>\n<\/tr>\n<tr>\n<td>Frost resistance<\/td>\n<td>Compliant (ISO 10545-12)<\/td>\n<td>Compliant (ISO 10545-12)<\/td>\n<\/tr>\n<tr>\n<td>Chemical resistance<\/td>\n<td>Class AA (ISO 10545-13)<\/td>\n<td>Class AA (ISO 10545-13)<\/td>\n<\/tr>\n<tr>\n<td>Country of manufacture<\/td>\n<td>India<\/td>\n<td>India<\/td>\n<\/tr>\n<\/tbody>\n<\/table>\n","protected":false},"excerpt":{"rendered":"<p><span class=\"TextRun SCXW79774584 BCX8\" lang=\"FR-CA\" data-contrast=\"auto\" xml:lang=\"FR-CA\"><span class=\"NormalTextRun SCXW79774584 BCX8\">These large porcelain<\/span> <span class=\"NormalTextRun SCXW79774584 BCX8\">porcelain tiles will bring<\/span> <span class=\"NormalTextRun SCXW79774584 BCX8\">a lot of light into your space. Modern, with a marble design and a hint of gold.<\/span><\/span><\/p>\n<p><img decoding=\"async\" class=\"alignnone wp-image-9746 size-medium\" src=\"https:\/\/www.planchers1867.com\/wp-content\/uploads\/2022\/07\/symbole-Statuario-300x40.png\" alt=\"\" width=\"300\" height=\"40\"><\/p>\n<p>&#8211; Porcelain<br \/>\n&#8211; Enamelled<br \/>\n&#8211; Ground<br \/>\n&#8211; Matt<\/p>\n<p><img decoding=\"async\" class=\"alignnone size-full wp-image-9374\" src=\"https:\/\/www.planchers1867.com\/wp-content\/uploads\/2022\/06\/dimension_sahara.png\" alt=\"\" width=\"175\" height=\"72\"><\/p>\n","protected":false},"featured_media":4515,"template":"","meta":[],"product_brand":[],"product_cat":[210,211,169,206,203,212,56,205,84,201],"product_tag":[],"class_list":{"0":"post-4660","1":"product","2":"type-product","3":"status-publish","4":"has-post-thumbnail","6":"product_cat-24x24-en","7":"product_cat-24x48-en","8":"product_cat-color","9":"product_cat-dimension-en","10":"product_cat-finish-3","11":"product_cat-matte-en","12":"product_cat-new-arrivals","13":"product_cat-pattern","14":"product_cat-porcelain-tile","15":"product_cat-white","17":"first","18":"instock","19":"shipping-taxable","20":"purchasable","21":"product-type-simple"},"yoast_head":"<!-- This site is optimized with the Yoast SEO plugin v27.4 - https:\/\/yoast.com\/product\/yoast-seo-wordpress\/ -->\n<title>Bargini Fenta - Concept 05 Design<\/title>\n<meta name=\"robots\" content=\"index, follow, max-snippet:-1, max-image-preview:large, max-video-preview:-1\" \/>\n<link rel=\"canonical\" href=\"https:\/\/concept05design.com\/en\/produit\/bargini-fenta\/\" \/>\n<meta property=\"og:locale\" content=\"en_US\" \/>\n<meta property=\"og:type\" content=\"article\" \/>\n<meta property=\"og:title\" content=\"Bargini Fenta - Concept 05 Design\" \/>\n<meta property=\"og:description\" content=\"These large porcelain porcelain tiles will bring a lot of light into your space. Modern, with a marble design and a hint of gold.  - Porcelain - Enamelled - Ground - Matt\" \/>\n<meta property=\"og:url\" content=\"https:\/\/concept05design.com\/en\/produit\/bargini-fenta\/\" \/>\n<meta property=\"og:site_name\" content=\"Concept 05 Design\" \/>\n<meta property=\"article:modified_time\" content=\"2025-07-11T15:34:22+00:00\" \/>\n<meta property=\"og:image\" content=\"https:\/\/concept05design.com\/wp-content\/uploads\/2024\/10\/advance-11.png\" \/>\n\t<meta property=\"og:image:width\" content=\"640\" \/>\n\t<meta property=\"og:image:height\" content=\"640\" \/>\n\t<meta property=\"og:image:type\" content=\"image\/png\" \/>\n<meta name=\"twitter:card\" content=\"summary_large_image\" \/>\n<meta name=\"twitter:label1\" content=\"Est. reading time\" \/>\n\t<meta name=\"twitter:data1\" content=\"1 minute\" \/>\n<script type=\"application\/ld+json\" class=\"yoast-schema-graph\">{\"@context\":\"https:\\\/\\\/schema.org\",\"@graph\":[{\"@type\":\"WebPage\",\"@id\":\"https:\\\/\\\/concept05design.com\\\/en\\\/produit\\\/bargini-fenta\\\/\",\"url\":\"https:\\\/\\\/concept05design.com\\\/en\\\/produit\\\/bargini-fenta\\\/\",\"name\":\"Bargini Fenta - Concept 05 Design\",\"isPartOf\":{\"@id\":\"https:\\\/\\\/concept05design.com\\\/en\\\/#website\"},\"primaryImageOfPage\":{\"@id\":\"https:\\\/\\\/concept05design.com\\\/en\\\/produit\\\/bargini-fenta\\\/#primaryimage\"},\"image\":{\"@id\":\"https:\\\/\\\/concept05design.com\\\/en\\\/produit\\\/bargini-fenta\\\/#primaryimage\"},\"thumbnailUrl\":\"https:\\\/\\\/concept05design.com\\\/wp-content\\\/uploads\\\/2024\\\/10\\\/advance-11.png\",\"datePublished\":\"2025-07-09T17:23:10+00:00\",\"dateModified\":\"2025-07-11T15:34:22+00:00\",\"breadcrumb\":{\"@id\":\"https:\\\/\\\/concept05design.com\\\/en\\\/produit\\\/bargini-fenta\\\/#breadcrumb\"},\"inLanguage\":\"en-US\",\"potentialAction\":[{\"@type\":\"ReadAction\",\"target\":[\"https:\\\/\\\/concept05design.com\\\/en\\\/produit\\\/bargini-fenta\\\/\"]}]},{\"@type\":\"ImageObject\",\"inLanguage\":\"en-US\",\"@id\":\"https:\\\/\\\/concept05design.com\\\/en\\\/produit\\\/bargini-fenta\\\/#primaryimage\",\"url\":\"https:\\\/\\\/concept05design.com\\\/wp-content\\\/uploads\\\/2024\\\/10\\\/advance-11.png\",\"contentUrl\":\"https:\\\/\\\/concept05design.com\\\/wp-content\\\/uploads\\\/2024\\\/10\\\/advance-11.png\",\"width\":640,\"height\":640},{\"@type\":\"BreadcrumbList\",\"@id\":\"https:\\\/\\\/concept05design.com\\\/en\\\/produit\\\/bargini-fenta\\\/#breadcrumb\",\"itemListElement\":[{\"@type\":\"ListItem\",\"position\":1,\"name\":\"Accueil\",\"item\":\"https:\\\/\\\/concept05design.com\\\/en\\\/\"},{\"@type\":\"ListItem\",\"position\":2,\"name\":\"Shop\",\"item\":\"https:\\\/\\\/concept05design.com\\\/shop\\\/\"},{\"@type\":\"ListItem\",\"position\":3,\"name\":\"Bargini Fenta\"}]},{\"@type\":\"WebSite\",\"@id\":\"https:\\\/\\\/concept05design.com\\\/en\\\/#website\",\"url\":\"https:\\\/\\\/concept05design.com\\\/en\\\/\",\"name\":\"Concept 05 Design\",\"description\":\"Du Concept \u00e0 la R\u00e9alit\u00e9 : Votre Vision, Notre Mission\",\"potentialAction\":[{\"@type\":\"SearchAction\",\"target\":{\"@type\":\"EntryPoint\",\"urlTemplate\":\"https:\\\/\\\/concept05design.com\\\/en\\\/?s={search_term_string}\"},\"query-input\":{\"@type\":\"PropertyValueSpecification\",\"valueRequired\":true,\"valueName\":\"search_term_string\"}}],\"inLanguage\":\"en-US\"}]}<\/script>\n<!-- \/ Yoast SEO plugin. -->","yoast_head_json":{"title":"Bargini Fenta - Concept 05 Design","robots":{"index":"index","follow":"follow","max-snippet":"max-snippet:-1","max-image-preview":"max-image-preview:large","max-video-preview":"max-video-preview:-1"},"canonical":"https:\/\/concept05design.com\/en\/produit\/bargini-fenta\/","og_locale":"en_US","og_type":"article","og_title":"Bargini Fenta - Concept 05 Design","og_description":"These large porcelain porcelain tiles will bring a lot of light into your space. Modern, with a marble design and a hint of gold.  - Porcelain - Enamelled - Ground - Matt","og_url":"https:\/\/concept05design.com\/en\/produit\/bargini-fenta\/","og_site_name":"Concept 05 Design","article_modified_time":"2025-07-11T15:34:22+00:00","og_image":[{"width":640,"height":640,"url":"https:\/\/concept05design.com\/wp-content\/uploads\/2024\/10\/advance-11.png","type":"image\/png"}],"twitter_card":"summary_large_image","twitter_misc":{"Est. reading time":"1 minute"},"schema":{"@context":"https:\/\/schema.org","@graph":[{"@type":"WebPage","@id":"https:\/\/concept05design.com\/en\/produit\/bargini-fenta\/","url":"https:\/\/concept05design.com\/en\/produit\/bargini-fenta\/","name":"Bargini Fenta - Concept 05 Design","isPartOf":{"@id":"https:\/\/concept05design.com\/en\/#website"},"primaryImageOfPage":{"@id":"https:\/\/concept05design.com\/en\/produit\/bargini-fenta\/#primaryimage"},"image":{"@id":"https:\/\/concept05design.com\/en\/produit\/bargini-fenta\/#primaryimage"},"thumbnailUrl":"https:\/\/concept05design.com\/wp-content\/uploads\/2024\/10\/advance-11.png","datePublished":"2025-07-09T17:23:10+00:00","dateModified":"2025-07-11T15:34:22+00:00","breadcrumb":{"@id":"https:\/\/concept05design.com\/en\/produit\/bargini-fenta\/#breadcrumb"},"inLanguage":"en-US","potentialAction":[{"@type":"ReadAction","target":["https:\/\/concept05design.com\/en\/produit\/bargini-fenta\/"]}]},{"@type":"ImageObject","inLanguage":"en-US","@id":"https:\/\/concept05design.com\/en\/produit\/bargini-fenta\/#primaryimage","url":"https:\/\/concept05design.com\/wp-content\/uploads\/2024\/10\/advance-11.png","contentUrl":"https:\/\/concept05design.com\/wp-content\/uploads\/2024\/10\/advance-11.png","width":640,"height":640},{"@type":"BreadcrumbList","@id":"https:\/\/concept05design.com\/en\/produit\/bargini-fenta\/#breadcrumb","itemListElement":[{"@type":"ListItem","position":1,"name":"Accueil","item":"https:\/\/concept05design.com\/en\/"},{"@type":"ListItem","position":2,"name":"Shop","item":"https:\/\/concept05design.com\/shop\/"},{"@type":"ListItem","position":3,"name":"Bargini Fenta"}]},{"@type":"WebSite","@id":"https:\/\/concept05design.com\/en\/#website","url":"https:\/\/concept05design.com\/en\/","name":"Concept 05 Design","description":"Du Concept \u00e0 la R\u00e9alit\u00e9 : Votre Vision, Notre Mission","potentialAction":[{"@type":"SearchAction","target":{"@type":"EntryPoint","urlTemplate":"https:\/\/concept05design.com\/en\/?s={search_term_string}"},"query-input":{"@type":"PropertyValueSpecification","valueRequired":true,"valueName":"search_term_string"}}],"inLanguage":"en-US"}]}},"_links":{"self":[{"href":"https:\/\/concept05design.com\/en\/wp-json\/wp\/v2\/product\/4660","targetHints":{"allow":["GET"]}}],"collection":[{"href":"https:\/\/concept05design.com\/en\/wp-json\/wp\/v2\/product"}],"about":[{"href":"https:\/\/concept05design.com\/en\/wp-json\/wp\/v2\/types\/product"}],"wp:featuredmedia":[{"embeddable":true,"href":"https:\/\/concept05design.com\/en\/wp-json\/wp\/v2\/media\/4515"}],"wp:attachment":[{"href":"https:\/\/concept05design.com\/en\/wp-json\/wp\/v2\/media?parent=4660"}],"wp:term":[{"taxonomy":"product_brand","embeddable":true,"href":"https:\/\/concept05design.com\/en\/wp-json\/wp\/v2\/product_brand?post=4660"},{"taxonomy":"product_cat","embeddable":true,"href":"https:\/\/concept05design.com\/en\/wp-json\/wp\/v2\/product_cat?post=4660"},{"taxonomy":"product_tag","embeddable":true,"href":"https:\/\/concept05design.com\/en\/wp-json\/wp\/v2\/product_tag?post=4660"}],"curies":[{"name":"wp","href":"https:\/\/api.w.org\/{rel}","templated":true}]}}