{"id":4706,"date":"2025-07-09T18:06:17","date_gmt":"2025-07-09T18:06:17","guid":{"rendered":"https:\/\/concept05design.com\/produit\/milton\/"},"modified":"2025-07-11T15:03:29","modified_gmt":"2025-07-11T15:03:29","slug":"milton","status":"publish","type":"product","link":"https:\/\/concept05design.com\/en\/produit\/milton\/","title":{"rendered":"Milton"},"content":{"rendered":"<table class=\"specs-table\">\n<thead>\n<tr>\n<th>Format<\/th>\n<th>9\u2033 \u00d7 47\u2033 (~230 \u00d7 1200 mm)<\/th>\n<\/tr>\n<\/thead>\n<tbody>\n<tr>\n<td>Manufacturing<\/td>\n<td>Made in Spain<\/td>\n<\/tr>\n<tr>\n<td>Thickness<\/td>\n<td>9.7 mm<\/td>\n<\/tr>\n<tr>\n<td>Finish<\/td>\n<td>Matt<\/td>\n<\/tr>\n<tr>\n<td>Application<\/td>\n<td>Wall &amp; Floor<\/td>\n<\/tr>\n<tr>\n<td>Number of sides<\/td>\n<td>17<\/td>\n<\/tr>\n<tr>\n<td>Rectified<\/td>\n<td>No<\/td>\n<\/tr>\n<tr>\n<td>Water absorption (ISO 10545-3)<\/td>\n<td>\u2264 0,5 %<\/td>\n<\/tr>\n<tr>\n<td>Flexural strength (ISO 10545-4)<\/td>\n<td>Breaking strength &gt; 1300 N<br \/>\nModulus of rupture &gt; 35 N \/ mm\u00b2<\/td>\n<\/tr>\n<tr>\n<td>Deep abrasion (ISO 10545-6)<\/td>\n<td>&#8211;<\/td>\n<\/tr>\n<tr>\n<td>Abrasion (ISO 10545-7)<\/td>\n<td>PEI 3 (Oak, Walnut)<br \/>\nPEI 4 (Light, Natural)<\/td>\n<\/tr>\n<tr>\n<td>Thermal shock (ISO 10545-9)<\/td>\n<td>Resistant<\/td>\n<\/tr>\n<tr>\n<td>Cracks (ISO 10545-11)<\/td>\n<td>Resistant<\/td>\n<\/tr>\n<tr>\n<td>Frost resistance (ISO 10545-12)<\/td>\n<td>Resistant<\/td>\n<\/tr>\n<tr>\n<td>Chemical resistance (ISO 10545-13)<\/td>\n<td>Minimum class B<\/td>\n<\/tr>\n<tr>\n<td>Stain resistance (ISO 10545-14)<\/td>\n<td>Minimum class 3<\/td>\n<\/tr>\n<tr>\n<td>Slippage (DIN 51130 \/ 51097 \/ ANSI A326.3)<\/td>\n<td>R9<\/td>\n<\/tr>\n<tr>\n<td>Pieces per box<\/td>\n<td>4<\/td>\n<\/tr>\n<tr>\n<td>Weight per box<\/td>\n<td>22.78 kg (50.22 lb)<\/td>\n<\/tr>\n<tr>\n<td>Boxes per pallet<\/td>\n<td>54<\/td>\n<\/tr>\n<tr>\n<td>Weight per pallet<\/td>\n<td>1250.00 kg (2755.00 lb)<\/td>\n<\/tr>\n<tr>\n<td>Coverage per box<\/td>\n<td>1.12 m\u00b2 (12.00 ft\u00b2)<\/td>\n<\/tr>\n<tr>\n<td>Coverage per pallet<\/td>\n<td>60.50 m\u00b2 (648.00 ft\u00b2)<\/td>\n<\/tr>\n<\/tbody>\n<\/table>\n","protected":false},"excerpt":{"rendered":"<p><strong data-start=\"40\" data-end=\"95\">Inspired by the natural beauty of maple wood<\/strong>, this series of porcelain tiles for interiors creates a collection of refined design. It is distinguished by its <strong data-start=\"228\" data-end=\"246\">uniform grain<\/strong> and the <strong data-start=\"257\" data-end=\"326\" data-is-only-node=\"\">realism with which it reproduces one of the most prized woods<\/strong> in interior design.<br data-start=\"352\" data-end=\"355\">This series of the <strong data-start=\"384\" data-end=\"398\">WoodMotion<\/strong> collection has a <strong data-start=\"412\" data-end=\"429\">matte finish<\/strong> and is available in <strong data-start=\"451\" data-end=\"477\">two formats<\/strong> <\/p>\n<p><img decoding=\"async\" class=\"alignnone wp-image-11422 entered lazyloaded\" src=\"https:\/\/www.planchers1867.com\/wp-content\/uploads\/2024\/01\/Pictogramme-Milton-scaled.jpg\" alt=\"\" width=\"501\" height=\"84\" data-lazy-src=\"https:\/\/www.planchers1867.com\/wp-content\/uploads\/2024\/01\/Pictogramme-Milton-scaled.jpg\" data-ll-status=\"loaded\"><\/p>\n<p>&#8211; Porcelain<br \/>\n&#8211; Enamelled<br \/>\n&#8211; Matte<br \/>\n&#8211; Ground<\/p>\n<p><img decoding=\"async\" class=\"alignnone wp-image-11426 entered lazyloaded\" src=\"https:\/\/www.planchers1867.com\/wp-content\/uploads\/2024\/01\/Pictogramme_Milton_Format-1-scaled.jpg\" alt=\"\" width=\"386\" height=\"66\" data-lazy-src=\"https:\/\/www.planchers1867.com\/wp-content\/uploads\/2024\/01\/Pictogramme_Milton_Format-1-scaled.jpg\" data-ll-status=\"loaded\"><\/p>\n","protected":false},"featured_media":4590,"template":"","meta":[],"product_brand":[],"product_cat":[269,202,200,169,206,203,212,56,84],"product_tag":[],"class_list":{"0":"post-4706","1":"product","2":"type-product","3":"status-publish","4":"has-post-thumbnail","6":"product_cat-8x48-en","7":"product_cat-beige-3","8":"product_cat-brown-en","9":"product_cat-color","10":"product_cat-dimension-en","11":"product_cat-finish-3","12":"product_cat-matte-en","13":"product_cat-new-arrivals","14":"product_cat-porcelain-tile","16":"first","17":"instock","18":"shipping-taxable","19":"purchasable","20":"product-type-simple"},"yoast_head":"<!-- This site is optimized with the Yoast SEO plugin v27.4 - https:\/\/yoast.com\/product\/yoast-seo-wordpress\/ -->\n<title>Milton - Concept 05 Design<\/title>\n<meta name=\"robots\" content=\"index, follow, max-snippet:-1, max-image-preview:large, max-video-preview:-1\" \/>\n<link rel=\"canonical\" href=\"https:\/\/concept05design.com\/en\/produit\/milton\/\" \/>\n<meta property=\"og:locale\" content=\"en_US\" \/>\n<meta property=\"og:type\" content=\"article\" \/>\n<meta property=\"og:title\" content=\"Milton - Concept 05 Design\" \/>\n<meta property=\"og:description\" content=\"Inspired by the natural beauty of maple wood, this series of porcelain tiles for interiors creates a collection of refined design. It is distinguished by its uniform grain and the realism with which it reproduces one of the most prized woods in interior design.This series of the WoodMotion collection has a matte finish and is available in two formats   - Porcelain - Enamelled - Matte - Ground\" \/>\n<meta property=\"og:url\" content=\"https:\/\/concept05design.com\/en\/produit\/milton\/\" \/>\n<meta property=\"og:site_name\" content=\"Concept 05 Design\" \/>\n<meta property=\"article:modified_time\" content=\"2025-07-11T15:03:29+00:00\" \/>\n<meta property=\"og:image\" content=\"https:\/\/concept05design.com\/wp-content\/uploads\/2024\/10\/advance-26-1.png\" \/>\n\t<meta property=\"og:image:width\" content=\"640\" \/>\n\t<meta property=\"og:image:height\" content=\"640\" \/>\n\t<meta property=\"og:image:type\" content=\"image\/png\" \/>\n<meta name=\"twitter:card\" content=\"summary_large_image\" \/>\n<meta name=\"twitter:label1\" content=\"Est. reading time\" \/>\n\t<meta name=\"twitter:data1\" content=\"1 minute\" \/>\n<script type=\"application\/ld+json\" class=\"yoast-schema-graph\">{\"@context\":\"https:\\\/\\\/schema.org\",\"@graph\":[{\"@type\":\"WebPage\",\"@id\":\"https:\\\/\\\/concept05design.com\\\/en\\\/produit\\\/milton\\\/\",\"url\":\"https:\\\/\\\/concept05design.com\\\/en\\\/produit\\\/milton\\\/\",\"name\":\"Milton - Concept 05 Design\",\"isPartOf\":{\"@id\":\"https:\\\/\\\/concept05design.com\\\/en\\\/#website\"},\"primaryImageOfPage\":{\"@id\":\"https:\\\/\\\/concept05design.com\\\/en\\\/produit\\\/milton\\\/#primaryimage\"},\"image\":{\"@id\":\"https:\\\/\\\/concept05design.com\\\/en\\\/produit\\\/milton\\\/#primaryimage\"},\"thumbnailUrl\":\"https:\\\/\\\/concept05design.com\\\/wp-content\\\/uploads\\\/2024\\\/10\\\/advance-26-1.png\",\"datePublished\":\"2025-07-09T18:06:17+00:00\",\"dateModified\":\"2025-07-11T15:03:29+00:00\",\"breadcrumb\":{\"@id\":\"https:\\\/\\\/concept05design.com\\\/en\\\/produit\\\/milton\\\/#breadcrumb\"},\"inLanguage\":\"en-US\",\"potentialAction\":[{\"@type\":\"ReadAction\",\"target\":[\"https:\\\/\\\/concept05design.com\\\/en\\\/produit\\\/milton\\\/\"]}]},{\"@type\":\"ImageObject\",\"inLanguage\":\"en-US\",\"@id\":\"https:\\\/\\\/concept05design.com\\\/en\\\/produit\\\/milton\\\/#primaryimage\",\"url\":\"https:\\\/\\\/concept05design.com\\\/wp-content\\\/uploads\\\/2024\\\/10\\\/advance-26-1.png\",\"contentUrl\":\"https:\\\/\\\/concept05design.com\\\/wp-content\\\/uploads\\\/2024\\\/10\\\/advance-26-1.png\",\"width\":640,\"height\":640},{\"@type\":\"BreadcrumbList\",\"@id\":\"https:\\\/\\\/concept05design.com\\\/en\\\/produit\\\/milton\\\/#breadcrumb\",\"itemListElement\":[{\"@type\":\"ListItem\",\"position\":1,\"name\":\"Accueil\",\"item\":\"https:\\\/\\\/concept05design.com\\\/en\\\/\"},{\"@type\":\"ListItem\",\"position\":2,\"name\":\"Shop\",\"item\":\"https:\\\/\\\/concept05design.com\\\/shop\\\/\"},{\"@type\":\"ListItem\",\"position\":3,\"name\":\"Milton\"}]},{\"@type\":\"WebSite\",\"@id\":\"https:\\\/\\\/concept05design.com\\\/en\\\/#website\",\"url\":\"https:\\\/\\\/concept05design.com\\\/en\\\/\",\"name\":\"Concept 05 Design\",\"description\":\"Du Concept \u00e0 la R\u00e9alit\u00e9 : Votre Vision, Notre Mission\",\"potentialAction\":[{\"@type\":\"SearchAction\",\"target\":{\"@type\":\"EntryPoint\",\"urlTemplate\":\"https:\\\/\\\/concept05design.com\\\/en\\\/?s={search_term_string}\"},\"query-input\":{\"@type\":\"PropertyValueSpecification\",\"valueRequired\":true,\"valueName\":\"search_term_string\"}}],\"inLanguage\":\"en-US\"}]}<\/script>\n<!-- \/ Yoast SEO plugin. -->","yoast_head_json":{"title":"Milton - Concept 05 Design","robots":{"index":"index","follow":"follow","max-snippet":"max-snippet:-1","max-image-preview":"max-image-preview:large","max-video-preview":"max-video-preview:-1"},"canonical":"https:\/\/concept05design.com\/en\/produit\/milton\/","og_locale":"en_US","og_type":"article","og_title":"Milton - Concept 05 Design","og_description":"Inspired by the natural beauty of maple wood, this series of porcelain tiles for interiors creates a collection of refined design. It is distinguished by its uniform grain and the realism with which it reproduces one of the most prized woods in interior design.This series of the WoodMotion collection has a matte finish and is available in two formats   - Porcelain - Enamelled - Matte - Ground","og_url":"https:\/\/concept05design.com\/en\/produit\/milton\/","og_site_name":"Concept 05 Design","article_modified_time":"2025-07-11T15:03:29+00:00","og_image":[{"width":640,"height":640,"url":"https:\/\/concept05design.com\/wp-content\/uploads\/2024\/10\/advance-26-1.png","type":"image\/png"}],"twitter_card":"summary_large_image","twitter_misc":{"Est. reading time":"1 minute"},"schema":{"@context":"https:\/\/schema.org","@graph":[{"@type":"WebPage","@id":"https:\/\/concept05design.com\/en\/produit\/milton\/","url":"https:\/\/concept05design.com\/en\/produit\/milton\/","name":"Milton - Concept 05 Design","isPartOf":{"@id":"https:\/\/concept05design.com\/en\/#website"},"primaryImageOfPage":{"@id":"https:\/\/concept05design.com\/en\/produit\/milton\/#primaryimage"},"image":{"@id":"https:\/\/concept05design.com\/en\/produit\/milton\/#primaryimage"},"thumbnailUrl":"https:\/\/concept05design.com\/wp-content\/uploads\/2024\/10\/advance-26-1.png","datePublished":"2025-07-09T18:06:17+00:00","dateModified":"2025-07-11T15:03:29+00:00","breadcrumb":{"@id":"https:\/\/concept05design.com\/en\/produit\/milton\/#breadcrumb"},"inLanguage":"en-US","potentialAction":[{"@type":"ReadAction","target":["https:\/\/concept05design.com\/en\/produit\/milton\/"]}]},{"@type":"ImageObject","inLanguage":"en-US","@id":"https:\/\/concept05design.com\/en\/produit\/milton\/#primaryimage","url":"https:\/\/concept05design.com\/wp-content\/uploads\/2024\/10\/advance-26-1.png","contentUrl":"https:\/\/concept05design.com\/wp-content\/uploads\/2024\/10\/advance-26-1.png","width":640,"height":640},{"@type":"BreadcrumbList","@id":"https:\/\/concept05design.com\/en\/produit\/milton\/#breadcrumb","itemListElement":[{"@type":"ListItem","position":1,"name":"Accueil","item":"https:\/\/concept05design.com\/en\/"},{"@type":"ListItem","position":2,"name":"Shop","item":"https:\/\/concept05design.com\/shop\/"},{"@type":"ListItem","position":3,"name":"Milton"}]},{"@type":"WebSite","@id":"https:\/\/concept05design.com\/en\/#website","url":"https:\/\/concept05design.com\/en\/","name":"Concept 05 Design","description":"Du Concept \u00e0 la R\u00e9alit\u00e9 : Votre Vision, Notre Mission","potentialAction":[{"@type":"SearchAction","target":{"@type":"EntryPoint","urlTemplate":"https:\/\/concept05design.com\/en\/?s={search_term_string}"},"query-input":{"@type":"PropertyValueSpecification","valueRequired":true,"valueName":"search_term_string"}}],"inLanguage":"en-US"}]}},"_links":{"self":[{"href":"https:\/\/concept05design.com\/en\/wp-json\/wp\/v2\/product\/4706","targetHints":{"allow":["GET"]}}],"collection":[{"href":"https:\/\/concept05design.com\/en\/wp-json\/wp\/v2\/product"}],"about":[{"href":"https:\/\/concept05design.com\/en\/wp-json\/wp\/v2\/types\/product"}],"wp:featuredmedia":[{"embeddable":true,"href":"https:\/\/concept05design.com\/en\/wp-json\/wp\/v2\/media\/4590"}],"wp:attachment":[{"href":"https:\/\/concept05design.com\/en\/wp-json\/wp\/v2\/media?parent=4706"}],"wp:term":[{"taxonomy":"product_brand","embeddable":true,"href":"https:\/\/concept05design.com\/en\/wp-json\/wp\/v2\/product_brand?post=4706"},{"taxonomy":"product_cat","embeddable":true,"href":"https:\/\/concept05design.com\/en\/wp-json\/wp\/v2\/product_cat?post=4706"},{"taxonomy":"product_tag","embeddable":true,"href":"https:\/\/concept05design.com\/en\/wp-json\/wp\/v2\/product_tag?post=4706"}],"curies":[{"name":"wp","href":"https:\/\/api.w.org\/{rel}","templated":true}]}}