{"id":4718,"date":"2025-07-09T18:21:29","date_gmt":"2025-07-09T18:21:29","guid":{"rendered":"https:\/\/concept05design.com\/produit\/meraki\/"},"modified":"2025-07-11T14:58:28","modified_gmt":"2025-07-11T14:58:28","slug":"meraki","status":"publish","type":"product","link":"https:\/\/concept05design.com\/en\/produit\/meraki\/","title":{"rendered":"Meraki"},"content":{"rendered":"<table class=\"specs-table\">\n<thead>\n<tr>\n<th>Format<\/th>\n<th>24\u2033 \u00d7 24\u2033 (~600 \u00d7 600 mm)<\/th>\n<\/tr>\n<\/thead>\n<tbody>\n<tr>\n<td>Manufacturing<\/td>\n<td>Fabriqu\u00e9 en Espagne \/ Made in Spain<\/td>\n<\/tr>\n<tr>\n<td>Thickness<\/td>\n<td>9.8 mm<\/td>\n<\/tr>\n<tr>\n<td>Finish<\/td>\n<td>Mat \/ Matt<\/td>\n<\/tr>\n<tr>\n<td>Application<\/td>\n<td>Mur &amp; Plancher \/ Wall &amp; Floor<\/td>\n<\/tr>\n<tr>\n<td>Number of faces (Designs)<\/td>\n<td>&#8211;<\/td>\n<\/tr>\n<tr>\n<td>Rectified<\/td>\n<td>Oui \/ Yes<\/td>\n<\/tr>\n<tr>\n<td>Water absorption (ISO 10545-3)<\/td>\n<td>\u2264 0,5 %<\/td>\n<\/tr>\n<tr>\n<td>Flexural strength (ISO 10545-4)<\/td>\n<td>Breaking strength &gt; 1300 N<br \/>\nModulus of rupture &gt; 35 N \/ mm\u00b2<\/td>\n<\/tr>\n<tr>\n<td>Deep abrasion (ISO 10545-6)<\/td>\n<td>&#8211;<\/td>\n<\/tr>\n<tr>\n<td>Abrasion (ISO 10545-7)<\/td>\n<td>PEI 3 (Anthracite)<br \/>\nPEI 4<\/td>\n<\/tr>\n<tr>\n<td>Thermal shock (ISO 10545-9)<\/td>\n<td>R\u00e9sistant \/ Resist<\/td>\n<\/tr>\n<tr>\n<td>Cracks (ISO 10545-11)<\/td>\n<td>&#8211;<\/td>\n<\/tr>\n<tr>\n<td>Frost resistance (ISO 10545-12)<\/td>\n<td>R\u00e9sistant \/ Resist<\/td>\n<\/tr>\n<tr>\n<td>Chemical resistance (ISO 10545-13)<\/td>\n<td>Min Class GB<\/td>\n<\/tr>\n<tr>\n<td>Stain resistance (ISO 10545-14)<\/td>\n<td>Class 3<\/td>\n<\/tr>\n<tr>\n<td>Slippage (DIN 51130 \/ 51097 \/ ANSI A326.3)<\/td>\n<td>&#8211;<\/td>\n<\/tr>\n<tr>\n<td>Number of pieces per box<\/td>\n<td>4<\/td>\n<\/tr>\n<tr>\n<td>Weight per box<\/td>\n<td>28.47 kg (62.76 lb)<\/td>\n<\/tr>\n<tr>\n<td>Boxes per pallet<\/td>\n<td>36<\/td>\n<\/tr>\n<tr>\n<td>Weight per pallet<\/td>\n<td>1045.00 kg (2303.00 lb)<\/td>\n<\/tr>\n<tr>\n<td>Coverage per box<\/td>\n<td>1.42 m\u00b2 (15.24 ft\u00b2)<\/td>\n<\/tr>\n<tr>\n<td>Coverage per pallet<\/td>\n<td>49.20 m\u00b2 (548.64 ft\u00b2)<\/td>\n<\/tr>\n<\/tbody>\n<\/table>\n","protected":false},"excerpt":{"rendered":"<p>This <strong data-start=\"11\" data-end=\"39\">matte-glazed porcelain<\/strong> tile combines <strong data-start=\"52\" data-end=\"66\">strength<\/strong>, <strong data-start=\"68\" data-end=\"80\">elegance<\/strong> and <strong data-start=\"84\" data-end=\"102\">a soft finish<\/strong>. Its matte surface reduces glare and offers a <strong data-start=\"151\" data-end=\"185\">natural, contemporary look<\/strong>. The glaze provides good protection against wear and stains, ideal for floors or walls in modern, minimalist interiors.  <\/p>\n<p>&#8211; Porcelain<br \/>\n&#8211; Enamelled<br \/>\n&#8211; Matte<\/p>\n<p><img decoding=\"async\" class=\"alignnone wp-image-9289 size-full entered lazyloaded\" src=\"https:\/\/www.planchers1867.com\/wp-content\/uploads\/2019\/04\/12x24-24x24-picto-e1673369166946.png\" alt=\"\" width=\"64\" height=\"59\" data-lazy-src=\"https:\/\/www.planchers1867.com\/wp-content\/uploads\/2019\/04\/12x24-24x24-picto-e1673369166946.png\" data-ll-status=\"loaded\"><\/p>\n<div class=\"su-custom-gallery su-custom-gallery-align-left su-custom-gallery-title-hover su-lightbox-gallery\">\n<div class=\"su-custom-gallery-slide\" data-index=\"0\">\n<p><img decoding=\"async\" class=\"alignnone wp-image-9587\" src=\"https:\/\/www.planchers1867.com\/wp-content\/uploads\/2022\/02\/symbole-Meraki.png\" alt=\"\" width=\"376\" height=\"51\"><\/p>\n<\/div>\n<\/div>\n","protected":false},"featured_media":4642,"template":"","meta":[],"product_brand":[],"product_cat":[210,204,206,203,199,212,56,84,201],"product_tag":[],"class_list":{"0":"post-4718","1":"product","2":"type-product","3":"status-publish","4":"has-post-thumbnail","6":"product_cat-24x24-en","7":"product_cat-anthracite-en","8":"product_cat-dimension-en","9":"product_cat-finish-3","10":"product_cat-gray-en","11":"product_cat-matte-en","12":"product_cat-new-arrivals","13":"product_cat-porcelain-tile","14":"product_cat-white","16":"first","17":"instock","18":"shipping-taxable","19":"purchasable","20":"product-type-simple"},"yoast_head":"<!-- This site is optimized with the Yoast SEO plugin v27.6 - https:\/\/yoast.com\/product\/yoast-seo-wordpress\/ -->\n<title>Meraki - Concept 05 Design<\/title>\n<meta name=\"robots\" content=\"index, follow, max-snippet:-1, max-image-preview:large, max-video-preview:-1\" \/>\n<link rel=\"canonical\" href=\"https:\/\/concept05design.com\/en\/produit\/meraki\/\" \/>\n<meta property=\"og:locale\" content=\"en_US\" \/>\n<meta property=\"og:type\" content=\"article\" \/>\n<meta property=\"og:title\" content=\"Meraki - Concept 05 Design\" \/>\n<meta property=\"og:description\" content=\"This matte-glazed porcelain tile combines strength, elegance and a soft finish. Its matte surface reduces glare and offers a natural, contemporary look. The glaze provides good protection against wear and stains, ideal for floors or walls in modern, minimalist interiors.  - Porcelain - Enamelled - Matte\" \/>\n<meta property=\"og:url\" content=\"https:\/\/concept05design.com\/en\/produit\/meraki\/\" \/>\n<meta property=\"og:site_name\" content=\"Concept 05 Design\" \/>\n<meta property=\"article:modified_time\" content=\"2025-07-11T14:58:28+00:00\" \/>\n<meta property=\"og:image\" content=\"https:\/\/concept05design.com\/wp-content\/uploads\/2024\/10\/advance-51.png\" \/>\n\t<meta property=\"og:image:width\" content=\"640\" \/>\n\t<meta property=\"og:image:height\" content=\"640\" \/>\n\t<meta property=\"og:image:type\" content=\"image\/png\" \/>\n<meta name=\"twitter:card\" content=\"summary_large_image\" \/>\n<meta name=\"twitter:label1\" content=\"Est. reading time\" \/>\n\t<meta name=\"twitter:data1\" content=\"1 minute\" \/>\n<script type=\"application\/ld+json\" class=\"yoast-schema-graph\">{\"@context\":\"https:\\\/\\\/schema.org\",\"@graph\":[{\"@type\":\"WebPage\",\"@id\":\"https:\\\/\\\/concept05design.com\\\/en\\\/produit\\\/meraki\\\/\",\"url\":\"https:\\\/\\\/concept05design.com\\\/en\\\/produit\\\/meraki\\\/\",\"name\":\"Meraki - Concept 05 Design\",\"isPartOf\":{\"@id\":\"https:\\\/\\\/concept05design.com\\\/en\\\/#website\"},\"primaryImageOfPage\":{\"@id\":\"https:\\\/\\\/concept05design.com\\\/en\\\/produit\\\/meraki\\\/#primaryimage\"},\"image\":{\"@id\":\"https:\\\/\\\/concept05design.com\\\/en\\\/produit\\\/meraki\\\/#primaryimage\"},\"thumbnailUrl\":\"https:\\\/\\\/concept05design.com\\\/wp-content\\\/uploads\\\/2024\\\/10\\\/advance-51.png\",\"datePublished\":\"2025-07-09T18:21:29+00:00\",\"dateModified\":\"2025-07-11T14:58:28+00:00\",\"breadcrumb\":{\"@id\":\"https:\\\/\\\/concept05design.com\\\/en\\\/produit\\\/meraki\\\/#breadcrumb\"},\"inLanguage\":\"en-US\",\"potentialAction\":[{\"@type\":\"ReadAction\",\"target\":[\"https:\\\/\\\/concept05design.com\\\/en\\\/produit\\\/meraki\\\/\"]}]},{\"@type\":\"ImageObject\",\"inLanguage\":\"en-US\",\"@id\":\"https:\\\/\\\/concept05design.com\\\/en\\\/produit\\\/meraki\\\/#primaryimage\",\"url\":\"https:\\\/\\\/concept05design.com\\\/wp-content\\\/uploads\\\/2024\\\/10\\\/advance-51.png\",\"contentUrl\":\"https:\\\/\\\/concept05design.com\\\/wp-content\\\/uploads\\\/2024\\\/10\\\/advance-51.png\",\"width\":640,\"height\":640},{\"@type\":\"BreadcrumbList\",\"@id\":\"https:\\\/\\\/concept05design.com\\\/en\\\/produit\\\/meraki\\\/#breadcrumb\",\"itemListElement\":[{\"@type\":\"ListItem\",\"position\":1,\"name\":\"Accueil\",\"item\":\"https:\\\/\\\/concept05design.com\\\/en\\\/\"},{\"@type\":\"ListItem\",\"position\":2,\"name\":\"Shop\",\"item\":\"https:\\\/\\\/concept05design.com\\\/shop\\\/\"},{\"@type\":\"ListItem\",\"position\":3,\"name\":\"Meraki\"}]},{\"@type\":\"WebSite\",\"@id\":\"https:\\\/\\\/concept05design.com\\\/en\\\/#website\",\"url\":\"https:\\\/\\\/concept05design.com\\\/en\\\/\",\"name\":\"Concept 05 Design\",\"description\":\"Du Concept \u00e0 la R\u00e9alit\u00e9 : Votre Vision, Notre Mission\",\"potentialAction\":[{\"@type\":\"SearchAction\",\"target\":{\"@type\":\"EntryPoint\",\"urlTemplate\":\"https:\\\/\\\/concept05design.com\\\/en\\\/?s={search_term_string}\"},\"query-input\":{\"@type\":\"PropertyValueSpecification\",\"valueRequired\":true,\"valueName\":\"search_term_string\"}}],\"inLanguage\":\"en-US\"}]}<\/script>\n<!-- \/ Yoast SEO plugin. -->","yoast_head_json":{"title":"Meraki - Concept 05 Design","robots":{"index":"index","follow":"follow","max-snippet":"max-snippet:-1","max-image-preview":"max-image-preview:large","max-video-preview":"max-video-preview:-1"},"canonical":"https:\/\/concept05design.com\/en\/produit\/meraki\/","og_locale":"en_US","og_type":"article","og_title":"Meraki - Concept 05 Design","og_description":"This matte-glazed porcelain tile combines strength, elegance and a soft finish. Its matte surface reduces glare and offers a natural, contemporary look. The glaze provides good protection against wear and stains, ideal for floors or walls in modern, minimalist interiors.  - Porcelain - Enamelled - Matte","og_url":"https:\/\/concept05design.com\/en\/produit\/meraki\/","og_site_name":"Concept 05 Design","article_modified_time":"2025-07-11T14:58:28+00:00","og_image":[{"width":640,"height":640,"url":"https:\/\/concept05design.com\/wp-content\/uploads\/2024\/10\/advance-51.png","type":"image\/png"}],"twitter_card":"summary_large_image","twitter_misc":{"Est. reading time":"1 minute"},"schema":{"@context":"https:\/\/schema.org","@graph":[{"@type":"WebPage","@id":"https:\/\/concept05design.com\/en\/produit\/meraki\/","url":"https:\/\/concept05design.com\/en\/produit\/meraki\/","name":"Meraki - Concept 05 Design","isPartOf":{"@id":"https:\/\/concept05design.com\/en\/#website"},"primaryImageOfPage":{"@id":"https:\/\/concept05design.com\/en\/produit\/meraki\/#primaryimage"},"image":{"@id":"https:\/\/concept05design.com\/en\/produit\/meraki\/#primaryimage"},"thumbnailUrl":"https:\/\/concept05design.com\/wp-content\/uploads\/2024\/10\/advance-51.png","datePublished":"2025-07-09T18:21:29+00:00","dateModified":"2025-07-11T14:58:28+00:00","breadcrumb":{"@id":"https:\/\/concept05design.com\/en\/produit\/meraki\/#breadcrumb"},"inLanguage":"en-US","potentialAction":[{"@type":"ReadAction","target":["https:\/\/concept05design.com\/en\/produit\/meraki\/"]}]},{"@type":"ImageObject","inLanguage":"en-US","@id":"https:\/\/concept05design.com\/en\/produit\/meraki\/#primaryimage","url":"https:\/\/concept05design.com\/wp-content\/uploads\/2024\/10\/advance-51.png","contentUrl":"https:\/\/concept05design.com\/wp-content\/uploads\/2024\/10\/advance-51.png","width":640,"height":640},{"@type":"BreadcrumbList","@id":"https:\/\/concept05design.com\/en\/produit\/meraki\/#breadcrumb","itemListElement":[{"@type":"ListItem","position":1,"name":"Accueil","item":"https:\/\/concept05design.com\/en\/"},{"@type":"ListItem","position":2,"name":"Shop","item":"https:\/\/concept05design.com\/shop\/"},{"@type":"ListItem","position":3,"name":"Meraki"}]},{"@type":"WebSite","@id":"https:\/\/concept05design.com\/en\/#website","url":"https:\/\/concept05design.com\/en\/","name":"Concept 05 Design","description":"Du Concept \u00e0 la R\u00e9alit\u00e9 : Votre Vision, Notre Mission","potentialAction":[{"@type":"SearchAction","target":{"@type":"EntryPoint","urlTemplate":"https:\/\/concept05design.com\/en\/?s={search_term_string}"},"query-input":{"@type":"PropertyValueSpecification","valueRequired":true,"valueName":"search_term_string"}}],"inLanguage":"en-US"}]}},"_links":{"self":[{"href":"https:\/\/concept05design.com\/en\/wp-json\/wp\/v2\/product\/4718","targetHints":{"allow":["GET"]}}],"collection":[{"href":"https:\/\/concept05design.com\/en\/wp-json\/wp\/v2\/product"}],"about":[{"href":"https:\/\/concept05design.com\/en\/wp-json\/wp\/v2\/types\/product"}],"wp:featuredmedia":[{"embeddable":true,"href":"https:\/\/concept05design.com\/en\/wp-json\/wp\/v2\/media\/4642"}],"wp:attachment":[{"href":"https:\/\/concept05design.com\/en\/wp-json\/wp\/v2\/media?parent=4718"}],"wp:term":[{"taxonomy":"product_brand","embeddable":true,"href":"https:\/\/concept05design.com\/en\/wp-json\/wp\/v2\/product_brand?post=4718"},{"taxonomy":"product_cat","embeddable":true,"href":"https:\/\/concept05design.com\/en\/wp-json\/wp\/v2\/product_cat?post=4718"},{"taxonomy":"product_tag","embeddable":true,"href":"https:\/\/concept05design.com\/en\/wp-json\/wp\/v2\/product_tag?post=4718"}],"curies":[{"name":"wp","href":"https:\/\/api.w.org\/{rel}","templated":true}]}}