{"id":4738,"date":"2025-07-09T18:35:04","date_gmt":"2025-07-09T18:35:04","guid":{"rendered":"https:\/\/concept05design.com\/produit\/loft\/"},"modified":"2025-07-11T14:53:06","modified_gmt":"2025-07-11T14:53:06","slug":"loft","status":"publish","type":"product","link":"https:\/\/concept05design.com\/en\/produit\/loft\/","title":{"rendered":"Loft"},"content":{"rendered":"<table class=\"specs-table\">\n<thead>\n<tr>\n<th>Format<\/th>\n<th>12\u2033 \u00d7 24\u2033 (~300 \u00d7 600 mm)<\/th>\n<th>24\u2033 \u00d7 24\u2033 (~600 \u00d7 600 mm)<\/th>\n<\/tr>\n<\/thead>\n<tbody>\n<tr>\n<td>Manufacturing<\/td>\n<td colspan=\"2\">Fabriqu\u00e9 en Italie \/ Made in Italy<\/td>\n<\/tr>\n<tr>\n<td>Thickness<\/td>\n<td>9.0 mm<\/td>\n<td>9.0 mm<\/td>\n<\/tr>\n<tr>\n<td>Finish<\/td>\n<td>Mat \/ Matt<\/td>\n<td>Matt \/ Matt<\/td>\n<\/tr>\n<tr>\n<td>Application<\/td>\n<td>Mur &amp; Plancher \/ Wall &amp; Floor<\/td>\n<td>Mur &amp; Plancher \/ Wall &amp; Floor<\/td>\n<\/tr>\n<tr>\n<td>Number of faces (Designs)<\/td>\n<td>40<\/td>\n<td>30<\/td>\n<\/tr>\n<tr>\n<td>Rectified<\/td>\n<td>No \/ No<\/td>\n<td>Non \/ No<\/td>\n<\/tr>\n<tr>\n<td>Water absorption (ISO 10545-3)<\/td>\n<td>\u2264 0,5 %<\/td>\n<td>\u2264 0,5 %<\/td>\n<\/tr>\n<tr>\n<td>Flexural strength (ISO 10545-4)<\/td>\n<td>&#8211;<\/td>\n<td>&#8211;<\/td>\n<\/tr>\n<tr>\n<td>Deep abrasion (ISO 10545-6)<\/td>\n<td>&#8211;<\/td>\n<td>&#8211;<\/td>\n<\/tr>\n<tr>\n<td>Abrasion (ISO 10545-7)<\/td>\n<td>PEI 3<\/td>\n<td>PEI 5 (White \/ Blanc)<\/td>\n<\/tr>\n<tr>\n<td>Thermal shock resistance (ISO 10545-9)<\/td>\n<td>R\u00e9sistant \/ Resist<\/td>\n<td>R\u00e9sistant \/ Resist<\/td>\n<\/tr>\n<tr>\n<td>Cracks (ISO 10545-11)<\/td>\n<td>&#8211;<\/td>\n<td>&#8211;<\/td>\n<\/tr>\n<tr>\n<td>Frost resistance (ISO 10545-12)<\/td>\n<td>R\u00e9sistant \/ Resist<\/td>\n<td>R\u00e9sistant \/ Resist<\/td>\n<\/tr>\n<tr>\n<td>Chemical resistance (ISO 10545-13)<\/td>\n<td>Min Class B<\/td>\n<td>Min Class B<\/td>\n<\/tr>\n<tr>\n<td>Stain resistance (ISO 10545-14)<\/td>\n<td>Min Class 3<\/td>\n<td>Min Class 3<\/td>\n<\/tr>\n<tr>\n<td>Slippage (DIN 51130 \/ 51097 \/ ANSI A326.3)<\/td>\n<td>R9, &gt;0.42<\/td>\n<td>R9, &gt;0,42<\/td>\n<\/tr>\n<tr>\n<td>Number of pieces per box<\/td>\n<td>7<\/td>\n<td>4<\/td>\n<\/tr>\n<tr>\n<td>Weight per box<\/td>\n<td>28.17 kg (62.10 lb)<\/td>\n<td>28.17 kg (62.10 lb)<\/td>\n<\/tr>\n<tr>\n<td>Boxes per pallet<\/td>\n<td>40<\/td>\n<td>30<\/td>\n<\/tr>\n<tr>\n<td>Weight per pallet<\/td>\n<td>920.00 kg (2028.00 lb)<\/td>\n<td>840.00 kg (1851.00 lb)<\/td>\n<\/tr>\n<tr>\n<td>Coverage per box<\/td>\n<td>1.33 m\u00b2 (14.27 ft\u00b2)<\/td>\n<td>1.51 m\u00b2 (16.25 ft\u00b2)<\/td>\n<\/tr>\n<tr>\n<td>Coverage per pallet<\/td>\n<td>53.03 m\u00b2 (570.80 ft\u00b2)<\/td>\n<td>45.24 m\u00b2 (487.50 ft\u00b2)<\/td>\n<\/tr>\n<\/tbody>\n<\/table>\n","protected":false},"excerpt":{"rendered":"<p><strong data-start=\"11\" data-end=\"48\">Non-glazed porcelain<\/strong> tile, ideal for interior spaces. It offers <strong data-start=\"98\" data-end=\"119\">great resistance<\/strong>, an <strong data-start=\"125\" data-end=\"148\">aesthetic finish<\/strong> and a natural look. The glaze protects the surface, while the <strong data-start=\"213\" data-end=\"236\">unglazed edges<\/strong> require wider joints, bringing an <strong data-start=\"286\" data-end=\"320\">authentic, classic style<\/strong> to your floors or walls.  <\/p>\n<p>Porcelain<\/p>\n<p>Non-rectified<\/p>\n<p>Matte finish<\/p>\n<p>12&#215;24<\/p>\n<p>24&#215;24<\/p>\n<p><img decoding=\"async\" class=\"alignnone wp-image-9585\" src=\"https:\/\/www.1867floors.com\/wp-content\/uploads\/2019\/04\/symbole-Loft.png\" alt=\"\" width=\"382\" height=\"43\"><\/p>\n<p>&nbsp;<\/p>\n<p><img decoding=\"async\" class=\"alignnone size-full wp-image-5519\" src=\"https:\/\/www.planchers1867.com\/wp-content\/uploads\/2019\/04\/loft-format-icons-1.png\" alt=\"\" width=\"360\" height=\"59\"><\/p>\n<div class=\"su-custom-gallery su-custom-gallery-align-left su-custom-gallery-title-hover su-lightbox-gallery\">\n<div class=\"su-custom-gallery-slide\" data-index=\"0\"><\/div>\n<\/div>\n","protected":false},"featured_media":4622,"template":"","meta":[],"product_brand":[],"product_cat":[207,210,204,202,169,206,203,199,212,84,201],"product_tag":[],"class_list":{"0":"post-4738","1":"product","2":"type-product","3":"status-publish","4":"has-post-thumbnail","6":"product_cat-12x24-en","7":"product_cat-24x24-en","8":"product_cat-anthracite-en","9":"product_cat-beige-3","10":"product_cat-color","11":"product_cat-dimension-en","12":"product_cat-finish-3","13":"product_cat-gray-en","14":"product_cat-matte-en","15":"product_cat-porcelain-tile","16":"product_cat-white","18":"first","19":"instock","20":"shipping-taxable","21":"purchasable","22":"product-type-simple"},"yoast_head":"<!-- This site is optimized with the Yoast SEO plugin v27.4 - https:\/\/yoast.com\/product\/yoast-seo-wordpress\/ -->\n<title>Loft - Concept 05 Design<\/title>\n<meta name=\"robots\" content=\"index, follow, max-snippet:-1, max-image-preview:large, max-video-preview:-1\" \/>\n<link rel=\"canonical\" href=\"https:\/\/concept05design.com\/en\/produit\/loft\/\" \/>\n<meta property=\"og:locale\" content=\"en_US\" \/>\n<meta property=\"og:type\" content=\"article\" \/>\n<meta property=\"og:title\" content=\"Loft - Concept 05 Design\" \/>\n<meta property=\"og:description\" content=\"Non-glazed porcelain tile, ideal for interior spaces. It offers great resistance, an aesthetic finish and a natural look. The glaze protects the surface, while the unglazed edges require wider joints, bringing an authentic, classic style to your floors or walls.  Porcelain Non-rectified Matte finish 12x24 24x24  &nbsp;\" \/>\n<meta property=\"og:url\" content=\"https:\/\/concept05design.com\/en\/produit\/loft\/\" \/>\n<meta property=\"og:site_name\" content=\"Concept 05 Design\" \/>\n<meta property=\"article:modified_time\" content=\"2025-07-11T14:53:06+00:00\" \/>\n<meta property=\"og:image\" content=\"https:\/\/concept05design.com\/wp-content\/uploads\/2024\/10\/advance-39.png\" \/>\n\t<meta property=\"og:image:width\" content=\"640\" \/>\n\t<meta property=\"og:image:height\" content=\"640\" \/>\n\t<meta property=\"og:image:type\" content=\"image\/png\" \/>\n<meta name=\"twitter:card\" content=\"summary_large_image\" \/>\n<meta name=\"twitter:label1\" content=\"Est. reading time\" \/>\n\t<meta name=\"twitter:data1\" content=\"1 minute\" \/>\n<script type=\"application\/ld+json\" class=\"yoast-schema-graph\">{\"@context\":\"https:\\\/\\\/schema.org\",\"@graph\":[{\"@type\":\"WebPage\",\"@id\":\"https:\\\/\\\/concept05design.com\\\/en\\\/produit\\\/loft\\\/\",\"url\":\"https:\\\/\\\/concept05design.com\\\/en\\\/produit\\\/loft\\\/\",\"name\":\"Loft - Concept 05 Design\",\"isPartOf\":{\"@id\":\"https:\\\/\\\/concept05design.com\\\/en\\\/#website\"},\"primaryImageOfPage\":{\"@id\":\"https:\\\/\\\/concept05design.com\\\/en\\\/produit\\\/loft\\\/#primaryimage\"},\"image\":{\"@id\":\"https:\\\/\\\/concept05design.com\\\/en\\\/produit\\\/loft\\\/#primaryimage\"},\"thumbnailUrl\":\"https:\\\/\\\/concept05design.com\\\/wp-content\\\/uploads\\\/2024\\\/10\\\/advance-39.png\",\"datePublished\":\"2025-07-09T18:35:04+00:00\",\"dateModified\":\"2025-07-11T14:53:06+00:00\",\"breadcrumb\":{\"@id\":\"https:\\\/\\\/concept05design.com\\\/en\\\/produit\\\/loft\\\/#breadcrumb\"},\"inLanguage\":\"en-US\",\"potentialAction\":[{\"@type\":\"ReadAction\",\"target\":[\"https:\\\/\\\/concept05design.com\\\/en\\\/produit\\\/loft\\\/\"]}]},{\"@type\":\"ImageObject\",\"inLanguage\":\"en-US\",\"@id\":\"https:\\\/\\\/concept05design.com\\\/en\\\/produit\\\/loft\\\/#primaryimage\",\"url\":\"https:\\\/\\\/concept05design.com\\\/wp-content\\\/uploads\\\/2024\\\/10\\\/advance-39.png\",\"contentUrl\":\"https:\\\/\\\/concept05design.com\\\/wp-content\\\/uploads\\\/2024\\\/10\\\/advance-39.png\",\"width\":640,\"height\":640},{\"@type\":\"BreadcrumbList\",\"@id\":\"https:\\\/\\\/concept05design.com\\\/en\\\/produit\\\/loft\\\/#breadcrumb\",\"itemListElement\":[{\"@type\":\"ListItem\",\"position\":1,\"name\":\"Accueil\",\"item\":\"https:\\\/\\\/concept05design.com\\\/en\\\/\"},{\"@type\":\"ListItem\",\"position\":2,\"name\":\"Shop\",\"item\":\"https:\\\/\\\/concept05design.com\\\/shop\\\/\"},{\"@type\":\"ListItem\",\"position\":3,\"name\":\"Loft\"}]},{\"@type\":\"WebSite\",\"@id\":\"https:\\\/\\\/concept05design.com\\\/en\\\/#website\",\"url\":\"https:\\\/\\\/concept05design.com\\\/en\\\/\",\"name\":\"Concept 05 Design\",\"description\":\"Du Concept \u00e0 la R\u00e9alit\u00e9 : Votre Vision, Notre Mission\",\"potentialAction\":[{\"@type\":\"SearchAction\",\"target\":{\"@type\":\"EntryPoint\",\"urlTemplate\":\"https:\\\/\\\/concept05design.com\\\/en\\\/?s={search_term_string}\"},\"query-input\":{\"@type\":\"PropertyValueSpecification\",\"valueRequired\":true,\"valueName\":\"search_term_string\"}}],\"inLanguage\":\"en-US\"}]}<\/script>\n<!-- \/ Yoast SEO plugin. -->","yoast_head_json":{"title":"Loft - Concept 05 Design","robots":{"index":"index","follow":"follow","max-snippet":"max-snippet:-1","max-image-preview":"max-image-preview:large","max-video-preview":"max-video-preview:-1"},"canonical":"https:\/\/concept05design.com\/en\/produit\/loft\/","og_locale":"en_US","og_type":"article","og_title":"Loft - Concept 05 Design","og_description":"Non-glazed porcelain tile, ideal for interior spaces. It offers great resistance, an aesthetic finish and a natural look. The glaze protects the surface, while the unglazed edges require wider joints, bringing an authentic, classic style to your floors or walls.  Porcelain Non-rectified Matte finish 12x24 24x24  &nbsp;","og_url":"https:\/\/concept05design.com\/en\/produit\/loft\/","og_site_name":"Concept 05 Design","article_modified_time":"2025-07-11T14:53:06+00:00","og_image":[{"width":640,"height":640,"url":"https:\/\/concept05design.com\/wp-content\/uploads\/2024\/10\/advance-39.png","type":"image\/png"}],"twitter_card":"summary_large_image","twitter_misc":{"Est. reading time":"1 minute"},"schema":{"@context":"https:\/\/schema.org","@graph":[{"@type":"WebPage","@id":"https:\/\/concept05design.com\/en\/produit\/loft\/","url":"https:\/\/concept05design.com\/en\/produit\/loft\/","name":"Loft - Concept 05 Design","isPartOf":{"@id":"https:\/\/concept05design.com\/en\/#website"},"primaryImageOfPage":{"@id":"https:\/\/concept05design.com\/en\/produit\/loft\/#primaryimage"},"image":{"@id":"https:\/\/concept05design.com\/en\/produit\/loft\/#primaryimage"},"thumbnailUrl":"https:\/\/concept05design.com\/wp-content\/uploads\/2024\/10\/advance-39.png","datePublished":"2025-07-09T18:35:04+00:00","dateModified":"2025-07-11T14:53:06+00:00","breadcrumb":{"@id":"https:\/\/concept05design.com\/en\/produit\/loft\/#breadcrumb"},"inLanguage":"en-US","potentialAction":[{"@type":"ReadAction","target":["https:\/\/concept05design.com\/en\/produit\/loft\/"]}]},{"@type":"ImageObject","inLanguage":"en-US","@id":"https:\/\/concept05design.com\/en\/produit\/loft\/#primaryimage","url":"https:\/\/concept05design.com\/wp-content\/uploads\/2024\/10\/advance-39.png","contentUrl":"https:\/\/concept05design.com\/wp-content\/uploads\/2024\/10\/advance-39.png","width":640,"height":640},{"@type":"BreadcrumbList","@id":"https:\/\/concept05design.com\/en\/produit\/loft\/#breadcrumb","itemListElement":[{"@type":"ListItem","position":1,"name":"Accueil","item":"https:\/\/concept05design.com\/en\/"},{"@type":"ListItem","position":2,"name":"Shop","item":"https:\/\/concept05design.com\/shop\/"},{"@type":"ListItem","position":3,"name":"Loft"}]},{"@type":"WebSite","@id":"https:\/\/concept05design.com\/en\/#website","url":"https:\/\/concept05design.com\/en\/","name":"Concept 05 Design","description":"Du Concept \u00e0 la R\u00e9alit\u00e9 : Votre Vision, Notre Mission","potentialAction":[{"@type":"SearchAction","target":{"@type":"EntryPoint","urlTemplate":"https:\/\/concept05design.com\/en\/?s={search_term_string}"},"query-input":{"@type":"PropertyValueSpecification","valueRequired":true,"valueName":"search_term_string"}}],"inLanguage":"en-US"}]}},"_links":{"self":[{"href":"https:\/\/concept05design.com\/en\/wp-json\/wp\/v2\/product\/4738","targetHints":{"allow":["GET"]}}],"collection":[{"href":"https:\/\/concept05design.com\/en\/wp-json\/wp\/v2\/product"}],"about":[{"href":"https:\/\/concept05design.com\/en\/wp-json\/wp\/v2\/types\/product"}],"wp:featuredmedia":[{"embeddable":true,"href":"https:\/\/concept05design.com\/en\/wp-json\/wp\/v2\/media\/4622"}],"wp:attachment":[{"href":"https:\/\/concept05design.com\/en\/wp-json\/wp\/v2\/media?parent=4738"}],"wp:term":[{"taxonomy":"product_brand","embeddable":true,"href":"https:\/\/concept05design.com\/en\/wp-json\/wp\/v2\/product_brand?post=4738"},{"taxonomy":"product_cat","embeddable":true,"href":"https:\/\/concept05design.com\/en\/wp-json\/wp\/v2\/product_cat?post=4738"},{"taxonomy":"product_tag","embeddable":true,"href":"https:\/\/concept05design.com\/en\/wp-json\/wp\/v2\/product_tag?post=4738"}],"curies":[{"name":"wp","href":"https:\/\/api.w.org\/{rel}","templated":true}]}}