{"id":4747,"date":"2025-07-09T17:40:14","date_gmt":"2025-07-09T17:40:14","guid":{"rendered":"https:\/\/concept05design.com\/produit\/lenci\/"},"modified":"2025-07-11T15:34:54","modified_gmt":"2025-07-11T15:34:54","slug":"lenci","status":"publish","type":"product","link":"https:\/\/concept05design.com\/en\/produit\/lenci\/","title":{"rendered":"Lenci"},"content":{"rendered":"<table class=\"specs-table\">\n<thead>\n<tr>\n<th>Format<\/th>\n<th>24\u2033 \u00d7 24\u2033 (~600 \u00d7 600 mm)<\/th>\n<th>24\u2033 \u00d7 48\u2033 (~600 \u00d7 1200 mm)<\/th>\n<\/tr>\n<\/thead>\n<tbody>\n<tr>\n<td>Manufacturing<\/td>\n<td colspan=\"2\">Fabriqu\u00e9 en Espagne \/ Made in Spain<\/td>\n<\/tr>\n<tr>\n<td>Thickness<\/td>\n<td>9.5 mm<\/td>\n<td>10.5 mm<\/td>\n<\/tr>\n<tr>\n<td>Finish<\/td>\n<td>Matt &amp; Polished \/ Matt &amp; Polished<\/td>\n<td>Matt &amp; Polished \/ Matt &amp; Polished<\/td>\n<\/tr>\n<tr>\n<td>Application<\/td>\n<td>Mur &amp; Plancher \/ Wall &amp; Floor<\/td>\n<td>Mur &amp; Plancher \/ Wall &amp; Floor<\/td>\n<\/tr>\n<tr>\n<td>Number of faces (Designs)<\/td>\n<td>&#8211;<\/td>\n<td>&#8211;<\/td>\n<\/tr>\n<tr>\n<td>Rectified<\/td>\n<td>Oui \/ Yes<\/td>\n<td>Oui \/ Yes<\/td>\n<\/tr>\n<tr>\n<td>Water absorption (ISO 10545-3)<\/td>\n<td>\u2264 0,5 %<\/td>\n<td>\u2264 0,5 %<\/td>\n<\/tr>\n<tr>\n<td>Flexural strength (ISO 10545-4)<\/td>\n<td>Breaking: &gt;1600-2400 N<br \/>\nModulus: &gt;35-45 N\/mm\u00b2<\/td>\n<td>Breaking: &gt;1600-2400 N<br \/>\nModulus: &gt;35-45 N\/mm\u00b2<\/td>\n<\/tr>\n<tr>\n<td>Deep abrasion (ISO 10545-6)<\/td>\n<td>&#8211;<\/td>\n<td>&#8211;<\/td>\n<\/tr>\n<tr>\n<td>Abrasion (ISO 10545-7)<\/td>\n<td>PEI 4<\/td>\n<td>PEI 4<\/td>\n<\/tr>\n<tr>\n<td>Thermal shock resistance (ISO 10545-9)<\/td>\n<td>R\u00e9sistant \/ Resist<\/td>\n<td>R\u00e9sistant \/ Resist<\/td>\n<\/tr>\n<tr>\n<td>Cracks (ISO 10545-11)<\/td>\n<td>R\u00e9sistant \/ Resist<\/td>\n<td>R\u00e9sistant \/ Resist<\/td>\n<\/tr>\n<tr>\n<td>Frost resistance (ISO 10545-12)<\/td>\n<td>R\u00e9sistant \/ Resist<\/td>\n<td>R\u00e9sistant \/ Resist<\/td>\n<\/tr>\n<tr>\n<td>Chemical resistance (ISO 10545-13)<\/td>\n<td>Class A<\/td>\n<td>Class A<\/td>\n<\/tr>\n<tr>\n<td>Stain resistance (ISO 10545-14)<\/td>\n<td>Class 5<\/td>\n<td>Class 5<\/td>\n<\/tr>\n<tr>\n<td>Slippage (DIN 51130 \/ 51097 \/ ANSI A326.3)<\/td>\n<td>&#8211;<\/td>\n<td>&#8211;<\/td>\n<\/tr>\n<tr>\n<td>Number of pieces per box<\/td>\n<td>4<\/td>\n<td>2<\/td>\n<\/tr>\n<tr>\n<td>Weight per box<\/td>\n<td>31.50 kg (69.45 lb)<\/td>\n<td>34.00 kg (75.00 lb)<\/td>\n<\/tr>\n<tr>\n<td>Boxes per pallet<\/td>\n<td>30<\/td>\n<td>32<\/td>\n<\/tr>\n<tr>\n<td>Weight per pallet<\/td>\n<td>965.00 kg (2127.00 lb)<\/td>\n<td>1108.00 kg (2443.00 lb)<\/td>\n<\/tr>\n<tr>\n<td>Coverage per box<\/td>\n<td>1.44 m\u00b2 (15.50 ft\u00b2)<\/td>\n<td>1.44 m\u00b2 (15.50 ft\u00b2)<\/td>\n<\/tr>\n<tr>\n<td>Coverage per pallet<\/td>\n<td>43.20 m\u00b2 (465.00 ft\u00b2)<\/td>\n<td>46.00 m\u00b2 (496.00 ft\u00b2)<\/td>\n<\/tr>\n<\/tbody>\n<\/table>\n","protected":false},"excerpt":{"rendered":"<p data-start=\"151\" data-end=\"451\">Rectified and glazed porcelain tile with a matt polished finish. Offering a smooth, refined surface, it combines the elegance of polish with the softness of matte. Ideal for contemporary spaces seeking a balance between subtle shine and modernity. Suitable for wall and floor applications.   <\/p>\n<p>&#8211; Porcelain<br \/>\n&#8211; Enamelled<br \/>\n&#8211; Ground<br \/>\n&#8211; Polished<br \/>\n&#8211; Matt<\/p>\n<p><img decoding=\"async\" class=\"alignnone size-full wp-image-9411 entered lazyloaded\" src=\"https:\/\/www.planchers1867.com\/wp-content\/uploads\/2022\/06\/dimension_stonecement-1.png\" alt=\"\" width=\"175\" height=\"72\" data-lazy-src=\"https:\/\/www.planchers1867.com\/wp-content\/uploads\/2022\/06\/dimension_stonecement-1.png\" data-ll-status=\"loaded\"><\/p>\n<p><img decoding=\"async\" class=\"alignnone size-full wp-image-8709 entered lazyloaded\" src=\"https:\/\/www.planchers1867.com\/wp-content\/uploads\/2021\/07\/icone_apulia.png\" alt=\"\" width=\"388\" height=\"48\" data-lazy-src=\"https:\/\/www.planchers1867.com\/wp-content\/uploads\/2021\/07\/icone_apulia.png\" data-ll-status=\"loaded\"><\/p>\n","protected":false},"featured_media":4656,"template":"","meta":[],"product_brand":[],"product_cat":[210,211,169,206,203,214,212,56,205,84,201],"product_tag":[],"class_list":{"0":"post-4747","1":"product","2":"type-product","3":"status-publish","4":"has-post-thumbnail","6":"product_cat-24x24-en","7":"product_cat-24x48-en","8":"product_cat-color","9":"product_cat-dimension-en","10":"product_cat-finish-3","11":"product_cat-glossy","12":"product_cat-matte-en","13":"product_cat-new-arrivals","14":"product_cat-pattern","15":"product_cat-porcelain-tile","16":"product_cat-white","18":"first","19":"instock","20":"shipping-taxable","21":"purchasable","22":"product-type-simple"},"yoast_head":"<!-- This site is optimized with the Yoast SEO plugin v27.6 - https:\/\/yoast.com\/product\/yoast-seo-wordpress\/ -->\n<title>Lenci - Concept 05 Design<\/title>\n<meta name=\"robots\" content=\"index, follow, max-snippet:-1, max-image-preview:large, max-video-preview:-1\" \/>\n<link rel=\"canonical\" href=\"https:\/\/concept05design.com\/en\/produit\/lenci\/\" \/>\n<meta property=\"og:locale\" content=\"en_US\" \/>\n<meta property=\"og:type\" content=\"article\" \/>\n<meta property=\"og:title\" content=\"Lenci - Concept 05 Design\" \/>\n<meta property=\"og:description\" content=\"Rectified and glazed porcelain tile with a matt polished finish. Offering a smooth, refined surface, it combines the elegance of polish with the softness of matte. Ideal for contemporary spaces seeking a balance between subtle shine and modernity. Suitable for wall and floor applications.  - Porcelain - Enamelled - Ground - Polished - Matt\" \/>\n<meta property=\"og:url\" content=\"https:\/\/concept05design.com\/en\/produit\/lenci\/\" \/>\n<meta property=\"og:site_name\" content=\"Concept 05 Design\" \/>\n<meta property=\"article:modified_time\" content=\"2025-07-11T15:34:54+00:00\" \/>\n<meta property=\"og:image\" content=\"https:\/\/concept05design.com\/wp-content\/uploads\/2024\/10\/advance-55.png\" \/>\n\t<meta property=\"og:image:width\" content=\"640\" \/>\n\t<meta property=\"og:image:height\" content=\"640\" \/>\n\t<meta property=\"og:image:type\" content=\"image\/png\" \/>\n<meta name=\"twitter:card\" content=\"summary_large_image\" \/>\n<meta name=\"twitter:label1\" content=\"Est. reading time\" \/>\n\t<meta name=\"twitter:data1\" content=\"1 minute\" \/>\n<script type=\"application\/ld+json\" class=\"yoast-schema-graph\">{\"@context\":\"https:\\\/\\\/schema.org\",\"@graph\":[{\"@type\":\"WebPage\",\"@id\":\"https:\\\/\\\/concept05design.com\\\/en\\\/produit\\\/lenci\\\/\",\"url\":\"https:\\\/\\\/concept05design.com\\\/en\\\/produit\\\/lenci\\\/\",\"name\":\"Lenci - Concept 05 Design\",\"isPartOf\":{\"@id\":\"https:\\\/\\\/concept05design.com\\\/en\\\/#website\"},\"primaryImageOfPage\":{\"@id\":\"https:\\\/\\\/concept05design.com\\\/en\\\/produit\\\/lenci\\\/#primaryimage\"},\"image\":{\"@id\":\"https:\\\/\\\/concept05design.com\\\/en\\\/produit\\\/lenci\\\/#primaryimage\"},\"thumbnailUrl\":\"https:\\\/\\\/concept05design.com\\\/wp-content\\\/uploads\\\/2024\\\/10\\\/advance-55.png\",\"datePublished\":\"2025-07-09T17:40:14+00:00\",\"dateModified\":\"2025-07-11T15:34:54+00:00\",\"breadcrumb\":{\"@id\":\"https:\\\/\\\/concept05design.com\\\/en\\\/produit\\\/lenci\\\/#breadcrumb\"},\"inLanguage\":\"en-US\",\"potentialAction\":[{\"@type\":\"ReadAction\",\"target\":[\"https:\\\/\\\/concept05design.com\\\/en\\\/produit\\\/lenci\\\/\"]}]},{\"@type\":\"ImageObject\",\"inLanguage\":\"en-US\",\"@id\":\"https:\\\/\\\/concept05design.com\\\/en\\\/produit\\\/lenci\\\/#primaryimage\",\"url\":\"https:\\\/\\\/concept05design.com\\\/wp-content\\\/uploads\\\/2024\\\/10\\\/advance-55.png\",\"contentUrl\":\"https:\\\/\\\/concept05design.com\\\/wp-content\\\/uploads\\\/2024\\\/10\\\/advance-55.png\",\"width\":640,\"height\":640},{\"@type\":\"BreadcrumbList\",\"@id\":\"https:\\\/\\\/concept05design.com\\\/en\\\/produit\\\/lenci\\\/#breadcrumb\",\"itemListElement\":[{\"@type\":\"ListItem\",\"position\":1,\"name\":\"Accueil\",\"item\":\"https:\\\/\\\/concept05design.com\\\/en\\\/\"},{\"@type\":\"ListItem\",\"position\":2,\"name\":\"Shop\",\"item\":\"https:\\\/\\\/concept05design.com\\\/shop\\\/\"},{\"@type\":\"ListItem\",\"position\":3,\"name\":\"Lenci\"}]},{\"@type\":\"WebSite\",\"@id\":\"https:\\\/\\\/concept05design.com\\\/en\\\/#website\",\"url\":\"https:\\\/\\\/concept05design.com\\\/en\\\/\",\"name\":\"Concept 05 Design\",\"description\":\"Du Concept \u00e0 la R\u00e9alit\u00e9 : Votre Vision, Notre Mission\",\"potentialAction\":[{\"@type\":\"SearchAction\",\"target\":{\"@type\":\"EntryPoint\",\"urlTemplate\":\"https:\\\/\\\/concept05design.com\\\/en\\\/?s={search_term_string}\"},\"query-input\":{\"@type\":\"PropertyValueSpecification\",\"valueRequired\":true,\"valueName\":\"search_term_string\"}}],\"inLanguage\":\"en-US\"}]}<\/script>\n<!-- \/ Yoast SEO plugin. -->","yoast_head_json":{"title":"Lenci - Concept 05 Design","robots":{"index":"index","follow":"follow","max-snippet":"max-snippet:-1","max-image-preview":"max-image-preview:large","max-video-preview":"max-video-preview:-1"},"canonical":"https:\/\/concept05design.com\/en\/produit\/lenci\/","og_locale":"en_US","og_type":"article","og_title":"Lenci - Concept 05 Design","og_description":"Rectified and glazed porcelain tile with a matt polished finish. Offering a smooth, refined surface, it combines the elegance of polish with the softness of matte. Ideal for contemporary spaces seeking a balance between subtle shine and modernity. Suitable for wall and floor applications.  - Porcelain - Enamelled - Ground - Polished - Matt","og_url":"https:\/\/concept05design.com\/en\/produit\/lenci\/","og_site_name":"Concept 05 Design","article_modified_time":"2025-07-11T15:34:54+00:00","og_image":[{"width":640,"height":640,"url":"https:\/\/concept05design.com\/wp-content\/uploads\/2024\/10\/advance-55.png","type":"image\/png"}],"twitter_card":"summary_large_image","twitter_misc":{"Est. reading time":"1 minute"},"schema":{"@context":"https:\/\/schema.org","@graph":[{"@type":"WebPage","@id":"https:\/\/concept05design.com\/en\/produit\/lenci\/","url":"https:\/\/concept05design.com\/en\/produit\/lenci\/","name":"Lenci - Concept 05 Design","isPartOf":{"@id":"https:\/\/concept05design.com\/en\/#website"},"primaryImageOfPage":{"@id":"https:\/\/concept05design.com\/en\/produit\/lenci\/#primaryimage"},"image":{"@id":"https:\/\/concept05design.com\/en\/produit\/lenci\/#primaryimage"},"thumbnailUrl":"https:\/\/concept05design.com\/wp-content\/uploads\/2024\/10\/advance-55.png","datePublished":"2025-07-09T17:40:14+00:00","dateModified":"2025-07-11T15:34:54+00:00","breadcrumb":{"@id":"https:\/\/concept05design.com\/en\/produit\/lenci\/#breadcrumb"},"inLanguage":"en-US","potentialAction":[{"@type":"ReadAction","target":["https:\/\/concept05design.com\/en\/produit\/lenci\/"]}]},{"@type":"ImageObject","inLanguage":"en-US","@id":"https:\/\/concept05design.com\/en\/produit\/lenci\/#primaryimage","url":"https:\/\/concept05design.com\/wp-content\/uploads\/2024\/10\/advance-55.png","contentUrl":"https:\/\/concept05design.com\/wp-content\/uploads\/2024\/10\/advance-55.png","width":640,"height":640},{"@type":"BreadcrumbList","@id":"https:\/\/concept05design.com\/en\/produit\/lenci\/#breadcrumb","itemListElement":[{"@type":"ListItem","position":1,"name":"Accueil","item":"https:\/\/concept05design.com\/en\/"},{"@type":"ListItem","position":2,"name":"Shop","item":"https:\/\/concept05design.com\/shop\/"},{"@type":"ListItem","position":3,"name":"Lenci"}]},{"@type":"WebSite","@id":"https:\/\/concept05design.com\/en\/#website","url":"https:\/\/concept05design.com\/en\/","name":"Concept 05 Design","description":"Du Concept \u00e0 la R\u00e9alit\u00e9 : Votre Vision, Notre Mission","potentialAction":[{"@type":"SearchAction","target":{"@type":"EntryPoint","urlTemplate":"https:\/\/concept05design.com\/en\/?s={search_term_string}"},"query-input":{"@type":"PropertyValueSpecification","valueRequired":true,"valueName":"search_term_string"}}],"inLanguage":"en-US"}]}},"_links":{"self":[{"href":"https:\/\/concept05design.com\/en\/wp-json\/wp\/v2\/product\/4747","targetHints":{"allow":["GET"]}}],"collection":[{"href":"https:\/\/concept05design.com\/en\/wp-json\/wp\/v2\/product"}],"about":[{"href":"https:\/\/concept05design.com\/en\/wp-json\/wp\/v2\/types\/product"}],"wp:featuredmedia":[{"embeddable":true,"href":"https:\/\/concept05design.com\/en\/wp-json\/wp\/v2\/media\/4656"}],"wp:attachment":[{"href":"https:\/\/concept05design.com\/en\/wp-json\/wp\/v2\/media?parent=4747"}],"wp:term":[{"taxonomy":"product_brand","embeddable":true,"href":"https:\/\/concept05design.com\/en\/wp-json\/wp\/v2\/product_brand?post=4747"},{"taxonomy":"product_cat","embeddable":true,"href":"https:\/\/concept05design.com\/en\/wp-json\/wp\/v2\/product_cat?post=4747"},{"taxonomy":"product_tag","embeddable":true,"href":"https:\/\/concept05design.com\/en\/wp-json\/wp\/v2\/product_tag?post=4747"}],"curies":[{"name":"wp","href":"https:\/\/api.w.org\/{rel}","templated":true}]}}