{"id":4755,"date":"2025-07-09T18:47:39","date_gmt":"2025-07-09T18:47:39","guid":{"rendered":"https:\/\/concept05design.com\/produit\/parker\/"},"modified":"2025-07-11T14:51:31","modified_gmt":"2025-07-11T14:51:31","slug":"parker","status":"publish","type":"product","link":"https:\/\/concept05design.com\/en\/produit\/parker\/","title":{"rendered":"Parker"},"content":{"rendered":"<table class=\"specs-table\">\n<thead>\n<tr>\n<th>Format<\/th>\n<th>12\u2033 \u00d7 24\u2033 (~300 \u00d7 600 mm)<\/th>\n<th>24\u2033 \u00d7 24\u2033 (~600 \u00d7 600 mm)<\/th>\n<th>24\u2033 \u00d7 48\u2033 (~600 \u00d7 1200 mm)<\/th>\n<\/tr>\n<\/thead>\n<tbody>\n<tr>\n<td>Manufacture<\/td>\n<td colspan=\"3\">Made in Italy<\/td>\n<\/tr>\n<tr>\n<td>Thickness<\/td>\n<td>9.0 mm<\/td>\n<td>9.0 mm<\/td>\n<td>9.0 mm<\/td>\n<\/tr>\n<tr>\n<td>Finish<\/td>\n<td>Matt<\/td>\n<td>Matt<\/td>\n<td>Matt<\/td>\n<\/tr>\n<tr>\n<td>Application<\/td>\n<td colspan=\"3\">Wall &amp; Floor<\/td>\n<\/tr>\n<tr>\n<td>Number of faces (Designs)<\/td>\n<td>60<\/td>\n<td>30<\/td>\n<td>15<\/td>\n<\/tr>\n<tr>\n<td>Rectified<\/td>\n<td>Yes<\/td>\n<td>Yes<\/td>\n<td>Yes<\/td>\n<\/tr>\n<tr>\n<td>Water absorption (ISO 10545-3)<\/td>\n<td colspan=\"3\">\u2264 0,5 %<\/td>\n<\/tr>\n<tr>\n<td>Flexural strength (ISO 10545-4)<\/td>\n<td colspan=\"3\">Breaking strength &gt; 1300 N<br \/>\nModulus of rupture &gt; 35 N \/ mm\u00b2<\/td>\n<\/tr>\n<tr>\n<td>Deep abrasion (ISO 10545-6)<\/td>\n<td colspan=\"3\">&gt; 175 mm\u00b3 of abrasion<\/td>\n<\/tr>\n<tr>\n<td>Abrasion (ISO 10545-7)<\/td>\n<td colspan=\"3\">&#8211;<\/td>\n<\/tr>\n<tr>\n<td>Thermal shock (ISO 10545-9)<\/td>\n<td colspan=\"3\">Resistant<\/td>\n<\/tr>\n<tr>\n<td>Cracks (ISO 10545-11)<\/td>\n<td colspan=\"3\">&#8211;<\/td>\n<\/tr>\n<tr>\n<td>Frost resistance (ISO 10545-12)<\/td>\n<td colspan=\"3\">Resistant<\/td>\n<\/tr>\n<tr>\n<td>Chemical resistance (ISO 10545-13)<\/td>\n<td colspan=\"3\">Min Class B<\/td>\n<\/tr>\n<tr>\n<td>Stain resistance (ISO 10545-14)<\/td>\n<td colspan=\"3\">Min Class 3<\/td>\n<\/tr>\n<tr>\n<td>Slippage (DIN 51130 \/ DIN 51097 \/ ANSI A326.3)<\/td>\n<td colspan=\"3\">R10 \/ A \/ &gt; 0.42<\/td>\n<\/tr>\n<tr>\n<td>Number of pieces per box<\/td>\n<td>7<\/td>\n<td>4<\/td>\n<td>2<\/td>\n<\/tr>\n<tr>\n<td>Weight per box<\/td>\n<td>26.31 kg (58.00 lb)<\/td>\n<td>32.66 kg (72.00 lb) per box<\/td>\n<td>28.60 kg (63.00 lb) per box<\/td>\n<\/tr>\n<tr>\n<td>Boxes per pallet<\/td>\n<td>40<\/td>\n<td>30<\/td>\n<td>35<\/td>\n<\/tr>\n<tr>\n<td>Weight per pallet<\/td>\n<td>1040.09 kg (2293.00 lb)<\/td>\n<td>999.72 kg (2204.00 lb)<\/td>\n<td>1020.00 kg (2248.72 lb)<\/td>\n<\/tr>\n<tr>\n<td>Coverage per box<\/td>\n<td>1.26 m\u00b2 (13.56 ft\u00b2)<\/td>\n<td>1.39 m\u00b2 (15.00 ft\u00b2)<\/td>\n<td>1.44 m\u00b2 (15.50 ft\u00b2)<\/td>\n<\/tr>\n<tr>\n<td>Coverage per pallet<\/td>\n<td>50.40 m\u00b2 (542.40 ft\u00b2)<\/td>\n<td>41.70 m\u00b2 (542.50 ft\u00b2)<\/td>\n<td>50.40 m\u00b2 (542.50 ft\u00b2)<\/td>\n<\/tr>\n<\/tbody>\n<\/table>\n","protected":false},"excerpt":{"rendered":"<p><strong data-start=\"11\" data-end=\"57\">Unglazed, matte-finish, rectified porcelain<\/strong> tile offering <strong data-start=\"71\" data-end=\"105\">high slip resistance<\/strong>, ideal for interior or exterior floors exposed to moisture. Its <strong data-start=\"177\" data-end=\"194\">matte finish<\/strong> gives a natural, elegant appearance, while the <strong data-start=\"246\" data-end=\"265\">rectified edges<\/strong> allow installation with <strong data-start=\"291\" data-end=\"318\">fine, modern joints<\/strong>. <\/p>\n<p>&#8211; Porcelain<br \/>\n&#8211; Unglazed<br \/>\n&#8211; Ground<br \/>\n&#8211; Matt<br \/>\n&#8211; Slip resistance<\/p>\n<p><img decoding=\"async\" class=\"alignnone wp-image-9096 size-full\" src=\"https:\/\/www.planchers1867.com\/wp-content\/uploads\/2019\/04\/dimension_dispo.png\" alt=\"\" width=\"274\" height=\"72\"><\/p>\n<p><img decoding=\"async\" class=\"alignnone wp-image-9681 size-medium entered lazyloaded\" src=\"https:\/\/www.planchers1867.com\/wp-content\/uploads\/2022\/07\/symbole-PietraDiVal-300x40.png\" alt=\"\" width=\"300\" height=\"40\" data-lazy-src=\"https:\/\/www.planchers1867.com\/wp-content\/uploads\/2022\/07\/symbole-PietraDiVal-300x40.png\" data-ll-status=\"loaded\"><\/p>\n","protected":false},"featured_media":4746,"template":"","meta":[],"product_brand":[],"product_cat":[207,210,211,204,169,203,199,212,56,84],"product_tag":[],"class_list":{"0":"post-4755","1":"product","2":"type-product","3":"status-publish","4":"has-post-thumbnail","6":"product_cat-12x24-en","7":"product_cat-24x24-en","8":"product_cat-24x48-en","9":"product_cat-anthracite-en","10":"product_cat-color","11":"product_cat-finish-3","12":"product_cat-gray-en","13":"product_cat-matte-en","14":"product_cat-new-arrivals","15":"product_cat-porcelain-tile","17":"first","18":"instock","19":"shipping-taxable","20":"purchasable","21":"product-type-simple"},"yoast_head":"<!-- This site is optimized with the Yoast SEO plugin v27.4 - https:\/\/yoast.com\/product\/yoast-seo-wordpress\/ -->\n<title>Parker - Concept 05 Design<\/title>\n<meta name=\"robots\" content=\"index, follow, max-snippet:-1, max-image-preview:large, max-video-preview:-1\" \/>\n<link rel=\"canonical\" href=\"https:\/\/concept05design.com\/en\/produit\/parker\/\" \/>\n<meta property=\"og:locale\" content=\"en_US\" \/>\n<meta property=\"og:type\" content=\"article\" \/>\n<meta property=\"og:title\" content=\"Parker - Concept 05 Design\" \/>\n<meta property=\"og:description\" content=\"Unglazed, matte-finish, rectified porcelain tile offering high slip resistance, ideal for interior or exterior floors exposed to moisture. Its matte finish gives a natural, elegant appearance, while the rectified edges allow installation with fine, modern joints.  - Porcelain - Unglazed - Ground - Matt - Slip resistance\" \/>\n<meta property=\"og:url\" content=\"https:\/\/concept05design.com\/en\/produit\/parker\/\" \/>\n<meta property=\"og:site_name\" content=\"Concept 05 Design\" \/>\n<meta property=\"article:modified_time\" content=\"2025-07-11T14:51:31+00:00\" \/>\n<meta property=\"og:image\" content=\"https:\/\/concept05design.com\/wp-content\/uploads\/2024\/10\/advance-86.png\" \/>\n\t<meta property=\"og:image:width\" content=\"640\" \/>\n\t<meta property=\"og:image:height\" content=\"640\" \/>\n\t<meta property=\"og:image:type\" content=\"image\/png\" \/>\n<meta name=\"twitter:card\" content=\"summary_large_image\" \/>\n<meta name=\"twitter:label1\" content=\"Est. reading time\" \/>\n\t<meta name=\"twitter:data1\" content=\"1 minute\" \/>\n<script type=\"application\/ld+json\" class=\"yoast-schema-graph\">{\"@context\":\"https:\\\/\\\/schema.org\",\"@graph\":[{\"@type\":\"WebPage\",\"@id\":\"https:\\\/\\\/concept05design.com\\\/en\\\/produit\\\/parker\\\/\",\"url\":\"https:\\\/\\\/concept05design.com\\\/en\\\/produit\\\/parker\\\/\",\"name\":\"Parker - Concept 05 Design\",\"isPartOf\":{\"@id\":\"https:\\\/\\\/concept05design.com\\\/en\\\/#website\"},\"primaryImageOfPage\":{\"@id\":\"https:\\\/\\\/concept05design.com\\\/en\\\/produit\\\/parker\\\/#primaryimage\"},\"image\":{\"@id\":\"https:\\\/\\\/concept05design.com\\\/en\\\/produit\\\/parker\\\/#primaryimage\"},\"thumbnailUrl\":\"https:\\\/\\\/concept05design.com\\\/wp-content\\\/uploads\\\/2024\\\/10\\\/advance-86.png\",\"datePublished\":\"2025-07-09T18:47:39+00:00\",\"dateModified\":\"2025-07-11T14:51:31+00:00\",\"breadcrumb\":{\"@id\":\"https:\\\/\\\/concept05design.com\\\/en\\\/produit\\\/parker\\\/#breadcrumb\"},\"inLanguage\":\"en-US\",\"potentialAction\":[{\"@type\":\"ReadAction\",\"target\":[\"https:\\\/\\\/concept05design.com\\\/en\\\/produit\\\/parker\\\/\"]}]},{\"@type\":\"ImageObject\",\"inLanguage\":\"en-US\",\"@id\":\"https:\\\/\\\/concept05design.com\\\/en\\\/produit\\\/parker\\\/#primaryimage\",\"url\":\"https:\\\/\\\/concept05design.com\\\/wp-content\\\/uploads\\\/2024\\\/10\\\/advance-86.png\",\"contentUrl\":\"https:\\\/\\\/concept05design.com\\\/wp-content\\\/uploads\\\/2024\\\/10\\\/advance-86.png\",\"width\":640,\"height\":640},{\"@type\":\"BreadcrumbList\",\"@id\":\"https:\\\/\\\/concept05design.com\\\/en\\\/produit\\\/parker\\\/#breadcrumb\",\"itemListElement\":[{\"@type\":\"ListItem\",\"position\":1,\"name\":\"Accueil\",\"item\":\"https:\\\/\\\/concept05design.com\\\/en\\\/\"},{\"@type\":\"ListItem\",\"position\":2,\"name\":\"Shop\",\"item\":\"https:\\\/\\\/concept05design.com\\\/shop\\\/\"},{\"@type\":\"ListItem\",\"position\":3,\"name\":\"Parker\"}]},{\"@type\":\"WebSite\",\"@id\":\"https:\\\/\\\/concept05design.com\\\/en\\\/#website\",\"url\":\"https:\\\/\\\/concept05design.com\\\/en\\\/\",\"name\":\"Concept 05 Design\",\"description\":\"Du Concept \u00e0 la R\u00e9alit\u00e9 : Votre Vision, Notre Mission\",\"potentialAction\":[{\"@type\":\"SearchAction\",\"target\":{\"@type\":\"EntryPoint\",\"urlTemplate\":\"https:\\\/\\\/concept05design.com\\\/en\\\/?s={search_term_string}\"},\"query-input\":{\"@type\":\"PropertyValueSpecification\",\"valueRequired\":true,\"valueName\":\"search_term_string\"}}],\"inLanguage\":\"en-US\"}]}<\/script>\n<!-- \/ Yoast SEO plugin. -->","yoast_head_json":{"title":"Parker - Concept 05 Design","robots":{"index":"index","follow":"follow","max-snippet":"max-snippet:-1","max-image-preview":"max-image-preview:large","max-video-preview":"max-video-preview:-1"},"canonical":"https:\/\/concept05design.com\/en\/produit\/parker\/","og_locale":"en_US","og_type":"article","og_title":"Parker - Concept 05 Design","og_description":"Unglazed, matte-finish, rectified porcelain tile offering high slip resistance, ideal for interior or exterior floors exposed to moisture. Its matte finish gives a natural, elegant appearance, while the rectified edges allow installation with fine, modern joints.  - Porcelain - Unglazed - Ground - Matt - Slip resistance","og_url":"https:\/\/concept05design.com\/en\/produit\/parker\/","og_site_name":"Concept 05 Design","article_modified_time":"2025-07-11T14:51:31+00:00","og_image":[{"width":640,"height":640,"url":"https:\/\/concept05design.com\/wp-content\/uploads\/2024\/10\/advance-86.png","type":"image\/png"}],"twitter_card":"summary_large_image","twitter_misc":{"Est. reading time":"1 minute"},"schema":{"@context":"https:\/\/schema.org","@graph":[{"@type":"WebPage","@id":"https:\/\/concept05design.com\/en\/produit\/parker\/","url":"https:\/\/concept05design.com\/en\/produit\/parker\/","name":"Parker - Concept 05 Design","isPartOf":{"@id":"https:\/\/concept05design.com\/en\/#website"},"primaryImageOfPage":{"@id":"https:\/\/concept05design.com\/en\/produit\/parker\/#primaryimage"},"image":{"@id":"https:\/\/concept05design.com\/en\/produit\/parker\/#primaryimage"},"thumbnailUrl":"https:\/\/concept05design.com\/wp-content\/uploads\/2024\/10\/advance-86.png","datePublished":"2025-07-09T18:47:39+00:00","dateModified":"2025-07-11T14:51:31+00:00","breadcrumb":{"@id":"https:\/\/concept05design.com\/en\/produit\/parker\/#breadcrumb"},"inLanguage":"en-US","potentialAction":[{"@type":"ReadAction","target":["https:\/\/concept05design.com\/en\/produit\/parker\/"]}]},{"@type":"ImageObject","inLanguage":"en-US","@id":"https:\/\/concept05design.com\/en\/produit\/parker\/#primaryimage","url":"https:\/\/concept05design.com\/wp-content\/uploads\/2024\/10\/advance-86.png","contentUrl":"https:\/\/concept05design.com\/wp-content\/uploads\/2024\/10\/advance-86.png","width":640,"height":640},{"@type":"BreadcrumbList","@id":"https:\/\/concept05design.com\/en\/produit\/parker\/#breadcrumb","itemListElement":[{"@type":"ListItem","position":1,"name":"Accueil","item":"https:\/\/concept05design.com\/en\/"},{"@type":"ListItem","position":2,"name":"Shop","item":"https:\/\/concept05design.com\/shop\/"},{"@type":"ListItem","position":3,"name":"Parker"}]},{"@type":"WebSite","@id":"https:\/\/concept05design.com\/en\/#website","url":"https:\/\/concept05design.com\/en\/","name":"Concept 05 Design","description":"Du Concept \u00e0 la R\u00e9alit\u00e9 : Votre Vision, Notre Mission","potentialAction":[{"@type":"SearchAction","target":{"@type":"EntryPoint","urlTemplate":"https:\/\/concept05design.com\/en\/?s={search_term_string}"},"query-input":{"@type":"PropertyValueSpecification","valueRequired":true,"valueName":"search_term_string"}}],"inLanguage":"en-US"}]}},"_links":{"self":[{"href":"https:\/\/concept05design.com\/en\/wp-json\/wp\/v2\/product\/4755","targetHints":{"allow":["GET"]}}],"collection":[{"href":"https:\/\/concept05design.com\/en\/wp-json\/wp\/v2\/product"}],"about":[{"href":"https:\/\/concept05design.com\/en\/wp-json\/wp\/v2\/types\/product"}],"wp:featuredmedia":[{"embeddable":true,"href":"https:\/\/concept05design.com\/en\/wp-json\/wp\/v2\/media\/4746"}],"wp:attachment":[{"href":"https:\/\/concept05design.com\/en\/wp-json\/wp\/v2\/media?parent=4755"}],"wp:term":[{"taxonomy":"product_brand","embeddable":true,"href":"https:\/\/concept05design.com\/en\/wp-json\/wp\/v2\/product_brand?post=4755"},{"taxonomy":"product_cat","embeddable":true,"href":"https:\/\/concept05design.com\/en\/wp-json\/wp\/v2\/product_cat?post=4755"},{"taxonomy":"product_tag","embeddable":true,"href":"https:\/\/concept05design.com\/en\/wp-json\/wp\/v2\/product_tag?post=4755"}],"curies":[{"name":"wp","href":"https:\/\/api.w.org\/{rel}","templated":true}]}}