{"id":4763,"date":"2025-07-09T18:52:56","date_gmt":"2025-07-09T18:52:56","guid":{"rendered":"https:\/\/concept05design.com\/produit\/pierre-black\/"},"modified":"2025-07-11T15:25:02","modified_gmt":"2025-07-11T15:25:02","slug":"pierre-black","status":"publish","type":"product","link":"https:\/\/concept05design.com\/en\/produit\/pierre-black\/","title":{"rendered":"Pierre Black"},"content":{"rendered":"<table class=\"specs-table\">\n<thead>\n<tr>\n<th>Format<\/th>\n<th>24\u2033 \u00d7 48\u2033 (~600 \u00d7 1200 mm)<\/th>\n<\/tr>\n<\/thead>\n<tbody>\n<tr>\n<td>Manufacture<\/td>\n<td>Made in Italy<\/td>\n<\/tr>\n<tr>\n<td>Dimensions<\/td>\n<td>9.0 mm \u00d7 600 mm \u00d7 1200 mm (\u00b3\u2044\u2088\u2033 \u00d7 24\u2033 \u00d7 48\u2033)<\/td>\n<\/tr>\n<tr>\n<td>Available finishes<\/td>\n<td>Matt (PEI 3) and Polished (PEI 2)<\/td>\n<\/tr>\n<tr>\n<td>Number of visuals (faces)<\/td>\n<td>36 different designs<\/td>\n<\/tr>\n<tr>\n<td>Application<\/td>\n<td>Wall &amp; Floor<\/td>\n<\/tr>\n<tr>\n<td>Rectified<\/td>\n<td>Yes<\/td>\n<\/tr>\n<tr>\n<td>Water absorption (ISO 10545-3)<\/td>\n<td>\u2264 0,5 %<\/td>\n<\/tr>\n<tr>\n<td>Breaking strength (ISO 10545-4)<\/td>\n<td>&gt; 1300 N<\/td>\n<\/tr>\n<tr>\n<td>Modulus of rupture (ISO 10545-4)<\/td>\n<td>&gt; 35 N\/mm\u00b2 at break<\/td>\n<\/tr>\n<tr>\n<td>Frost resistance (ISO 10545-12)<\/td>\n<td>Complies with<\/td>\n<\/tr>\n<tr>\n<td>Chemical resistance (ISO 10545-13)<\/td>\n<td>Min. Class B<\/td>\n<\/tr>\n<tr>\n<td>Stain resistance (ISO 10545-14)<\/td>\n<td>Min. Class 3<\/td>\n<\/tr>\n<tr>\n<td>Slip resistance<\/td>\n<td>R9 (DIN 51130), ANSI A326.3 &gt; 0.42<\/td>\n<\/tr>\n<tr>\n<td>Number of tiles per box<\/td>\n<td>2 tiles<\/td>\n<\/tr>\n<tr>\n<td>Coverage per box<\/td>\n<td>1.44 m\u00b2 (15.50 ft\u00b2)<\/td>\n<\/tr>\n<tr>\n<td>Weight per box<\/td>\n<td>28.57 kg (62.99 lbs)<\/td>\n<\/tr>\n<tr>\n<td>Boxes per pallet<\/td>\n<td>35<\/td>\n<\/tr>\n<tr>\n<td>Coverage per pallet<\/td>\n<td>50.4 m\u00b2 (542.50 ft\u00b2)<\/td>\n<\/tr>\n<tr>\n<td>Weight per pallet<\/td>\n<td>1020 kg (2249 lbs)<\/td>\n<\/tr>\n<\/tbody>\n<\/table>\n","protected":false},"excerpt":{"rendered":"<p>&nbsp;<\/p>\n<p>Rectified, glazed, high-definition porcelain tile with a unique polished matte finish. Ideal for elegant, contemporary design, it combines durability and aesthetic appeal. Its refined surface creates a high-end effect, perfect for residential or commercial walls and floors.  <\/p>\n<p>&#8211; Porcelain<br \/>\n&#8211; High definition<br \/>\n&#8211; Enamelled<br \/>\n&#8211; Ground<br \/>\n&#8211; Polished<br \/>\n&#8211; Matt<\/p>\n<p><img decoding=\"async\" class=\"alignnone wp-image-4500\" src=\"https:\/\/concept05design.com\/wp-content\/uploads\/2024\/10\/24x48.png\" alt=\"\" width=\"134\" height=\"72\" srcset=\"https:\/\/concept05design.com\/wp-content\/uploads\/2024\/10\/24x48-200x108.png 200w, https:\/\/concept05design.com\/wp-content\/uploads\/2024\/10\/24x48.png 234w\" sizes=\"(max-width: 134px) 100vw, 134px\" \/><\/p>\n<p><img decoding=\"async\" class=\"alignnone wp-image-10268 entered lazyloaded\" src=\"https:\/\/www.planchers1867.com\/wp-content\/uploads\/2023\/03\/symbole-Pierreblack-300x29.png\" alt=\"\" width=\"387\" height=\"40\" data-lazy-src=\"https:\/\/www.planchers1867.com\/wp-content\/uploads\/2023\/03\/symbole-Pierreblack-300x29.png\" data-ll-status=\"loaded\"><\/p>\n","protected":false},"featured_media":4507,"template":"","meta":[],"product_brand":[],"product_cat":[211,198,200,169,206,203,214,212,56,84],"product_tag":[],"class_list":{"0":"post-4763","1":"product","2":"type-product","3":"status-publish","4":"has-post-thumbnail","6":"product_cat-24x48-en","7":"product_cat-black-en","8":"product_cat-brown-en","9":"product_cat-color","10":"product_cat-dimension-en","11":"product_cat-finish-3","12":"product_cat-glossy","13":"product_cat-matte-en","14":"product_cat-new-arrivals","15":"product_cat-porcelain-tile","17":"first","18":"instock","19":"shipping-taxable","20":"purchasable","21":"product-type-simple"},"yoast_head":"<!-- This site is optimized with the Yoast SEO plugin v27.6 - https:\/\/yoast.com\/product\/yoast-seo-wordpress\/ -->\n<title>Pierre Black - Concept 05 Design<\/title>\n<meta name=\"robots\" content=\"index, follow, max-snippet:-1, max-image-preview:large, max-video-preview:-1\" \/>\n<link rel=\"canonical\" href=\"https:\/\/concept05design.com\/en\/produit\/pierre-black\/\" \/>\n<meta property=\"og:locale\" content=\"en_US\" \/>\n<meta property=\"og:type\" content=\"article\" \/>\n<meta property=\"og:title\" content=\"Pierre Black - Concept 05 Design\" \/>\n<meta property=\"og:description\" content=\"&nbsp; Rectified, glazed, high-definition porcelain tile with a unique polished matte finish. Ideal for elegant, contemporary design, it combines durability and aesthetic appeal. Its refined surface creates a high-end effect, perfect for residential or commercial walls and floors.  - Porcelain - High definition - Enamelled - Ground - Polished - Matt\" \/>\n<meta property=\"og:url\" content=\"https:\/\/concept05design.com\/en\/produit\/pierre-black\/\" \/>\n<meta property=\"og:site_name\" content=\"Concept 05 Design\" \/>\n<meta property=\"article:modified_time\" content=\"2025-07-11T15:25:02+00:00\" \/>\n<meta property=\"og:image\" content=\"https:\/\/concept05design.com\/wp-content\/uploads\/2024\/10\/Copy-of-Your-paragraph-text-6.png\" \/>\n\t<meta property=\"og:image:width\" content=\"640\" \/>\n\t<meta property=\"og:image:height\" content=\"640\" \/>\n\t<meta property=\"og:image:type\" content=\"image\/png\" \/>\n<meta name=\"twitter:card\" content=\"summary_large_image\" \/>\n<meta name=\"twitter:label1\" content=\"Est. reading time\" \/>\n\t<meta name=\"twitter:data1\" content=\"1 minute\" \/>\n<script type=\"application\/ld+json\" class=\"yoast-schema-graph\">{\"@context\":\"https:\\\/\\\/schema.org\",\"@graph\":[{\"@type\":\"WebPage\",\"@id\":\"https:\\\/\\\/concept05design.com\\\/en\\\/produit\\\/pierre-black\\\/\",\"url\":\"https:\\\/\\\/concept05design.com\\\/en\\\/produit\\\/pierre-black\\\/\",\"name\":\"Pierre Black - Concept 05 Design\",\"isPartOf\":{\"@id\":\"https:\\\/\\\/concept05design.com\\\/en\\\/#website\"},\"primaryImageOfPage\":{\"@id\":\"https:\\\/\\\/concept05design.com\\\/en\\\/produit\\\/pierre-black\\\/#primaryimage\"},\"image\":{\"@id\":\"https:\\\/\\\/concept05design.com\\\/en\\\/produit\\\/pierre-black\\\/#primaryimage\"},\"thumbnailUrl\":\"https:\\\/\\\/concept05design.com\\\/wp-content\\\/uploads\\\/2024\\\/10\\\/Copy-of-Your-paragraph-text-6.png\",\"datePublished\":\"2025-07-09T18:52:56+00:00\",\"dateModified\":\"2025-07-11T15:25:02+00:00\",\"breadcrumb\":{\"@id\":\"https:\\\/\\\/concept05design.com\\\/en\\\/produit\\\/pierre-black\\\/#breadcrumb\"},\"inLanguage\":\"en-US\",\"potentialAction\":[{\"@type\":\"ReadAction\",\"target\":[\"https:\\\/\\\/concept05design.com\\\/en\\\/produit\\\/pierre-black\\\/\"]}]},{\"@type\":\"ImageObject\",\"inLanguage\":\"en-US\",\"@id\":\"https:\\\/\\\/concept05design.com\\\/en\\\/produit\\\/pierre-black\\\/#primaryimage\",\"url\":\"https:\\\/\\\/concept05design.com\\\/wp-content\\\/uploads\\\/2024\\\/10\\\/Copy-of-Your-paragraph-text-6.png\",\"contentUrl\":\"https:\\\/\\\/concept05design.com\\\/wp-content\\\/uploads\\\/2024\\\/10\\\/Copy-of-Your-paragraph-text-6.png\",\"width\":640,\"height\":640},{\"@type\":\"BreadcrumbList\",\"@id\":\"https:\\\/\\\/concept05design.com\\\/en\\\/produit\\\/pierre-black\\\/#breadcrumb\",\"itemListElement\":[{\"@type\":\"ListItem\",\"position\":1,\"name\":\"Accueil\",\"item\":\"https:\\\/\\\/concept05design.com\\\/en\\\/\"},{\"@type\":\"ListItem\",\"position\":2,\"name\":\"Shop\",\"item\":\"https:\\\/\\\/concept05design.com\\\/shop\\\/\"},{\"@type\":\"ListItem\",\"position\":3,\"name\":\"Pierre Black\"}]},{\"@type\":\"WebSite\",\"@id\":\"https:\\\/\\\/concept05design.com\\\/en\\\/#website\",\"url\":\"https:\\\/\\\/concept05design.com\\\/en\\\/\",\"name\":\"Concept 05 Design\",\"description\":\"Du Concept \u00e0 la R\u00e9alit\u00e9 : Votre Vision, Notre Mission\",\"potentialAction\":[{\"@type\":\"SearchAction\",\"target\":{\"@type\":\"EntryPoint\",\"urlTemplate\":\"https:\\\/\\\/concept05design.com\\\/en\\\/?s={search_term_string}\"},\"query-input\":{\"@type\":\"PropertyValueSpecification\",\"valueRequired\":true,\"valueName\":\"search_term_string\"}}],\"inLanguage\":\"en-US\"}]}<\/script>\n<!-- \/ Yoast SEO plugin. -->","yoast_head_json":{"title":"Pierre Black - Concept 05 Design","robots":{"index":"index","follow":"follow","max-snippet":"max-snippet:-1","max-image-preview":"max-image-preview:large","max-video-preview":"max-video-preview:-1"},"canonical":"https:\/\/concept05design.com\/en\/produit\/pierre-black\/","og_locale":"en_US","og_type":"article","og_title":"Pierre Black - Concept 05 Design","og_description":"&nbsp; Rectified, glazed, high-definition porcelain tile with a unique polished matte finish. Ideal for elegant, contemporary design, it combines durability and aesthetic appeal. Its refined surface creates a high-end effect, perfect for residential or commercial walls and floors.  - Porcelain - High definition - Enamelled - Ground - Polished - Matt","og_url":"https:\/\/concept05design.com\/en\/produit\/pierre-black\/","og_site_name":"Concept 05 Design","article_modified_time":"2025-07-11T15:25:02+00:00","og_image":[{"width":640,"height":640,"url":"https:\/\/concept05design.com\/wp-content\/uploads\/2024\/10\/Copy-of-Your-paragraph-text-6.png","type":"image\/png"}],"twitter_card":"summary_large_image","twitter_misc":{"Est. reading time":"1 minute"},"schema":{"@context":"https:\/\/schema.org","@graph":[{"@type":"WebPage","@id":"https:\/\/concept05design.com\/en\/produit\/pierre-black\/","url":"https:\/\/concept05design.com\/en\/produit\/pierre-black\/","name":"Pierre Black - Concept 05 Design","isPartOf":{"@id":"https:\/\/concept05design.com\/en\/#website"},"primaryImageOfPage":{"@id":"https:\/\/concept05design.com\/en\/produit\/pierre-black\/#primaryimage"},"image":{"@id":"https:\/\/concept05design.com\/en\/produit\/pierre-black\/#primaryimage"},"thumbnailUrl":"https:\/\/concept05design.com\/wp-content\/uploads\/2024\/10\/Copy-of-Your-paragraph-text-6.png","datePublished":"2025-07-09T18:52:56+00:00","dateModified":"2025-07-11T15:25:02+00:00","breadcrumb":{"@id":"https:\/\/concept05design.com\/en\/produit\/pierre-black\/#breadcrumb"},"inLanguage":"en-US","potentialAction":[{"@type":"ReadAction","target":["https:\/\/concept05design.com\/en\/produit\/pierre-black\/"]}]},{"@type":"ImageObject","inLanguage":"en-US","@id":"https:\/\/concept05design.com\/en\/produit\/pierre-black\/#primaryimage","url":"https:\/\/concept05design.com\/wp-content\/uploads\/2024\/10\/Copy-of-Your-paragraph-text-6.png","contentUrl":"https:\/\/concept05design.com\/wp-content\/uploads\/2024\/10\/Copy-of-Your-paragraph-text-6.png","width":640,"height":640},{"@type":"BreadcrumbList","@id":"https:\/\/concept05design.com\/en\/produit\/pierre-black\/#breadcrumb","itemListElement":[{"@type":"ListItem","position":1,"name":"Accueil","item":"https:\/\/concept05design.com\/en\/"},{"@type":"ListItem","position":2,"name":"Shop","item":"https:\/\/concept05design.com\/shop\/"},{"@type":"ListItem","position":3,"name":"Pierre Black"}]},{"@type":"WebSite","@id":"https:\/\/concept05design.com\/en\/#website","url":"https:\/\/concept05design.com\/en\/","name":"Concept 05 Design","description":"Du Concept \u00e0 la R\u00e9alit\u00e9 : Votre Vision, Notre Mission","potentialAction":[{"@type":"SearchAction","target":{"@type":"EntryPoint","urlTemplate":"https:\/\/concept05design.com\/en\/?s={search_term_string}"},"query-input":{"@type":"PropertyValueSpecification","valueRequired":true,"valueName":"search_term_string"}}],"inLanguage":"en-US"}]}},"_links":{"self":[{"href":"https:\/\/concept05design.com\/en\/wp-json\/wp\/v2\/product\/4763","targetHints":{"allow":["GET"]}}],"collection":[{"href":"https:\/\/concept05design.com\/en\/wp-json\/wp\/v2\/product"}],"about":[{"href":"https:\/\/concept05design.com\/en\/wp-json\/wp\/v2\/types\/product"}],"wp:featuredmedia":[{"embeddable":true,"href":"https:\/\/concept05design.com\/en\/wp-json\/wp\/v2\/media\/4507"}],"wp:attachment":[{"href":"https:\/\/concept05design.com\/en\/wp-json\/wp\/v2\/media?parent=4763"}],"wp:term":[{"taxonomy":"product_brand","embeddable":true,"href":"https:\/\/concept05design.com\/en\/wp-json\/wp\/v2\/product_brand?post=4763"},{"taxonomy":"product_cat","embeddable":true,"href":"https:\/\/concept05design.com\/en\/wp-json\/wp\/v2\/product_cat?post=4763"},{"taxonomy":"product_tag","embeddable":true,"href":"https:\/\/concept05design.com\/en\/wp-json\/wp\/v2\/product_tag?post=4763"}],"curies":[{"name":"wp","href":"https:\/\/api.w.org\/{rel}","templated":true}]}}