{"id":4836,"date":"2025-07-10T17:05:06","date_gmt":"2025-07-10T17:05:06","guid":{"rendered":"https:\/\/concept05design.com\/produit\/halley\/"},"modified":"2025-07-17T17:12:00","modified_gmt":"2025-07-17T17:12:00","slug":"halley","status":"publish","type":"product","link":"https:\/\/concept05design.com\/en\/produit\/halley\/","title":{"rendered":"Halley"},"content":{"rendered":"<table class=\"specs-table\">\n<thead>\n<tr>\n<th>Format<\/th>\n<th>24\u2033 \u00d7 24\u2033 (~600 \u00d7 600 mm)<\/th>\n<\/tr>\n<\/thead>\n<tbody>\n<tr>\n<td>Manufacturing<\/td>\n<td>Made in Spain<\/td>\n<\/tr>\n<tr>\n<td>Thickness<\/td>\n<td>10.0 mm<\/td>\n<\/tr>\n<tr>\n<td>Paste type<\/td>\n<td>Colored mass<\/td>\n<\/tr>\n<tr>\n<td>Finish<\/td>\n<td>Matt &amp; Lappato<\/td>\n<\/tr>\n<tr>\n<td>Application<\/td>\n<td>Wall &amp; Floor<\/td>\n<\/tr>\n<tr>\n<td>Number of visuals (faces)<\/td>\n<td>24 different designs<\/td>\n<\/tr>\n<tr>\n<td>Rectified<\/td>\n<td>Yes<\/td>\n<\/tr>\n<tr>\n<td>Water absorption (ISO 10545-3)<\/td>\n<td>\u2264 0,5 %<\/td>\n<\/tr>\n<tr>\n<td>Breaking strength (ISO 10545-4)<\/td>\n<td>&gt; 1600-2400 N<\/td>\n<\/tr>\n<tr>\n<td>Modulus of rupture (ISO 10545-4)<\/td>\n<td>&gt; 35 &#8211; 45 N\/mm\u00b2 (0.6 &#8211; 0.8 in\/mm\u00b2)<\/td>\n<\/tr>\n<tr>\n<td>Deep abrasion (ISO 10545-6)<\/td>\n<td>&#8211;<\/td>\n<\/tr>\n<tr>\n<td>Abrasion (ISO 10545-7)<\/td>\n<td>PEI 4<\/td>\n<\/tr>\n<tr>\n<td>Thermal shock (ISO 10545-9)<\/td>\n<td>Resistant<\/td>\n<\/tr>\n<tr>\n<td>Cracks (ISO 10545-11)<\/td>\n<td>Resistant<\/td>\n<\/tr>\n<tr>\n<td>Frost resistance (ISO 10545-12)<\/td>\n<td>Resistant<\/td>\n<\/tr>\n<tr>\n<td>Chemical resistance (ISO 10545-13)<\/td>\n<td>Min. Class A<\/td>\n<\/tr>\n<tr>\n<td>Stain resistance (ISO 10545-14)<\/td>\n<td>Class 5<\/td>\n<\/tr>\n<tr>\n<td>Slippage (DIN 51130 \/ 51097 \/ ANSI A326.3)<\/td>\n<td>&#8211;<\/td>\n<\/tr>\n<tr>\n<td>Number of pieces per box<\/td>\n<td>4<\/td>\n<\/tr>\n<tr>\n<td>Weight per box<\/td>\n<td>34.00 kg (74.96 lb)<\/td>\n<\/tr>\n<tr>\n<td>Boxes per pallet<\/td>\n<td>30<\/td>\n<\/tr>\n<tr>\n<td>Weight per pallet<\/td>\n<td>1020.00 kg (2248.72 lb)<\/td>\n<\/tr>\n<tr>\n<td>Coverage per box<\/td>\n<td>1.44 m\u00b2 (15.50 ft\u00b2)<\/td>\n<\/tr>\n<tr>\n<td>Coverage per pallet<\/td>\n<td>43.20 m\u00b2 (465.00 ft\u00b2)<\/td>\n<\/tr>\n<\/tbody>\n<\/table>\n","protected":false},"excerpt":{"rendered":"<p>Unglazed porcelain tile, matte and lappato finish, offering an elegant semi-gloss effect. Highly wear-resistant, ideal for high-traffic areas. Rectified for installation with fine joints and a uniform finish. Suitable for interior walls and floors, combining sturdiness and contemporary aesthetics.<\/p>\n<p>&#8211; Porcelain<br \/>\n&#8211; Unglazed<br \/>\n&#8211; Mate and Lappato<br \/>\n&#8211; Ground<\/p>\n<p><img decoding=\"async\" class=\"alignnone wp-image-9326 size-full\" src=\"https:\/\/www.planchers1867.com\/wp-content\/uploads\/2019\/04\/24x24-picto.png\" alt=\"\" width=\"89\" height=\"90\"><\/p>\n<p><img decoding=\"async\" class=\"alignnone wp-image-12006\" src=\"https:\/\/www.planchers1867.com\/wp-content\/uploads\/2024\/09\/Pictogramme-Halley.png\" alt=\"\" width=\"408\" height=\"69\"><\/p>\n","protected":false},"featured_media":4830,"template":"","meta":[],"product_brand":[],"product_cat":[210,204,202,169,206,203,199,212,56,84,213,201],"product_tag":[],"class_list":{"0":"post-4836","1":"product","2":"type-product","3":"status-publish","4":"has-post-thumbnail","6":"product_cat-24x24-en","7":"product_cat-anthracite-en","8":"product_cat-beige-3","9":"product_cat-color","10":"product_cat-dimension-en","11":"product_cat-finish-3","12":"product_cat-gray-en","13":"product_cat-matte-en","14":"product_cat-new-arrivals","15":"product_cat-porcelain-tile","16":"product_cat-semi-polished-lappato","17":"product_cat-white","19":"first","20":"instock","21":"shipping-taxable","22":"purchasable","23":"product-type-simple"},"yoast_head":"<!-- This site is optimized with the Yoast SEO plugin v27.6 - https:\/\/yoast.com\/product\/yoast-seo-wordpress\/ -->\n<title>Halley - Concept 05 Design<\/title>\n<meta name=\"robots\" content=\"index, follow, max-snippet:-1, max-image-preview:large, max-video-preview:-1\" \/>\n<link rel=\"canonical\" href=\"https:\/\/concept05design.com\/en\/produit\/halley\/\" \/>\n<meta property=\"og:locale\" content=\"en_US\" \/>\n<meta property=\"og:type\" content=\"article\" \/>\n<meta property=\"og:title\" content=\"Halley - Concept 05 Design\" \/>\n<meta property=\"og:description\" content=\"Unglazed porcelain tile, matte and lappato finish, offering an elegant semi-gloss effect. Highly wear-resistant, ideal for high-traffic areas. Rectified for installation with fine joints and a uniform finish. Suitable for interior walls and floors, combining sturdiness and contemporary aesthetics. - Porcelain - Unglazed - Mate and Lappato - Ground\" \/>\n<meta property=\"og:url\" content=\"https:\/\/concept05design.com\/en\/produit\/halley\/\" \/>\n<meta property=\"og:site_name\" content=\"Concept 05 Design\" \/>\n<meta property=\"article:modified_time\" content=\"2025-07-17T17:12:00+00:00\" \/>\n<meta property=\"og:image\" content=\"https:\/\/concept05design.com\/wp-content\/uploads\/2024\/10\/advance-1-3.png\" \/>\n\t<meta property=\"og:image:width\" content=\"640\" \/>\n\t<meta property=\"og:image:height\" content=\"640\" \/>\n\t<meta property=\"og:image:type\" content=\"image\/png\" \/>\n<meta name=\"twitter:card\" content=\"summary_large_image\" \/>\n<meta name=\"twitter:label1\" content=\"Est. reading time\" \/>\n\t<meta name=\"twitter:data1\" content=\"1 minute\" \/>\n<script type=\"application\/ld+json\" class=\"yoast-schema-graph\">{\"@context\":\"https:\\\/\\\/schema.org\",\"@graph\":[{\"@type\":\"WebPage\",\"@id\":\"https:\\\/\\\/concept05design.com\\\/en\\\/produit\\\/halley\\\/\",\"url\":\"https:\\\/\\\/concept05design.com\\\/en\\\/produit\\\/halley\\\/\",\"name\":\"Halley - Concept 05 Design\",\"isPartOf\":{\"@id\":\"https:\\\/\\\/concept05design.com\\\/en\\\/#website\"},\"primaryImageOfPage\":{\"@id\":\"https:\\\/\\\/concept05design.com\\\/en\\\/produit\\\/halley\\\/#primaryimage\"},\"image\":{\"@id\":\"https:\\\/\\\/concept05design.com\\\/en\\\/produit\\\/halley\\\/#primaryimage\"},\"thumbnailUrl\":\"https:\\\/\\\/concept05design.com\\\/wp-content\\\/uploads\\\/2024\\\/10\\\/advance-1-3.png\",\"datePublished\":\"2025-07-10T17:05:06+00:00\",\"dateModified\":\"2025-07-17T17:12:00+00:00\",\"breadcrumb\":{\"@id\":\"https:\\\/\\\/concept05design.com\\\/en\\\/produit\\\/halley\\\/#breadcrumb\"},\"inLanguage\":\"en-US\",\"potentialAction\":[{\"@type\":\"ReadAction\",\"target\":[\"https:\\\/\\\/concept05design.com\\\/en\\\/produit\\\/halley\\\/\"]}]},{\"@type\":\"ImageObject\",\"inLanguage\":\"en-US\",\"@id\":\"https:\\\/\\\/concept05design.com\\\/en\\\/produit\\\/halley\\\/#primaryimage\",\"url\":\"https:\\\/\\\/concept05design.com\\\/wp-content\\\/uploads\\\/2024\\\/10\\\/advance-1-3.png\",\"contentUrl\":\"https:\\\/\\\/concept05design.com\\\/wp-content\\\/uploads\\\/2024\\\/10\\\/advance-1-3.png\",\"width\":640,\"height\":640},{\"@type\":\"BreadcrumbList\",\"@id\":\"https:\\\/\\\/concept05design.com\\\/en\\\/produit\\\/halley\\\/#breadcrumb\",\"itemListElement\":[{\"@type\":\"ListItem\",\"position\":1,\"name\":\"Accueil\",\"item\":\"https:\\\/\\\/concept05design.com\\\/en\\\/\"},{\"@type\":\"ListItem\",\"position\":2,\"name\":\"Shop\",\"item\":\"https:\\\/\\\/concept05design.com\\\/shop\\\/\"},{\"@type\":\"ListItem\",\"position\":3,\"name\":\"Halley\"}]},{\"@type\":\"WebSite\",\"@id\":\"https:\\\/\\\/concept05design.com\\\/en\\\/#website\",\"url\":\"https:\\\/\\\/concept05design.com\\\/en\\\/\",\"name\":\"Concept 05 Design\",\"description\":\"Du Concept \u00e0 la R\u00e9alit\u00e9 : Votre Vision, Notre Mission\",\"potentialAction\":[{\"@type\":\"SearchAction\",\"target\":{\"@type\":\"EntryPoint\",\"urlTemplate\":\"https:\\\/\\\/concept05design.com\\\/en\\\/?s={search_term_string}\"},\"query-input\":{\"@type\":\"PropertyValueSpecification\",\"valueRequired\":true,\"valueName\":\"search_term_string\"}}],\"inLanguage\":\"en-US\"}]}<\/script>\n<!-- \/ Yoast SEO plugin. -->","yoast_head_json":{"title":"Halley - Concept 05 Design","robots":{"index":"index","follow":"follow","max-snippet":"max-snippet:-1","max-image-preview":"max-image-preview:large","max-video-preview":"max-video-preview:-1"},"canonical":"https:\/\/concept05design.com\/en\/produit\/halley\/","og_locale":"en_US","og_type":"article","og_title":"Halley - Concept 05 Design","og_description":"Unglazed porcelain tile, matte and lappato finish, offering an elegant semi-gloss effect. Highly wear-resistant, ideal for high-traffic areas. Rectified for installation with fine joints and a uniform finish. Suitable for interior walls and floors, combining sturdiness and contemporary aesthetics. - Porcelain - Unglazed - Mate and Lappato - Ground","og_url":"https:\/\/concept05design.com\/en\/produit\/halley\/","og_site_name":"Concept 05 Design","article_modified_time":"2025-07-17T17:12:00+00:00","og_image":[{"width":640,"height":640,"url":"https:\/\/concept05design.com\/wp-content\/uploads\/2024\/10\/advance-1-3.png","type":"image\/png"}],"twitter_card":"summary_large_image","twitter_misc":{"Est. reading time":"1 minute"},"schema":{"@context":"https:\/\/schema.org","@graph":[{"@type":"WebPage","@id":"https:\/\/concept05design.com\/en\/produit\/halley\/","url":"https:\/\/concept05design.com\/en\/produit\/halley\/","name":"Halley - Concept 05 Design","isPartOf":{"@id":"https:\/\/concept05design.com\/en\/#website"},"primaryImageOfPage":{"@id":"https:\/\/concept05design.com\/en\/produit\/halley\/#primaryimage"},"image":{"@id":"https:\/\/concept05design.com\/en\/produit\/halley\/#primaryimage"},"thumbnailUrl":"https:\/\/concept05design.com\/wp-content\/uploads\/2024\/10\/advance-1-3.png","datePublished":"2025-07-10T17:05:06+00:00","dateModified":"2025-07-17T17:12:00+00:00","breadcrumb":{"@id":"https:\/\/concept05design.com\/en\/produit\/halley\/#breadcrumb"},"inLanguage":"en-US","potentialAction":[{"@type":"ReadAction","target":["https:\/\/concept05design.com\/en\/produit\/halley\/"]}]},{"@type":"ImageObject","inLanguage":"en-US","@id":"https:\/\/concept05design.com\/en\/produit\/halley\/#primaryimage","url":"https:\/\/concept05design.com\/wp-content\/uploads\/2024\/10\/advance-1-3.png","contentUrl":"https:\/\/concept05design.com\/wp-content\/uploads\/2024\/10\/advance-1-3.png","width":640,"height":640},{"@type":"BreadcrumbList","@id":"https:\/\/concept05design.com\/en\/produit\/halley\/#breadcrumb","itemListElement":[{"@type":"ListItem","position":1,"name":"Accueil","item":"https:\/\/concept05design.com\/en\/"},{"@type":"ListItem","position":2,"name":"Shop","item":"https:\/\/concept05design.com\/shop\/"},{"@type":"ListItem","position":3,"name":"Halley"}]},{"@type":"WebSite","@id":"https:\/\/concept05design.com\/en\/#website","url":"https:\/\/concept05design.com\/en\/","name":"Concept 05 Design","description":"Du Concept \u00e0 la R\u00e9alit\u00e9 : Votre Vision, Notre Mission","potentialAction":[{"@type":"SearchAction","target":{"@type":"EntryPoint","urlTemplate":"https:\/\/concept05design.com\/en\/?s={search_term_string}"},"query-input":{"@type":"PropertyValueSpecification","valueRequired":true,"valueName":"search_term_string"}}],"inLanguage":"en-US"}]}},"_links":{"self":[{"href":"https:\/\/concept05design.com\/en\/wp-json\/wp\/v2\/product\/4836","targetHints":{"allow":["GET"]}}],"collection":[{"href":"https:\/\/concept05design.com\/en\/wp-json\/wp\/v2\/product"}],"about":[{"href":"https:\/\/concept05design.com\/en\/wp-json\/wp\/v2\/types\/product"}],"wp:featuredmedia":[{"embeddable":true,"href":"https:\/\/concept05design.com\/en\/wp-json\/wp\/v2\/media\/4830"}],"wp:attachment":[{"href":"https:\/\/concept05design.com\/en\/wp-json\/wp\/v2\/media?parent=4836"}],"wp:term":[{"taxonomy":"product_brand","embeddable":true,"href":"https:\/\/concept05design.com\/en\/wp-json\/wp\/v2\/product_brand?post=4836"},{"taxonomy":"product_cat","embeddable":true,"href":"https:\/\/concept05design.com\/en\/wp-json\/wp\/v2\/product_cat?post=4836"},{"taxonomy":"product_tag","embeddable":true,"href":"https:\/\/concept05design.com\/en\/wp-json\/wp\/v2\/product_tag?post=4836"}],"curies":[{"name":"wp","href":"https:\/\/api.w.org\/{rel}","templated":true}]}}