{"id":4987,"date":"2025-07-12T03:21:53","date_gmt":"2025-07-12T03:21:53","guid":{"rendered":"https:\/\/concept05design.com\/produit\/stardust\/"},"modified":"2025-07-17T17:36:24","modified_gmt":"2025-07-17T17:36:24","slug":"stardust","status":"publish","type":"product","link":"https:\/\/concept05design.com\/en\/produit\/stardust\/","title":{"rendered":"Stardust"},"content":{"rendered":"<table class=\"specs-table\">\n<thead>\n<tr>\n<th>Format<\/th>\n<th>12\u2033 \u00d7 24\u2033 (300 \u00d7 600 mm)<\/th>\n<th>24\u2033 \u00d7 24\u2033 (600 \u00d7 600 mm)<\/th>\n<\/tr>\n<\/thead>\n<tbody>\n<tr>\n<td>Dimensions<\/td>\n<td>9 mm \u00d7 300 mm \u00d7 600 mm (\u2153\u2033 \u00d7 12\u2033 \u00d7 24\u2033)<\/td>\n<td>9 mm \u00d7 600 mm \u00d7 600 mm (\u2153\u2033 \u00d7 24\u2033 \u00d7 24\u2033)<\/td>\n<\/tr>\n<tr>\n<td>Finish<\/td>\n<td colspan=\"2\">Matt<\/td>\n<\/tr>\n<tr>\n<td>Classification<\/td>\n<td colspan=\"2\">Glazed porcelain (ISO 13006 Annex G Group Bla)<\/td>\n<\/tr>\n<tr>\n<td>Application<\/td>\n<td colspan=\"2\">Floor<\/td>\n<\/tr>\n<tr>\n<td>Water absorption<\/td>\n<td colspan=\"2\">0.2% (ISO 10545-3)<\/td>\n<\/tr>\n<tr>\n<td>Breaking strength<\/td>\n<td colspan=\"2\">\u2265 1300N (ISO 10545-4)<\/td>\n<\/tr>\n<tr>\n<td>Flexural strength<\/td>\n<td colspan=\"2\">\u2265 35N\/mm\u00b2 (ISO 10545-4)<\/td>\n<\/tr>\n<tr>\n<td>Frost resistance<\/td>\n<td colspan=\"2\">Resistant (ISO 10545-12)<\/td>\n<\/tr>\n<tr>\n<td>Chemical resistance<\/td>\n<td colspan=\"2\">Min. B\/ULA\/UHA (ISO 10545-13)<\/td>\n<\/tr>\n<tr>\n<td>Slip resistance<\/td>\n<td colspan=\"2\">0.42 DCOF<\/td>\n<\/tr>\n<tr>\n<td>Certifications<\/td>\n<td colspan=\"2\">EPD<\/td>\n<\/tr>\n<\/tbody>\n<\/table>\n","protected":false},"excerpt":{"rendered":"<p>Available in 12 &#8220;x24&#8221; and 24 &#8220;x24&#8221; formats with a thickness of 9 mm, these matte-finish rectified tiles offer a clean, modern look. Perfect for floors or walls. <\/p>\n<ul>\n<li data-start=\"189\" data-end=\"227\">\n<p data-start=\"191\" data-end=\"227\"><strong data-start=\"191\" data-end=\"200\">Size:<\/strong> 12&#8243; x 24&#8243; Rectified (RET.)<\/p>\n<\/li>\n<li data-start=\"228\" data-end=\"248\">\n<p data-start=\"230\" data-end=\"248\"><strong data-start=\"230\" data-end=\"244\">Thickness:<\/strong> 9mm<\/p>\n<\/li>\n<li data-start=\"249\" data-end=\"274\"><strong data-start=\"251\" data-end=\"262\">Finish:<\/strong> Matte (Mat)<\/li>\n<\/ul>\n<p>&nbsp;<\/p>\n<ul>\n<li data-start=\"320\" data-end=\"358\">\n<p data-start=\"322\" data-end=\"358\"><strong data-start=\"322\" data-end=\"331\">Size:<\/strong> 24&#8243; x 24&#8243; Rectified (RET.)<\/p>\n<\/li>\n<li data-start=\"359\" data-end=\"379\">\n<p data-start=\"361\" data-end=\"379\"><strong data-start=\"361\" data-end=\"375\">Thickness:<\/strong> 9mm<\/p>\n<\/li>\n<li data-start=\"380\" data-end=\"405\">\n<p data-start=\"382\" data-end=\"405\"><strong data-start=\"382\" data-end=\"393\">Finish:<\/strong> Matte (Mat)<\/p>\n<\/li>\n<\/ul>\n<p><img decoding=\"async\" class=\"alignnone size-full wp-image-9326\" src=\"https:\/\/www.planchers1867.com\/wp-content\/uploads\/2019\/04\/24x24-picto.png\" alt=\"\" width=\"89\" height=\"90\"><img decoding=\"async\" class=\"alignnone size-full wp-image-9298\" src=\"https:\/\/www.planchers1867.com\/wp-content\/uploads\/2019\/04\/12x24-picto.png\" alt=\"\" width=\"85\" height=\"44\"><\/p>\n<p><img decoding=\"async\" class=\"alignnone size-medium wp-image-9918\" src=\"https:\/\/www.planchers1867.com\/wp-content\/uploads\/2022\/08\/symbole-Apuan-300x34.png\" alt=\"\" width=\"300\" height=\"34\"><\/p>\n","protected":false},"featured_media":4978,"template":"","meta":[],"product_brand":[],"product_cat":[174,84],"product_tag":[],"class_list":{"0":"post-4987","1":"product","2":"type-product","3":"status-publish","4":"has-post-thumbnail","6":"product_cat-porcelain","7":"product_cat-porcelain-tile","9":"first","10":"instock","11":"shipping-taxable","12":"product-type-simple"},"yoast_head":"<!-- This site is optimized with the Yoast SEO plugin v27.6 - https:\/\/yoast.com\/product\/yoast-seo-wordpress\/ -->\n<title>Stardust - Concept 05 Design<\/title>\n<meta name=\"robots\" content=\"index, follow, max-snippet:-1, max-image-preview:large, max-video-preview:-1\" \/>\n<link rel=\"canonical\" href=\"https:\/\/concept05design.com\/en\/produit\/stardust\/\" \/>\n<meta property=\"og:locale\" content=\"en_US\" \/>\n<meta property=\"og:type\" content=\"article\" \/>\n<meta property=\"og:title\" content=\"Stardust - Concept 05 Design\" \/>\n<meta property=\"og:description\" content=\"Available in 12 &quot;x24&quot; and 24 &quot;x24&quot; formats with a thickness of 9 mm, these matte-finish rectified tiles offer a clean, modern look. Perfect for floors or walls.   Size: 12&quot; x 24&quot; Rectified (RET.)   Thickness: 9mm  Finish: Matte (Mat) &nbsp;   Size: 24&quot; x 24&quot; Rectified (RET.)   Thickness: 9mm   Finish: Matte (Mat)\" \/>\n<meta property=\"og:url\" content=\"https:\/\/concept05design.com\/en\/produit\/stardust\/\" \/>\n<meta property=\"og:site_name\" content=\"Concept 05 Design\" \/>\n<meta property=\"article:modified_time\" content=\"2025-07-17T17:36:24+00:00\" \/>\n<meta property=\"og:image\" content=\"https:\/\/concept05design.com\/wp-content\/uploads\/2025\/07\/advance-2-11.11.30-PM.png\" \/>\n\t<meta property=\"og:image:width\" content=\"640\" \/>\n\t<meta property=\"og:image:height\" content=\"640\" \/>\n\t<meta property=\"og:image:type\" content=\"image\/png\" \/>\n<meta name=\"twitter:card\" content=\"summary_large_image\" \/>\n<script type=\"application\/ld+json\" class=\"yoast-schema-graph\">{\"@context\":\"https:\\\/\\\/schema.org\",\"@graph\":[{\"@type\":\"WebPage\",\"@id\":\"https:\\\/\\\/concept05design.com\\\/en\\\/produit\\\/stardust\\\/\",\"url\":\"https:\\\/\\\/concept05design.com\\\/en\\\/produit\\\/stardust\\\/\",\"name\":\"Stardust - Concept 05 Design\",\"isPartOf\":{\"@id\":\"https:\\\/\\\/concept05design.com\\\/en\\\/#website\"},\"primaryImageOfPage\":{\"@id\":\"https:\\\/\\\/concept05design.com\\\/en\\\/produit\\\/stardust\\\/#primaryimage\"},\"image\":{\"@id\":\"https:\\\/\\\/concept05design.com\\\/en\\\/produit\\\/stardust\\\/#primaryimage\"},\"thumbnailUrl\":\"https:\\\/\\\/concept05design.com\\\/wp-content\\\/uploads\\\/2025\\\/07\\\/advance-2-11.11.30-PM.png\",\"datePublished\":\"2025-07-12T03:21:53+00:00\",\"dateModified\":\"2025-07-17T17:36:24+00:00\",\"breadcrumb\":{\"@id\":\"https:\\\/\\\/concept05design.com\\\/en\\\/produit\\\/stardust\\\/#breadcrumb\"},\"inLanguage\":\"en-US\",\"potentialAction\":[{\"@type\":\"ReadAction\",\"target\":[\"https:\\\/\\\/concept05design.com\\\/en\\\/produit\\\/stardust\\\/\"]}]},{\"@type\":\"ImageObject\",\"inLanguage\":\"en-US\",\"@id\":\"https:\\\/\\\/concept05design.com\\\/en\\\/produit\\\/stardust\\\/#primaryimage\",\"url\":\"https:\\\/\\\/concept05design.com\\\/wp-content\\\/uploads\\\/2025\\\/07\\\/advance-2-11.11.30-PM.png\",\"contentUrl\":\"https:\\\/\\\/concept05design.com\\\/wp-content\\\/uploads\\\/2025\\\/07\\\/advance-2-11.11.30-PM.png\",\"width\":640,\"height\":640},{\"@type\":\"BreadcrumbList\",\"@id\":\"https:\\\/\\\/concept05design.com\\\/en\\\/produit\\\/stardust\\\/#breadcrumb\",\"itemListElement\":[{\"@type\":\"ListItem\",\"position\":1,\"name\":\"Accueil\",\"item\":\"https:\\\/\\\/concept05design.com\\\/en\\\/\"},{\"@type\":\"ListItem\",\"position\":2,\"name\":\"Shop\",\"item\":\"https:\\\/\\\/concept05design.com\\\/shop\\\/\"},{\"@type\":\"ListItem\",\"position\":3,\"name\":\"Stardust\"}]},{\"@type\":\"WebSite\",\"@id\":\"https:\\\/\\\/concept05design.com\\\/en\\\/#website\",\"url\":\"https:\\\/\\\/concept05design.com\\\/en\\\/\",\"name\":\"Concept 05 Design\",\"description\":\"Du Concept \u00e0 la R\u00e9alit\u00e9 : Votre Vision, Notre Mission\",\"potentialAction\":[{\"@type\":\"SearchAction\",\"target\":{\"@type\":\"EntryPoint\",\"urlTemplate\":\"https:\\\/\\\/concept05design.com\\\/en\\\/?s={search_term_string}\"},\"query-input\":{\"@type\":\"PropertyValueSpecification\",\"valueRequired\":true,\"valueName\":\"search_term_string\"}}],\"inLanguage\":\"en-US\"}]}<\/script>\n<!-- \/ Yoast SEO plugin. -->","yoast_head_json":{"title":"Stardust - Concept 05 Design","robots":{"index":"index","follow":"follow","max-snippet":"max-snippet:-1","max-image-preview":"max-image-preview:large","max-video-preview":"max-video-preview:-1"},"canonical":"https:\/\/concept05design.com\/en\/produit\/stardust\/","og_locale":"en_US","og_type":"article","og_title":"Stardust - Concept 05 Design","og_description":"Available in 12 \"x24\" and 24 \"x24\" formats with a thickness of 9 mm, these matte-finish rectified tiles offer a clean, modern look. Perfect for floors or walls.   Size: 12\" x 24\" Rectified (RET.)   Thickness: 9mm  Finish: Matte (Mat) &nbsp;   Size: 24\" x 24\" Rectified (RET.)   Thickness: 9mm   Finish: Matte (Mat)","og_url":"https:\/\/concept05design.com\/en\/produit\/stardust\/","og_site_name":"Concept 05 Design","article_modified_time":"2025-07-17T17:36:24+00:00","og_image":[{"width":640,"height":640,"url":"https:\/\/concept05design.com\/wp-content\/uploads\/2025\/07\/advance-2-11.11.30-PM.png","type":"image\/png"}],"twitter_card":"summary_large_image","schema":{"@context":"https:\/\/schema.org","@graph":[{"@type":"WebPage","@id":"https:\/\/concept05design.com\/en\/produit\/stardust\/","url":"https:\/\/concept05design.com\/en\/produit\/stardust\/","name":"Stardust - Concept 05 Design","isPartOf":{"@id":"https:\/\/concept05design.com\/en\/#website"},"primaryImageOfPage":{"@id":"https:\/\/concept05design.com\/en\/produit\/stardust\/#primaryimage"},"image":{"@id":"https:\/\/concept05design.com\/en\/produit\/stardust\/#primaryimage"},"thumbnailUrl":"https:\/\/concept05design.com\/wp-content\/uploads\/2025\/07\/advance-2-11.11.30-PM.png","datePublished":"2025-07-12T03:21:53+00:00","dateModified":"2025-07-17T17:36:24+00:00","breadcrumb":{"@id":"https:\/\/concept05design.com\/en\/produit\/stardust\/#breadcrumb"},"inLanguage":"en-US","potentialAction":[{"@type":"ReadAction","target":["https:\/\/concept05design.com\/en\/produit\/stardust\/"]}]},{"@type":"ImageObject","inLanguage":"en-US","@id":"https:\/\/concept05design.com\/en\/produit\/stardust\/#primaryimage","url":"https:\/\/concept05design.com\/wp-content\/uploads\/2025\/07\/advance-2-11.11.30-PM.png","contentUrl":"https:\/\/concept05design.com\/wp-content\/uploads\/2025\/07\/advance-2-11.11.30-PM.png","width":640,"height":640},{"@type":"BreadcrumbList","@id":"https:\/\/concept05design.com\/en\/produit\/stardust\/#breadcrumb","itemListElement":[{"@type":"ListItem","position":1,"name":"Accueil","item":"https:\/\/concept05design.com\/en\/"},{"@type":"ListItem","position":2,"name":"Shop","item":"https:\/\/concept05design.com\/shop\/"},{"@type":"ListItem","position":3,"name":"Stardust"}]},{"@type":"WebSite","@id":"https:\/\/concept05design.com\/en\/#website","url":"https:\/\/concept05design.com\/en\/","name":"Concept 05 Design","description":"Du Concept \u00e0 la R\u00e9alit\u00e9 : Votre Vision, Notre Mission","potentialAction":[{"@type":"SearchAction","target":{"@type":"EntryPoint","urlTemplate":"https:\/\/concept05design.com\/en\/?s={search_term_string}"},"query-input":{"@type":"PropertyValueSpecification","valueRequired":true,"valueName":"search_term_string"}}],"inLanguage":"en-US"}]}},"_links":{"self":[{"href":"https:\/\/concept05design.com\/en\/wp-json\/wp\/v2\/product\/4987","targetHints":{"allow":["GET"]}}],"collection":[{"href":"https:\/\/concept05design.com\/en\/wp-json\/wp\/v2\/product"}],"about":[{"href":"https:\/\/concept05design.com\/en\/wp-json\/wp\/v2\/types\/product"}],"wp:featuredmedia":[{"embeddable":true,"href":"https:\/\/concept05design.com\/en\/wp-json\/wp\/v2\/media\/4978"}],"wp:attachment":[{"href":"https:\/\/concept05design.com\/en\/wp-json\/wp\/v2\/media?parent=4987"}],"wp:term":[{"taxonomy":"product_brand","embeddable":true,"href":"https:\/\/concept05design.com\/en\/wp-json\/wp\/v2\/product_brand?post=4987"},{"taxonomy":"product_cat","embeddable":true,"href":"https:\/\/concept05design.com\/en\/wp-json\/wp\/v2\/product_cat?post=4987"},{"taxonomy":"product_tag","embeddable":true,"href":"https:\/\/concept05design.com\/en\/wp-json\/wp\/v2\/product_tag?post=4987"}],"curies":[{"name":"wp","href":"https:\/\/api.w.org\/{rel}","templated":true}]}}