{"id":5017,"date":"2025-07-12T03:58:01","date_gmt":"2025-07-12T03:58:01","guid":{"rendered":"https:\/\/concept05design.com\/produit\/moonstone\/"},"modified":"2025-07-17T17:29:07","modified_gmt":"2025-07-17T17:29:07","slug":"moonstone","status":"publish","type":"product","link":"https:\/\/concept05design.com\/en\/produit\/moonstone\/","title":{"rendered":"Moonstone"},"content":{"rendered":"<table class=\"specs-table\">\n<thead>\n<tr>\n<th>Format<\/th>\n<th>24\u2033 \u00d7 24\u2033 (600 \u00d7 600 mm)<\/th>\n<\/tr>\n<\/thead>\n<tbody>\n<tr>\n<td>Dimensions<\/td>\n<td>9 mm \u00d7 600 mm \u00d7 600 mm (\u2153\u2033 \u00d7 24\u2033 \u00d7 24\u2033)<\/td>\n<\/tr>\n<tr>\n<td>Finish<\/td>\n<td>Matt<\/td>\n<\/tr>\n<tr>\n<td>Classification<\/td>\n<td>Glazed porcelain (ISO 13006 Annex G Group Bla)<\/td>\n<\/tr>\n<tr>\n<td>Application<\/td>\n<td>Floor<\/td>\n<\/tr>\n<tr>\n<td>Water absorption<\/td>\n<td>\u2264 0.5% (ISO 10545-3)<\/td>\n<\/tr>\n<tr>\n<td>Flexural strength<\/td>\n<td>\u2265 35N\/mm\u00b2 (ISO 10545-4)<\/td>\n<\/tr>\n<tr>\n<td>Frost resistance<\/td>\n<td>Resistant (ISO 10545-12)<\/td>\n<\/tr>\n<tr>\n<td>Chemical resistance<\/td>\n<td>A\/Min. B (ISO 10545-13) <\/td>\n<\/tr>\n<tr>\n<td>Slip resistance<\/td>\n<td>\u2265 0.42 DCOF \/ R10 DIN 51130<\/td>\n<\/tr>\n<tr>\n<td>Certifications<\/td>\n<td>EPD<\/td>\n<\/tr>\n<\/tbody>\n<\/table>\n","protected":false},"excerpt":{"rendered":"<p>This 24&#8243; x 24&#8243; rectified tile, with its 9-mm thickness and matte finish, brings modernity and elegance to any space. Its sober, refined surface adapts to different interior styles, offering durability and aesthetic appeal, ideal for residential or commercial floors or walls. <\/p>\n<ul>\n<li><strong data-start=\"41\" data-end=\"53\">Format:<\/strong> 24 inches by 24 inches<\/li>\n<li><strong data-start=\"80\" data-end=\"90\">Edge:<\/strong> Ground<\/li>\n<li><strong data-start=\"102\" data-end=\"117\">Thickness:<\/strong> 9 millimetres<\/li>\n<li><strong data-start=\"134\" data-end=\"148\">Finish:<\/strong> Matt<\/li>\n<\/ul>\n<p><img decoding=\"async\" class=\"alignnone wp-image-9326 size-full\" src=\"https:\/\/www.planchers1867.com\/wp-content\/uploads\/2019\/04\/24x24-picto.png\" alt=\"\" width=\"89\" height=\"90\"><\/p>\n<p><img decoding=\"async\" class=\"alignnone size-medium wp-image-9918\" src=\"https:\/\/www.planchers1867.com\/wp-content\/uploads\/2022\/08\/symbole-Apuan-300x34.png\" alt=\"\" width=\"300\" height=\"34\"><\/p>\n","protected":false},"featured_media":5010,"template":"","meta":[],"product_brand":[],"product_cat":[174,84],"product_tag":[],"class_list":{"0":"post-5017","1":"product","2":"type-product","3":"status-publish","4":"has-post-thumbnail","6":"product_cat-porcelain","7":"product_cat-porcelain-tile","9":"first","10":"instock","11":"shipping-taxable","12":"product-type-simple"},"yoast_head":"<!-- This site is optimized with the Yoast SEO plugin v27.6 - https:\/\/yoast.com\/product\/yoast-seo-wordpress\/ -->\n<title>Moonstone - Concept 05 Design<\/title>\n<meta name=\"robots\" content=\"index, follow, max-snippet:-1, max-image-preview:large, max-video-preview:-1\" \/>\n<link rel=\"canonical\" href=\"https:\/\/concept05design.com\/en\/produit\/moonstone\/\" \/>\n<meta property=\"og:locale\" content=\"en_US\" \/>\n<meta property=\"og:type\" content=\"article\" \/>\n<meta property=\"og:title\" content=\"Moonstone - Concept 05 Design\" \/>\n<meta property=\"og:description\" content=\"This 24&quot; x 24&quot; rectified tile, with its 9-mm thickness and matte finish, brings modernity and elegance to any space. Its sober, refined surface adapts to different interior styles, offering durability and aesthetic appeal, ideal for residential or commercial floors or walls.   Format: 24 inches by 24 inches  Edge: Ground  Thickness: 9 millimetres  Finish: Matt\" \/>\n<meta property=\"og:url\" content=\"https:\/\/concept05design.com\/en\/produit\/moonstone\/\" \/>\n<meta property=\"og:site_name\" content=\"Concept 05 Design\" \/>\n<meta property=\"article:modified_time\" content=\"2025-07-17T17:29:07+00:00\" \/>\n<meta property=\"og:image\" content=\"https:\/\/concept05design.com\/wp-content\/uploads\/2025\/07\/advance-2-4.png\" \/>\n\t<meta property=\"og:image:width\" content=\"640\" \/>\n\t<meta property=\"og:image:height\" content=\"640\" \/>\n\t<meta property=\"og:image:type\" content=\"image\/png\" \/>\n<meta name=\"twitter:card\" content=\"summary_large_image\" \/>\n<script type=\"application\/ld+json\" class=\"yoast-schema-graph\">{\"@context\":\"https:\\\/\\\/schema.org\",\"@graph\":[{\"@type\":\"WebPage\",\"@id\":\"https:\\\/\\\/concept05design.com\\\/en\\\/produit\\\/moonstone\\\/\",\"url\":\"https:\\\/\\\/concept05design.com\\\/en\\\/produit\\\/moonstone\\\/\",\"name\":\"Moonstone - Concept 05 Design\",\"isPartOf\":{\"@id\":\"https:\\\/\\\/concept05design.com\\\/en\\\/#website\"},\"primaryImageOfPage\":{\"@id\":\"https:\\\/\\\/concept05design.com\\\/en\\\/produit\\\/moonstone\\\/#primaryimage\"},\"image\":{\"@id\":\"https:\\\/\\\/concept05design.com\\\/en\\\/produit\\\/moonstone\\\/#primaryimage\"},\"thumbnailUrl\":\"https:\\\/\\\/concept05design.com\\\/wp-content\\\/uploads\\\/2025\\\/07\\\/advance-2-4.png\",\"datePublished\":\"2025-07-12T03:58:01+00:00\",\"dateModified\":\"2025-07-17T17:29:07+00:00\",\"breadcrumb\":{\"@id\":\"https:\\\/\\\/concept05design.com\\\/en\\\/produit\\\/moonstone\\\/#breadcrumb\"},\"inLanguage\":\"en-US\",\"potentialAction\":[{\"@type\":\"ReadAction\",\"target\":[\"https:\\\/\\\/concept05design.com\\\/en\\\/produit\\\/moonstone\\\/\"]}]},{\"@type\":\"ImageObject\",\"inLanguage\":\"en-US\",\"@id\":\"https:\\\/\\\/concept05design.com\\\/en\\\/produit\\\/moonstone\\\/#primaryimage\",\"url\":\"https:\\\/\\\/concept05design.com\\\/wp-content\\\/uploads\\\/2025\\\/07\\\/advance-2-4.png\",\"contentUrl\":\"https:\\\/\\\/concept05design.com\\\/wp-content\\\/uploads\\\/2025\\\/07\\\/advance-2-4.png\",\"width\":640,\"height\":640},{\"@type\":\"BreadcrumbList\",\"@id\":\"https:\\\/\\\/concept05design.com\\\/en\\\/produit\\\/moonstone\\\/#breadcrumb\",\"itemListElement\":[{\"@type\":\"ListItem\",\"position\":1,\"name\":\"Accueil\",\"item\":\"https:\\\/\\\/concept05design.com\\\/en\\\/\"},{\"@type\":\"ListItem\",\"position\":2,\"name\":\"Shop\",\"item\":\"https:\\\/\\\/concept05design.com\\\/shop\\\/\"},{\"@type\":\"ListItem\",\"position\":3,\"name\":\"Moonstone\"}]},{\"@type\":\"WebSite\",\"@id\":\"https:\\\/\\\/concept05design.com\\\/en\\\/#website\",\"url\":\"https:\\\/\\\/concept05design.com\\\/en\\\/\",\"name\":\"Concept 05 Design\",\"description\":\"Du Concept \u00e0 la R\u00e9alit\u00e9 : Votre Vision, Notre Mission\",\"potentialAction\":[{\"@type\":\"SearchAction\",\"target\":{\"@type\":\"EntryPoint\",\"urlTemplate\":\"https:\\\/\\\/concept05design.com\\\/en\\\/?s={search_term_string}\"},\"query-input\":{\"@type\":\"PropertyValueSpecification\",\"valueRequired\":true,\"valueName\":\"search_term_string\"}}],\"inLanguage\":\"en-US\"}]}<\/script>\n<!-- \/ Yoast SEO plugin. -->","yoast_head_json":{"title":"Moonstone - Concept 05 Design","robots":{"index":"index","follow":"follow","max-snippet":"max-snippet:-1","max-image-preview":"max-image-preview:large","max-video-preview":"max-video-preview:-1"},"canonical":"https:\/\/concept05design.com\/en\/produit\/moonstone\/","og_locale":"en_US","og_type":"article","og_title":"Moonstone - Concept 05 Design","og_description":"This 24\" x 24\" rectified tile, with its 9-mm thickness and matte finish, brings modernity and elegance to any space. Its sober, refined surface adapts to different interior styles, offering durability and aesthetic appeal, ideal for residential or commercial floors or walls.   Format: 24 inches by 24 inches  Edge: Ground  Thickness: 9 millimetres  Finish: Matt","og_url":"https:\/\/concept05design.com\/en\/produit\/moonstone\/","og_site_name":"Concept 05 Design","article_modified_time":"2025-07-17T17:29:07+00:00","og_image":[{"width":640,"height":640,"url":"https:\/\/concept05design.com\/wp-content\/uploads\/2025\/07\/advance-2-4.png","type":"image\/png"}],"twitter_card":"summary_large_image","schema":{"@context":"https:\/\/schema.org","@graph":[{"@type":"WebPage","@id":"https:\/\/concept05design.com\/en\/produit\/moonstone\/","url":"https:\/\/concept05design.com\/en\/produit\/moonstone\/","name":"Moonstone - Concept 05 Design","isPartOf":{"@id":"https:\/\/concept05design.com\/en\/#website"},"primaryImageOfPage":{"@id":"https:\/\/concept05design.com\/en\/produit\/moonstone\/#primaryimage"},"image":{"@id":"https:\/\/concept05design.com\/en\/produit\/moonstone\/#primaryimage"},"thumbnailUrl":"https:\/\/concept05design.com\/wp-content\/uploads\/2025\/07\/advance-2-4.png","datePublished":"2025-07-12T03:58:01+00:00","dateModified":"2025-07-17T17:29:07+00:00","breadcrumb":{"@id":"https:\/\/concept05design.com\/en\/produit\/moonstone\/#breadcrumb"},"inLanguage":"en-US","potentialAction":[{"@type":"ReadAction","target":["https:\/\/concept05design.com\/en\/produit\/moonstone\/"]}]},{"@type":"ImageObject","inLanguage":"en-US","@id":"https:\/\/concept05design.com\/en\/produit\/moonstone\/#primaryimage","url":"https:\/\/concept05design.com\/wp-content\/uploads\/2025\/07\/advance-2-4.png","contentUrl":"https:\/\/concept05design.com\/wp-content\/uploads\/2025\/07\/advance-2-4.png","width":640,"height":640},{"@type":"BreadcrumbList","@id":"https:\/\/concept05design.com\/en\/produit\/moonstone\/#breadcrumb","itemListElement":[{"@type":"ListItem","position":1,"name":"Accueil","item":"https:\/\/concept05design.com\/en\/"},{"@type":"ListItem","position":2,"name":"Shop","item":"https:\/\/concept05design.com\/shop\/"},{"@type":"ListItem","position":3,"name":"Moonstone"}]},{"@type":"WebSite","@id":"https:\/\/concept05design.com\/en\/#website","url":"https:\/\/concept05design.com\/en\/","name":"Concept 05 Design","description":"Du Concept \u00e0 la R\u00e9alit\u00e9 : Votre Vision, Notre Mission","potentialAction":[{"@type":"SearchAction","target":{"@type":"EntryPoint","urlTemplate":"https:\/\/concept05design.com\/en\/?s={search_term_string}"},"query-input":{"@type":"PropertyValueSpecification","valueRequired":true,"valueName":"search_term_string"}}],"inLanguage":"en-US"}]}},"_links":{"self":[{"href":"https:\/\/concept05design.com\/en\/wp-json\/wp\/v2\/product\/5017","targetHints":{"allow":["GET"]}}],"collection":[{"href":"https:\/\/concept05design.com\/en\/wp-json\/wp\/v2\/product"}],"about":[{"href":"https:\/\/concept05design.com\/en\/wp-json\/wp\/v2\/types\/product"}],"wp:featuredmedia":[{"embeddable":true,"href":"https:\/\/concept05design.com\/en\/wp-json\/wp\/v2\/media\/5010"}],"wp:attachment":[{"href":"https:\/\/concept05design.com\/en\/wp-json\/wp\/v2\/media?parent=5017"}],"wp:term":[{"taxonomy":"product_brand","embeddable":true,"href":"https:\/\/concept05design.com\/en\/wp-json\/wp\/v2\/product_brand?post=5017"},{"taxonomy":"product_cat","embeddable":true,"href":"https:\/\/concept05design.com\/en\/wp-json\/wp\/v2\/product_cat?post=5017"},{"taxonomy":"product_tag","embeddable":true,"href":"https:\/\/concept05design.com\/en\/wp-json\/wp\/v2\/product_tag?post=5017"}],"curies":[{"name":"wp","href":"https:\/\/api.w.org\/{rel}","templated":true}]}}