{"id":5045,"date":"2025-07-12T04:37:20","date_gmt":"2025-07-12T04:37:20","guid":{"rendered":"https:\/\/concept05design.com\/produit\/omniform\/"},"modified":"2025-07-17T15:58:41","modified_gmt":"2025-07-17T15:58:41","slug":"omniform","status":"publish","type":"product","link":"https:\/\/concept05design.com\/en\/produit\/omniform\/","title":{"rendered":"Omniform"},"content":{"rendered":"<table class=\"specs-table\">\n<thead>\n<tr>\n<th>Format<\/th>\n<th>12\u2033 \u00d7 24\u2033 (300 \u00d7 600 mm)<\/th>\n<th>24\u2033 \u00d7 24\u2033 (600 \u00d7 600 mm)<\/th>\n<\/tr>\n<\/thead>\n<tbody>\n<tr>\n<td>Dimensions<\/td>\n<td>9 mm \u00d7 300 mm \u00d7 600 mm (\u2153\u2033 \u00d7 12\u2033 \u00d7 24\u2033)<\/td>\n<td>9 mm \u00d7 600 mm \u00d7 600 mm (\u2153\u2033 \u00d7 24\u2033 \u00d7 24\u2033)<\/td>\n<\/tr>\n<tr>\n<td>Finish<\/td>\n<td colspan=\"2\">Matt<\/td>\n<\/tr>\n<tr>\n<td>Classification<\/td>\n<td colspan=\"2\">Porcelain stoneware<\/td>\n<\/tr>\n<tr>\n<td>Application<\/td>\n<td colspan=\"2\">Floor<\/td>\n<\/tr>\n<tr>\n<td>Water absorption<\/td>\n<td colspan=\"2\">2.2% (ISO 10545-3)<\/td>\n<\/tr>\n<tr>\n<td>Breaking force<\/td>\n<td colspan=\"2\">1883N<\/td>\n<\/tr>\n<tr>\n<td>Flexural strength<\/td>\n<td colspan=\"2\">37N\/mm\u00b2 (ISO 10545-4)<\/td>\n<\/tr>\n<tr>\n<td>Frost resistance<\/td>\n<td colspan=\"2\">Resistant (ISO 10545-12)<\/td>\n<\/tr>\n<tr>\n<td>Chemical resistance<\/td>\n<td colspan=\"2\">GA\/GLA (ISO 10545-13)<\/td>\n<\/tr>\n<tr>\n<td>Slip resistance<\/td>\n<td colspan=\"2\">0.59 DCOF \/ R9 DIN 51130<\/td>\n<\/tr>\n<\/tbody>\n<\/table>\n","protected":false},"excerpt":{"rendered":"<p>These rectified tiles in 12&#8243; x 24&#8243; and 24&#8243; x 24&#8243; formats, with a 9-mm thickness and matte finish, offer a sleek, modern look. Their matte surface sublimates floors and walls, bringing elegance and sobriety, ideal for all types of interior spaces. <\/p>\n<ul>\n<li data-start=\"53\" data-end=\"167\"><strong data-start=\"53\" data-end=\"65\">Format:<\/strong> 24 inches by 24 inches<\/li>\n<li data-start=\"53\" data-end=\"167\"><strong data-start=\"92\" data-end=\"102\">Edge:<\/strong> Ground<\/li>\n<li data-start=\"53\" data-end=\"167\"><strong data-start=\"114\" data-end=\"129\" data-is-only-node=\"\">Thickness:<\/strong> 9 millimetres<\/li>\n<li data-start=\"53\" data-end=\"167\"><strong data-start=\"146\" data-end=\"160\">Finish:<\/strong> Matt<\/li>\n<\/ul>\n<hr data-start=\"169\" data-end=\"172\">\n<ul>\n<li data-start=\"174\" data-end=\"266\"><strong data-start=\"174\" data-end=\"186\">Format:<\/strong> 12 inches by 24 inches<\/li>\n<li data-start=\"174\" data-end=\"266\"><strong data-start=\"213\" data-end=\"223\">Edge:<\/strong> Ground<\/li>\n<li data-start=\"174\" data-end=\"266\"><strong data-start=\"235\" data-end=\"250\" data-is-only-node=\"\">Thickness:<\/strong> 9 millimetres<\/li>\n<li><strong data-start=\"146\" data-end=\"160\">Finish:<\/strong> Matt<\/li>\n<\/ul>\n<p><img decoding=\"async\" class=\"alignnone size-full wp-image-5470\" src=\"https:\/\/www.planchers1867.com\/wp-content\/uploads\/2019\/04\/delicato-format-icons.png\" alt=\"\" width=\"360\" height=\"59\"><\/p>\n<p><img decoding=\"async\" class=\"alignnone size-medium wp-image-9918\" src=\"https:\/\/www.planchers1867.com\/wp-content\/uploads\/2022\/08\/symbole-Apuan-300x34.png\" alt=\"\" width=\"300\" height=\"34\"><\/p>\n","protected":false},"featured_media":5036,"template":"","meta":[],"product_brand":[],"product_cat":[174,84],"product_tag":[],"class_list":{"0":"post-5045","1":"product","2":"type-product","3":"status-publish","4":"has-post-thumbnail","6":"product_cat-porcelain","7":"product_cat-porcelain-tile","9":"first","10":"instock","11":"shipping-taxable","12":"product-type-simple"},"yoast_head":"<!-- This site is optimized with the Yoast SEO plugin v27.6 - https:\/\/yoast.com\/product\/yoast-seo-wordpress\/ -->\n<title>Omniform - Concept 05 Design<\/title>\n<meta name=\"robots\" content=\"index, follow, max-snippet:-1, max-image-preview:large, max-video-preview:-1\" \/>\n<link rel=\"canonical\" href=\"https:\/\/concept05design.com\/en\/produit\/omniform\/\" \/>\n<meta property=\"og:locale\" content=\"en_US\" \/>\n<meta property=\"og:type\" content=\"article\" \/>\n<meta property=\"og:title\" content=\"Omniform - Concept 05 Design\" \/>\n<meta property=\"og:description\" content=\"These rectified tiles in 12&quot; x 24&quot; and 24&quot; x 24&quot; formats, with a 9-mm thickness and matte finish, offer a sleek, modern look. Their matte surface sublimates floors and walls, bringing elegance and sobriety, ideal for all types of interior spaces.   Format: 24 inches by 24 inches  Edge: Ground  Thickness: 9 millimetres  Finish: Matt    Format: 12 inches by 24 inches  Edge: Ground  Thickness: 9 millimetres  Finish: Matt\" \/>\n<meta property=\"og:url\" content=\"https:\/\/concept05design.com\/en\/produit\/omniform\/\" \/>\n<meta property=\"og:site_name\" content=\"Concept 05 Design\" \/>\n<meta property=\"article:modified_time\" content=\"2025-07-17T15:58:41+00:00\" \/>\n<meta property=\"og:image\" content=\"https:\/\/concept05design.com\/wp-content\/uploads\/2025\/07\/advance-2-copy-3-4.png\" \/>\n\t<meta property=\"og:image:width\" content=\"640\" \/>\n\t<meta property=\"og:image:height\" content=\"640\" \/>\n\t<meta property=\"og:image:type\" content=\"image\/png\" \/>\n<meta name=\"twitter:card\" content=\"summary_large_image\" \/>\n<script type=\"application\/ld+json\" class=\"yoast-schema-graph\">{\"@context\":\"https:\\\/\\\/schema.org\",\"@graph\":[{\"@type\":\"WebPage\",\"@id\":\"https:\\\/\\\/concept05design.com\\\/en\\\/produit\\\/omniform\\\/\",\"url\":\"https:\\\/\\\/concept05design.com\\\/en\\\/produit\\\/omniform\\\/\",\"name\":\"Omniform - Concept 05 Design\",\"isPartOf\":{\"@id\":\"https:\\\/\\\/concept05design.com\\\/en\\\/#website\"},\"primaryImageOfPage\":{\"@id\":\"https:\\\/\\\/concept05design.com\\\/en\\\/produit\\\/omniform\\\/#primaryimage\"},\"image\":{\"@id\":\"https:\\\/\\\/concept05design.com\\\/en\\\/produit\\\/omniform\\\/#primaryimage\"},\"thumbnailUrl\":\"https:\\\/\\\/concept05design.com\\\/wp-content\\\/uploads\\\/2025\\\/07\\\/advance-2-copy-3-4.png\",\"datePublished\":\"2025-07-12T04:37:20+00:00\",\"dateModified\":\"2025-07-17T15:58:41+00:00\",\"breadcrumb\":{\"@id\":\"https:\\\/\\\/concept05design.com\\\/en\\\/produit\\\/omniform\\\/#breadcrumb\"},\"inLanguage\":\"en-US\",\"potentialAction\":[{\"@type\":\"ReadAction\",\"target\":[\"https:\\\/\\\/concept05design.com\\\/en\\\/produit\\\/omniform\\\/\"]}]},{\"@type\":\"ImageObject\",\"inLanguage\":\"en-US\",\"@id\":\"https:\\\/\\\/concept05design.com\\\/en\\\/produit\\\/omniform\\\/#primaryimage\",\"url\":\"https:\\\/\\\/concept05design.com\\\/wp-content\\\/uploads\\\/2025\\\/07\\\/advance-2-copy-3-4.png\",\"contentUrl\":\"https:\\\/\\\/concept05design.com\\\/wp-content\\\/uploads\\\/2025\\\/07\\\/advance-2-copy-3-4.png\",\"width\":640,\"height\":640},{\"@type\":\"BreadcrumbList\",\"@id\":\"https:\\\/\\\/concept05design.com\\\/en\\\/produit\\\/omniform\\\/#breadcrumb\",\"itemListElement\":[{\"@type\":\"ListItem\",\"position\":1,\"name\":\"Accueil\",\"item\":\"https:\\\/\\\/concept05design.com\\\/en\\\/\"},{\"@type\":\"ListItem\",\"position\":2,\"name\":\"Shop\",\"item\":\"https:\\\/\\\/concept05design.com\\\/shop\\\/\"},{\"@type\":\"ListItem\",\"position\":3,\"name\":\"Omniform\"}]},{\"@type\":\"WebSite\",\"@id\":\"https:\\\/\\\/concept05design.com\\\/en\\\/#website\",\"url\":\"https:\\\/\\\/concept05design.com\\\/en\\\/\",\"name\":\"Concept 05 Design\",\"description\":\"Du Concept \u00e0 la R\u00e9alit\u00e9 : Votre Vision, Notre Mission\",\"potentialAction\":[{\"@type\":\"SearchAction\",\"target\":{\"@type\":\"EntryPoint\",\"urlTemplate\":\"https:\\\/\\\/concept05design.com\\\/en\\\/?s={search_term_string}\"},\"query-input\":{\"@type\":\"PropertyValueSpecification\",\"valueRequired\":true,\"valueName\":\"search_term_string\"}}],\"inLanguage\":\"en-US\"}]}<\/script>\n<!-- \/ Yoast SEO plugin. -->","yoast_head_json":{"title":"Omniform - Concept 05 Design","robots":{"index":"index","follow":"follow","max-snippet":"max-snippet:-1","max-image-preview":"max-image-preview:large","max-video-preview":"max-video-preview:-1"},"canonical":"https:\/\/concept05design.com\/en\/produit\/omniform\/","og_locale":"en_US","og_type":"article","og_title":"Omniform - Concept 05 Design","og_description":"These rectified tiles in 12\" x 24\" and 24\" x 24\" formats, with a 9-mm thickness and matte finish, offer a sleek, modern look. Their matte surface sublimates floors and walls, bringing elegance and sobriety, ideal for all types of interior spaces.   Format: 24 inches by 24 inches  Edge: Ground  Thickness: 9 millimetres  Finish: Matt    Format: 12 inches by 24 inches  Edge: Ground  Thickness: 9 millimetres  Finish: Matt","og_url":"https:\/\/concept05design.com\/en\/produit\/omniform\/","og_site_name":"Concept 05 Design","article_modified_time":"2025-07-17T15:58:41+00:00","og_image":[{"width":640,"height":640,"url":"https:\/\/concept05design.com\/wp-content\/uploads\/2025\/07\/advance-2-copy-3-4.png","type":"image\/png"}],"twitter_card":"summary_large_image","schema":{"@context":"https:\/\/schema.org","@graph":[{"@type":"WebPage","@id":"https:\/\/concept05design.com\/en\/produit\/omniform\/","url":"https:\/\/concept05design.com\/en\/produit\/omniform\/","name":"Omniform - Concept 05 Design","isPartOf":{"@id":"https:\/\/concept05design.com\/en\/#website"},"primaryImageOfPage":{"@id":"https:\/\/concept05design.com\/en\/produit\/omniform\/#primaryimage"},"image":{"@id":"https:\/\/concept05design.com\/en\/produit\/omniform\/#primaryimage"},"thumbnailUrl":"https:\/\/concept05design.com\/wp-content\/uploads\/2025\/07\/advance-2-copy-3-4.png","datePublished":"2025-07-12T04:37:20+00:00","dateModified":"2025-07-17T15:58:41+00:00","breadcrumb":{"@id":"https:\/\/concept05design.com\/en\/produit\/omniform\/#breadcrumb"},"inLanguage":"en-US","potentialAction":[{"@type":"ReadAction","target":["https:\/\/concept05design.com\/en\/produit\/omniform\/"]}]},{"@type":"ImageObject","inLanguage":"en-US","@id":"https:\/\/concept05design.com\/en\/produit\/omniform\/#primaryimage","url":"https:\/\/concept05design.com\/wp-content\/uploads\/2025\/07\/advance-2-copy-3-4.png","contentUrl":"https:\/\/concept05design.com\/wp-content\/uploads\/2025\/07\/advance-2-copy-3-4.png","width":640,"height":640},{"@type":"BreadcrumbList","@id":"https:\/\/concept05design.com\/en\/produit\/omniform\/#breadcrumb","itemListElement":[{"@type":"ListItem","position":1,"name":"Accueil","item":"https:\/\/concept05design.com\/en\/"},{"@type":"ListItem","position":2,"name":"Shop","item":"https:\/\/concept05design.com\/shop\/"},{"@type":"ListItem","position":3,"name":"Omniform"}]},{"@type":"WebSite","@id":"https:\/\/concept05design.com\/en\/#website","url":"https:\/\/concept05design.com\/en\/","name":"Concept 05 Design","description":"Du Concept \u00e0 la R\u00e9alit\u00e9 : Votre Vision, Notre Mission","potentialAction":[{"@type":"SearchAction","target":{"@type":"EntryPoint","urlTemplate":"https:\/\/concept05design.com\/en\/?s={search_term_string}"},"query-input":{"@type":"PropertyValueSpecification","valueRequired":true,"valueName":"search_term_string"}}],"inLanguage":"en-US"}]}},"_links":{"self":[{"href":"https:\/\/concept05design.com\/en\/wp-json\/wp\/v2\/product\/5045","targetHints":{"allow":["GET"]}}],"collection":[{"href":"https:\/\/concept05design.com\/en\/wp-json\/wp\/v2\/product"}],"about":[{"href":"https:\/\/concept05design.com\/en\/wp-json\/wp\/v2\/types\/product"}],"wp:featuredmedia":[{"embeddable":true,"href":"https:\/\/concept05design.com\/en\/wp-json\/wp\/v2\/media\/5036"}],"wp:attachment":[{"href":"https:\/\/concept05design.com\/en\/wp-json\/wp\/v2\/media?parent=5045"}],"wp:term":[{"taxonomy":"product_brand","embeddable":true,"href":"https:\/\/concept05design.com\/en\/wp-json\/wp\/v2\/product_brand?post=5045"},{"taxonomy":"product_cat","embeddable":true,"href":"https:\/\/concept05design.com\/en\/wp-json\/wp\/v2\/product_cat?post=5045"},{"taxonomy":"product_tag","embeddable":true,"href":"https:\/\/concept05design.com\/en\/wp-json\/wp\/v2\/product_tag?post=5045"}],"curies":[{"name":"wp","href":"https:\/\/api.w.org\/{rel}","templated":true}]}}