{"id":5467,"date":"2025-07-21T18:02:45","date_gmt":"2025-07-21T18:02:45","guid":{"rendered":"https:\/\/concept05design.com\/produit\/hmr400\/"},"modified":"2025-07-23T15:58:30","modified_gmt":"2025-07-23T15:58:30","slug":"hmr400","status":"publish","type":"product","link":"https:\/\/concept05design.com\/en\/produit\/hmr400\/","title":{"rendered":"UNO HMR400"},"content":{"rendered":"<p data-start=\"360\" data-end=\"394\"><strong data-start=\"360\" data-end=\"394\">Main features :<\/strong><\/p>\n<ul data-start=\"396\" data-end=\"896\">\n<li data-start=\"396\" data-end=\"457\">\n<p data-start=\"398\" data-end=\"457\"><strong data-start=\"398\" data-end=\"422\">304 stainless steel<\/strong>: High-quality material<\/p>\n<\/li>\n<li data-start=\"458\" data-end=\"517\">\n<p data-start=\"460\" data-end=\"517\"><strong data-start=\"460\" data-end=\"474\">Calibre 16<\/strong>: Thickness for optimum strength<\/p>\n<\/li>\n<li data-start=\"518\" data-end=\"578\">\n<p data-start=\"520\" data-end=\"578\"><strong data-start=\"520\" data-end=\"546\">Handcrafted<\/strong>: Precise, meticulous finish<\/p>\n<\/li>\n<li data-start=\"579\" data-end=\"640\">\n<p data-start=\"581\" data-end=\"640\"><strong data-start=\"581\" data-end=\"602\">Timeless design<\/strong>: Elegance through the ages<\/p>\n<\/li>\n<li data-start=\"641\" data-end=\"704\">\n<p data-start=\"643\" data-end=\"704\"><strong data-start=\"643\" data-end=\"661\">PVD coating<\/strong>: Protection and high-end aesthetics<\/p>\n<\/li>\n<li data-start=\"705\" data-end=\"735\">\n<p data-start=\"707\" data-end=\"735\"><strong data-start=\"707\" data-end=\"733\">Basin drain included<\/strong><\/p>\n<\/li>\n<li data-start=\"736\" data-end=\"779\">\n<p data-start=\"738\" data-end=\"779\"><strong data-start=\"738\" data-end=\"777\">Superior resistance to oxidation<\/strong><\/p>\n<\/li>\n<li data-start=\"780\" data-end=\"834\">\n<p data-start=\"782\" data-end=\"834\"><strong data-start=\"782\" data-end=\"811\">Antibacterial properties<\/strong>: Promotes hygiene<\/p>\n<\/li>\n<li data-start=\"835\" data-end=\"896\">\n<p data-start=\"837\" data-end=\"896\"><strong data-start=\"837\" data-end=\"855\">Rounded corners<\/strong>: easy care and soft appearance<\/p>\n<\/li>\n<\/ul>\n","protected":false},"excerpt":{"rendered":"<p data-start=\"86\" data-end=\"358\">The <strong data-start=\"120\" data-end=\"134\">HMR400 UNO<\/strong> basin is made from 16-gauge stainless steel, offering unrivalled strength and durability. Available in three colors, it blends in perfectly with your bathroom while adding a touch of modernity.<\/p>\n<p data-start=\"898\" data-end=\"991\" data-is-last-node=\"\" data-is-only-node=\"\">Combining durability and design, this basin is ideal for refined, modern furnishings.<\/p>\n","protected":false},"featured_media":5460,"template":"","meta":[],"product_brand":[],"product_cat":[418,421,422],"product_tag":[],"class_list":{"0":"post-5467","1":"product","2":"type-product","3":"status-publish","4":"has-post-thumbnail","6":"product_cat-bathroom","7":"product_cat-sink-bathroom","8":"product_cat-uno-sink-bathroom","10":"first","11":"instock","12":"shipping-taxable","13":"product-type-simple"},"yoast_head":"<!-- This site is optimized with the Yoast SEO plugin v27.4 - https:\/\/yoast.com\/product\/yoast-seo-wordpress\/ -->\n<title>UNO HMR400 - Concept 05 Design<\/title>\n<meta name=\"robots\" content=\"index, follow, max-snippet:-1, max-image-preview:large, max-video-preview:-1\" \/>\n<link rel=\"canonical\" href=\"https:\/\/concept05design.com\/en\/produit\/hmr400\/\" \/>\n<meta property=\"og:locale\" content=\"en_US\" \/>\n<meta property=\"og:type\" content=\"article\" \/>\n<meta property=\"og:title\" content=\"UNO HMR400 - Concept 05 Design\" \/>\n<meta property=\"og:description\" content=\"The HMR400 UNO basin is made from 16-gauge stainless steel, offering unrivalled strength and durability. Available in three colors, it blends in perfectly with your bathroom while adding a touch of modernity. Combining durability and design, this basin is ideal for refined, modern furnishings.\" \/>\n<meta property=\"og:url\" content=\"https:\/\/concept05design.com\/en\/produit\/hmr400\/\" \/>\n<meta property=\"og:site_name\" content=\"Concept 05 Design\" \/>\n<meta property=\"article:modified_time\" content=\"2025-07-23T15:58:30+00:00\" \/>\n<meta property=\"og:image\" content=\"https:\/\/concept05design.com\/wp-content\/uploads\/2025\/07\/Baia16-calibre16-HMR400B.webp\" \/>\n\t<meta property=\"og:image:width\" content=\"823\" \/>\n\t<meta property=\"og:image:height\" content=\"823\" \/>\n\t<meta property=\"og:image:type\" content=\"image\/webp\" \/>\n<meta name=\"twitter:card\" content=\"summary_large_image\" \/>\n<meta name=\"twitter:label1\" content=\"Est. reading time\" \/>\n\t<meta name=\"twitter:data1\" content=\"1 minute\" \/>\n<script type=\"application\/ld+json\" class=\"yoast-schema-graph\">{\"@context\":\"https:\\\/\\\/schema.org\",\"@graph\":[{\"@type\":\"WebPage\",\"@id\":\"https:\\\/\\\/concept05design.com\\\/en\\\/produit\\\/hmr400\\\/\",\"url\":\"https:\\\/\\\/concept05design.com\\\/en\\\/produit\\\/hmr400\\\/\",\"name\":\"UNO HMR400 - Concept 05 Design\",\"isPartOf\":{\"@id\":\"https:\\\/\\\/concept05design.com\\\/en\\\/#website\"},\"primaryImageOfPage\":{\"@id\":\"https:\\\/\\\/concept05design.com\\\/en\\\/produit\\\/hmr400\\\/#primaryimage\"},\"image\":{\"@id\":\"https:\\\/\\\/concept05design.com\\\/en\\\/produit\\\/hmr400\\\/#primaryimage\"},\"thumbnailUrl\":\"https:\\\/\\\/concept05design.com\\\/wp-content\\\/uploads\\\/2025\\\/07\\\/Baia16-calibre16-HMR400B.webp\",\"datePublished\":\"2025-07-21T18:02:45+00:00\",\"dateModified\":\"2025-07-23T15:58:30+00:00\",\"breadcrumb\":{\"@id\":\"https:\\\/\\\/concept05design.com\\\/en\\\/produit\\\/hmr400\\\/#breadcrumb\"},\"inLanguage\":\"en-US\",\"potentialAction\":[{\"@type\":\"ReadAction\",\"target\":[\"https:\\\/\\\/concept05design.com\\\/en\\\/produit\\\/hmr400\\\/\"]}]},{\"@type\":\"ImageObject\",\"inLanguage\":\"en-US\",\"@id\":\"https:\\\/\\\/concept05design.com\\\/en\\\/produit\\\/hmr400\\\/#primaryimage\",\"url\":\"https:\\\/\\\/concept05design.com\\\/wp-content\\\/uploads\\\/2025\\\/07\\\/Baia16-calibre16-HMR400B.webp\",\"contentUrl\":\"https:\\\/\\\/concept05design.com\\\/wp-content\\\/uploads\\\/2025\\\/07\\\/Baia16-calibre16-HMR400B.webp\",\"width\":823,\"height\":823},{\"@type\":\"BreadcrumbList\",\"@id\":\"https:\\\/\\\/concept05design.com\\\/en\\\/produit\\\/hmr400\\\/#breadcrumb\",\"itemListElement\":[{\"@type\":\"ListItem\",\"position\":1,\"name\":\"Accueil\",\"item\":\"https:\\\/\\\/concept05design.com\\\/en\\\/\"},{\"@type\":\"ListItem\",\"position\":2,\"name\":\"Shop\",\"item\":\"https:\\\/\\\/concept05design.com\\\/shop\\\/\"},{\"@type\":\"ListItem\",\"position\":3,\"name\":\"UNO HMR400\"}]},{\"@type\":\"WebSite\",\"@id\":\"https:\\\/\\\/concept05design.com\\\/en\\\/#website\",\"url\":\"https:\\\/\\\/concept05design.com\\\/en\\\/\",\"name\":\"Concept 05 Design\",\"description\":\"Du Concept \u00e0 la R\u00e9alit\u00e9 : Votre Vision, Notre Mission\",\"potentialAction\":[{\"@type\":\"SearchAction\",\"target\":{\"@type\":\"EntryPoint\",\"urlTemplate\":\"https:\\\/\\\/concept05design.com\\\/en\\\/?s={search_term_string}\"},\"query-input\":{\"@type\":\"PropertyValueSpecification\",\"valueRequired\":true,\"valueName\":\"search_term_string\"}}],\"inLanguage\":\"en-US\"}]}<\/script>\n<!-- \/ Yoast SEO plugin. -->","yoast_head_json":{"title":"UNO HMR400 - Concept 05 Design","robots":{"index":"index","follow":"follow","max-snippet":"max-snippet:-1","max-image-preview":"max-image-preview:large","max-video-preview":"max-video-preview:-1"},"canonical":"https:\/\/concept05design.com\/en\/produit\/hmr400\/","og_locale":"en_US","og_type":"article","og_title":"UNO HMR400 - Concept 05 Design","og_description":"The HMR400 UNO basin is made from 16-gauge stainless steel, offering unrivalled strength and durability. Available in three colors, it blends in perfectly with your bathroom while adding a touch of modernity. Combining durability and design, this basin is ideal for refined, modern furnishings.","og_url":"https:\/\/concept05design.com\/en\/produit\/hmr400\/","og_site_name":"Concept 05 Design","article_modified_time":"2025-07-23T15:58:30+00:00","og_image":[{"width":823,"height":823,"url":"https:\/\/concept05design.com\/wp-content\/uploads\/2025\/07\/Baia16-calibre16-HMR400B.webp","type":"image\/webp"}],"twitter_card":"summary_large_image","twitter_misc":{"Est. reading time":"1 minute"},"schema":{"@context":"https:\/\/schema.org","@graph":[{"@type":"WebPage","@id":"https:\/\/concept05design.com\/en\/produit\/hmr400\/","url":"https:\/\/concept05design.com\/en\/produit\/hmr400\/","name":"UNO HMR400 - Concept 05 Design","isPartOf":{"@id":"https:\/\/concept05design.com\/en\/#website"},"primaryImageOfPage":{"@id":"https:\/\/concept05design.com\/en\/produit\/hmr400\/#primaryimage"},"image":{"@id":"https:\/\/concept05design.com\/en\/produit\/hmr400\/#primaryimage"},"thumbnailUrl":"https:\/\/concept05design.com\/wp-content\/uploads\/2025\/07\/Baia16-calibre16-HMR400B.webp","datePublished":"2025-07-21T18:02:45+00:00","dateModified":"2025-07-23T15:58:30+00:00","breadcrumb":{"@id":"https:\/\/concept05design.com\/en\/produit\/hmr400\/#breadcrumb"},"inLanguage":"en-US","potentialAction":[{"@type":"ReadAction","target":["https:\/\/concept05design.com\/en\/produit\/hmr400\/"]}]},{"@type":"ImageObject","inLanguage":"en-US","@id":"https:\/\/concept05design.com\/en\/produit\/hmr400\/#primaryimage","url":"https:\/\/concept05design.com\/wp-content\/uploads\/2025\/07\/Baia16-calibre16-HMR400B.webp","contentUrl":"https:\/\/concept05design.com\/wp-content\/uploads\/2025\/07\/Baia16-calibre16-HMR400B.webp","width":823,"height":823},{"@type":"BreadcrumbList","@id":"https:\/\/concept05design.com\/en\/produit\/hmr400\/#breadcrumb","itemListElement":[{"@type":"ListItem","position":1,"name":"Accueil","item":"https:\/\/concept05design.com\/en\/"},{"@type":"ListItem","position":2,"name":"Shop","item":"https:\/\/concept05design.com\/shop\/"},{"@type":"ListItem","position":3,"name":"UNO HMR400"}]},{"@type":"WebSite","@id":"https:\/\/concept05design.com\/en\/#website","url":"https:\/\/concept05design.com\/en\/","name":"Concept 05 Design","description":"Du Concept \u00e0 la R\u00e9alit\u00e9 : Votre Vision, Notre Mission","potentialAction":[{"@type":"SearchAction","target":{"@type":"EntryPoint","urlTemplate":"https:\/\/concept05design.com\/en\/?s={search_term_string}"},"query-input":{"@type":"PropertyValueSpecification","valueRequired":true,"valueName":"search_term_string"}}],"inLanguage":"en-US"}]}},"_links":{"self":[{"href":"https:\/\/concept05design.com\/en\/wp-json\/wp\/v2\/product\/5467","targetHints":{"allow":["GET"]}}],"collection":[{"href":"https:\/\/concept05design.com\/en\/wp-json\/wp\/v2\/product"}],"about":[{"href":"https:\/\/concept05design.com\/en\/wp-json\/wp\/v2\/types\/product"}],"wp:featuredmedia":[{"embeddable":true,"href":"https:\/\/concept05design.com\/en\/wp-json\/wp\/v2\/media\/5460"}],"wp:attachment":[{"href":"https:\/\/concept05design.com\/en\/wp-json\/wp\/v2\/media?parent=5467"}],"wp:term":[{"taxonomy":"product_brand","embeddable":true,"href":"https:\/\/concept05design.com\/en\/wp-json\/wp\/v2\/product_brand?post=5467"},{"taxonomy":"product_cat","embeddable":true,"href":"https:\/\/concept05design.com\/en\/wp-json\/wp\/v2\/product_cat?post=5467"},{"taxonomy":"product_tag","embeddable":true,"href":"https:\/\/concept05design.com\/en\/wp-json\/wp\/v2\/product_tag?post=5467"}],"curies":[{"name":"wp","href":"https:\/\/api.w.org\/{rel}","templated":true}]}}