{"id":5477,"date":"2025-07-21T18:24:04","date_gmt":"2025-07-21T18:24:04","guid":{"rendered":"https:\/\/concept05design.com\/produit\/uno-hms500\/"},"modified":"2025-07-23T15:57:07","modified_gmt":"2025-07-23T15:57:07","slug":"uno-hms500","status":"publish","type":"product","link":"https:\/\/concept05design.com\/en\/produit\/uno-hms500\/","title":{"rendered":"UNO HMS500"},"content":{"rendered":"<p data-start=\"387\" data-end=\"421\"><strong data-start=\"387\" data-end=\"421\">Main features :<\/strong><\/p>\n<ul data-start=\"423\" data-end=\"884\">\n<li data-start=\"423\" data-end=\"487\">\n<p data-start=\"425\" data-end=\"487\"><strong data-start=\"425\" data-end=\"449\">304 stainless steel<\/strong>: superior strength and quality<\/p>\n<\/li>\n<li data-start=\"488\" data-end=\"554\">\n<p data-start=\"490\" data-end=\"554\"><strong data-start=\"490\" data-end=\"516\">Handcrafted<\/strong>: meticulous, top-of-the-range finish<\/p>\n<\/li>\n<li data-start=\"555\" data-end=\"615\">\n<p data-start=\"557\" data-end=\"615\"><strong data-start=\"557\" data-end=\"578\">Timeless design<\/strong>: a style that transcends trends<\/p>\n<\/li>\n<li data-start=\"616\" data-end=\"672\">\n<p data-start=\"618\" data-end=\"672\"><strong data-start=\"618\" data-end=\"636\">PVD coating<\/strong>: Durability and elegant finish<\/p>\n<\/li>\n<li data-start=\"673\" data-end=\"703\">\n<p data-start=\"675\" data-end=\"703\"><strong data-start=\"675\" data-end=\"701\">Basin drain included<\/strong><\/p>\n<\/li>\n<li data-start=\"704\" data-end=\"747\">\n<p data-start=\"706\" data-end=\"747\"><strong data-start=\"706\" data-end=\"745\">Superior resistance to oxidation<\/strong><\/p>\n<\/li>\n<li data-start=\"748\" data-end=\"821\">\n<p data-start=\"750\" data-end=\"821\"><strong data-start=\"750\" data-end=\"779\">Antibacterial properties<\/strong>: For a more hygienic environment<\/p>\n<\/li>\n<li data-start=\"822\" data-end=\"884\">\n<p data-start=\"824\" data-end=\"884\"><strong data-start=\"824\" data-end=\"842\">Rounded corners<\/strong>: easy maintenance and harmonious design<\/p>\n<\/li>\n<\/ul>\n","protected":false},"excerpt":{"rendered":"<p data-start=\"86\" data-end=\"385\">Made from high-quality stainless steel, the <strong data-start=\"173\" data-end=\"187\">UNO HMS500<\/strong> basin combines sleek, modern design with exceptional durability. Available in three colors, it blends perfectly into any bathroom while adding a touch of elegance to your space.<\/p>\n<p data-start=\"886\" data-end=\"987\" data-is-last-node=\"\" data-is-only-node=\"\">This basin combines sophistication, functionality and durability to enhance your bathroom.<\/p>\n","protected":false},"featured_media":5474,"template":"","meta":[],"product_brand":[],"product_cat":[418,421,422],"product_tag":[],"class_list":{"0":"post-5477","1":"product","2":"type-product","3":"status-publish","4":"has-post-thumbnail","6":"product_cat-bathroom","7":"product_cat-sink-bathroom","8":"product_cat-uno-sink-bathroom","10":"first","11":"instock","12":"shipping-taxable","13":"product-type-simple"},"yoast_head":"<!-- This site is optimized with the Yoast SEO plugin v27.4 - https:\/\/yoast.com\/product\/yoast-seo-wordpress\/ -->\n<title>UNO HMS500 - Concept 05 Design<\/title>\n<meta name=\"robots\" content=\"index, follow, max-snippet:-1, max-image-preview:large, max-video-preview:-1\" \/>\n<link rel=\"canonical\" href=\"https:\/\/concept05design.com\/en\/produit\/uno-hms500\/\" \/>\n<meta property=\"og:locale\" content=\"en_US\" \/>\n<meta property=\"og:type\" content=\"article\" \/>\n<meta property=\"og:title\" content=\"UNO HMS500 - Concept 05 Design\" \/>\n<meta property=\"og:description\" content=\"Made from high-quality stainless steel, the UNO HMS500 basin combines sleek, modern design with exceptional durability. Available in three colors, it blends perfectly into any bathroom while adding a touch of elegance to your space. This basin combines sophistication, functionality and durability to enhance your bathroom.\" \/>\n<meta property=\"og:url\" content=\"https:\/\/concept05design.com\/en\/produit\/uno-hms500\/\" \/>\n<meta property=\"og:site_name\" content=\"Concept 05 Design\" \/>\n<meta property=\"article:modified_time\" content=\"2025-07-23T15:57:07+00:00\" \/>\n<meta property=\"og:image\" content=\"https:\/\/concept05design.com\/wp-content\/uploads\/2025\/07\/Baia16-HMS500B.webp\" \/>\n\t<meta property=\"og:image:width\" content=\"823\" \/>\n\t<meta property=\"og:image:height\" content=\"823\" \/>\n\t<meta property=\"og:image:type\" content=\"image\/webp\" \/>\n<meta name=\"twitter:card\" content=\"summary_large_image\" \/>\n<meta name=\"twitter:label1\" content=\"Est. reading time\" \/>\n\t<meta name=\"twitter:data1\" content=\"1 minute\" \/>\n<script type=\"application\/ld+json\" class=\"yoast-schema-graph\">{\"@context\":\"https:\\\/\\\/schema.org\",\"@graph\":[{\"@type\":\"WebPage\",\"@id\":\"https:\\\/\\\/concept05design.com\\\/en\\\/produit\\\/uno-hms500\\\/\",\"url\":\"https:\\\/\\\/concept05design.com\\\/en\\\/produit\\\/uno-hms500\\\/\",\"name\":\"UNO HMS500 - Concept 05 Design\",\"isPartOf\":{\"@id\":\"https:\\\/\\\/concept05design.com\\\/en\\\/#website\"},\"primaryImageOfPage\":{\"@id\":\"https:\\\/\\\/concept05design.com\\\/en\\\/produit\\\/uno-hms500\\\/#primaryimage\"},\"image\":{\"@id\":\"https:\\\/\\\/concept05design.com\\\/en\\\/produit\\\/uno-hms500\\\/#primaryimage\"},\"thumbnailUrl\":\"https:\\\/\\\/concept05design.com\\\/wp-content\\\/uploads\\\/2025\\\/07\\\/Baia16-HMS500B.webp\",\"datePublished\":\"2025-07-21T18:24:04+00:00\",\"dateModified\":\"2025-07-23T15:57:07+00:00\",\"breadcrumb\":{\"@id\":\"https:\\\/\\\/concept05design.com\\\/en\\\/produit\\\/uno-hms500\\\/#breadcrumb\"},\"inLanguage\":\"en-US\",\"potentialAction\":[{\"@type\":\"ReadAction\",\"target\":[\"https:\\\/\\\/concept05design.com\\\/en\\\/produit\\\/uno-hms500\\\/\"]}]},{\"@type\":\"ImageObject\",\"inLanguage\":\"en-US\",\"@id\":\"https:\\\/\\\/concept05design.com\\\/en\\\/produit\\\/uno-hms500\\\/#primaryimage\",\"url\":\"https:\\\/\\\/concept05design.com\\\/wp-content\\\/uploads\\\/2025\\\/07\\\/Baia16-HMS500B.webp\",\"contentUrl\":\"https:\\\/\\\/concept05design.com\\\/wp-content\\\/uploads\\\/2025\\\/07\\\/Baia16-HMS500B.webp\",\"width\":823,\"height\":823},{\"@type\":\"BreadcrumbList\",\"@id\":\"https:\\\/\\\/concept05design.com\\\/en\\\/produit\\\/uno-hms500\\\/#breadcrumb\",\"itemListElement\":[{\"@type\":\"ListItem\",\"position\":1,\"name\":\"Accueil\",\"item\":\"https:\\\/\\\/concept05design.com\\\/en\\\/\"},{\"@type\":\"ListItem\",\"position\":2,\"name\":\"Shop\",\"item\":\"https:\\\/\\\/concept05design.com\\\/shop\\\/\"},{\"@type\":\"ListItem\",\"position\":3,\"name\":\"UNO HMS500\"}]},{\"@type\":\"WebSite\",\"@id\":\"https:\\\/\\\/concept05design.com\\\/en\\\/#website\",\"url\":\"https:\\\/\\\/concept05design.com\\\/en\\\/\",\"name\":\"Concept 05 Design\",\"description\":\"Du Concept \u00e0 la R\u00e9alit\u00e9 : Votre Vision, Notre Mission\",\"potentialAction\":[{\"@type\":\"SearchAction\",\"target\":{\"@type\":\"EntryPoint\",\"urlTemplate\":\"https:\\\/\\\/concept05design.com\\\/en\\\/?s={search_term_string}\"},\"query-input\":{\"@type\":\"PropertyValueSpecification\",\"valueRequired\":true,\"valueName\":\"search_term_string\"}}],\"inLanguage\":\"en-US\"}]}<\/script>\n<!-- \/ Yoast SEO plugin. -->","yoast_head_json":{"title":"UNO HMS500 - Concept 05 Design","robots":{"index":"index","follow":"follow","max-snippet":"max-snippet:-1","max-image-preview":"max-image-preview:large","max-video-preview":"max-video-preview:-1"},"canonical":"https:\/\/concept05design.com\/en\/produit\/uno-hms500\/","og_locale":"en_US","og_type":"article","og_title":"UNO HMS500 - Concept 05 Design","og_description":"Made from high-quality stainless steel, the UNO HMS500 basin combines sleek, modern design with exceptional durability. Available in three colors, it blends perfectly into any bathroom while adding a touch of elegance to your space. This basin combines sophistication, functionality and durability to enhance your bathroom.","og_url":"https:\/\/concept05design.com\/en\/produit\/uno-hms500\/","og_site_name":"Concept 05 Design","article_modified_time":"2025-07-23T15:57:07+00:00","og_image":[{"width":823,"height":823,"url":"https:\/\/concept05design.com\/wp-content\/uploads\/2025\/07\/Baia16-HMS500B.webp","type":"image\/webp"}],"twitter_card":"summary_large_image","twitter_misc":{"Est. reading time":"1 minute"},"schema":{"@context":"https:\/\/schema.org","@graph":[{"@type":"WebPage","@id":"https:\/\/concept05design.com\/en\/produit\/uno-hms500\/","url":"https:\/\/concept05design.com\/en\/produit\/uno-hms500\/","name":"UNO HMS500 - Concept 05 Design","isPartOf":{"@id":"https:\/\/concept05design.com\/en\/#website"},"primaryImageOfPage":{"@id":"https:\/\/concept05design.com\/en\/produit\/uno-hms500\/#primaryimage"},"image":{"@id":"https:\/\/concept05design.com\/en\/produit\/uno-hms500\/#primaryimage"},"thumbnailUrl":"https:\/\/concept05design.com\/wp-content\/uploads\/2025\/07\/Baia16-HMS500B.webp","datePublished":"2025-07-21T18:24:04+00:00","dateModified":"2025-07-23T15:57:07+00:00","breadcrumb":{"@id":"https:\/\/concept05design.com\/en\/produit\/uno-hms500\/#breadcrumb"},"inLanguage":"en-US","potentialAction":[{"@type":"ReadAction","target":["https:\/\/concept05design.com\/en\/produit\/uno-hms500\/"]}]},{"@type":"ImageObject","inLanguage":"en-US","@id":"https:\/\/concept05design.com\/en\/produit\/uno-hms500\/#primaryimage","url":"https:\/\/concept05design.com\/wp-content\/uploads\/2025\/07\/Baia16-HMS500B.webp","contentUrl":"https:\/\/concept05design.com\/wp-content\/uploads\/2025\/07\/Baia16-HMS500B.webp","width":823,"height":823},{"@type":"BreadcrumbList","@id":"https:\/\/concept05design.com\/en\/produit\/uno-hms500\/#breadcrumb","itemListElement":[{"@type":"ListItem","position":1,"name":"Accueil","item":"https:\/\/concept05design.com\/en\/"},{"@type":"ListItem","position":2,"name":"Shop","item":"https:\/\/concept05design.com\/shop\/"},{"@type":"ListItem","position":3,"name":"UNO HMS500"}]},{"@type":"WebSite","@id":"https:\/\/concept05design.com\/en\/#website","url":"https:\/\/concept05design.com\/en\/","name":"Concept 05 Design","description":"Du Concept \u00e0 la R\u00e9alit\u00e9 : Votre Vision, Notre Mission","potentialAction":[{"@type":"SearchAction","target":{"@type":"EntryPoint","urlTemplate":"https:\/\/concept05design.com\/en\/?s={search_term_string}"},"query-input":{"@type":"PropertyValueSpecification","valueRequired":true,"valueName":"search_term_string"}}],"inLanguage":"en-US"}]}},"_links":{"self":[{"href":"https:\/\/concept05design.com\/en\/wp-json\/wp\/v2\/product\/5477","targetHints":{"allow":["GET"]}}],"collection":[{"href":"https:\/\/concept05design.com\/en\/wp-json\/wp\/v2\/product"}],"about":[{"href":"https:\/\/concept05design.com\/en\/wp-json\/wp\/v2\/types\/product"}],"wp:featuredmedia":[{"embeddable":true,"href":"https:\/\/concept05design.com\/en\/wp-json\/wp\/v2\/media\/5474"}],"wp:attachment":[{"href":"https:\/\/concept05design.com\/en\/wp-json\/wp\/v2\/media?parent=5477"}],"wp:term":[{"taxonomy":"product_brand","embeddable":true,"href":"https:\/\/concept05design.com\/en\/wp-json\/wp\/v2\/product_brand?post=5477"},{"taxonomy":"product_cat","embeddable":true,"href":"https:\/\/concept05design.com\/en\/wp-json\/wp\/v2\/product_cat?post=5477"},{"taxonomy":"product_tag","embeddable":true,"href":"https:\/\/concept05design.com\/en\/wp-json\/wp\/v2\/product_tag?post=5477"}],"curies":[{"name":"wp","href":"https:\/\/api.w.org\/{rel}","templated":true}]}}