{"id":5703,"date":"2025-07-25T18:23:05","date_gmt":"2025-07-25T18:23:05","guid":{"rendered":"https:\/\/concept05design.com\/produit\/baker\/"},"modified":"2025-07-25T18:24:15","modified_gmt":"2025-07-25T18:24:15","slug":"baker","status":"publish","type":"product","link":"https:\/\/concept05design.com\/en\/produit\/baker\/","title":{"rendered":"Baker"},"content":{"rendered":"<h3 data-start=\"695\" data-end=\"710\"><strong data-start=\"699\" data-end=\"710\">Details<\/strong><\/h3>\n<ul data-start=\"712\" data-end=\"999\">\n<li data-start=\"712\" data-end=\"821\">\n<p data-start=\"714\" data-end=\"821\">Available in Chrome, Brushed Nickel and Matte Black<br data-start=\"761\" data-end=\"764\"><em data-start=\"766\" data-end=\"819\">(see separate sheets for other colors)<\/em><\/p>\n<\/li>\n<li data-start=\"822\" data-end=\"845\">\n<p data-start=\"824\" data-end=\"845\">Wall installation<\/p>\n<\/li>\n<li data-start=\"846\" data-end=\"882\">\n<p data-start=\"848\" data-end=\"882\">Intuitive single-handle lever<\/p>\n<\/li>\n<li data-start=\"883\" data-end=\"899\">\n<p data-start=\"885\" data-end=\"899\">Direct flow<\/p>\n<\/li>\n<li data-start=\"900\" data-end=\"923\">\n<p data-start=\"902\" data-end=\"923\">Cast nickel spout<\/p>\n<\/li>\n<li data-start=\"924\" data-end=\"959\">\n<p data-start=\"926\" data-end=\"959\">Stainless steel internal components<\/p>\n<\/li>\n<li data-start=\"960\" data-end=\"999\">\n<p data-start=\"962\" data-end=\"999\">Long-life ceramic cartridge<\/p>\n<\/li>\n<\/ul>\n<hr data-start=\"1001\" data-end=\"1004\">\n<h3 data-start=\"1006\" data-end=\"1037\"><strong data-start=\"1010\" data-end=\"1037\">Materials &amp; Manufacturing<\/strong><\/h3>\n<ul data-start=\"1039\" data-end=\"1108\">\n<li data-start=\"1039\" data-end=\"1056\">\n<p data-start=\"1041\" data-end=\"1056\">Solid brass<\/p>\n<\/li>\n<li data-start=\"1057\" data-end=\"1108\">\n<p data-start=\"1059\" data-end=\"1108\">High-resistance PVD coating <em data-start=\"1094\" data-end=\"1106\">(Matte Black)<\/em><\/p>\n<\/li>\n<\/ul>\n<hr data-start=\"1110\" data-end=\"1113\">\n<h3 data-start=\"1115\" data-end=\"1129\"><strong data-start=\"1119\" data-end=\"1129\">Included<\/strong><\/h3>\n<ul data-start=\"1131\" data-end=\"1199\">\n<li data-start=\"1131\" data-end=\"1163\">\n<p data-start=\"1133\" data-end=\"1163\">Strainer with pop-up valve<\/p>\n<\/li>\n<li data-start=\"1164\" data-end=\"1199\">\n<p data-start=\"1166\" data-end=\"1199\">Rough-in box<\/p>\n<\/li>\n<\/ul>\n<hr data-start=\"1201\" data-end=\"1204\">\n<h3 data-start=\"1206\" data-end=\"1232\"><strong data-start=\"1210\" data-end=\"1232\">Overall dimensions<\/strong><\/h3>\n<ul data-start=\"1234\" data-end=\"1335\">\n<li data-start=\"1234\" data-end=\"1268\">\n<p data-start=\"1236\" data-end=\"1268\"><strong data-start=\"1236\" data-end=\"1249\">Height:<\/strong> 4 7\/8&#8243; (12.4 cm)<\/p>\n<\/li>\n<li data-start=\"1269\" data-end=\"1306\">\n<p data-start=\"1271\" data-end=\"1306\"><strong data-start=\"1271\" data-end=\"1287\">Depth:<\/strong> 7 1\/4&#8243; (18.4 cm)<\/p>\n<\/li>\n<li data-start=\"1307\" data-end=\"1335\">\n<p data-start=\"1309\" data-end=\"1335\"><strong data-start=\"1309\" data-end=\"1320\">Weight:<\/strong> 3 lb (1.36 kg)<\/p>\n<\/li>\n<\/ul>\n<hr data-start=\"1337\" data-end=\"1340\">\n<h3 data-start=\"1342\" data-end=\"1362\"><strong data-start=\"1346\" data-end=\"1362\">Installation<\/strong><\/h3>\n<p data-start=\"1364\" data-end=\"1428\">1 3\/8&#8243; hole required. Clamp and nut fastening. <\/p>\n","protected":false},"excerpt":{"rendered":"<h3 data-start=\"115\" data-end=\"170\"><strong data-start=\"119\" data-end=\"170\">Inspired Design &amp; Superior Finish<\/strong><\/h3>\n<p data-start=\"172\" data-end=\"688\">The <strong data-start=\"189\" data-end=\"198\">BAKER<\/strong> wall-mounted faucet is a trend-setting product that will add charm to any bathroom d\u00e9cor. Its innovative wall-mounted design features an intuitive single-handle lever and a cast nickel spout, allowing easy control of water flow. This faucet also features rust-resistant internal components and a durable ceramic cartridge for long-term reliability.  <br data-start=\"602\" data-end=\"605\"><strong data-start=\"605\" data-end=\"688\">Recommended distance between bottom of spout and countertop: approx. 4 to 5 inches.<\/strong><\/p>\n<p data-start=\"172\" data-end=\"688\">\n<p><img decoding=\"async\" class=\"alignnone size-medium wp-image-5701\" src=\"https:\/\/concept05design.com\/wp-content\/uploads\/2025\/07\/Untitled-18-223x300.png\" alt=\"\" width=\"223\" height=\"300\" srcset=\"https:\/\/concept05design.com\/wp-content\/uploads\/2025\/07\/Untitled-18-200x269.png 200w, https:\/\/concept05design.com\/wp-content\/uploads\/2025\/07\/Untitled-18-223x300.png 223w, https:\/\/concept05design.com\/wp-content\/uploads\/2025\/07\/Untitled-18.png 247w\" sizes=\"(max-width: 223px) 100vw, 223px\" \/><\/p>\n","protected":false},"featured_media":5696,"template":"","meta":[],"product_brand":[],"product_cat":[418,433],"product_tag":[],"class_list":{"0":"post-5703","1":"product","2":"type-product","3":"status-publish","4":"has-post-thumbnail","6":"product_cat-bathroom","7":"product_cat-faucet-en","9":"first","10":"instock","11":"shipping-taxable","12":"product-type-simple"},"yoast_head":"<!-- This site is optimized with the Yoast SEO plugin v27.4 - https:\/\/yoast.com\/product\/yoast-seo-wordpress\/ -->\n<title>Baker - Concept 05 Design<\/title>\n<meta name=\"robots\" content=\"index, follow, max-snippet:-1, max-image-preview:large, max-video-preview:-1\" \/>\n<link rel=\"canonical\" href=\"https:\/\/concept05design.com\/en\/produit\/baker\/\" \/>\n<meta property=\"og:locale\" content=\"en_US\" \/>\n<meta property=\"og:type\" content=\"article\" \/>\n<meta property=\"og:title\" content=\"Baker - Concept 05 Design\" \/>\n<meta property=\"og:description\" content=\"Inspired Design &amp; Superior Finish The BAKER wall-mounted faucet is a trend-setting product that will add charm to any bathroom d\u00e9cor. Its innovative wall-mounted design features an intuitive single-handle lever and a cast nickel spout, allowing easy control of water flow. This faucet also features rust-resistant internal components and a durable ceramic cartridge for long-term reliability. Recommended distance between bottom of spout and countertop: approx. 4 to 5 inches.\" \/>\n<meta property=\"og:url\" content=\"https:\/\/concept05design.com\/en\/produit\/baker\/\" \/>\n<meta property=\"og:site_name\" content=\"Concept 05 Design\" \/>\n<meta property=\"article:modified_time\" content=\"2025-07-25T18:24:15+00:00\" \/>\n<meta property=\"og:image\" content=\"https:\/\/concept05design.com\/wp-content\/uploads\/2025\/07\/BAKER-GBF836__89554.jpg\" \/>\n\t<meta property=\"og:image:width\" content=\"1280\" \/>\n\t<meta property=\"og:image:height\" content=\"1280\" \/>\n\t<meta property=\"og:image:type\" content=\"image\/jpeg\" \/>\n<meta name=\"twitter:card\" content=\"summary_large_image\" \/>\n<script type=\"application\/ld+json\" class=\"yoast-schema-graph\">{\"@context\":\"https:\\\/\\\/schema.org\",\"@graph\":[{\"@type\":\"WebPage\",\"@id\":\"https:\\\/\\\/concept05design.com\\\/en\\\/produit\\\/baker\\\/\",\"url\":\"https:\\\/\\\/concept05design.com\\\/en\\\/produit\\\/baker\\\/\",\"name\":\"Baker - Concept 05 Design\",\"isPartOf\":{\"@id\":\"https:\\\/\\\/concept05design.com\\\/en\\\/#website\"},\"primaryImageOfPage\":{\"@id\":\"https:\\\/\\\/concept05design.com\\\/en\\\/produit\\\/baker\\\/#primaryimage\"},\"image\":{\"@id\":\"https:\\\/\\\/concept05design.com\\\/en\\\/produit\\\/baker\\\/#primaryimage\"},\"thumbnailUrl\":\"https:\\\/\\\/concept05design.com\\\/wp-content\\\/uploads\\\/2025\\\/07\\\/BAKER-GBF836__89554.jpg\",\"datePublished\":\"2025-07-25T18:23:05+00:00\",\"dateModified\":\"2025-07-25T18:24:15+00:00\",\"breadcrumb\":{\"@id\":\"https:\\\/\\\/concept05design.com\\\/en\\\/produit\\\/baker\\\/#breadcrumb\"},\"inLanguage\":\"en-US\",\"potentialAction\":[{\"@type\":\"ReadAction\",\"target\":[\"https:\\\/\\\/concept05design.com\\\/en\\\/produit\\\/baker\\\/\"]}]},{\"@type\":\"ImageObject\",\"inLanguage\":\"en-US\",\"@id\":\"https:\\\/\\\/concept05design.com\\\/en\\\/produit\\\/baker\\\/#primaryimage\",\"url\":\"https:\\\/\\\/concept05design.com\\\/wp-content\\\/uploads\\\/2025\\\/07\\\/BAKER-GBF836__89554.jpg\",\"contentUrl\":\"https:\\\/\\\/concept05design.com\\\/wp-content\\\/uploads\\\/2025\\\/07\\\/BAKER-GBF836__89554.jpg\",\"width\":1280,\"height\":1280},{\"@type\":\"BreadcrumbList\",\"@id\":\"https:\\\/\\\/concept05design.com\\\/en\\\/produit\\\/baker\\\/#breadcrumb\",\"itemListElement\":[{\"@type\":\"ListItem\",\"position\":1,\"name\":\"Accueil\",\"item\":\"https:\\\/\\\/concept05design.com\\\/en\\\/\"},{\"@type\":\"ListItem\",\"position\":2,\"name\":\"Shop\",\"item\":\"https:\\\/\\\/concept05design.com\\\/shop\\\/\"},{\"@type\":\"ListItem\",\"position\":3,\"name\":\"Baker\"}]},{\"@type\":\"WebSite\",\"@id\":\"https:\\\/\\\/concept05design.com\\\/en\\\/#website\",\"url\":\"https:\\\/\\\/concept05design.com\\\/en\\\/\",\"name\":\"Concept 05 Design\",\"description\":\"Du Concept \u00e0 la R\u00e9alit\u00e9 : Votre Vision, Notre Mission\",\"potentialAction\":[{\"@type\":\"SearchAction\",\"target\":{\"@type\":\"EntryPoint\",\"urlTemplate\":\"https:\\\/\\\/concept05design.com\\\/en\\\/?s={search_term_string}\"},\"query-input\":{\"@type\":\"PropertyValueSpecification\",\"valueRequired\":true,\"valueName\":\"search_term_string\"}}],\"inLanguage\":\"en-US\"}]}<\/script>\n<!-- \/ Yoast SEO plugin. -->","yoast_head_json":{"title":"Baker - Concept 05 Design","robots":{"index":"index","follow":"follow","max-snippet":"max-snippet:-1","max-image-preview":"max-image-preview:large","max-video-preview":"max-video-preview:-1"},"canonical":"https:\/\/concept05design.com\/en\/produit\/baker\/","og_locale":"en_US","og_type":"article","og_title":"Baker - Concept 05 Design","og_description":"Inspired Design &amp; Superior Finish The BAKER wall-mounted faucet is a trend-setting product that will add charm to any bathroom d\u00e9cor. Its innovative wall-mounted design features an intuitive single-handle lever and a cast nickel spout, allowing easy control of water flow. This faucet also features rust-resistant internal components and a durable ceramic cartridge for long-term reliability. Recommended distance between bottom of spout and countertop: approx. 4 to 5 inches.","og_url":"https:\/\/concept05design.com\/en\/produit\/baker\/","og_site_name":"Concept 05 Design","article_modified_time":"2025-07-25T18:24:15+00:00","og_image":[{"width":1280,"height":1280,"url":"https:\/\/concept05design.com\/wp-content\/uploads\/2025\/07\/BAKER-GBF836__89554.jpg","type":"image\/jpeg"}],"twitter_card":"summary_large_image","schema":{"@context":"https:\/\/schema.org","@graph":[{"@type":"WebPage","@id":"https:\/\/concept05design.com\/en\/produit\/baker\/","url":"https:\/\/concept05design.com\/en\/produit\/baker\/","name":"Baker - Concept 05 Design","isPartOf":{"@id":"https:\/\/concept05design.com\/en\/#website"},"primaryImageOfPage":{"@id":"https:\/\/concept05design.com\/en\/produit\/baker\/#primaryimage"},"image":{"@id":"https:\/\/concept05design.com\/en\/produit\/baker\/#primaryimage"},"thumbnailUrl":"https:\/\/concept05design.com\/wp-content\/uploads\/2025\/07\/BAKER-GBF836__89554.jpg","datePublished":"2025-07-25T18:23:05+00:00","dateModified":"2025-07-25T18:24:15+00:00","breadcrumb":{"@id":"https:\/\/concept05design.com\/en\/produit\/baker\/#breadcrumb"},"inLanguage":"en-US","potentialAction":[{"@type":"ReadAction","target":["https:\/\/concept05design.com\/en\/produit\/baker\/"]}]},{"@type":"ImageObject","inLanguage":"en-US","@id":"https:\/\/concept05design.com\/en\/produit\/baker\/#primaryimage","url":"https:\/\/concept05design.com\/wp-content\/uploads\/2025\/07\/BAKER-GBF836__89554.jpg","contentUrl":"https:\/\/concept05design.com\/wp-content\/uploads\/2025\/07\/BAKER-GBF836__89554.jpg","width":1280,"height":1280},{"@type":"BreadcrumbList","@id":"https:\/\/concept05design.com\/en\/produit\/baker\/#breadcrumb","itemListElement":[{"@type":"ListItem","position":1,"name":"Accueil","item":"https:\/\/concept05design.com\/en\/"},{"@type":"ListItem","position":2,"name":"Shop","item":"https:\/\/concept05design.com\/shop\/"},{"@type":"ListItem","position":3,"name":"Baker"}]},{"@type":"WebSite","@id":"https:\/\/concept05design.com\/en\/#website","url":"https:\/\/concept05design.com\/en\/","name":"Concept 05 Design","description":"Du Concept \u00e0 la R\u00e9alit\u00e9 : Votre Vision, Notre Mission","potentialAction":[{"@type":"SearchAction","target":{"@type":"EntryPoint","urlTemplate":"https:\/\/concept05design.com\/en\/?s={search_term_string}"},"query-input":{"@type":"PropertyValueSpecification","valueRequired":true,"valueName":"search_term_string"}}],"inLanguage":"en-US"}]}},"_links":{"self":[{"href":"https:\/\/concept05design.com\/en\/wp-json\/wp\/v2\/product\/5703","targetHints":{"allow":["GET"]}}],"collection":[{"href":"https:\/\/concept05design.com\/en\/wp-json\/wp\/v2\/product"}],"about":[{"href":"https:\/\/concept05design.com\/en\/wp-json\/wp\/v2\/types\/product"}],"wp:featuredmedia":[{"embeddable":true,"href":"https:\/\/concept05design.com\/en\/wp-json\/wp\/v2\/media\/5696"}],"wp:attachment":[{"href":"https:\/\/concept05design.com\/en\/wp-json\/wp\/v2\/media?parent=5703"}],"wp:term":[{"taxonomy":"product_brand","embeddable":true,"href":"https:\/\/concept05design.com\/en\/wp-json\/wp\/v2\/product_brand?post=5703"},{"taxonomy":"product_cat","embeddable":true,"href":"https:\/\/concept05design.com\/en\/wp-json\/wp\/v2\/product_cat?post=5703"},{"taxonomy":"product_tag","embeddable":true,"href":"https:\/\/concept05design.com\/en\/wp-json\/wp\/v2\/product_tag?post=5703"}],"curies":[{"name":"wp","href":"https:\/\/api.w.org\/{rel}","templated":true}]}}