{"id":5711,"date":"2025-07-25T18:27:46","date_gmt":"2025-07-25T18:27:46","guid":{"rendered":"https:\/\/concept05design.com\/produit\/mason\/"},"modified":"2025-08-01T17:14:16","modified_gmt":"2025-08-01T17:14:16","slug":"mason","status":"publish","type":"product","link":"https:\/\/concept05design.com\/en\/produit\/mason\/","title":{"rendered":"Mason"},"content":{"rendered":"<h3 data-start=\"600\" data-end=\"615\"><strong data-start=\"604\" data-end=\"615\">Details<\/strong><\/h3>\n<ul data-start=\"617\" data-end=\"865\">\n<li data-start=\"617\" data-end=\"711\">\n<p data-start=\"619\" data-end=\"711\">Available in Chrome and Matte Black<br data-start=\"651\" data-end=\"654\"><em data-start=\"656\" data-end=\"709\">(see separate sheets for other colors)<\/em><\/p>\n<\/li>\n<li data-start=\"712\" data-end=\"748\">\n<p data-start=\"714\" data-end=\"748\">Intuitive single-handle lever<\/p>\n<\/li>\n<li data-start=\"749\" data-end=\"765\">\n<p data-start=\"751\" data-end=\"765\">Direct flow<\/p>\n<\/li>\n<li data-start=\"766\" data-end=\"789\">\n<p data-start=\"768\" data-end=\"789\">Cast nickel spout<\/p>\n<\/li>\n<li data-start=\"790\" data-end=\"825\">\n<p data-start=\"792\" data-end=\"825\">Stainless steel internal components<\/p>\n<\/li>\n<li data-start=\"826\" data-end=\"865\">\n<p data-start=\"828\" data-end=\"865\">Long-life ceramic cartridge<\/p>\n<\/li>\n<\/ul>\n<hr data-start=\"867\" data-end=\"870\">\n<h3 data-start=\"872\" data-end=\"903\"><strong data-start=\"876\" data-end=\"903\">Materials &amp; Manufacturing<\/strong><\/h3>\n<ul data-start=\"905\" data-end=\"974\">\n<li data-start=\"905\" data-end=\"922\">\n<p data-start=\"907\" data-end=\"922\">Solid brass<\/p>\n<\/li>\n<li data-start=\"923\" data-end=\"974\">\n<p data-start=\"925\" data-end=\"974\">High-resistance PVD coating <em data-start=\"960\" data-end=\"972\">(Matte Black)<\/em><\/p>\n<\/li>\n<\/ul>\n<hr data-start=\"976\" data-end=\"979\">\n<h3 data-start=\"981\" data-end=\"995\"><strong data-start=\"985\" data-end=\"995\">Included<\/strong><\/h3>\n<ul data-start=\"997\" data-end=\"1065\">\n<li data-start=\"997\" data-end=\"1029\">\n<p data-start=\"999\" data-end=\"1029\">Strainer with pop-up valve<\/p>\n<\/li>\n<li data-start=\"1030\" data-end=\"1065\">\n<p data-start=\"1032\" data-end=\"1065\">Rough-in box<\/p>\n<\/li>\n<\/ul>\n<hr data-start=\"1067\" data-end=\"1070\">\n<h3 data-start=\"1072\" data-end=\"1098\"><strong data-start=\"1076\" data-end=\"1098\">Overall dimensions<\/strong><\/h3>\n<ul data-start=\"1100\" data-end=\"1230\">\n<li data-start=\"1100\" data-end=\"1134\">\n<p data-start=\"1102\" data-end=\"1134\"><strong data-start=\"1102\" data-end=\"1115\">Height:<\/strong> 4 7\/8&#8243; (12.4 cm)<\/p>\n<\/li>\n<li data-start=\"1135\" data-end=\"1170\">\n<p data-start=\"1137\" data-end=\"1170\"><strong data-start=\"1137\" data-end=\"1153\">Depth:<\/strong> 7 1\/2&#8243; (19 cm)<\/p>\n<\/li>\n<li data-start=\"1171\" data-end=\"1201\">\n<p data-start=\"1173\" data-end=\"1201\"><strong data-start=\"1173\" data-end=\"1186\">Width:<\/strong> 9&#8243; (22.9 cm)<\/p>\n<\/li>\n<li data-start=\"1202\" data-end=\"1230\">\n<p data-start=\"1204\" data-end=\"1230\"><strong data-start=\"1204\" data-end=\"1215\">Weight:<\/strong> 3 lb (1.36 kg)<\/p>\n<\/li>\n<\/ul>\n<hr data-start=\"1232\" data-end=\"1235\">\n<h3 data-start=\"1237\" data-end=\"1257\"><strong data-start=\"1241\" data-end=\"1257\">Installation<\/strong><\/h3>\n<ul data-start=\"1259\" data-end=\"1363\">\n<li data-start=\"1259\" data-end=\"1292\">\n<p data-start=\"1261\" data-end=\"1292\"><strong data-start=\"1261\" data-end=\"1270\">Spout:<\/strong> 1&#8243; hole required<\/p>\n<\/li>\n<li data-start=\"1293\" data-end=\"1334\">\n<p data-start=\"1295\" data-end=\"1334\"><strong data-start=\"1295\" data-end=\"1308\">Handle:<\/strong> 1 3\/4&#8243; hole required<\/p>\n<\/li>\n<li data-start=\"1335\" data-end=\"1363\">\n<p data-start=\"1337\" data-end=\"1363\"><strong data-start=\"1337\" data-end=\"1358\">Setback:<\/strong> 2 in.<\/p>\n<\/li>\n<\/ul>\n","protected":false},"excerpt":{"rendered":"<h3 data-start=\"101\" data-end=\"147\"><strong data-start=\"105\" data-end=\"147\">Inspired Design &amp; Exceptional Craftsmanship<\/strong><\/h3>\n<p data-start=\"149\" data-end=\"593\">The <strong data-start=\"152\" data-end=\"161\">MASON<\/strong> is carefully designed, with a cast spout and safety mechanism &#8211; sliding metal seals prevent sudden pressure fluctuations. Its ceramic cartridge, tested to over 500,000 cycles, guarantees exceptional durability. The MASON offers a bold, refined design focused on quality and functionality.  <br data-start=\"507\" data-end=\"510\"><strong data-start=\"510\" data-end=\"593\">Recommended distance between bottom of spout and countertop: approx. 4 to 5 inches.<\/strong><\/p>\n<p data-start=\"149\" data-end=\"593\"><img decoding=\"async\" class=\"alignnone size-medium wp-image-5709\" src=\"https:\/\/concept05design.com\/wp-content\/uploads\/2025\/07\/Untitled-19-250x300.png\" alt=\"\" width=\"250\" height=\"300\" srcset=\"https:\/\/concept05design.com\/wp-content\/uploads\/2025\/07\/Untitled-19-200x240.png 200w, https:\/\/concept05design.com\/wp-content\/uploads\/2025\/07\/Untitled-19-250x300.png 250w, https:\/\/concept05design.com\/wp-content\/uploads\/2025\/07\/Untitled-19.png 293w\" sizes=\"(max-width: 250px) 100vw, 250px\" \/><\/p>\n","protected":false},"featured_media":5705,"template":"","meta":[],"product_brand":[],"product_cat":[418,433],"product_tag":[],"class_list":{"0":"post-5711","1":"product","2":"type-product","3":"status-publish","4":"has-post-thumbnail","6":"product_cat-bathroom","7":"product_cat-faucet-en","9":"first","10":"instock","11":"shipping-taxable","12":"product-type-simple"},"yoast_head":"<!-- This site is optimized with the Yoast SEO plugin v27.4 - https:\/\/yoast.com\/product\/yoast-seo-wordpress\/ -->\n<title>Mason - Concept 05 Design<\/title>\n<meta name=\"robots\" content=\"index, follow, max-snippet:-1, max-image-preview:large, max-video-preview:-1\" \/>\n<link rel=\"canonical\" href=\"https:\/\/concept05design.com\/en\/produit\/mason\/\" \/>\n<meta property=\"og:locale\" content=\"en_US\" \/>\n<meta property=\"og:type\" content=\"article\" \/>\n<meta property=\"og:title\" content=\"Mason - Concept 05 Design\" \/>\n<meta property=\"og:description\" content=\"Inspired Design &amp; Exceptional Craftsmanship The MASON is carefully designed, with a cast spout and safety mechanism - sliding metal seals prevent sudden pressure fluctuations. Its ceramic cartridge, tested to over 500,000 cycles, guarantees exceptional durability. The MASON offers a bold, refined design focused on quality and functionality. Recommended distance between bottom of spout and countertop: approx. 4 to 5 inches.\" \/>\n<meta property=\"og:url\" content=\"https:\/\/concept05design.com\/en\/produit\/mason\/\" \/>\n<meta property=\"og:site_name\" content=\"Concept 05 Design\" \/>\n<meta property=\"article:modified_time\" content=\"2025-08-01T17:14:16+00:00\" \/>\n<meta property=\"og:image\" content=\"https:\/\/concept05design.com\/wp-content\/uploads\/2025\/07\/MASON-GBF838__04799.jpg\" \/>\n\t<meta property=\"og:image:width\" content=\"640\" \/>\n\t<meta property=\"og:image:height\" content=\"362\" \/>\n\t<meta property=\"og:image:type\" content=\"image\/jpeg\" \/>\n<meta name=\"twitter:card\" content=\"summary_large_image\" \/>\n<script type=\"application\/ld+json\" class=\"yoast-schema-graph\">{\"@context\":\"https:\\\/\\\/schema.org\",\"@graph\":[{\"@type\":\"WebPage\",\"@id\":\"https:\\\/\\\/concept05design.com\\\/en\\\/produit\\\/mason\\\/\",\"url\":\"https:\\\/\\\/concept05design.com\\\/en\\\/produit\\\/mason\\\/\",\"name\":\"Mason - Concept 05 Design\",\"isPartOf\":{\"@id\":\"https:\\\/\\\/concept05design.com\\\/en\\\/#website\"},\"primaryImageOfPage\":{\"@id\":\"https:\\\/\\\/concept05design.com\\\/en\\\/produit\\\/mason\\\/#primaryimage\"},\"image\":{\"@id\":\"https:\\\/\\\/concept05design.com\\\/en\\\/produit\\\/mason\\\/#primaryimage\"},\"thumbnailUrl\":\"https:\\\/\\\/concept05design.com\\\/wp-content\\\/uploads\\\/2025\\\/07\\\/MASON-GBF838__04799.jpg\",\"datePublished\":\"2025-07-25T18:27:46+00:00\",\"dateModified\":\"2025-08-01T17:14:16+00:00\",\"breadcrumb\":{\"@id\":\"https:\\\/\\\/concept05design.com\\\/en\\\/produit\\\/mason\\\/#breadcrumb\"},\"inLanguage\":\"en-US\",\"potentialAction\":[{\"@type\":\"ReadAction\",\"target\":[\"https:\\\/\\\/concept05design.com\\\/en\\\/produit\\\/mason\\\/\"]}]},{\"@type\":\"ImageObject\",\"inLanguage\":\"en-US\",\"@id\":\"https:\\\/\\\/concept05design.com\\\/en\\\/produit\\\/mason\\\/#primaryimage\",\"url\":\"https:\\\/\\\/concept05design.com\\\/wp-content\\\/uploads\\\/2025\\\/07\\\/MASON-GBF838__04799.jpg\",\"contentUrl\":\"https:\\\/\\\/concept05design.com\\\/wp-content\\\/uploads\\\/2025\\\/07\\\/MASON-GBF838__04799.jpg\",\"width\":640,\"height\":362},{\"@type\":\"BreadcrumbList\",\"@id\":\"https:\\\/\\\/concept05design.com\\\/en\\\/produit\\\/mason\\\/#breadcrumb\",\"itemListElement\":[{\"@type\":\"ListItem\",\"position\":1,\"name\":\"Accueil\",\"item\":\"https:\\\/\\\/concept05design.com\\\/en\\\/\"},{\"@type\":\"ListItem\",\"position\":2,\"name\":\"Shop\",\"item\":\"https:\\\/\\\/concept05design.com\\\/shop\\\/\"},{\"@type\":\"ListItem\",\"position\":3,\"name\":\"Mason\"}]},{\"@type\":\"WebSite\",\"@id\":\"https:\\\/\\\/concept05design.com\\\/en\\\/#website\",\"url\":\"https:\\\/\\\/concept05design.com\\\/en\\\/\",\"name\":\"Concept 05 Design\",\"description\":\"Du Concept \u00e0 la R\u00e9alit\u00e9 : Votre Vision, Notre Mission\",\"potentialAction\":[{\"@type\":\"SearchAction\",\"target\":{\"@type\":\"EntryPoint\",\"urlTemplate\":\"https:\\\/\\\/concept05design.com\\\/en\\\/?s={search_term_string}\"},\"query-input\":{\"@type\":\"PropertyValueSpecification\",\"valueRequired\":true,\"valueName\":\"search_term_string\"}}],\"inLanguage\":\"en-US\"}]}<\/script>\n<!-- \/ Yoast SEO plugin. -->","yoast_head_json":{"title":"Mason - Concept 05 Design","robots":{"index":"index","follow":"follow","max-snippet":"max-snippet:-1","max-image-preview":"max-image-preview:large","max-video-preview":"max-video-preview:-1"},"canonical":"https:\/\/concept05design.com\/en\/produit\/mason\/","og_locale":"en_US","og_type":"article","og_title":"Mason - Concept 05 Design","og_description":"Inspired Design &amp; Exceptional Craftsmanship The MASON is carefully designed, with a cast spout and safety mechanism - sliding metal seals prevent sudden pressure fluctuations. Its ceramic cartridge, tested to over 500,000 cycles, guarantees exceptional durability. The MASON offers a bold, refined design focused on quality and functionality. Recommended distance between bottom of spout and countertop: approx. 4 to 5 inches.","og_url":"https:\/\/concept05design.com\/en\/produit\/mason\/","og_site_name":"Concept 05 Design","article_modified_time":"2025-08-01T17:14:16+00:00","og_image":[{"width":640,"height":362,"url":"https:\/\/concept05design.com\/wp-content\/uploads\/2025\/07\/MASON-GBF838__04799.jpg","type":"image\/jpeg"}],"twitter_card":"summary_large_image","schema":{"@context":"https:\/\/schema.org","@graph":[{"@type":"WebPage","@id":"https:\/\/concept05design.com\/en\/produit\/mason\/","url":"https:\/\/concept05design.com\/en\/produit\/mason\/","name":"Mason - Concept 05 Design","isPartOf":{"@id":"https:\/\/concept05design.com\/en\/#website"},"primaryImageOfPage":{"@id":"https:\/\/concept05design.com\/en\/produit\/mason\/#primaryimage"},"image":{"@id":"https:\/\/concept05design.com\/en\/produit\/mason\/#primaryimage"},"thumbnailUrl":"https:\/\/concept05design.com\/wp-content\/uploads\/2025\/07\/MASON-GBF838__04799.jpg","datePublished":"2025-07-25T18:27:46+00:00","dateModified":"2025-08-01T17:14:16+00:00","breadcrumb":{"@id":"https:\/\/concept05design.com\/en\/produit\/mason\/#breadcrumb"},"inLanguage":"en-US","potentialAction":[{"@type":"ReadAction","target":["https:\/\/concept05design.com\/en\/produit\/mason\/"]}]},{"@type":"ImageObject","inLanguage":"en-US","@id":"https:\/\/concept05design.com\/en\/produit\/mason\/#primaryimage","url":"https:\/\/concept05design.com\/wp-content\/uploads\/2025\/07\/MASON-GBF838__04799.jpg","contentUrl":"https:\/\/concept05design.com\/wp-content\/uploads\/2025\/07\/MASON-GBF838__04799.jpg","width":640,"height":362},{"@type":"BreadcrumbList","@id":"https:\/\/concept05design.com\/en\/produit\/mason\/#breadcrumb","itemListElement":[{"@type":"ListItem","position":1,"name":"Accueil","item":"https:\/\/concept05design.com\/en\/"},{"@type":"ListItem","position":2,"name":"Shop","item":"https:\/\/concept05design.com\/shop\/"},{"@type":"ListItem","position":3,"name":"Mason"}]},{"@type":"WebSite","@id":"https:\/\/concept05design.com\/en\/#website","url":"https:\/\/concept05design.com\/en\/","name":"Concept 05 Design","description":"Du Concept \u00e0 la R\u00e9alit\u00e9 : Votre Vision, Notre Mission","potentialAction":[{"@type":"SearchAction","target":{"@type":"EntryPoint","urlTemplate":"https:\/\/concept05design.com\/en\/?s={search_term_string}"},"query-input":{"@type":"PropertyValueSpecification","valueRequired":true,"valueName":"search_term_string"}}],"inLanguage":"en-US"}]}},"_links":{"self":[{"href":"https:\/\/concept05design.com\/en\/wp-json\/wp\/v2\/product\/5711","targetHints":{"allow":["GET"]}}],"collection":[{"href":"https:\/\/concept05design.com\/en\/wp-json\/wp\/v2\/product"}],"about":[{"href":"https:\/\/concept05design.com\/en\/wp-json\/wp\/v2\/types\/product"}],"wp:featuredmedia":[{"embeddable":true,"href":"https:\/\/concept05design.com\/en\/wp-json\/wp\/v2\/media\/5705"}],"wp:attachment":[{"href":"https:\/\/concept05design.com\/en\/wp-json\/wp\/v2\/media?parent=5711"}],"wp:term":[{"taxonomy":"product_brand","embeddable":true,"href":"https:\/\/concept05design.com\/en\/wp-json\/wp\/v2\/product_brand?post=5711"},{"taxonomy":"product_cat","embeddable":true,"href":"https:\/\/concept05design.com\/en\/wp-json\/wp\/v2\/product_cat?post=5711"},{"taxonomy":"product_tag","embeddable":true,"href":"https:\/\/concept05design.com\/en\/wp-json\/wp\/v2\/product_tag?post=5711"}],"curies":[{"name":"wp","href":"https:\/\/api.w.org\/{rel}","templated":true}]}}