{"id":5723,"date":"2025-07-25T18:34:18","date_gmt":"2025-07-25T18:34:18","guid":{"rendered":"https:\/\/concept05design.com\/produit\/bello-ii\/"},"modified":"2025-07-25T18:35:44","modified_gmt":"2025-07-25T18:35:44","slug":"bello-ii","status":"publish","type":"product","link":"https:\/\/concept05design.com\/en\/produit\/bello-ii\/","title":{"rendered":"BELLO II"},"content":{"rendered":"<h3 data-start=\"448\" data-end=\"463\"><strong data-start=\"452\" data-end=\"463\">Details<\/strong><\/h3>\n<ul data-start=\"465\" data-end=\"704\">\n<li data-start=\"465\" data-end=\"574\">\n<p data-start=\"467\" data-end=\"574\">Available in Chrome, Brushed Nickel and Matte Black<br data-start=\"514\" data-end=\"517\"><em data-start=\"519\" data-end=\"572\">(see separate sheets for other colors)<\/em><\/p>\n<\/li>\n<li data-start=\"575\" data-end=\"611\">\n<p data-start=\"577\" data-end=\"611\">Intuitive single-handle lever<\/p>\n<\/li>\n<li data-start=\"612\" data-end=\"628\">\n<p data-start=\"614\" data-end=\"628\">Direct flow<\/p>\n<\/li>\n<li data-start=\"629\" data-end=\"664\">\n<p data-start=\"631\" data-end=\"664\">Stainless steel internal components<\/p>\n<\/li>\n<li data-start=\"665\" data-end=\"704\">\n<p data-start=\"667\" data-end=\"704\">Long-life ceramic cartridge<\/p>\n<\/li>\n<\/ul>\n<hr data-start=\"706\" data-end=\"709\">\n<h3 data-start=\"711\" data-end=\"742\"><strong data-start=\"715\" data-end=\"742\">Materials &amp; Manufacturing<\/strong><\/h3>\n<ul data-start=\"744\" data-end=\"761\">\n<li data-start=\"744\" data-end=\"761\">\n<p data-start=\"746\" data-end=\"761\">Solid brass<\/p>\n<\/li>\n<\/ul>\n<hr data-start=\"763\" data-end=\"766\">\n<h3 data-start=\"768\" data-end=\"782\"><strong data-start=\"772\" data-end=\"782\">Included<\/strong><\/h3>\n<ul data-start=\"784\" data-end=\"816\">\n<li data-start=\"784\" data-end=\"816\">\n<p data-start=\"786\" data-end=\"816\">Strainer with pop-up valve<\/p>\n<\/li>\n<\/ul>\n<hr data-start=\"818\" data-end=\"821\">\n<h3 data-start=\"823\" data-end=\"849\"><strong data-start=\"827\" data-end=\"849\">Overall dimensions<\/strong><\/h3>\n<ul data-start=\"851\" data-end=\"1036\">\n<li data-start=\"851\" data-end=\"885\">\n<p data-start=\"853\" data-end=\"885\"><strong data-start=\"853\" data-end=\"866\">Height:<\/strong> 6 1\/2&#8243; (16.5 cm)<\/p>\n<\/li>\n<li data-start=\"886\" data-end=\"923\">\n<p data-start=\"888\" data-end=\"923\"><strong data-start=\"888\" data-end=\"904\">Depth:<\/strong> 5 7\/8&#8243; (14.9 cm)<\/p>\n<\/li>\n<li data-start=\"924\" data-end=\"953\">\n<p data-start=\"926\" data-end=\"953\"><strong data-start=\"926\" data-end=\"939\">Width:<\/strong> 2&#8243; (5.1 cm)<\/p>\n<\/li>\n<li data-start=\"954\" data-end=\"1036\">\n<p data-start=\"956\" data-end=\"1036\"><strong data-start=\"956\" data-end=\"967\">Weight:<\/strong> 2 lb (0.9 kg)<br data-start=\"981\" data-end=\"984\"><em data-start=\"984\" data-end=\"1036\">Shipping dimensions may differ.<\/em><\/p>\n<\/li>\n<\/ul>\n<hr data-start=\"1038\" data-end=\"1041\">\n<h3 data-start=\"1043\" data-end=\"1063\"><strong data-start=\"1047\" data-end=\"1063\">Installation<\/strong><\/h3>\n<p data-start=\"1065\" data-end=\"1159\">Easy bathroom installation: standard <strong data-start=\"1123\" data-end=\"1135\">1 3\/8&#8243;<\/strong> hole with <strong data-start=\"1141\" data-end=\"1158\">tube and nut<\/strong>.<\/p>\n","protected":false},"excerpt":{"rendered":"<h3 data-start=\"99\" data-end=\"143\"><strong data-start=\"103\" data-end=\"143\">Inspired Design &amp; Quality Finish<\/strong><\/h3>\n<p data-start=\"145\" data-end=\"441\">The <strong data-start=\"148\" data-end=\"160\">BELLO II<\/strong> features a bold design: its clean, sleek lines offer a modern, sophisticated look to your vanity. Equipped with a ceramic cartridge tested for <strong data-start=\"331\" data-end=\"358\">at least 500,000 cycles<\/strong>, it guarantees the performance and durability you need in your bathroom. <\/p>\n<p data-start=\"145\" data-end=\"441\"><img decoding=\"async\" class=\"alignnone size-medium wp-image-5721\" src=\"https:\/\/concept05design.com\/wp-content\/uploads\/2025\/07\/Untitled-20-300x203.png\" alt=\"\" width=\"300\" height=\"203\" srcset=\"https:\/\/concept05design.com\/wp-content\/uploads\/2025\/07\/Untitled-20-200x135.png 200w, https:\/\/concept05design.com\/wp-content\/uploads\/2025\/07\/Untitled-20-300x203.png 300w, https:\/\/concept05design.com\/wp-content\/uploads\/2025\/07\/Untitled-20.png 375w\" sizes=\"(max-width: 300px) 100vw, 300px\" \/><\/p>\n","protected":false},"featured_media":5720,"template":"","meta":[],"product_brand":[],"product_cat":[418,433,434],"product_tag":[],"class_list":{"0":"post-5723","1":"product","2":"type-product","3":"status-publish","4":"has-post-thumbnail","6":"product_cat-bathroom","7":"product_cat-faucet-en","8":"product_cat-vedette-bathroom-faucet","10":"first","11":"instock","12":"shipping-taxable","13":"product-type-simple"},"yoast_head":"<!-- This site is optimized with the Yoast SEO plugin v27.4 - https:\/\/yoast.com\/product\/yoast-seo-wordpress\/ -->\n<title>BELLO II - Concept 05 Design<\/title>\n<meta name=\"robots\" content=\"index, follow, max-snippet:-1, max-image-preview:large, max-video-preview:-1\" \/>\n<link rel=\"canonical\" href=\"https:\/\/concept05design.com\/en\/produit\/bello-ii\/\" \/>\n<meta property=\"og:locale\" content=\"en_US\" \/>\n<meta property=\"og:type\" content=\"article\" \/>\n<meta property=\"og:title\" content=\"BELLO II - Concept 05 Design\" \/>\n<meta property=\"og:description\" content=\"Inspired Design &amp; Quality Finish The BELLO II features a bold design: its clean, sleek lines offer a modern, sophisticated look to your vanity. Equipped with a ceramic cartridge tested for at least 500,000 cycles, it guarantees the performance and durability you need in your bathroom.\" \/>\n<meta property=\"og:url\" content=\"https:\/\/concept05design.com\/en\/produit\/bello-ii\/\" \/>\n<meta property=\"og:site_name\" content=\"Concept 05 Design\" \/>\n<meta property=\"article:modified_time\" content=\"2025-07-25T18:35:44+00:00\" \/>\n<meta property=\"og:image\" content=\"https:\/\/concept05design.com\/wp-content\/uploads\/2025\/07\/BELLO_II__63274.webp\" \/>\n\t<meta property=\"og:image:width\" content=\"1280\" \/>\n\t<meta property=\"og:image:height\" content=\"1280\" \/>\n\t<meta property=\"og:image:type\" content=\"image\/webp\" \/>\n<meta name=\"twitter:card\" content=\"summary_large_image\" \/>\n<script type=\"application\/ld+json\" class=\"yoast-schema-graph\">{\"@context\":\"https:\\\/\\\/schema.org\",\"@graph\":[{\"@type\":\"WebPage\",\"@id\":\"https:\\\/\\\/concept05design.com\\\/en\\\/produit\\\/bello-ii\\\/\",\"url\":\"https:\\\/\\\/concept05design.com\\\/en\\\/produit\\\/bello-ii\\\/\",\"name\":\"BELLO II - Concept 05 Design\",\"isPartOf\":{\"@id\":\"https:\\\/\\\/concept05design.com\\\/en\\\/#website\"},\"primaryImageOfPage\":{\"@id\":\"https:\\\/\\\/concept05design.com\\\/en\\\/produit\\\/bello-ii\\\/#primaryimage\"},\"image\":{\"@id\":\"https:\\\/\\\/concept05design.com\\\/en\\\/produit\\\/bello-ii\\\/#primaryimage\"},\"thumbnailUrl\":\"https:\\\/\\\/concept05design.com\\\/wp-content\\\/uploads\\\/2025\\\/07\\\/BELLO_II__63274.webp\",\"datePublished\":\"2025-07-25T18:34:18+00:00\",\"dateModified\":\"2025-07-25T18:35:44+00:00\",\"breadcrumb\":{\"@id\":\"https:\\\/\\\/concept05design.com\\\/en\\\/produit\\\/bello-ii\\\/#breadcrumb\"},\"inLanguage\":\"en-US\",\"potentialAction\":[{\"@type\":\"ReadAction\",\"target\":[\"https:\\\/\\\/concept05design.com\\\/en\\\/produit\\\/bello-ii\\\/\"]}]},{\"@type\":\"ImageObject\",\"inLanguage\":\"en-US\",\"@id\":\"https:\\\/\\\/concept05design.com\\\/en\\\/produit\\\/bello-ii\\\/#primaryimage\",\"url\":\"https:\\\/\\\/concept05design.com\\\/wp-content\\\/uploads\\\/2025\\\/07\\\/BELLO_II__63274.webp\",\"contentUrl\":\"https:\\\/\\\/concept05design.com\\\/wp-content\\\/uploads\\\/2025\\\/07\\\/BELLO_II__63274.webp\",\"width\":1280,\"height\":1280},{\"@type\":\"BreadcrumbList\",\"@id\":\"https:\\\/\\\/concept05design.com\\\/en\\\/produit\\\/bello-ii\\\/#breadcrumb\",\"itemListElement\":[{\"@type\":\"ListItem\",\"position\":1,\"name\":\"Accueil\",\"item\":\"https:\\\/\\\/concept05design.com\\\/en\\\/\"},{\"@type\":\"ListItem\",\"position\":2,\"name\":\"Shop\",\"item\":\"https:\\\/\\\/concept05design.com\\\/shop\\\/\"},{\"@type\":\"ListItem\",\"position\":3,\"name\":\"BELLO II\"}]},{\"@type\":\"WebSite\",\"@id\":\"https:\\\/\\\/concept05design.com\\\/en\\\/#website\",\"url\":\"https:\\\/\\\/concept05design.com\\\/en\\\/\",\"name\":\"Concept 05 Design\",\"description\":\"Du Concept \u00e0 la R\u00e9alit\u00e9 : Votre Vision, Notre Mission\",\"potentialAction\":[{\"@type\":\"SearchAction\",\"target\":{\"@type\":\"EntryPoint\",\"urlTemplate\":\"https:\\\/\\\/concept05design.com\\\/en\\\/?s={search_term_string}\"},\"query-input\":{\"@type\":\"PropertyValueSpecification\",\"valueRequired\":true,\"valueName\":\"search_term_string\"}}],\"inLanguage\":\"en-US\"}]}<\/script>\n<!-- \/ Yoast SEO plugin. -->","yoast_head_json":{"title":"BELLO II - Concept 05 Design","robots":{"index":"index","follow":"follow","max-snippet":"max-snippet:-1","max-image-preview":"max-image-preview:large","max-video-preview":"max-video-preview:-1"},"canonical":"https:\/\/concept05design.com\/en\/produit\/bello-ii\/","og_locale":"en_US","og_type":"article","og_title":"BELLO II - Concept 05 Design","og_description":"Inspired Design &amp; Quality Finish The BELLO II features a bold design: its clean, sleek lines offer a modern, sophisticated look to your vanity. Equipped with a ceramic cartridge tested for at least 500,000 cycles, it guarantees the performance and durability you need in your bathroom.","og_url":"https:\/\/concept05design.com\/en\/produit\/bello-ii\/","og_site_name":"Concept 05 Design","article_modified_time":"2025-07-25T18:35:44+00:00","og_image":[{"width":1280,"height":1280,"url":"https:\/\/concept05design.com\/wp-content\/uploads\/2025\/07\/BELLO_II__63274.webp","type":"image\/webp"}],"twitter_card":"summary_large_image","schema":{"@context":"https:\/\/schema.org","@graph":[{"@type":"WebPage","@id":"https:\/\/concept05design.com\/en\/produit\/bello-ii\/","url":"https:\/\/concept05design.com\/en\/produit\/bello-ii\/","name":"BELLO II - Concept 05 Design","isPartOf":{"@id":"https:\/\/concept05design.com\/en\/#website"},"primaryImageOfPage":{"@id":"https:\/\/concept05design.com\/en\/produit\/bello-ii\/#primaryimage"},"image":{"@id":"https:\/\/concept05design.com\/en\/produit\/bello-ii\/#primaryimage"},"thumbnailUrl":"https:\/\/concept05design.com\/wp-content\/uploads\/2025\/07\/BELLO_II__63274.webp","datePublished":"2025-07-25T18:34:18+00:00","dateModified":"2025-07-25T18:35:44+00:00","breadcrumb":{"@id":"https:\/\/concept05design.com\/en\/produit\/bello-ii\/#breadcrumb"},"inLanguage":"en-US","potentialAction":[{"@type":"ReadAction","target":["https:\/\/concept05design.com\/en\/produit\/bello-ii\/"]}]},{"@type":"ImageObject","inLanguage":"en-US","@id":"https:\/\/concept05design.com\/en\/produit\/bello-ii\/#primaryimage","url":"https:\/\/concept05design.com\/wp-content\/uploads\/2025\/07\/BELLO_II__63274.webp","contentUrl":"https:\/\/concept05design.com\/wp-content\/uploads\/2025\/07\/BELLO_II__63274.webp","width":1280,"height":1280},{"@type":"BreadcrumbList","@id":"https:\/\/concept05design.com\/en\/produit\/bello-ii\/#breadcrumb","itemListElement":[{"@type":"ListItem","position":1,"name":"Accueil","item":"https:\/\/concept05design.com\/en\/"},{"@type":"ListItem","position":2,"name":"Shop","item":"https:\/\/concept05design.com\/shop\/"},{"@type":"ListItem","position":3,"name":"BELLO II"}]},{"@type":"WebSite","@id":"https:\/\/concept05design.com\/en\/#website","url":"https:\/\/concept05design.com\/en\/","name":"Concept 05 Design","description":"Du Concept \u00e0 la R\u00e9alit\u00e9 : Votre Vision, Notre Mission","potentialAction":[{"@type":"SearchAction","target":{"@type":"EntryPoint","urlTemplate":"https:\/\/concept05design.com\/en\/?s={search_term_string}"},"query-input":{"@type":"PropertyValueSpecification","valueRequired":true,"valueName":"search_term_string"}}],"inLanguage":"en-US"}]}},"_links":{"self":[{"href":"https:\/\/concept05design.com\/en\/wp-json\/wp\/v2\/product\/5723","targetHints":{"allow":["GET"]}}],"collection":[{"href":"https:\/\/concept05design.com\/en\/wp-json\/wp\/v2\/product"}],"about":[{"href":"https:\/\/concept05design.com\/en\/wp-json\/wp\/v2\/types\/product"}],"wp:featuredmedia":[{"embeddable":true,"href":"https:\/\/concept05design.com\/en\/wp-json\/wp\/v2\/media\/5720"}],"wp:attachment":[{"href":"https:\/\/concept05design.com\/en\/wp-json\/wp\/v2\/media?parent=5723"}],"wp:term":[{"taxonomy":"product_brand","embeddable":true,"href":"https:\/\/concept05design.com\/en\/wp-json\/wp\/v2\/product_brand?post=5723"},{"taxonomy":"product_cat","embeddable":true,"href":"https:\/\/concept05design.com\/en\/wp-json\/wp\/v2\/product_cat?post=5723"},{"taxonomy":"product_tag","embeddable":true,"href":"https:\/\/concept05design.com\/en\/wp-json\/wp\/v2\/product_tag?post=5723"}],"curies":[{"name":"wp","href":"https:\/\/api.w.org\/{rel}","templated":true}]}}