{"id":5744,"date":"2025-07-25T18:48:18","date_gmt":"2025-07-25T18:48:18","guid":{"rendered":"https:\/\/concept05design.com\/produit\/bradley\/"},"modified":"2025-08-01T16:06:26","modified_gmt":"2025-08-01T16:06:26","slug":"bradley","status":"publish","type":"product","link":"https:\/\/concept05design.com\/en\/produit\/bradley\/","title":{"rendered":"Bradley"},"content":{"rendered":"<h3 data-start=\"437\" data-end=\"452\"><strong data-start=\"441\" data-end=\"452\">Details<\/strong><\/h3>\n<ul data-start=\"454\" data-end=\"693\">\n<li data-start=\"454\" data-end=\"563\">\n<p data-start=\"456\" data-end=\"563\">Available in Chrome, Brushed Nickel and Matte Black<br data-start=\"503\" data-end=\"506\"><em data-start=\"508\" data-end=\"561\">(see separate sheets for other colors)<\/em><\/p>\n<\/li>\n<li data-start=\"564\" data-end=\"600\">\n<p data-start=\"566\" data-end=\"600\"><strong data-start=\"573\" data-end=\"598\">Intuitive single-lever control<\/strong><\/p>\n<\/li>\n<li data-start=\"601\" data-end=\"617\">\n<p data-start=\"603\" data-end=\"617\">Direct flow<\/p>\n<\/li>\n<li data-start=\"618\" data-end=\"653\">\n<p data-start=\"620\" data-end=\"653\">Stainless steel internal components<\/p>\n<\/li>\n<li data-start=\"654\" data-end=\"693\">\n<p data-start=\"656\" data-end=\"693\">Long-life ceramic cartridge<\/p>\n<\/li>\n<\/ul>\n<hr data-start=\"695\" data-end=\"698\">\n<h3 data-start=\"700\" data-end=\"731\"><strong data-start=\"704\" data-end=\"731\">Materials &amp; Manufacturing<\/strong><\/h3>\n<ul data-start=\"733\" data-end=\"799\">\n<li data-start=\"733\" data-end=\"750\">\n<p data-start=\"735\" data-end=\"750\">Solid brass<\/p>\n<\/li>\n<li data-start=\"751\" data-end=\"799\">\n<p data-start=\"753\" data-end=\"799\">High-resistance PVD coating <em data-start=\"785\" data-end=\"797\">(Matte Black)<\/em><\/p>\n<\/li>\n<\/ul>\n<hr data-start=\"801\" data-end=\"804\">\n<h3 data-start=\"806\" data-end=\"820\"><strong data-start=\"810\" data-end=\"820\">Included<\/strong><\/h3>\n<ul data-start=\"822\" data-end=\"854\">\n<li data-start=\"822\" data-end=\"854\">\n<p data-start=\"824\" data-end=\"854\">Strainer with pop-up valve<\/p>\n<\/li>\n<\/ul>\n<hr data-start=\"856\" data-end=\"859\">\n<h3 data-start=\"861\" data-end=\"887\"><strong data-start=\"865\" data-end=\"887\">Overall dimensions<\/strong><\/h3>\n<ul data-start=\"889\" data-end=\"1069\">\n<li data-start=\"889\" data-end=\"923\">\n<p data-start=\"891\" data-end=\"923\"><strong data-start=\"891\" data-end=\"904\">Height:<\/strong> 5 7\/8&#8243; (14.9 cm)<\/p>\n<\/li>\n<li data-start=\"924\" data-end=\"956\">\n<p data-start=\"926\" data-end=\"956\"><strong data-start=\"926\" data-end=\"942\">Depth:<\/strong> 2&#8243; (5.1 cm)<\/p>\n<\/li>\n<li data-start=\"957\" data-end=\"991\">\n<p data-start=\"959\" data-end=\"991\"><strong data-start=\"959\" data-end=\"972\">Width:<\/strong> 6 1\/4&#8243; (15.9 cm)<\/p>\n<\/li>\n<li data-start=\"992\" data-end=\"1069\">\n<p data-start=\"994\" data-end=\"1069\"><strong data-start=\"994\" data-end=\"1005\">Weight:<\/strong> 2 lb (0.9 kg)<br data-start=\"1019\" data-end=\"1022\"><em data-start=\"1022\" data-end=\"1069\">Shipping dimensions may differ.<\/em><\/p>\n<\/li>\n<\/ul>\n<hr data-start=\"1071\" data-end=\"1074\">\n<h3 data-start=\"1076\" data-end=\"1096\"><strong data-start=\"1080\" data-end=\"1096\">Installation<\/strong><\/h3>\n<p data-start=\"1098\" data-end=\"1192\">Easy bathroom installation: standard <strong data-start=\"1156\" data-end=\"1168\">1 3\/8&#8243;<\/strong> hole with <strong data-start=\"1174\" data-end=\"1191\">tube and nut<\/strong>.<\/p>\n","protected":false},"excerpt":{"rendered":"<h3 data-start=\"98\" data-end=\"143\"><strong data-start=\"102\" data-end=\"143\">Inspired Design &amp; Remarkable Finish<\/strong><\/h3>\n<p data-start=\"145\" data-end=\"430\"><strong data-start=\"148\" data-end=\"159\">BRADLEY<\/strong> features a sleek, fluid design, bringing a <strong data-start=\"227\" data-end=\"254\">modern, sophisticated<\/strong> touch to your vanity. It features a <strong data-start=\"298\" data-end=\"324\">ceramic cartridge<\/strong> tested to <strong data-start=\"337\" data-end=\"364\">at least 500,000 cycles<\/strong>, guaranteeing performance and durability in your bathroom. <\/p>\n<p><img decoding=\"async\" class=\"alignnone size-medium wp-image-5742\" src=\"https:\/\/concept05design.com\/wp-content\/uploads\/2025\/07\/Untitled-22-300x212.png\" alt=\"\" width=\"300\" height=\"212\" srcset=\"https:\/\/concept05design.com\/wp-content\/uploads\/2025\/07\/Untitled-22-200x141.png 200w, https:\/\/concept05design.com\/wp-content\/uploads\/2025\/07\/Untitled-22-300x212.png 300w, https:\/\/concept05design.com\/wp-content\/uploads\/2025\/07\/Untitled-22.png 361w\" sizes=\"(max-width: 300px) 100vw, 300px\" \/><\/p>\n","protected":false},"featured_media":5737,"template":"","meta":[],"product_brand":[],"product_cat":[418,433],"product_tag":[],"class_list":{"0":"post-5744","1":"product","2":"type-product","3":"status-publish","4":"has-post-thumbnail","6":"product_cat-bathroom","7":"product_cat-faucet-en","9":"first","10":"instock","11":"shipping-taxable","12":"product-type-simple"},"yoast_head":"<!-- This site is optimized with the Yoast SEO plugin v27.4 - https:\/\/yoast.com\/product\/yoast-seo-wordpress\/ -->\n<title>Bradley - Concept 05 Design<\/title>\n<meta name=\"robots\" content=\"index, follow, max-snippet:-1, max-image-preview:large, max-video-preview:-1\" \/>\n<link rel=\"canonical\" href=\"https:\/\/concept05design.com\/en\/produit\/bradley\/\" \/>\n<meta property=\"og:locale\" content=\"en_US\" \/>\n<meta property=\"og:type\" content=\"article\" \/>\n<meta property=\"og:title\" content=\"Bradley - Concept 05 Design\" \/>\n<meta property=\"og:description\" content=\"Inspired Design &amp; Remarkable Finish BRADLEY features a sleek, fluid design, bringing a modern, sophisticated touch to your vanity. It features a ceramic cartridge tested to at least 500,000 cycles, guaranteeing performance and durability in your bathroom.\" \/>\n<meta property=\"og:url\" content=\"https:\/\/concept05design.com\/en\/produit\/bradley\/\" \/>\n<meta property=\"og:site_name\" content=\"Concept 05 Design\" \/>\n<meta property=\"article:modified_time\" content=\"2025-08-01T16:06:26+00:00\" \/>\n<meta property=\"og:image\" content=\"https:\/\/concept05design.com\/wp-content\/uploads\/2025\/07\/BRADLEY-GBF851__95279.webp\" \/>\n\t<meta property=\"og:image:width\" content=\"640\" \/>\n\t<meta property=\"og:image:height\" content=\"655\" \/>\n\t<meta property=\"og:image:type\" content=\"image\/webp\" \/>\n<meta name=\"twitter:card\" content=\"summary_large_image\" \/>\n<script type=\"application\/ld+json\" class=\"yoast-schema-graph\">{\"@context\":\"https:\\\/\\\/schema.org\",\"@graph\":[{\"@type\":\"WebPage\",\"@id\":\"https:\\\/\\\/concept05design.com\\\/en\\\/produit\\\/bradley\\\/\",\"url\":\"https:\\\/\\\/concept05design.com\\\/en\\\/produit\\\/bradley\\\/\",\"name\":\"Bradley - Concept 05 Design\",\"isPartOf\":{\"@id\":\"https:\\\/\\\/concept05design.com\\\/en\\\/#website\"},\"primaryImageOfPage\":{\"@id\":\"https:\\\/\\\/concept05design.com\\\/en\\\/produit\\\/bradley\\\/#primaryimage\"},\"image\":{\"@id\":\"https:\\\/\\\/concept05design.com\\\/en\\\/produit\\\/bradley\\\/#primaryimage\"},\"thumbnailUrl\":\"https:\\\/\\\/concept05design.com\\\/wp-content\\\/uploads\\\/2025\\\/07\\\/BRADLEY-GBF851__95279.webp\",\"datePublished\":\"2025-07-25T18:48:18+00:00\",\"dateModified\":\"2025-08-01T16:06:26+00:00\",\"breadcrumb\":{\"@id\":\"https:\\\/\\\/concept05design.com\\\/en\\\/produit\\\/bradley\\\/#breadcrumb\"},\"inLanguage\":\"en-US\",\"potentialAction\":[{\"@type\":\"ReadAction\",\"target\":[\"https:\\\/\\\/concept05design.com\\\/en\\\/produit\\\/bradley\\\/\"]}]},{\"@type\":\"ImageObject\",\"inLanguage\":\"en-US\",\"@id\":\"https:\\\/\\\/concept05design.com\\\/en\\\/produit\\\/bradley\\\/#primaryimage\",\"url\":\"https:\\\/\\\/concept05design.com\\\/wp-content\\\/uploads\\\/2025\\\/07\\\/BRADLEY-GBF851__95279.webp\",\"contentUrl\":\"https:\\\/\\\/concept05design.com\\\/wp-content\\\/uploads\\\/2025\\\/07\\\/BRADLEY-GBF851__95279.webp\",\"width\":640,\"height\":655},{\"@type\":\"BreadcrumbList\",\"@id\":\"https:\\\/\\\/concept05design.com\\\/en\\\/produit\\\/bradley\\\/#breadcrumb\",\"itemListElement\":[{\"@type\":\"ListItem\",\"position\":1,\"name\":\"Accueil\",\"item\":\"https:\\\/\\\/concept05design.com\\\/en\\\/\"},{\"@type\":\"ListItem\",\"position\":2,\"name\":\"Shop\",\"item\":\"https:\\\/\\\/concept05design.com\\\/shop\\\/\"},{\"@type\":\"ListItem\",\"position\":3,\"name\":\"Bradley\"}]},{\"@type\":\"WebSite\",\"@id\":\"https:\\\/\\\/concept05design.com\\\/en\\\/#website\",\"url\":\"https:\\\/\\\/concept05design.com\\\/en\\\/\",\"name\":\"Concept 05 Design\",\"description\":\"Du Concept \u00e0 la R\u00e9alit\u00e9 : Votre Vision, Notre Mission\",\"potentialAction\":[{\"@type\":\"SearchAction\",\"target\":{\"@type\":\"EntryPoint\",\"urlTemplate\":\"https:\\\/\\\/concept05design.com\\\/en\\\/?s={search_term_string}\"},\"query-input\":{\"@type\":\"PropertyValueSpecification\",\"valueRequired\":true,\"valueName\":\"search_term_string\"}}],\"inLanguage\":\"en-US\"}]}<\/script>\n<!-- \/ Yoast SEO plugin. -->","yoast_head_json":{"title":"Bradley - Concept 05 Design","robots":{"index":"index","follow":"follow","max-snippet":"max-snippet:-1","max-image-preview":"max-image-preview:large","max-video-preview":"max-video-preview:-1"},"canonical":"https:\/\/concept05design.com\/en\/produit\/bradley\/","og_locale":"en_US","og_type":"article","og_title":"Bradley - Concept 05 Design","og_description":"Inspired Design &amp; Remarkable Finish BRADLEY features a sleek, fluid design, bringing a modern, sophisticated touch to your vanity. It features a ceramic cartridge tested to at least 500,000 cycles, guaranteeing performance and durability in your bathroom.","og_url":"https:\/\/concept05design.com\/en\/produit\/bradley\/","og_site_name":"Concept 05 Design","article_modified_time":"2025-08-01T16:06:26+00:00","og_image":[{"width":640,"height":655,"url":"https:\/\/concept05design.com\/wp-content\/uploads\/2025\/07\/BRADLEY-GBF851__95279.webp","type":"image\/webp"}],"twitter_card":"summary_large_image","schema":{"@context":"https:\/\/schema.org","@graph":[{"@type":"WebPage","@id":"https:\/\/concept05design.com\/en\/produit\/bradley\/","url":"https:\/\/concept05design.com\/en\/produit\/bradley\/","name":"Bradley - Concept 05 Design","isPartOf":{"@id":"https:\/\/concept05design.com\/en\/#website"},"primaryImageOfPage":{"@id":"https:\/\/concept05design.com\/en\/produit\/bradley\/#primaryimage"},"image":{"@id":"https:\/\/concept05design.com\/en\/produit\/bradley\/#primaryimage"},"thumbnailUrl":"https:\/\/concept05design.com\/wp-content\/uploads\/2025\/07\/BRADLEY-GBF851__95279.webp","datePublished":"2025-07-25T18:48:18+00:00","dateModified":"2025-08-01T16:06:26+00:00","breadcrumb":{"@id":"https:\/\/concept05design.com\/en\/produit\/bradley\/#breadcrumb"},"inLanguage":"en-US","potentialAction":[{"@type":"ReadAction","target":["https:\/\/concept05design.com\/en\/produit\/bradley\/"]}]},{"@type":"ImageObject","inLanguage":"en-US","@id":"https:\/\/concept05design.com\/en\/produit\/bradley\/#primaryimage","url":"https:\/\/concept05design.com\/wp-content\/uploads\/2025\/07\/BRADLEY-GBF851__95279.webp","contentUrl":"https:\/\/concept05design.com\/wp-content\/uploads\/2025\/07\/BRADLEY-GBF851__95279.webp","width":640,"height":655},{"@type":"BreadcrumbList","@id":"https:\/\/concept05design.com\/en\/produit\/bradley\/#breadcrumb","itemListElement":[{"@type":"ListItem","position":1,"name":"Accueil","item":"https:\/\/concept05design.com\/en\/"},{"@type":"ListItem","position":2,"name":"Shop","item":"https:\/\/concept05design.com\/shop\/"},{"@type":"ListItem","position":3,"name":"Bradley"}]},{"@type":"WebSite","@id":"https:\/\/concept05design.com\/en\/#website","url":"https:\/\/concept05design.com\/en\/","name":"Concept 05 Design","description":"Du Concept \u00e0 la R\u00e9alit\u00e9 : Votre Vision, Notre Mission","potentialAction":[{"@type":"SearchAction","target":{"@type":"EntryPoint","urlTemplate":"https:\/\/concept05design.com\/en\/?s={search_term_string}"},"query-input":{"@type":"PropertyValueSpecification","valueRequired":true,"valueName":"search_term_string"}}],"inLanguage":"en-US"}]}},"_links":{"self":[{"href":"https:\/\/concept05design.com\/en\/wp-json\/wp\/v2\/product\/5744","targetHints":{"allow":["GET"]}}],"collection":[{"href":"https:\/\/concept05design.com\/en\/wp-json\/wp\/v2\/product"}],"about":[{"href":"https:\/\/concept05design.com\/en\/wp-json\/wp\/v2\/types\/product"}],"wp:featuredmedia":[{"embeddable":true,"href":"https:\/\/concept05design.com\/en\/wp-json\/wp\/v2\/media\/5737"}],"wp:attachment":[{"href":"https:\/\/concept05design.com\/en\/wp-json\/wp\/v2\/media?parent=5744"}],"wp:term":[{"taxonomy":"product_brand","embeddable":true,"href":"https:\/\/concept05design.com\/en\/wp-json\/wp\/v2\/product_brand?post=5744"},{"taxonomy":"product_cat","embeddable":true,"href":"https:\/\/concept05design.com\/en\/wp-json\/wp\/v2\/product_cat?post=5744"},{"taxonomy":"product_tag","embeddable":true,"href":"https:\/\/concept05design.com\/en\/wp-json\/wp\/v2\/product_tag?post=5744"}],"curies":[{"name":"wp","href":"https:\/\/api.w.org\/{rel}","templated":true}]}}