{"id":5752,"date":"2025-07-26T14:55:59","date_gmt":"2025-07-26T14:55:59","guid":{"rendered":"https:\/\/concept05design.com\/produit\/bradley-h\/"},"modified":"2025-07-26T14:56:57","modified_gmt":"2025-07-26T14:56:57","slug":"bradley-h","status":"publish","type":"product","link":"https:\/\/concept05design.com\/en\/produit\/bradley-h\/","title":{"rendered":"Bradley &#8211; H"},"content":{"rendered":"<h3 data-start=\"441\" data-end=\"456\"><strong data-start=\"445\" data-end=\"456\">Details<\/strong><\/h3>\n<ul data-start=\"458\" data-end=\"904\">\n<li data-start=\"458\" data-end=\"523\">\n<p data-start=\"460\" data-end=\"523\"><strong data-start=\"460\" data-end=\"481\">Extended height<\/strong>, ideal for basin-style sinks<\/p>\n<\/li>\n<li data-start=\"524\" data-end=\"560\">\n<p data-start=\"526\" data-end=\"560\"><strong data-start=\"533\" data-end=\"558\">Intuitive single-lever control<\/strong><\/p>\n<\/li>\n<li data-start=\"561\" data-end=\"577\">\n<p data-start=\"563\" data-end=\"577\">Direct flow<\/p>\n<\/li>\n<li data-start=\"578\" data-end=\"617\">\n<p data-start=\"580\" data-end=\"617\"><strong data-start=\"600\" data-end=\"615\">Stainless steel<\/strong> internal components<\/p>\n<\/li>\n<li data-start=\"618\" data-end=\"661\">\n<p data-start=\"620\" data-end=\"661\">Long-life <strong data-start=\"620\" data-end=\"646\">ceramic cartridge<\/strong> <\/p>\n<\/li>\n<li data-start=\"662\" data-end=\"764\">\n<p data-start=\"664\" data-end=\"764\">Available in <strong data-start=\"678\" data-end=\"688\">Chrome<\/strong> and <strong data-start=\"692\" data-end=\"704\">Matte Black<\/strong><br data-start=\"704\" data-end=\"707\"><em data-start=\"709\" data-end=\"762\">(see separate sheets for other colors)<\/em><\/p>\n<\/li>\n<li data-start=\"765\" data-end=\"904\">\n<p data-start=\"767\" data-end=\"904\">This data sheet applies to the <strong data-start=\"791\" data-end=\"843\">version with basin strainer and overflow<\/strong><br data-start=\"843\" data-end=\"846\"><em data-start=\"848\" data-end=\"904\">(the version without overflow is available separately).<\/em><\/p>\n<\/li>\n<\/ul>\n<hr data-start=\"906\" data-end=\"909\">\n<h3 data-start=\"911\" data-end=\"942\"><strong data-start=\"915\" data-end=\"942\">Materials &amp; Manufacturing<\/strong><\/h3>\n<ul data-start=\"944\" data-end=\"1013\">\n<li data-start=\"944\" data-end=\"961\">\n<p data-start=\"946\" data-end=\"961\">Solid brass<\/p>\n<\/li>\n<li data-start=\"962\" data-end=\"1013\">\n<p data-start=\"964\" data-end=\"1013\"><strong data-start=\"975\" data-end=\"998\">High-resistance PVD<\/strong> coating <em data-start=\"999\" data-end=\"1011\">(Matte Black)<\/em><\/p>\n<\/li>\n<\/ul>\n<hr data-start=\"1015\" data-end=\"1018\">\n<h3 data-start=\"1020\" data-end=\"1034\"><strong data-start=\"1024\" data-end=\"1034\">Included<\/strong><\/h3>\n<ul data-start=\"1036\" data-end=\"1066\">\n<li data-start=\"1036\" data-end=\"1066\">\n<p data-start=\"1038\" data-end=\"1066\">Strainer with pop-up valve<\/p>\n<\/li>\n<\/ul>\n<hr data-start=\"1068\" data-end=\"1071\">\n<h3 data-start=\"1073\" data-end=\"1099\"><strong data-start=\"1077\" data-end=\"1099\">Overall dimensions<\/strong><\/h3>\n<ul data-start=\"1101\" data-end=\"1278\">\n<li data-start=\"1101\" data-end=\"1136\">\n<p data-start=\"1103\" data-end=\"1136\"><strong data-start=\"1103\" data-end=\"1116\">Height:<\/strong> 11 5\/8&#8243; (29.5 cm)<\/p>\n<\/li>\n<li data-start=\"1137\" data-end=\"1172\">\n<p data-start=\"1139\" data-end=\"1172\"><strong data-start=\"1139\" data-end=\"1155\">Depth:<\/strong> 7 7\/8&#8243; (20 cm)<\/p>\n<\/li>\n<li data-start=\"1173\" data-end=\"1200\">\n<p data-start=\"1175\" data-end=\"1200\"><strong data-start=\"1175\" data-end=\"1188\">Width:<\/strong> 2&#8243; (5 cm)<\/p>\n<\/li>\n<li data-start=\"1201\" data-end=\"1278\">\n<p data-start=\"1203\" data-end=\"1278\"><strong data-start=\"1203\" data-end=\"1214\">Weight:<\/strong> 4 lb (1.8 kg)<br data-start=\"1228\" data-end=\"1231\"><em data-start=\"1231\" data-end=\"1278\">Shipping dimensions may differ.<\/em><\/p>\n<\/li>\n<\/ul>\n<hr data-start=\"1280\" data-end=\"1283\">\n<h3 data-start=\"1285\" data-end=\"1305\"><strong data-start=\"1289\" data-end=\"1305\">Installation<\/strong><\/h3>\n<p data-start=\"1307\" data-end=\"1401\">Easy bathroom installation: standard <strong data-start=\"1365\" data-end=\"1377\">1 3\/8&#8243;<\/strong> hole with <strong data-start=\"1383\" data-end=\"1400\">tube and nut<\/strong>.<\/p>\n","protected":false},"excerpt":{"rendered":"<h3 data-start=\"99\" data-end=\"144\"><strong data-start=\"103\" data-end=\"144\">Inspired Design &amp; Remarkable Finish<\/strong><\/h3>\n<p data-start=\"146\" data-end=\"434\"><strong data-start=\"149\" data-end=\"162\">BRADLEY-H<\/strong> features a sleek design with soft lines, offering a <strong data-start=\"229\" data-end=\"256\">modern, sophisticated<\/strong> look to your vanity. Featuring a <strong data-start=\"291\" data-end=\"317\">ceramic cartridge<\/strong> tested to <strong data-start=\"330\" data-end=\"357\">at least 500,000 cycles<\/strong>, it guarantees <strong data-start=\"375\" data-end=\"408\">reliable, long-lasting performance<\/strong> in your bathroom. <\/p>\n<p data-start=\"146\" data-end=\"434\">\n<p data-start=\"146\" data-end=\"434\"><img decoding=\"async\" class=\"alignnone size-medium wp-image-5750\" src=\"https:\/\/concept05design.com\/wp-content\/uploads\/2025\/07\/Untitled-23-300x250.png\" alt=\"\" width=\"300\" height=\"250\" srcset=\"https:\/\/concept05design.com\/wp-content\/uploads\/2025\/07\/Untitled-23-200x166.png 200w, https:\/\/concept05design.com\/wp-content\/uploads\/2025\/07\/Untitled-23-300x250.png 300w, https:\/\/concept05design.com\/wp-content\/uploads\/2025\/07\/Untitled-23.png 345w\" sizes=\"(max-width: 300px) 100vw, 300px\" \/><\/p>\n","protected":false},"featured_media":5747,"template":"","meta":[],"product_brand":[],"product_cat":[418,433],"product_tag":[],"class_list":{"0":"post-5752","1":"product","2":"type-product","3":"status-publish","4":"has-post-thumbnail","6":"product_cat-bathroom","7":"product_cat-faucet-en","9":"first","10":"instock","11":"shipping-taxable","12":"product-type-simple"},"yoast_head":"<!-- This site is optimized with the Yoast SEO plugin v27.4 - https:\/\/yoast.com\/product\/yoast-seo-wordpress\/ -->\n<title>Bradley - H - Concept 05 Design<\/title>\n<meta name=\"robots\" content=\"index, follow, max-snippet:-1, max-image-preview:large, max-video-preview:-1\" \/>\n<link rel=\"canonical\" href=\"https:\/\/concept05design.com\/en\/produit\/bradley-h\/\" \/>\n<meta property=\"og:locale\" content=\"en_US\" \/>\n<meta property=\"og:type\" content=\"article\" \/>\n<meta property=\"og:title\" content=\"Bradley - H - Concept 05 Design\" \/>\n<meta property=\"og:description\" content=\"Inspired Design &amp; Remarkable Finish BRADLEY-H features a sleek design with soft lines, offering a modern, sophisticated look to your vanity. Featuring a ceramic cartridge tested to at least 500,000 cycles, it guarantees reliable, long-lasting performance in your bathroom.\" \/>\n<meta property=\"og:url\" content=\"https:\/\/concept05design.com\/en\/produit\/bradley-h\/\" \/>\n<meta property=\"og:site_name\" content=\"Concept 05 Design\" \/>\n<meta property=\"article:modified_time\" content=\"2025-07-26T14:56:57+00:00\" \/>\n<meta property=\"og:image\" content=\"https:\/\/concept05design.com\/wp-content\/uploads\/2025\/07\/Copy-of-Your-paragraph-text-17-6.png\" \/>\n\t<meta property=\"og:image:width\" content=\"640\" \/>\n\t<meta property=\"og:image:height\" content=\"640\" \/>\n\t<meta property=\"og:image:type\" content=\"image\/png\" \/>\n<meta name=\"twitter:card\" content=\"summary_large_image\" \/>\n<script type=\"application\/ld+json\" class=\"yoast-schema-graph\">{\"@context\":\"https:\\\/\\\/schema.org\",\"@graph\":[{\"@type\":\"WebPage\",\"@id\":\"https:\\\/\\\/concept05design.com\\\/en\\\/produit\\\/bradley-h\\\/\",\"url\":\"https:\\\/\\\/concept05design.com\\\/en\\\/produit\\\/bradley-h\\\/\",\"name\":\"Bradley - H - Concept 05 Design\",\"isPartOf\":{\"@id\":\"https:\\\/\\\/concept05design.com\\\/en\\\/#website\"},\"primaryImageOfPage\":{\"@id\":\"https:\\\/\\\/concept05design.com\\\/en\\\/produit\\\/bradley-h\\\/#primaryimage\"},\"image\":{\"@id\":\"https:\\\/\\\/concept05design.com\\\/en\\\/produit\\\/bradley-h\\\/#primaryimage\"},\"thumbnailUrl\":\"https:\\\/\\\/concept05design.com\\\/wp-content\\\/uploads\\\/2025\\\/07\\\/Copy-of-Your-paragraph-text-17-6.png\",\"datePublished\":\"2025-07-26T14:55:59+00:00\",\"dateModified\":\"2025-07-26T14:56:57+00:00\",\"breadcrumb\":{\"@id\":\"https:\\\/\\\/concept05design.com\\\/en\\\/produit\\\/bradley-h\\\/#breadcrumb\"},\"inLanguage\":\"en-US\",\"potentialAction\":[{\"@type\":\"ReadAction\",\"target\":[\"https:\\\/\\\/concept05design.com\\\/en\\\/produit\\\/bradley-h\\\/\"]}]},{\"@type\":\"ImageObject\",\"inLanguage\":\"en-US\",\"@id\":\"https:\\\/\\\/concept05design.com\\\/en\\\/produit\\\/bradley-h\\\/#primaryimage\",\"url\":\"https:\\\/\\\/concept05design.com\\\/wp-content\\\/uploads\\\/2025\\\/07\\\/Copy-of-Your-paragraph-text-17-6.png\",\"contentUrl\":\"https:\\\/\\\/concept05design.com\\\/wp-content\\\/uploads\\\/2025\\\/07\\\/Copy-of-Your-paragraph-text-17-6.png\",\"width\":640,\"height\":640},{\"@type\":\"BreadcrumbList\",\"@id\":\"https:\\\/\\\/concept05design.com\\\/en\\\/produit\\\/bradley-h\\\/#breadcrumb\",\"itemListElement\":[{\"@type\":\"ListItem\",\"position\":1,\"name\":\"Accueil\",\"item\":\"https:\\\/\\\/concept05design.com\\\/en\\\/\"},{\"@type\":\"ListItem\",\"position\":2,\"name\":\"Shop\",\"item\":\"https:\\\/\\\/concept05design.com\\\/shop\\\/\"},{\"@type\":\"ListItem\",\"position\":3,\"name\":\"Bradley &#8211; H\"}]},{\"@type\":\"WebSite\",\"@id\":\"https:\\\/\\\/concept05design.com\\\/en\\\/#website\",\"url\":\"https:\\\/\\\/concept05design.com\\\/en\\\/\",\"name\":\"Concept 05 Design\",\"description\":\"Du Concept \u00e0 la R\u00e9alit\u00e9 : Votre Vision, Notre Mission\",\"potentialAction\":[{\"@type\":\"SearchAction\",\"target\":{\"@type\":\"EntryPoint\",\"urlTemplate\":\"https:\\\/\\\/concept05design.com\\\/en\\\/?s={search_term_string}\"},\"query-input\":{\"@type\":\"PropertyValueSpecification\",\"valueRequired\":true,\"valueName\":\"search_term_string\"}}],\"inLanguage\":\"en-US\"}]}<\/script>\n<!-- \/ Yoast SEO plugin. -->","yoast_head_json":{"title":"Bradley - H - Concept 05 Design","robots":{"index":"index","follow":"follow","max-snippet":"max-snippet:-1","max-image-preview":"max-image-preview:large","max-video-preview":"max-video-preview:-1"},"canonical":"https:\/\/concept05design.com\/en\/produit\/bradley-h\/","og_locale":"en_US","og_type":"article","og_title":"Bradley - H - Concept 05 Design","og_description":"Inspired Design &amp; Remarkable Finish BRADLEY-H features a sleek design with soft lines, offering a modern, sophisticated look to your vanity. Featuring a ceramic cartridge tested to at least 500,000 cycles, it guarantees reliable, long-lasting performance in your bathroom.","og_url":"https:\/\/concept05design.com\/en\/produit\/bradley-h\/","og_site_name":"Concept 05 Design","article_modified_time":"2025-07-26T14:56:57+00:00","og_image":[{"width":640,"height":640,"url":"https:\/\/concept05design.com\/wp-content\/uploads\/2025\/07\/Copy-of-Your-paragraph-text-17-6.png","type":"image\/png"}],"twitter_card":"summary_large_image","schema":{"@context":"https:\/\/schema.org","@graph":[{"@type":"WebPage","@id":"https:\/\/concept05design.com\/en\/produit\/bradley-h\/","url":"https:\/\/concept05design.com\/en\/produit\/bradley-h\/","name":"Bradley - H - Concept 05 Design","isPartOf":{"@id":"https:\/\/concept05design.com\/en\/#website"},"primaryImageOfPage":{"@id":"https:\/\/concept05design.com\/en\/produit\/bradley-h\/#primaryimage"},"image":{"@id":"https:\/\/concept05design.com\/en\/produit\/bradley-h\/#primaryimage"},"thumbnailUrl":"https:\/\/concept05design.com\/wp-content\/uploads\/2025\/07\/Copy-of-Your-paragraph-text-17-6.png","datePublished":"2025-07-26T14:55:59+00:00","dateModified":"2025-07-26T14:56:57+00:00","breadcrumb":{"@id":"https:\/\/concept05design.com\/en\/produit\/bradley-h\/#breadcrumb"},"inLanguage":"en-US","potentialAction":[{"@type":"ReadAction","target":["https:\/\/concept05design.com\/en\/produit\/bradley-h\/"]}]},{"@type":"ImageObject","inLanguage":"en-US","@id":"https:\/\/concept05design.com\/en\/produit\/bradley-h\/#primaryimage","url":"https:\/\/concept05design.com\/wp-content\/uploads\/2025\/07\/Copy-of-Your-paragraph-text-17-6.png","contentUrl":"https:\/\/concept05design.com\/wp-content\/uploads\/2025\/07\/Copy-of-Your-paragraph-text-17-6.png","width":640,"height":640},{"@type":"BreadcrumbList","@id":"https:\/\/concept05design.com\/en\/produit\/bradley-h\/#breadcrumb","itemListElement":[{"@type":"ListItem","position":1,"name":"Accueil","item":"https:\/\/concept05design.com\/en\/"},{"@type":"ListItem","position":2,"name":"Shop","item":"https:\/\/concept05design.com\/shop\/"},{"@type":"ListItem","position":3,"name":"Bradley &#8211; H"}]},{"@type":"WebSite","@id":"https:\/\/concept05design.com\/en\/#website","url":"https:\/\/concept05design.com\/en\/","name":"Concept 05 Design","description":"Du Concept \u00e0 la R\u00e9alit\u00e9 : Votre Vision, Notre Mission","potentialAction":[{"@type":"SearchAction","target":{"@type":"EntryPoint","urlTemplate":"https:\/\/concept05design.com\/en\/?s={search_term_string}"},"query-input":{"@type":"PropertyValueSpecification","valueRequired":true,"valueName":"search_term_string"}}],"inLanguage":"en-US"}]}},"_links":{"self":[{"href":"https:\/\/concept05design.com\/en\/wp-json\/wp\/v2\/product\/5752","targetHints":{"allow":["GET"]}}],"collection":[{"href":"https:\/\/concept05design.com\/en\/wp-json\/wp\/v2\/product"}],"about":[{"href":"https:\/\/concept05design.com\/en\/wp-json\/wp\/v2\/types\/product"}],"wp:featuredmedia":[{"embeddable":true,"href":"https:\/\/concept05design.com\/en\/wp-json\/wp\/v2\/media\/5747"}],"wp:attachment":[{"href":"https:\/\/concept05design.com\/en\/wp-json\/wp\/v2\/media?parent=5752"}],"wp:term":[{"taxonomy":"product_brand","embeddable":true,"href":"https:\/\/concept05design.com\/en\/wp-json\/wp\/v2\/product_brand?post=5752"},{"taxonomy":"product_cat","embeddable":true,"href":"https:\/\/concept05design.com\/en\/wp-json\/wp\/v2\/product_cat?post=5752"},{"taxonomy":"product_tag","embeddable":true,"href":"https:\/\/concept05design.com\/en\/wp-json\/wp\/v2\/product_tag?post=5752"}],"curies":[{"name":"wp","href":"https:\/\/api.w.org\/{rel}","templated":true}]}}