{"id":5760,"date":"2025-07-26T15:02:58","date_gmt":"2025-07-26T15:02:58","guid":{"rendered":"https:\/\/concept05design.com\/produit\/cooper-ii\/"},"modified":"2025-07-26T15:11:21","modified_gmt":"2025-07-26T15:11:21","slug":"cooper-ii","status":"publish","type":"product","link":"https:\/\/concept05design.com\/en\/produit\/cooper-ii\/","title":{"rendered":"Cooper II"},"content":{"rendered":"<h3 data-start=\"436\" data-end=\"451\"><strong data-start=\"440\" data-end=\"451\">Details<\/strong><\/h3>\n<ul data-start=\"453\" data-end=\"728\">\n<li data-start=\"453\" data-end=\"560\">\n<p data-start=\"455\" data-end=\"560\">Available in <strong data-start=\"469\" data-end=\"479\">Chrome<\/strong> and <strong data-start=\"483\" data-end=\"500\">Brushed Nickel<\/strong><br data-start=\"500\" data-end=\"503\"><em data-start=\"505\" data-end=\"558\">(see separate sheets for other colors)<\/em><\/p>\n<\/li>\n<li data-start=\"561\" data-end=\"597\">\n<p data-start=\"563\" data-end=\"597\"><strong data-start=\"570\" data-end=\"595\">Intuitive single-lever control<\/strong><\/p>\n<\/li>\n<li data-start=\"598\" data-end=\"614\">\n<p data-start=\"600\" data-end=\"614\">Direct flow<\/p>\n<\/li>\n<li data-start=\"615\" data-end=\"656\">\n<p data-start=\"617\" data-end=\"656\"><strong data-start=\"637\" data-end=\"654\">Corrosion-resistant<\/strong> internal components<\/p>\n<\/li>\n<li data-start=\"657\" data-end=\"684\">\n<p data-start=\"659\" data-end=\"684\"><strong data-start=\"666\" data-end=\"682\">Cast nickel<\/strong> spout<\/p>\n<\/li>\n<li data-start=\"685\" data-end=\"728\">\n<p data-start=\"687\" data-end=\"728\">Long-life <strong data-start=\"687\" data-end=\"713\">ceramic cartridge<\/strong> <\/p>\n<\/li>\n<\/ul>\n<hr data-start=\"730\" data-end=\"733\">\n<h3 data-start=\"735\" data-end=\"766\"><strong data-start=\"739\" data-end=\"766\">Materials &amp; Manufacturing<\/strong><\/h3>\n<ul data-start=\"768\" data-end=\"785\">\n<li data-start=\"768\" data-end=\"785\">\n<p data-start=\"770\" data-end=\"785\">Solid brass<\/p>\n<\/li>\n<\/ul>\n<hr data-start=\"787\" data-end=\"790\">\n<h3 data-start=\"792\" data-end=\"806\"><strong data-start=\"796\" data-end=\"806\">Included<\/strong><\/h3>\n<ul data-start=\"808\" data-end=\"838\">\n<li data-start=\"808\" data-end=\"838\">\n<p data-start=\"810\" data-end=\"838\">Strainer with pop-up valve<\/p>\n<\/li>\n<\/ul>\n<hr data-start=\"840\" data-end=\"843\">\n<h3 data-start=\"845\" data-end=\"871\"><strong data-start=\"849\" data-end=\"871\">Overall dimensions<\/strong><\/h3>\n<ul data-start=\"873\" data-end=\"1049\">\n<li data-start=\"873\" data-end=\"907\">\n<p data-start=\"875\" data-end=\"907\"><strong data-start=\"875\" data-end=\"888\">Height:<\/strong> 6 1\/8&#8243; (15.6 cm)<\/p>\n<\/li>\n<li data-start=\"908\" data-end=\"943\">\n<p data-start=\"910\" data-end=\"943\"><strong data-start=\"910\" data-end=\"926\">Depth:<\/strong> 5 1\/2&#8243; (14 cm)<\/p>\n<\/li>\n<li data-start=\"944\" data-end=\"971\">\n<p data-start=\"946\" data-end=\"971\"><strong data-start=\"946\" data-end=\"959\">Width:<\/strong> 2&#8243; (5 cm)<\/p>\n<\/li>\n<li data-start=\"972\" data-end=\"1049\">\n<p data-start=\"974\" data-end=\"1049\"><strong data-start=\"974\" data-end=\"985\">Weight:<\/strong> 2 lb (0.9 kg)<br data-start=\"999\" data-end=\"1002\"><em data-start=\"1002\" data-end=\"1049\">Shipping dimensions may differ.<\/em><\/p>\n<\/li>\n<\/ul>\n<hr data-start=\"1051\" data-end=\"1054\">\n<h3 data-start=\"1056\" data-end=\"1076\"><strong data-start=\"1060\" data-end=\"1076\">Installation<\/strong><\/h3>\n<p data-start=\"1078\" data-end=\"1153\">Easy installation: standard <strong data-start=\"1117\" data-end=\"1129\">1 3\/8&#8243;<\/strong> hole with <strong data-start=\"1135\" data-end=\"1152\">tube and nut<\/strong>.<\/p>\n","protected":false},"excerpt":{"rendered":"<h3 data-start=\"99\" data-end=\"144\"><strong data-start=\"103\" data-end=\"144\">Inspired Design &amp; Quality Craftsmanship<\/strong><\/h3>\n<p data-start=\"146\" data-end=\"429\">Assembled with <strong data-start=\"175\" data-end=\"204\">lead-free, stainless steel<\/strong> components, the <strong data-start=\"209\" data-end=\"222\">COOPER II<\/strong> is built to last. Its <strong data-start=\"248\" data-end=\"274\">ceramic cartridge<\/strong>, tested for <strong data-start=\"288\" data-end=\"315\">at least 500,000 cycles<\/strong>, ensures performance and reliability. Its clean lines enhance the elegance of any bathroom or powder room.  <\/p>\n<p data-start=\"146\" data-end=\"429\"><img decoding=\"async\" class=\"alignnone size-medium wp-image-5758\" src=\"https:\/\/concept05design.com\/wp-content\/uploads\/2025\/07\/Untitled-24-300x194.png\" alt=\"\" width=\"300\" height=\"194\" srcset=\"https:\/\/concept05design.com\/wp-content\/uploads\/2025\/07\/Untitled-24-200x129.png 200w, https:\/\/concept05design.com\/wp-content\/uploads\/2025\/07\/Untitled-24-300x194.png 300w, https:\/\/concept05design.com\/wp-content\/uploads\/2025\/07\/Untitled-24.png 334w\" sizes=\"(max-width: 300px) 100vw, 300px\" \/><\/p>\n","protected":false},"featured_media":5755,"template":"","meta":[],"product_brand":[],"product_cat":[418,433],"product_tag":[],"class_list":{"0":"post-5760","1":"product","2":"type-product","3":"status-publish","4":"has-post-thumbnail","6":"product_cat-bathroom","7":"product_cat-faucet-en","9":"first","10":"instock","11":"shipping-taxable","12":"product-type-simple"},"yoast_head":"<!-- This site is optimized with the Yoast SEO plugin v27.4 - https:\/\/yoast.com\/product\/yoast-seo-wordpress\/ -->\n<title>Cooper II - Concept 05 Design<\/title>\n<meta name=\"robots\" content=\"index, follow, max-snippet:-1, max-image-preview:large, max-video-preview:-1\" \/>\n<link rel=\"canonical\" href=\"https:\/\/concept05design.com\/en\/produit\/cooper-ii\/\" \/>\n<meta property=\"og:locale\" content=\"en_US\" \/>\n<meta property=\"og:type\" content=\"article\" \/>\n<meta property=\"og:title\" content=\"Cooper II - Concept 05 Design\" \/>\n<meta property=\"og:description\" content=\"Inspired Design &amp; Quality Craftsmanship Assembled with lead-free, stainless steel components, the COOPER II is built to last. Its ceramic cartridge, tested for at least 500,000 cycles, ensures performance and reliability. Its clean lines enhance the elegance of any bathroom or powder room.\" \/>\n<meta property=\"og:url\" content=\"https:\/\/concept05design.com\/en\/produit\/cooper-ii\/\" \/>\n<meta property=\"og:site_name\" content=\"Concept 05 Design\" \/>\n<meta property=\"article:modified_time\" content=\"2025-07-26T15:11:21+00:00\" \/>\n<meta property=\"og:image\" content=\"https:\/\/concept05design.com\/wp-content\/uploads\/2025\/07\/COOPER-GBF829__39180.jpg\" \/>\n\t<meta property=\"og:image:width\" content=\"1280\" \/>\n\t<meta property=\"og:image:height\" content=\"1268\" \/>\n\t<meta property=\"og:image:type\" content=\"image\/jpeg\" \/>\n<meta name=\"twitter:card\" content=\"summary_large_image\" \/>\n<script type=\"application\/ld+json\" class=\"yoast-schema-graph\">{\"@context\":\"https:\\\/\\\/schema.org\",\"@graph\":[{\"@type\":\"WebPage\",\"@id\":\"https:\\\/\\\/concept05design.com\\\/en\\\/produit\\\/cooper-ii\\\/\",\"url\":\"https:\\\/\\\/concept05design.com\\\/en\\\/produit\\\/cooper-ii\\\/\",\"name\":\"Cooper II - Concept 05 Design\",\"isPartOf\":{\"@id\":\"https:\\\/\\\/concept05design.com\\\/en\\\/#website\"},\"primaryImageOfPage\":{\"@id\":\"https:\\\/\\\/concept05design.com\\\/en\\\/produit\\\/cooper-ii\\\/#primaryimage\"},\"image\":{\"@id\":\"https:\\\/\\\/concept05design.com\\\/en\\\/produit\\\/cooper-ii\\\/#primaryimage\"},\"thumbnailUrl\":\"https:\\\/\\\/concept05design.com\\\/wp-content\\\/uploads\\\/2025\\\/07\\\/COOPER-GBF829__39180.jpg\",\"datePublished\":\"2025-07-26T15:02:58+00:00\",\"dateModified\":\"2025-07-26T15:11:21+00:00\",\"breadcrumb\":{\"@id\":\"https:\\\/\\\/concept05design.com\\\/en\\\/produit\\\/cooper-ii\\\/#breadcrumb\"},\"inLanguage\":\"en-US\",\"potentialAction\":[{\"@type\":\"ReadAction\",\"target\":[\"https:\\\/\\\/concept05design.com\\\/en\\\/produit\\\/cooper-ii\\\/\"]}]},{\"@type\":\"ImageObject\",\"inLanguage\":\"en-US\",\"@id\":\"https:\\\/\\\/concept05design.com\\\/en\\\/produit\\\/cooper-ii\\\/#primaryimage\",\"url\":\"https:\\\/\\\/concept05design.com\\\/wp-content\\\/uploads\\\/2025\\\/07\\\/COOPER-GBF829__39180.jpg\",\"contentUrl\":\"https:\\\/\\\/concept05design.com\\\/wp-content\\\/uploads\\\/2025\\\/07\\\/COOPER-GBF829__39180.jpg\",\"width\":1280,\"height\":1268},{\"@type\":\"BreadcrumbList\",\"@id\":\"https:\\\/\\\/concept05design.com\\\/en\\\/produit\\\/cooper-ii\\\/#breadcrumb\",\"itemListElement\":[{\"@type\":\"ListItem\",\"position\":1,\"name\":\"Accueil\",\"item\":\"https:\\\/\\\/concept05design.com\\\/en\\\/\"},{\"@type\":\"ListItem\",\"position\":2,\"name\":\"Shop\",\"item\":\"https:\\\/\\\/concept05design.com\\\/shop\\\/\"},{\"@type\":\"ListItem\",\"position\":3,\"name\":\"Cooper II\"}]},{\"@type\":\"WebSite\",\"@id\":\"https:\\\/\\\/concept05design.com\\\/en\\\/#website\",\"url\":\"https:\\\/\\\/concept05design.com\\\/en\\\/\",\"name\":\"Concept 05 Design\",\"description\":\"Du Concept \u00e0 la R\u00e9alit\u00e9 : Votre Vision, Notre Mission\",\"potentialAction\":[{\"@type\":\"SearchAction\",\"target\":{\"@type\":\"EntryPoint\",\"urlTemplate\":\"https:\\\/\\\/concept05design.com\\\/en\\\/?s={search_term_string}\"},\"query-input\":{\"@type\":\"PropertyValueSpecification\",\"valueRequired\":true,\"valueName\":\"search_term_string\"}}],\"inLanguage\":\"en-US\"}]}<\/script>\n<!-- \/ Yoast SEO plugin. -->","yoast_head_json":{"title":"Cooper II - Concept 05 Design","robots":{"index":"index","follow":"follow","max-snippet":"max-snippet:-1","max-image-preview":"max-image-preview:large","max-video-preview":"max-video-preview:-1"},"canonical":"https:\/\/concept05design.com\/en\/produit\/cooper-ii\/","og_locale":"en_US","og_type":"article","og_title":"Cooper II - Concept 05 Design","og_description":"Inspired Design &amp; Quality Craftsmanship Assembled with lead-free, stainless steel components, the COOPER II is built to last. Its ceramic cartridge, tested for at least 500,000 cycles, ensures performance and reliability. Its clean lines enhance the elegance of any bathroom or powder room.","og_url":"https:\/\/concept05design.com\/en\/produit\/cooper-ii\/","og_site_name":"Concept 05 Design","article_modified_time":"2025-07-26T15:11:21+00:00","og_image":[{"width":1280,"height":1268,"url":"https:\/\/concept05design.com\/wp-content\/uploads\/2025\/07\/COOPER-GBF829__39180.jpg","type":"image\/jpeg"}],"twitter_card":"summary_large_image","schema":{"@context":"https:\/\/schema.org","@graph":[{"@type":"WebPage","@id":"https:\/\/concept05design.com\/en\/produit\/cooper-ii\/","url":"https:\/\/concept05design.com\/en\/produit\/cooper-ii\/","name":"Cooper II - Concept 05 Design","isPartOf":{"@id":"https:\/\/concept05design.com\/en\/#website"},"primaryImageOfPage":{"@id":"https:\/\/concept05design.com\/en\/produit\/cooper-ii\/#primaryimage"},"image":{"@id":"https:\/\/concept05design.com\/en\/produit\/cooper-ii\/#primaryimage"},"thumbnailUrl":"https:\/\/concept05design.com\/wp-content\/uploads\/2025\/07\/COOPER-GBF829__39180.jpg","datePublished":"2025-07-26T15:02:58+00:00","dateModified":"2025-07-26T15:11:21+00:00","breadcrumb":{"@id":"https:\/\/concept05design.com\/en\/produit\/cooper-ii\/#breadcrumb"},"inLanguage":"en-US","potentialAction":[{"@type":"ReadAction","target":["https:\/\/concept05design.com\/en\/produit\/cooper-ii\/"]}]},{"@type":"ImageObject","inLanguage":"en-US","@id":"https:\/\/concept05design.com\/en\/produit\/cooper-ii\/#primaryimage","url":"https:\/\/concept05design.com\/wp-content\/uploads\/2025\/07\/COOPER-GBF829__39180.jpg","contentUrl":"https:\/\/concept05design.com\/wp-content\/uploads\/2025\/07\/COOPER-GBF829__39180.jpg","width":1280,"height":1268},{"@type":"BreadcrumbList","@id":"https:\/\/concept05design.com\/en\/produit\/cooper-ii\/#breadcrumb","itemListElement":[{"@type":"ListItem","position":1,"name":"Accueil","item":"https:\/\/concept05design.com\/en\/"},{"@type":"ListItem","position":2,"name":"Shop","item":"https:\/\/concept05design.com\/shop\/"},{"@type":"ListItem","position":3,"name":"Cooper II"}]},{"@type":"WebSite","@id":"https:\/\/concept05design.com\/en\/#website","url":"https:\/\/concept05design.com\/en\/","name":"Concept 05 Design","description":"Du Concept \u00e0 la R\u00e9alit\u00e9 : Votre Vision, Notre Mission","potentialAction":[{"@type":"SearchAction","target":{"@type":"EntryPoint","urlTemplate":"https:\/\/concept05design.com\/en\/?s={search_term_string}"},"query-input":{"@type":"PropertyValueSpecification","valueRequired":true,"valueName":"search_term_string"}}],"inLanguage":"en-US"}]}},"_links":{"self":[{"href":"https:\/\/concept05design.com\/en\/wp-json\/wp\/v2\/product\/5760","targetHints":{"allow":["GET"]}}],"collection":[{"href":"https:\/\/concept05design.com\/en\/wp-json\/wp\/v2\/product"}],"about":[{"href":"https:\/\/concept05design.com\/en\/wp-json\/wp\/v2\/types\/product"}],"wp:featuredmedia":[{"embeddable":true,"href":"https:\/\/concept05design.com\/en\/wp-json\/wp\/v2\/media\/5755"}],"wp:attachment":[{"href":"https:\/\/concept05design.com\/en\/wp-json\/wp\/v2\/media?parent=5760"}],"wp:term":[{"taxonomy":"product_brand","embeddable":true,"href":"https:\/\/concept05design.com\/en\/wp-json\/wp\/v2\/product_brand?post=5760"},{"taxonomy":"product_cat","embeddable":true,"href":"https:\/\/concept05design.com\/en\/wp-json\/wp\/v2\/product_cat?post=5760"},{"taxonomy":"product_tag","embeddable":true,"href":"https:\/\/concept05design.com\/en\/wp-json\/wp\/v2\/product_tag?post=5760"}],"curies":[{"name":"wp","href":"https:\/\/api.w.org\/{rel}","templated":true}]}}