{"id":5782,"date":"2025-07-26T15:40:24","date_gmt":"2025-07-26T15:40:24","guid":{"rendered":"https:\/\/concept05design.com\/produit\/julia\/"},"modified":"2025-07-26T15:41:01","modified_gmt":"2025-07-26T15:41:01","slug":"julia","status":"publish","type":"product","link":"https:\/\/concept05design.com\/en\/produit\/julia\/","title":{"rendered":"Julia"},"content":{"rendered":"<h3 data-start=\"413\" data-end=\"428\"><strong data-start=\"417\" data-end=\"428\">Details<\/strong><\/h3>\n<ul data-start=\"430\" data-end=\"696\">\n<li data-start=\"430\" data-end=\"552\">\n<p data-start=\"432\" data-end=\"552\"><em data-start=\"432\" data-end=\"550\">MADELEINE &#8211; Ferreira Gold, JULIA &#8211; Polished Chrome, MIRREN &#8211; Matt Black, RACHAEL &#8211; Deina White and Chrome, ISABELLA &#8211; Rose Gold<\/em><\/p>\n<\/li>\n<li data-start=\"553\" data-end=\"589\">\n<p data-start=\"555\" data-end=\"589\"><strong data-start=\"562\" data-end=\"587\">Intuitive single-lever control<\/strong><\/p>\n<\/li>\n<li data-start=\"590\" data-end=\"631\">\n<p data-start=\"592\" data-end=\"631\"><strong data-start=\"612\" data-end=\"629\">Corrosion-resistant<\/strong> internal components<\/p>\n<\/li>\n<li data-start=\"632\" data-end=\"652\">\n<p data-start=\"634\" data-end=\"652\"><strong data-start=\"634\" data-end=\"650\">Direct flow<\/strong><\/p>\n<\/li>\n<li data-start=\"653\" data-end=\"696\">\n<p data-start=\"655\" data-end=\"696\">Long-life <strong data-start=\"655\" data-end=\"681\">ceramic cartridge<\/strong> <\/p>\n<\/li>\n<\/ul>\n<hr data-start=\"698\" data-end=\"701\">\n<h3 data-start=\"703\" data-end=\"734\"><strong data-start=\"707\" data-end=\"734\">Materials &amp; Manufacturing<\/strong><\/h3>\n<ul data-start=\"736\" data-end=\"794\">\n<li data-start=\"736\" data-end=\"753\">\n<p data-start=\"738\" data-end=\"753\">Solid brass<\/p>\n<\/li>\n<li data-start=\"754\" data-end=\"794\">\n<p data-start=\"756\" data-end=\"794\"><strong data-start=\"771\" data-end=\"794\">Highly resistant<\/strong> PVD coating<\/p>\n<\/li>\n<\/ul>\n<hr data-start=\"796\" data-end=\"799\">\n<h3 data-start=\"801\" data-end=\"815\"><strong data-start=\"805\" data-end=\"815\">Included<\/strong><\/h3>\n<ul data-start=\"817\" data-end=\"847\">\n<li data-start=\"817\" data-end=\"847\">\n<p data-start=\"819\" data-end=\"847\">Strainer with pop-up valve<\/p>\n<\/li>\n<\/ul>\n<hr data-start=\"849\" data-end=\"852\">\n<h3 data-start=\"854\" data-end=\"880\"><strong data-start=\"858\" data-end=\"880\">Overall dimensions<\/strong><\/h3>\n<ul data-start=\"882\" data-end=\"1061\">\n<li data-start=\"882\" data-end=\"916\">\n<p data-start=\"884\" data-end=\"916\"><strong data-start=\"884\" data-end=\"897\">Height:<\/strong> 6 7\/8&#8243; (17.5 cm)<\/p>\n<\/li>\n<li data-start=\"917\" data-end=\"954\">\n<p data-start=\"919\" data-end=\"954\"><strong data-start=\"919\" data-end=\"935\">Depth:<\/strong> 6 7\/8&#8243; (17.5 cm)<\/p>\n<\/li>\n<li data-start=\"955\" data-end=\"982\">\n<p data-start=\"957\" data-end=\"982\"><strong data-start=\"957\" data-end=\"970\">Width:<\/strong> 2&#8243; (5 cm)<\/p>\n<\/li>\n<li data-start=\"983\" data-end=\"1061\">\n<p data-start=\"985\" data-end=\"1061\"><strong data-start=\"985\" data-end=\"996\">Weight:<\/strong> 3 lb (1.36 kg)<br data-start=\"1011\" data-end=\"1014\"><em data-start=\"1014\" data-end=\"1061\">Shipping dimensions may differ.<\/em><\/p>\n<\/li>\n<\/ul>\n<hr data-start=\"1063\" data-end=\"1066\">\n<h3 data-start=\"1068\" data-end=\"1088\"><strong data-start=\"1072\" data-end=\"1088\">Installation<\/strong><\/h3>\n<p data-start=\"1090\" data-end=\"1165\">Easy installation: standard <strong data-start=\"1129\" data-end=\"1141\">1 3\/8&#8243;<\/strong> hole with <strong data-start=\"1147\" data-end=\"1164\">tube and nut<\/strong>.<\/p>\n","protected":false},"excerpt":{"rendered":"<h3 data-start=\"95\" data-end=\"140\"><strong data-start=\"99\" data-end=\"140\">Inspired Design &amp; Quality Craftsmanship<\/strong><\/h3>\n<p data-start=\"142\" data-end=\"406\">The <strong data-start=\"145\" data-end=\"154\">JULIA<\/strong> is carefully assembled with <strong data-start=\"202\" data-end=\"216\">lead-free<\/strong>, <strong data-start=\"220\" data-end=\"235\">stainless steel<\/strong> components. Its sleek, modern design, combined with a <strong data-start=\"279\" data-end=\"313\">durable ceramic cartridge<\/strong>, guarantees reliable performance &#8211; a perfect choice for any bathroom or powder room. <\/p>\n<p data-start=\"142\" data-end=\"406\">\n<p data-start=\"142\" data-end=\"406\"><img decoding=\"async\" class=\"alignnone size-medium wp-image-5772\" src=\"https:\/\/concept05design.com\/wp-content\/uploads\/2025\/07\/Untitled-25-300x215.png\" alt=\"\" width=\"300\" height=\"215\" srcset=\"https:\/\/concept05design.com\/wp-content\/uploads\/2025\/07\/Untitled-25-200x143.png 200w, https:\/\/concept05design.com\/wp-content\/uploads\/2025\/07\/Untitled-25-300x214.png 300w, https:\/\/concept05design.com\/wp-content\/uploads\/2025\/07\/Untitled-25.png 363w\" sizes=\"(max-width: 300px) 100vw, 300px\" \/><\/p>\n","protected":false},"featured_media":5765,"template":"","meta":[],"product_brand":[],"product_cat":[418,433],"product_tag":[],"class_list":{"0":"post-5782","1":"product","2":"type-product","3":"status-publish","4":"has-post-thumbnail","6":"product_cat-bathroom","7":"product_cat-faucet-en","9":"first","10":"instock","11":"shipping-taxable","12":"product-type-simple"},"yoast_head":"<!-- This site is optimized with the Yoast SEO plugin v27.4 - https:\/\/yoast.com\/product\/yoast-seo-wordpress\/ -->\n<title>Julia - Concept 05 Design<\/title>\n<meta name=\"robots\" content=\"index, follow, max-snippet:-1, max-image-preview:large, max-video-preview:-1\" \/>\n<link rel=\"canonical\" href=\"https:\/\/concept05design.com\/en\/produit\/julia\/\" \/>\n<meta property=\"og:locale\" content=\"en_US\" \/>\n<meta property=\"og:type\" content=\"article\" \/>\n<meta property=\"og:title\" content=\"Julia - Concept 05 Design\" \/>\n<meta property=\"og:description\" content=\"Inspired Design &amp; Quality Craftsmanship The JULIA is carefully assembled with lead-free, stainless steel components. Its sleek, modern design, combined with a durable ceramic cartridge, guarantees reliable performance - a perfect choice for any bathroom or powder room.\" \/>\n<meta property=\"og:url\" content=\"https:\/\/concept05design.com\/en\/produit\/julia\/\" \/>\n<meta property=\"og:site_name\" content=\"Concept 05 Design\" \/>\n<meta property=\"article:modified_time\" content=\"2025-07-26T15:41:01+00:00\" \/>\n<meta property=\"og:image\" content=\"https:\/\/concept05design.com\/wp-content\/uploads\/2025\/07\/pearl-julia-chrome-bathroom-faucet-gbf824__33082.jpg\" \/>\n\t<meta property=\"og:image:width\" content=\"640\" \/>\n\t<meta property=\"og:image:height\" content=\"640\" \/>\n\t<meta property=\"og:image:type\" content=\"image\/jpeg\" \/>\n<meta name=\"twitter:card\" content=\"summary_large_image\" \/>\n<script type=\"application\/ld+json\" class=\"yoast-schema-graph\">{\"@context\":\"https:\\\/\\\/schema.org\",\"@graph\":[{\"@type\":\"WebPage\",\"@id\":\"https:\\\/\\\/concept05design.com\\\/en\\\/produit\\\/julia\\\/\",\"url\":\"https:\\\/\\\/concept05design.com\\\/en\\\/produit\\\/julia\\\/\",\"name\":\"Julia - Concept 05 Design\",\"isPartOf\":{\"@id\":\"https:\\\/\\\/concept05design.com\\\/en\\\/#website\"},\"primaryImageOfPage\":{\"@id\":\"https:\\\/\\\/concept05design.com\\\/en\\\/produit\\\/julia\\\/#primaryimage\"},\"image\":{\"@id\":\"https:\\\/\\\/concept05design.com\\\/en\\\/produit\\\/julia\\\/#primaryimage\"},\"thumbnailUrl\":\"https:\\\/\\\/concept05design.com\\\/wp-content\\\/uploads\\\/2025\\\/07\\\/pearl-julia-chrome-bathroom-faucet-gbf824__33082.jpg\",\"datePublished\":\"2025-07-26T15:40:24+00:00\",\"dateModified\":\"2025-07-26T15:41:01+00:00\",\"breadcrumb\":{\"@id\":\"https:\\\/\\\/concept05design.com\\\/en\\\/produit\\\/julia\\\/#breadcrumb\"},\"inLanguage\":\"en-US\",\"potentialAction\":[{\"@type\":\"ReadAction\",\"target\":[\"https:\\\/\\\/concept05design.com\\\/en\\\/produit\\\/julia\\\/\"]}]},{\"@type\":\"ImageObject\",\"inLanguage\":\"en-US\",\"@id\":\"https:\\\/\\\/concept05design.com\\\/en\\\/produit\\\/julia\\\/#primaryimage\",\"url\":\"https:\\\/\\\/concept05design.com\\\/wp-content\\\/uploads\\\/2025\\\/07\\\/pearl-julia-chrome-bathroom-faucet-gbf824__33082.jpg\",\"contentUrl\":\"https:\\\/\\\/concept05design.com\\\/wp-content\\\/uploads\\\/2025\\\/07\\\/pearl-julia-chrome-bathroom-faucet-gbf824__33082.jpg\",\"width\":640,\"height\":640},{\"@type\":\"BreadcrumbList\",\"@id\":\"https:\\\/\\\/concept05design.com\\\/en\\\/produit\\\/julia\\\/#breadcrumb\",\"itemListElement\":[{\"@type\":\"ListItem\",\"position\":1,\"name\":\"Accueil\",\"item\":\"https:\\\/\\\/concept05design.com\\\/en\\\/\"},{\"@type\":\"ListItem\",\"position\":2,\"name\":\"Shop\",\"item\":\"https:\\\/\\\/concept05design.com\\\/shop\\\/\"},{\"@type\":\"ListItem\",\"position\":3,\"name\":\"Julia\"}]},{\"@type\":\"WebSite\",\"@id\":\"https:\\\/\\\/concept05design.com\\\/en\\\/#website\",\"url\":\"https:\\\/\\\/concept05design.com\\\/en\\\/\",\"name\":\"Concept 05 Design\",\"description\":\"Du Concept \u00e0 la R\u00e9alit\u00e9 : Votre Vision, Notre Mission\",\"potentialAction\":[{\"@type\":\"SearchAction\",\"target\":{\"@type\":\"EntryPoint\",\"urlTemplate\":\"https:\\\/\\\/concept05design.com\\\/en\\\/?s={search_term_string}\"},\"query-input\":{\"@type\":\"PropertyValueSpecification\",\"valueRequired\":true,\"valueName\":\"search_term_string\"}}],\"inLanguage\":\"en-US\"}]}<\/script>\n<!-- \/ Yoast SEO plugin. -->","yoast_head_json":{"title":"Julia - Concept 05 Design","robots":{"index":"index","follow":"follow","max-snippet":"max-snippet:-1","max-image-preview":"max-image-preview:large","max-video-preview":"max-video-preview:-1"},"canonical":"https:\/\/concept05design.com\/en\/produit\/julia\/","og_locale":"en_US","og_type":"article","og_title":"Julia - Concept 05 Design","og_description":"Inspired Design &amp; Quality Craftsmanship The JULIA is carefully assembled with lead-free, stainless steel components. Its sleek, modern design, combined with a durable ceramic cartridge, guarantees reliable performance - a perfect choice for any bathroom or powder room.","og_url":"https:\/\/concept05design.com\/en\/produit\/julia\/","og_site_name":"Concept 05 Design","article_modified_time":"2025-07-26T15:41:01+00:00","og_image":[{"width":640,"height":640,"url":"https:\/\/concept05design.com\/wp-content\/uploads\/2025\/07\/pearl-julia-chrome-bathroom-faucet-gbf824__33082.jpg","type":"image\/jpeg"}],"twitter_card":"summary_large_image","schema":{"@context":"https:\/\/schema.org","@graph":[{"@type":"WebPage","@id":"https:\/\/concept05design.com\/en\/produit\/julia\/","url":"https:\/\/concept05design.com\/en\/produit\/julia\/","name":"Julia - Concept 05 Design","isPartOf":{"@id":"https:\/\/concept05design.com\/en\/#website"},"primaryImageOfPage":{"@id":"https:\/\/concept05design.com\/en\/produit\/julia\/#primaryimage"},"image":{"@id":"https:\/\/concept05design.com\/en\/produit\/julia\/#primaryimage"},"thumbnailUrl":"https:\/\/concept05design.com\/wp-content\/uploads\/2025\/07\/pearl-julia-chrome-bathroom-faucet-gbf824__33082.jpg","datePublished":"2025-07-26T15:40:24+00:00","dateModified":"2025-07-26T15:41:01+00:00","breadcrumb":{"@id":"https:\/\/concept05design.com\/en\/produit\/julia\/#breadcrumb"},"inLanguage":"en-US","potentialAction":[{"@type":"ReadAction","target":["https:\/\/concept05design.com\/en\/produit\/julia\/"]}]},{"@type":"ImageObject","inLanguage":"en-US","@id":"https:\/\/concept05design.com\/en\/produit\/julia\/#primaryimage","url":"https:\/\/concept05design.com\/wp-content\/uploads\/2025\/07\/pearl-julia-chrome-bathroom-faucet-gbf824__33082.jpg","contentUrl":"https:\/\/concept05design.com\/wp-content\/uploads\/2025\/07\/pearl-julia-chrome-bathroom-faucet-gbf824__33082.jpg","width":640,"height":640},{"@type":"BreadcrumbList","@id":"https:\/\/concept05design.com\/en\/produit\/julia\/#breadcrumb","itemListElement":[{"@type":"ListItem","position":1,"name":"Accueil","item":"https:\/\/concept05design.com\/en\/"},{"@type":"ListItem","position":2,"name":"Shop","item":"https:\/\/concept05design.com\/shop\/"},{"@type":"ListItem","position":3,"name":"Julia"}]},{"@type":"WebSite","@id":"https:\/\/concept05design.com\/en\/#website","url":"https:\/\/concept05design.com\/en\/","name":"Concept 05 Design","description":"Du Concept \u00e0 la R\u00e9alit\u00e9 : Votre Vision, Notre Mission","potentialAction":[{"@type":"SearchAction","target":{"@type":"EntryPoint","urlTemplate":"https:\/\/concept05design.com\/en\/?s={search_term_string}"},"query-input":{"@type":"PropertyValueSpecification","valueRequired":true,"valueName":"search_term_string"}}],"inLanguage":"en-US"}]}},"_links":{"self":[{"href":"https:\/\/concept05design.com\/en\/wp-json\/wp\/v2\/product\/5782","targetHints":{"allow":["GET"]}}],"collection":[{"href":"https:\/\/concept05design.com\/en\/wp-json\/wp\/v2\/product"}],"about":[{"href":"https:\/\/concept05design.com\/en\/wp-json\/wp\/v2\/types\/product"}],"wp:featuredmedia":[{"embeddable":true,"href":"https:\/\/concept05design.com\/en\/wp-json\/wp\/v2\/media\/5765"}],"wp:attachment":[{"href":"https:\/\/concept05design.com\/en\/wp-json\/wp\/v2\/media?parent=5782"}],"wp:term":[{"taxonomy":"product_brand","embeddable":true,"href":"https:\/\/concept05design.com\/en\/wp-json\/wp\/v2\/product_brand?post=5782"},{"taxonomy":"product_cat","embeddable":true,"href":"https:\/\/concept05design.com\/en\/wp-json\/wp\/v2\/product_cat?post=5782"},{"taxonomy":"product_tag","embeddable":true,"href":"https:\/\/concept05design.com\/en\/wp-json\/wp\/v2\/product_tag?post=5782"}],"curies":[{"name":"wp","href":"https:\/\/api.w.org\/{rel}","templated":true}]}}