{"id":5840,"date":"2025-07-26T16:36:39","date_gmt":"2025-07-26T16:36:39","guid":{"rendered":"https:\/\/concept05design.com\/produit\/rico\/"},"modified":"2025-07-26T16:37:02","modified_gmt":"2025-07-26T16:37:02","slug":"rico","status":"publish","type":"product","link":"https:\/\/concept05design.com\/en\/produit\/rico\/","title":{"rendered":"Rico"},"content":{"rendered":"<p data-start=\"289\" data-end=\"311\"><strong data-start=\"289\" data-end=\"309\">Features<\/strong><\/p>\n<ul data-start=\"312\" data-end=\"604\">\n<li data-start=\"312\" data-end=\"343\">\n<p data-start=\"314\" data-end=\"343\">Solid brass design<\/p>\n<\/li>\n<li data-start=\"344\" data-end=\"375\">\n<p data-start=\"346\" data-end=\"375\">Single-hole installation<\/p>\n<\/li>\n<li data-start=\"376\" data-end=\"421\">\n<p data-start=\"378\" data-end=\"421\">Single handle for easy control<\/p>\n<\/li>\n<li data-start=\"422\" data-end=\"450\">\n<p data-start=\"424\" data-end=\"450\">Corrosion-resistant<\/p>\n<\/li>\n<li data-start=\"451\" data-end=\"477\">\n<p data-start=\"453\" data-end=\"477\">Ceramic cartridge<\/p>\n<\/li>\n<li data-start=\"478\" data-end=\"515\">\n<p data-start=\"480\" data-end=\"515\">Pressure regulation system<\/p>\n<\/li>\n<li data-start=\"516\" data-end=\"568\">\n<p data-start=\"518\" data-end=\"568\">Connections compatible with 3\/8&#8243; pipes<\/p>\n<\/li>\n<li data-start=\"569\" data-end=\"604\">\n<p data-start=\"571\" data-end=\"604\">Pressure: 1.5 gpm max at 60 psi<\/p>\n<\/li>\n<\/ul>\n<p data-start=\"606\" data-end=\"626\"><strong data-start=\"606\" data-end=\"624\">Specifications<\/strong><\/p>\n<ul data-start=\"627\" data-end=\"850\" data-is-last-node=\"\" data-is-only-node=\"\">\n<li data-start=\"627\" data-end=\"693\">\n<p data-start=\"629\" data-end=\"693\">Available finishes: Chrome, matte black and brushed brass (gold)<\/p>\n<\/li>\n<li data-start=\"694\" data-end=\"755\">\n<p data-start=\"696\" data-end=\"755\">Certifications: CSA (B125.1-18) and CUPC (ASME A112.18.1)<\/p>\n<\/li>\n<li data-start=\"756\" data-end=\"791\">\n<p data-start=\"758\" data-end=\"791\">Lifetime cartridge warranty<\/p>\n<\/li>\n<li data-start=\"792\" data-end=\"850\" data-is-last-node=\"\">\n<p data-start=\"794\" data-end=\"850\" data-is-last-node=\"\">15-year warranty on brushed brass finish (gold)<\/p>\n<\/li>\n<\/ul>\n","protected":false},"excerpt":{"rendered":"<p>With its angular lines, the <strong data-start=\"49\" data-end=\"60\">RICO-GD<\/strong> is the perfect complement to any modern bathroom. Its unique handle makes it easy to control temperature and flow. Its solid brass construction and ceramic cartridge guarantee durability.  <\/p>\n<p>&nbsp;<\/p>\n<p><img decoding=\"async\" class=\"alignnone size-medium wp-image-5832\" src=\"https:\/\/concept05design.com\/wp-content\/uploads\/2025\/07\/Untitled-30-300x237.png\" alt=\"\" width=\"300\" height=\"237\" srcset=\"https:\/\/concept05design.com\/wp-content\/uploads\/2025\/07\/Untitled-30-200x158.png 200w, https:\/\/concept05design.com\/wp-content\/uploads\/2025\/07\/Untitled-30-300x237.png 300w, https:\/\/concept05design.com\/wp-content\/uploads\/2025\/07\/Untitled-30.png 363w\" sizes=\"(max-width: 300px) 100vw, 300px\" \/><\/p>\n","protected":false},"featured_media":5839,"template":"","meta":[],"product_brand":[],"product_cat":[418,433],"product_tag":[],"class_list":{"0":"post-5840","1":"product","2":"type-product","3":"status-publish","4":"has-post-thumbnail","6":"product_cat-bathroom","7":"product_cat-faucet-en","9":"first","10":"instock","11":"shipping-taxable","12":"product-type-simple"},"yoast_head":"<!-- This site is optimized with the Yoast SEO plugin v27.4 - https:\/\/yoast.com\/product\/yoast-seo-wordpress\/ -->\n<title>Rico - Concept 05 Design<\/title>\n<meta name=\"robots\" content=\"index, follow, max-snippet:-1, max-image-preview:large, max-video-preview:-1\" \/>\n<link rel=\"canonical\" href=\"https:\/\/concept05design.com\/en\/produit\/rico\/\" \/>\n<meta property=\"og:locale\" content=\"en_US\" \/>\n<meta property=\"og:type\" content=\"article\" \/>\n<meta property=\"og:title\" content=\"Rico - Concept 05 Design\" \/>\n<meta property=\"og:description\" content=\"With its angular lines, the RICO-GD is the perfect complement to any modern bathroom. Its unique handle makes it easy to control temperature and flow. Its solid brass construction and ceramic cartridge guarantee durability.  &nbsp;\" \/>\n<meta property=\"og:url\" content=\"https:\/\/concept05design.com\/en\/produit\/rico\/\" \/>\n<meta property=\"og:site_name\" content=\"Concept 05 Design\" \/>\n<meta property=\"article:modified_time\" content=\"2025-07-26T16:37:02+00:00\" \/>\n<meta property=\"og:image\" content=\"https:\/\/concept05design.com\/wp-content\/uploads\/2025\/07\/RICO.webp\" \/>\n\t<meta property=\"og:image:width\" content=\"600\" \/>\n\t<meta property=\"og:image:height\" content=\"600\" \/>\n\t<meta property=\"og:image:type\" content=\"image\/webp\" \/>\n<meta name=\"twitter:card\" content=\"summary_large_image\" \/>\n<script type=\"application\/ld+json\" class=\"yoast-schema-graph\">{\"@context\":\"https:\\\/\\\/schema.org\",\"@graph\":[{\"@type\":\"WebPage\",\"@id\":\"https:\\\/\\\/concept05design.com\\\/en\\\/produit\\\/rico\\\/\",\"url\":\"https:\\\/\\\/concept05design.com\\\/en\\\/produit\\\/rico\\\/\",\"name\":\"Rico - Concept 05 Design\",\"isPartOf\":{\"@id\":\"https:\\\/\\\/concept05design.com\\\/en\\\/#website\"},\"primaryImageOfPage\":{\"@id\":\"https:\\\/\\\/concept05design.com\\\/en\\\/produit\\\/rico\\\/#primaryimage\"},\"image\":{\"@id\":\"https:\\\/\\\/concept05design.com\\\/en\\\/produit\\\/rico\\\/#primaryimage\"},\"thumbnailUrl\":\"https:\\\/\\\/concept05design.com\\\/wp-content\\\/uploads\\\/2025\\\/07\\\/RICO.webp\",\"datePublished\":\"2025-07-26T16:36:39+00:00\",\"dateModified\":\"2025-07-26T16:37:02+00:00\",\"breadcrumb\":{\"@id\":\"https:\\\/\\\/concept05design.com\\\/en\\\/produit\\\/rico\\\/#breadcrumb\"},\"inLanguage\":\"en-US\",\"potentialAction\":[{\"@type\":\"ReadAction\",\"target\":[\"https:\\\/\\\/concept05design.com\\\/en\\\/produit\\\/rico\\\/\"]}]},{\"@type\":\"ImageObject\",\"inLanguage\":\"en-US\",\"@id\":\"https:\\\/\\\/concept05design.com\\\/en\\\/produit\\\/rico\\\/#primaryimage\",\"url\":\"https:\\\/\\\/concept05design.com\\\/wp-content\\\/uploads\\\/2025\\\/07\\\/RICO.webp\",\"contentUrl\":\"https:\\\/\\\/concept05design.com\\\/wp-content\\\/uploads\\\/2025\\\/07\\\/RICO.webp\",\"width\":600,\"height\":600},{\"@type\":\"BreadcrumbList\",\"@id\":\"https:\\\/\\\/concept05design.com\\\/en\\\/produit\\\/rico\\\/#breadcrumb\",\"itemListElement\":[{\"@type\":\"ListItem\",\"position\":1,\"name\":\"Accueil\",\"item\":\"https:\\\/\\\/concept05design.com\\\/en\\\/\"},{\"@type\":\"ListItem\",\"position\":2,\"name\":\"Shop\",\"item\":\"https:\\\/\\\/concept05design.com\\\/shop\\\/\"},{\"@type\":\"ListItem\",\"position\":3,\"name\":\"Rico\"}]},{\"@type\":\"WebSite\",\"@id\":\"https:\\\/\\\/concept05design.com\\\/en\\\/#website\",\"url\":\"https:\\\/\\\/concept05design.com\\\/en\\\/\",\"name\":\"Concept 05 Design\",\"description\":\"Du Concept \u00e0 la R\u00e9alit\u00e9 : Votre Vision, Notre Mission\",\"potentialAction\":[{\"@type\":\"SearchAction\",\"target\":{\"@type\":\"EntryPoint\",\"urlTemplate\":\"https:\\\/\\\/concept05design.com\\\/en\\\/?s={search_term_string}\"},\"query-input\":{\"@type\":\"PropertyValueSpecification\",\"valueRequired\":true,\"valueName\":\"search_term_string\"}}],\"inLanguage\":\"en-US\"}]}<\/script>\n<!-- \/ Yoast SEO plugin. -->","yoast_head_json":{"title":"Rico - Concept 05 Design","robots":{"index":"index","follow":"follow","max-snippet":"max-snippet:-1","max-image-preview":"max-image-preview:large","max-video-preview":"max-video-preview:-1"},"canonical":"https:\/\/concept05design.com\/en\/produit\/rico\/","og_locale":"en_US","og_type":"article","og_title":"Rico - Concept 05 Design","og_description":"With its angular lines, the RICO-GD is the perfect complement to any modern bathroom. Its unique handle makes it easy to control temperature and flow. Its solid brass construction and ceramic cartridge guarantee durability.  &nbsp;","og_url":"https:\/\/concept05design.com\/en\/produit\/rico\/","og_site_name":"Concept 05 Design","article_modified_time":"2025-07-26T16:37:02+00:00","og_image":[{"width":600,"height":600,"url":"https:\/\/concept05design.com\/wp-content\/uploads\/2025\/07\/RICO.webp","type":"image\/webp"}],"twitter_card":"summary_large_image","schema":{"@context":"https:\/\/schema.org","@graph":[{"@type":"WebPage","@id":"https:\/\/concept05design.com\/en\/produit\/rico\/","url":"https:\/\/concept05design.com\/en\/produit\/rico\/","name":"Rico - Concept 05 Design","isPartOf":{"@id":"https:\/\/concept05design.com\/en\/#website"},"primaryImageOfPage":{"@id":"https:\/\/concept05design.com\/en\/produit\/rico\/#primaryimage"},"image":{"@id":"https:\/\/concept05design.com\/en\/produit\/rico\/#primaryimage"},"thumbnailUrl":"https:\/\/concept05design.com\/wp-content\/uploads\/2025\/07\/RICO.webp","datePublished":"2025-07-26T16:36:39+00:00","dateModified":"2025-07-26T16:37:02+00:00","breadcrumb":{"@id":"https:\/\/concept05design.com\/en\/produit\/rico\/#breadcrumb"},"inLanguage":"en-US","potentialAction":[{"@type":"ReadAction","target":["https:\/\/concept05design.com\/en\/produit\/rico\/"]}]},{"@type":"ImageObject","inLanguage":"en-US","@id":"https:\/\/concept05design.com\/en\/produit\/rico\/#primaryimage","url":"https:\/\/concept05design.com\/wp-content\/uploads\/2025\/07\/RICO.webp","contentUrl":"https:\/\/concept05design.com\/wp-content\/uploads\/2025\/07\/RICO.webp","width":600,"height":600},{"@type":"BreadcrumbList","@id":"https:\/\/concept05design.com\/en\/produit\/rico\/#breadcrumb","itemListElement":[{"@type":"ListItem","position":1,"name":"Accueil","item":"https:\/\/concept05design.com\/en\/"},{"@type":"ListItem","position":2,"name":"Shop","item":"https:\/\/concept05design.com\/shop\/"},{"@type":"ListItem","position":3,"name":"Rico"}]},{"@type":"WebSite","@id":"https:\/\/concept05design.com\/en\/#website","url":"https:\/\/concept05design.com\/en\/","name":"Concept 05 Design","description":"Du Concept \u00e0 la R\u00e9alit\u00e9 : Votre Vision, Notre Mission","potentialAction":[{"@type":"SearchAction","target":{"@type":"EntryPoint","urlTemplate":"https:\/\/concept05design.com\/en\/?s={search_term_string}"},"query-input":{"@type":"PropertyValueSpecification","valueRequired":true,"valueName":"search_term_string"}}],"inLanguage":"en-US"}]}},"_links":{"self":[{"href":"https:\/\/concept05design.com\/en\/wp-json\/wp\/v2\/product\/5840","targetHints":{"allow":["GET"]}}],"collection":[{"href":"https:\/\/concept05design.com\/en\/wp-json\/wp\/v2\/product"}],"about":[{"href":"https:\/\/concept05design.com\/en\/wp-json\/wp\/v2\/types\/product"}],"wp:featuredmedia":[{"embeddable":true,"href":"https:\/\/concept05design.com\/en\/wp-json\/wp\/v2\/media\/5839"}],"wp:attachment":[{"href":"https:\/\/concept05design.com\/en\/wp-json\/wp\/v2\/media?parent=5840"}],"wp:term":[{"taxonomy":"product_brand","embeddable":true,"href":"https:\/\/concept05design.com\/en\/wp-json\/wp\/v2\/product_brand?post=5840"},{"taxonomy":"product_cat","embeddable":true,"href":"https:\/\/concept05design.com\/en\/wp-json\/wp\/v2\/product_cat?post=5840"},{"taxonomy":"product_tag","embeddable":true,"href":"https:\/\/concept05design.com\/en\/wp-json\/wp\/v2\/product_tag?post=5840"}],"curies":[{"name":"wp","href":"https:\/\/api.w.org\/{rel}","templated":true}]}}