{"id":5852,"date":"2025-07-26T16:42:58","date_gmt":"2025-07-26T16:42:58","guid":{"rendered":"https:\/\/concept05design.com\/produit\/rosabelle\/"},"modified":"2025-07-26T16:44:00","modified_gmt":"2025-07-26T16:44:00","slug":"rosabelle","status":"publish","type":"product","link":"https:\/\/concept05design.com\/en\/produit\/rosabelle\/","title":{"rendered":"Rosabelle"},"content":{"rendered":"<p data-start=\"364\" data-end=\"386\"><strong data-start=\"364\" data-end=\"384\">Features<\/strong><\/p>\n<ul data-start=\"387\" data-end=\"680\">\n<li data-start=\"387\" data-end=\"418\">\n<p data-start=\"389\" data-end=\"418\">Solid brass design<\/p>\n<\/li>\n<li data-start=\"419\" data-end=\"450\">\n<p data-start=\"421\" data-end=\"450\">Single-hole installation<\/p>\n<\/li>\n<li data-start=\"451\" data-end=\"496\">\n<p data-start=\"453\" data-end=\"496\">Single handle for easy control<\/p>\n<\/li>\n<li data-start=\"497\" data-end=\"525\">\n<p data-start=\"499\" data-end=\"525\">Corrosion-resistant<\/p>\n<\/li>\n<li data-start=\"526\" data-end=\"552\">\n<p data-start=\"528\" data-end=\"552\">Ceramic cartridge<\/p>\n<\/li>\n<li data-start=\"553\" data-end=\"590\">\n<p data-start=\"555\" data-end=\"590\">Pressure regulation system<\/p>\n<\/li>\n<li data-start=\"591\" data-end=\"643\">\n<p data-start=\"593\" data-end=\"643\">Connections compatible with 3\/8&#8243; pipes<\/p>\n<\/li>\n<li data-start=\"644\" data-end=\"680\">\n<p data-start=\"646\" data-end=\"680\">Pressure: 1.82 gpm max at 60 psi<\/p>\n<\/li>\n<\/ul>\n<p data-start=\"682\" data-end=\"702\"><strong data-start=\"682\" data-end=\"700\">Specifications<\/strong><\/p>\n<ul data-start=\"703\" data-end=\"979\" data-is-last-node=\"\" data-is-only-node=\"\">\n<li data-start=\"703\" data-end=\"780\">\n<p data-start=\"705\" data-end=\"780\">Available finishes: matt black, brushed brass, brushed nickel, matt white<\/p>\n<\/li>\n<li data-start=\"781\" data-end=\"894\">\n<p data-start=\"783\" data-end=\"894\">The selected model meets or exceeds the following requirements: CSA (B125.1-18) and CUPC (ASME A112.18.1)<\/p>\n<\/li>\n<li data-start=\"895\" data-end=\"930\">\n<p data-start=\"897\" data-end=\"930\">Lifetime cartridge warranty<\/p>\n<\/li>\n<li data-start=\"931\" data-end=\"979\" data-is-last-node=\"\">\n<p data-start=\"933\" data-end=\"979\" data-is-last-node=\"\">5-year warranty on matt white finish<\/p>\n<\/li>\n<\/ul>\n","protected":false},"excerpt":{"rendered":"<p>Adopt a modern style with the <strong data-start=\"51\" data-end=\"66\">ROSABELLE-W<\/strong>. Its elongated spout offers more space between faucet and sink, making hand-washing more comfortable. Its solid brass construction and ceramic cartridge ensure exceptional durability. Complete your bathroom with this elegant, minimalist faucet!   <\/p>\n<p>&nbsp;<\/p>\n<p><img decoding=\"async\" class=\"alignnone wp-image-5842\" src=\"https:\/\/concept05design.com\/wp-content\/uploads\/2025\/07\/Untitled-31-300x269.png\" alt=\"\" width=\"286\" height=\"256\" srcset=\"https:\/\/concept05design.com\/wp-content\/uploads\/2025\/07\/Untitled-31-200x180.png 200w, https:\/\/concept05design.com\/wp-content\/uploads\/2025\/07\/Untitled-31-300x269.png 300w, https:\/\/concept05design.com\/wp-content\/uploads\/2025\/07\/Untitled-31-400x359.png 400w, https:\/\/concept05design.com\/wp-content\/uploads\/2025\/07\/Untitled-31-500x449.png 500w, https:\/\/concept05design.com\/wp-content\/uploads\/2025\/07\/Untitled-31.png 576w\" sizes=\"(max-width: 286px) 100vw, 286px\" \/><\/p>\n","protected":false},"featured_media":5849,"template":"","meta":[],"product_brand":[],"product_cat":[418,433],"product_tag":[],"class_list":{"0":"post-5852","1":"product","2":"type-product","3":"status-publish","4":"has-post-thumbnail","6":"product_cat-bathroom","7":"product_cat-faucet-en","9":"first","10":"instock","11":"shipping-taxable","12":"product-type-simple"},"yoast_head":"<!-- This site is optimized with the Yoast SEO plugin v27.4 - https:\/\/yoast.com\/product\/yoast-seo-wordpress\/ -->\n<title>Rosabelle - Concept 05 Design<\/title>\n<meta name=\"robots\" content=\"index, follow, max-snippet:-1, max-image-preview:large, max-video-preview:-1\" \/>\n<link rel=\"canonical\" href=\"https:\/\/concept05design.com\/en\/produit\/rosabelle\/\" \/>\n<meta property=\"og:locale\" content=\"en_US\" \/>\n<meta property=\"og:type\" content=\"article\" \/>\n<meta property=\"og:title\" content=\"Rosabelle - Concept 05 Design\" \/>\n<meta property=\"og:description\" content=\"Adopt a modern style with the ROSABELLE-W. Its elongated spout offers more space between faucet and sink, making hand-washing more comfortable. Its solid brass construction and ceramic cartridge ensure exceptional durability. Complete your bathroom with this elegant, minimalist faucet!   &nbsp;\" \/>\n<meta property=\"og:url\" content=\"https:\/\/concept05design.com\/en\/produit\/rosabelle\/\" \/>\n<meta property=\"og:site_name\" content=\"Concept 05 Design\" \/>\n<meta property=\"article:modified_time\" content=\"2025-07-26T16:44:00+00:00\" \/>\n<meta property=\"og:image\" content=\"https:\/\/concept05design.com\/wp-content\/uploads\/2025\/07\/ROSABELLE-GD-Main.webp\" \/>\n\t<meta property=\"og:image:width\" content=\"600\" \/>\n\t<meta property=\"og:image:height\" content=\"600\" \/>\n\t<meta property=\"og:image:type\" content=\"image\/webp\" \/>\n<meta name=\"twitter:card\" content=\"summary_large_image\" \/>\n<script type=\"application\/ld+json\" class=\"yoast-schema-graph\">{\"@context\":\"https:\\\/\\\/schema.org\",\"@graph\":[{\"@type\":\"WebPage\",\"@id\":\"https:\\\/\\\/concept05design.com\\\/en\\\/produit\\\/rosabelle\\\/\",\"url\":\"https:\\\/\\\/concept05design.com\\\/en\\\/produit\\\/rosabelle\\\/\",\"name\":\"Rosabelle - Concept 05 Design\",\"isPartOf\":{\"@id\":\"https:\\\/\\\/concept05design.com\\\/en\\\/#website\"},\"primaryImageOfPage\":{\"@id\":\"https:\\\/\\\/concept05design.com\\\/en\\\/produit\\\/rosabelle\\\/#primaryimage\"},\"image\":{\"@id\":\"https:\\\/\\\/concept05design.com\\\/en\\\/produit\\\/rosabelle\\\/#primaryimage\"},\"thumbnailUrl\":\"https:\\\/\\\/concept05design.com\\\/wp-content\\\/uploads\\\/2025\\\/07\\\/ROSABELLE-GD-Main.webp\",\"datePublished\":\"2025-07-26T16:42:58+00:00\",\"dateModified\":\"2025-07-26T16:44:00+00:00\",\"breadcrumb\":{\"@id\":\"https:\\\/\\\/concept05design.com\\\/en\\\/produit\\\/rosabelle\\\/#breadcrumb\"},\"inLanguage\":\"en-US\",\"potentialAction\":[{\"@type\":\"ReadAction\",\"target\":[\"https:\\\/\\\/concept05design.com\\\/en\\\/produit\\\/rosabelle\\\/\"]}]},{\"@type\":\"ImageObject\",\"inLanguage\":\"en-US\",\"@id\":\"https:\\\/\\\/concept05design.com\\\/en\\\/produit\\\/rosabelle\\\/#primaryimage\",\"url\":\"https:\\\/\\\/concept05design.com\\\/wp-content\\\/uploads\\\/2025\\\/07\\\/ROSABELLE-GD-Main.webp\",\"contentUrl\":\"https:\\\/\\\/concept05design.com\\\/wp-content\\\/uploads\\\/2025\\\/07\\\/ROSABELLE-GD-Main.webp\",\"width\":600,\"height\":600},{\"@type\":\"BreadcrumbList\",\"@id\":\"https:\\\/\\\/concept05design.com\\\/en\\\/produit\\\/rosabelle\\\/#breadcrumb\",\"itemListElement\":[{\"@type\":\"ListItem\",\"position\":1,\"name\":\"Accueil\",\"item\":\"https:\\\/\\\/concept05design.com\\\/en\\\/\"},{\"@type\":\"ListItem\",\"position\":2,\"name\":\"Shop\",\"item\":\"https:\\\/\\\/concept05design.com\\\/shop\\\/\"},{\"@type\":\"ListItem\",\"position\":3,\"name\":\"Rosabelle\"}]},{\"@type\":\"WebSite\",\"@id\":\"https:\\\/\\\/concept05design.com\\\/en\\\/#website\",\"url\":\"https:\\\/\\\/concept05design.com\\\/en\\\/\",\"name\":\"Concept 05 Design\",\"description\":\"Du Concept \u00e0 la R\u00e9alit\u00e9 : Votre Vision, Notre Mission\",\"potentialAction\":[{\"@type\":\"SearchAction\",\"target\":{\"@type\":\"EntryPoint\",\"urlTemplate\":\"https:\\\/\\\/concept05design.com\\\/en\\\/?s={search_term_string}\"},\"query-input\":{\"@type\":\"PropertyValueSpecification\",\"valueRequired\":true,\"valueName\":\"search_term_string\"}}],\"inLanguage\":\"en-US\"}]}<\/script>\n<!-- \/ Yoast SEO plugin. -->","yoast_head_json":{"title":"Rosabelle - Concept 05 Design","robots":{"index":"index","follow":"follow","max-snippet":"max-snippet:-1","max-image-preview":"max-image-preview:large","max-video-preview":"max-video-preview:-1"},"canonical":"https:\/\/concept05design.com\/en\/produit\/rosabelle\/","og_locale":"en_US","og_type":"article","og_title":"Rosabelle - Concept 05 Design","og_description":"Adopt a modern style with the ROSABELLE-W. Its elongated spout offers more space between faucet and sink, making hand-washing more comfortable. Its solid brass construction and ceramic cartridge ensure exceptional durability. Complete your bathroom with this elegant, minimalist faucet!   &nbsp;","og_url":"https:\/\/concept05design.com\/en\/produit\/rosabelle\/","og_site_name":"Concept 05 Design","article_modified_time":"2025-07-26T16:44:00+00:00","og_image":[{"width":600,"height":600,"url":"https:\/\/concept05design.com\/wp-content\/uploads\/2025\/07\/ROSABELLE-GD-Main.webp","type":"image\/webp"}],"twitter_card":"summary_large_image","schema":{"@context":"https:\/\/schema.org","@graph":[{"@type":"WebPage","@id":"https:\/\/concept05design.com\/en\/produit\/rosabelle\/","url":"https:\/\/concept05design.com\/en\/produit\/rosabelle\/","name":"Rosabelle - Concept 05 Design","isPartOf":{"@id":"https:\/\/concept05design.com\/en\/#website"},"primaryImageOfPage":{"@id":"https:\/\/concept05design.com\/en\/produit\/rosabelle\/#primaryimage"},"image":{"@id":"https:\/\/concept05design.com\/en\/produit\/rosabelle\/#primaryimage"},"thumbnailUrl":"https:\/\/concept05design.com\/wp-content\/uploads\/2025\/07\/ROSABELLE-GD-Main.webp","datePublished":"2025-07-26T16:42:58+00:00","dateModified":"2025-07-26T16:44:00+00:00","breadcrumb":{"@id":"https:\/\/concept05design.com\/en\/produit\/rosabelle\/#breadcrumb"},"inLanguage":"en-US","potentialAction":[{"@type":"ReadAction","target":["https:\/\/concept05design.com\/en\/produit\/rosabelle\/"]}]},{"@type":"ImageObject","inLanguage":"en-US","@id":"https:\/\/concept05design.com\/en\/produit\/rosabelle\/#primaryimage","url":"https:\/\/concept05design.com\/wp-content\/uploads\/2025\/07\/ROSABELLE-GD-Main.webp","contentUrl":"https:\/\/concept05design.com\/wp-content\/uploads\/2025\/07\/ROSABELLE-GD-Main.webp","width":600,"height":600},{"@type":"BreadcrumbList","@id":"https:\/\/concept05design.com\/en\/produit\/rosabelle\/#breadcrumb","itemListElement":[{"@type":"ListItem","position":1,"name":"Accueil","item":"https:\/\/concept05design.com\/en\/"},{"@type":"ListItem","position":2,"name":"Shop","item":"https:\/\/concept05design.com\/shop\/"},{"@type":"ListItem","position":3,"name":"Rosabelle"}]},{"@type":"WebSite","@id":"https:\/\/concept05design.com\/en\/#website","url":"https:\/\/concept05design.com\/en\/","name":"Concept 05 Design","description":"Du Concept \u00e0 la R\u00e9alit\u00e9 : Votre Vision, Notre Mission","potentialAction":[{"@type":"SearchAction","target":{"@type":"EntryPoint","urlTemplate":"https:\/\/concept05design.com\/en\/?s={search_term_string}"},"query-input":{"@type":"PropertyValueSpecification","valueRequired":true,"valueName":"search_term_string"}}],"inLanguage":"en-US"}]}},"_links":{"self":[{"href":"https:\/\/concept05design.com\/en\/wp-json\/wp\/v2\/product\/5852","targetHints":{"allow":["GET"]}}],"collection":[{"href":"https:\/\/concept05design.com\/en\/wp-json\/wp\/v2\/product"}],"about":[{"href":"https:\/\/concept05design.com\/en\/wp-json\/wp\/v2\/types\/product"}],"wp:featuredmedia":[{"embeddable":true,"href":"https:\/\/concept05design.com\/en\/wp-json\/wp\/v2\/media\/5849"}],"wp:attachment":[{"href":"https:\/\/concept05design.com\/en\/wp-json\/wp\/v2\/media?parent=5852"}],"wp:term":[{"taxonomy":"product_brand","embeddable":true,"href":"https:\/\/concept05design.com\/en\/wp-json\/wp\/v2\/product_brand?post=5852"},{"taxonomy":"product_cat","embeddable":true,"href":"https:\/\/concept05design.com\/en\/wp-json\/wp\/v2\/product_cat?post=5852"},{"taxonomy":"product_tag","embeddable":true,"href":"https:\/\/concept05design.com\/en\/wp-json\/wp\/v2\/product_tag?post=5852"}],"curies":[{"name":"wp","href":"https:\/\/api.w.org\/{rel}","templated":true}]}}