{"id":5870,"date":"2025-07-26T16:48:54","date_gmt":"2025-07-26T16:48:54","guid":{"rendered":"https:\/\/concept05design.com\/produit\/renato\/"},"modified":"2025-07-26T16:49:30","modified_gmt":"2025-07-26T16:49:30","slug":"renato","status":"publish","type":"product","link":"https:\/\/concept05design.com\/en\/produit\/renato\/","title":{"rendered":"Renato"},"content":{"rendered":"<p data-start=\"318\" data-end=\"340\"><strong data-start=\"318\" data-end=\"338\">Features<\/strong><\/p>\n<ul data-start=\"341\" data-end=\"633\">\n<li data-start=\"341\" data-end=\"372\">\n<p data-start=\"343\" data-end=\"372\">Solid brass design<\/p>\n<\/li>\n<li data-start=\"373\" data-end=\"404\">\n<p data-start=\"375\" data-end=\"404\">Single-hole installation<\/p>\n<\/li>\n<li data-start=\"405\" data-end=\"450\">\n<p data-start=\"407\" data-end=\"450\">Single handle for easy control<\/p>\n<\/li>\n<li data-start=\"451\" data-end=\"479\">\n<p data-start=\"453\" data-end=\"479\">Corrosion-resistant<\/p>\n<\/li>\n<li data-start=\"480\" data-end=\"506\">\n<p data-start=\"482\" data-end=\"506\">Ceramic cartridge<\/p>\n<\/li>\n<li data-start=\"507\" data-end=\"544\">\n<p data-start=\"509\" data-end=\"544\">Pressure regulation system<\/p>\n<\/li>\n<li data-start=\"545\" data-end=\"597\">\n<p data-start=\"547\" data-end=\"597\">Connections compatible with 3\/8&#8243; pipes<\/p>\n<\/li>\n<li data-start=\"598\" data-end=\"633\">\n<p data-start=\"600\" data-end=\"633\">Pressure: 1.4 gpm max at 60 psi<\/p>\n<\/li>\n<\/ul>\n<p data-start=\"635\" data-end=\"655\"><strong data-start=\"635\" data-end=\"653\">Specifications<\/strong><\/p>\n<ul data-start=\"656\" data-end=\"853\" data-is-last-node=\"\" data-is-only-node=\"\">\n<li data-start=\"656\" data-end=\"709\">\n<p data-start=\"658\" data-end=\"709\">Available finishes: Matte black and brushed nickel<\/p>\n<\/li>\n<li data-start=\"710\" data-end=\"763\">\n<p data-start=\"712\" data-end=\"763\">CSA (B125.1-18) and CUPC (ASME A112.18.1) certified<\/p>\n<\/li>\n<li data-start=\"764\" data-end=\"799\">\n<p data-start=\"766\" data-end=\"799\">Lifetime cartridge warranty<\/p>\n<\/li>\n<li data-start=\"800\" data-end=\"853\" data-is-last-node=\"\">\n<p data-start=\"802\" data-end=\"853\" data-is-last-node=\"\">15-year warranty on brushed nickel finish<\/p>\n<\/li>\n<\/ul>\n","protected":false},"excerpt":{"rendered":"<p>The color combination and unique design of this faucet evoke a futuristic, modern style. Its discreet handle makes it easy to control temperature and flow, while offering a sleek, elegant look. This faucet is sure to stand out in any bathroom!  <\/p>\n<p>&nbsp;<\/p>\n<p><img decoding=\"async\" class=\"alignnone size-medium wp-image-5864\" src=\"https:\/\/concept05design.com\/wp-content\/uploads\/2025\/07\/Untitled-33-298x300.png\" alt=\"\" width=\"298\" height=\"300\" srcset=\"https:\/\/concept05design.com\/wp-content\/uploads\/2025\/07\/Untitled-33-66x66.png 66w, https:\/\/concept05design.com\/wp-content\/uploads\/2025\/07\/Untitled-33-150x150.png 150w, https:\/\/concept05design.com\/wp-content\/uploads\/2025\/07\/Untitled-33-200x200.png 200w, https:\/\/concept05design.com\/wp-content\/uploads\/2025\/07\/Untitled-33-298x300.png 298w, https:\/\/concept05design.com\/wp-content\/uploads\/2025\/07\/Untitled-33.png 372w\" sizes=\"(max-width: 298px) 100vw, 298px\" \/><\/p>\n","protected":false},"featured_media":5869,"template":"","meta":[],"product_brand":[],"product_cat":[418,433],"product_tag":[],"class_list":{"0":"post-5870","1":"product","2":"type-product","3":"status-publish","4":"has-post-thumbnail","6":"product_cat-bathroom","7":"product_cat-faucet-en","9":"first","10":"instock","11":"shipping-taxable","12":"product-type-simple"},"yoast_head":"<!-- This site is optimized with the Yoast SEO plugin v27.4 - https:\/\/yoast.com\/product\/yoast-seo-wordpress\/ -->\n<title>Renato - Concept 05 Design<\/title>\n<meta name=\"robots\" content=\"index, follow, max-snippet:-1, max-image-preview:large, max-video-preview:-1\" \/>\n<link rel=\"canonical\" href=\"https:\/\/concept05design.com\/en\/produit\/renato\/\" \/>\n<meta property=\"og:locale\" content=\"en_US\" \/>\n<meta property=\"og:type\" content=\"article\" \/>\n<meta property=\"og:title\" content=\"Renato - Concept 05 Design\" \/>\n<meta property=\"og:description\" content=\"The color combination and unique design of this faucet evoke a futuristic, modern style. Its discreet handle makes it easy to control temperature and flow, while offering a sleek, elegant look. This faucet is sure to stand out in any bathroom!  &nbsp;\" \/>\n<meta property=\"og:url\" content=\"https:\/\/concept05design.com\/en\/produit\/renato\/\" \/>\n<meta property=\"og:site_name\" content=\"Concept 05 Design\" \/>\n<meta property=\"article:modified_time\" content=\"2025-07-26T16:49:30+00:00\" \/>\n<meta property=\"og:image\" content=\"https:\/\/concept05design.com\/wp-content\/uploads\/2025\/07\/RENATO.webp\" \/>\n\t<meta property=\"og:image:width\" content=\"600\" \/>\n\t<meta property=\"og:image:height\" content=\"600\" \/>\n\t<meta property=\"og:image:type\" content=\"image\/webp\" \/>\n<meta name=\"twitter:card\" content=\"summary_large_image\" \/>\n<script type=\"application\/ld+json\" class=\"yoast-schema-graph\">{\"@context\":\"https:\\\/\\\/schema.org\",\"@graph\":[{\"@type\":\"WebPage\",\"@id\":\"https:\\\/\\\/concept05design.com\\\/en\\\/produit\\\/renato\\\/\",\"url\":\"https:\\\/\\\/concept05design.com\\\/en\\\/produit\\\/renato\\\/\",\"name\":\"Renato - Concept 05 Design\",\"isPartOf\":{\"@id\":\"https:\\\/\\\/concept05design.com\\\/en\\\/#website\"},\"primaryImageOfPage\":{\"@id\":\"https:\\\/\\\/concept05design.com\\\/en\\\/produit\\\/renato\\\/#primaryimage\"},\"image\":{\"@id\":\"https:\\\/\\\/concept05design.com\\\/en\\\/produit\\\/renato\\\/#primaryimage\"},\"thumbnailUrl\":\"https:\\\/\\\/concept05design.com\\\/wp-content\\\/uploads\\\/2025\\\/07\\\/RENATO.webp\",\"datePublished\":\"2025-07-26T16:48:54+00:00\",\"dateModified\":\"2025-07-26T16:49:30+00:00\",\"breadcrumb\":{\"@id\":\"https:\\\/\\\/concept05design.com\\\/en\\\/produit\\\/renato\\\/#breadcrumb\"},\"inLanguage\":\"en-US\",\"potentialAction\":[{\"@type\":\"ReadAction\",\"target\":[\"https:\\\/\\\/concept05design.com\\\/en\\\/produit\\\/renato\\\/\"]}]},{\"@type\":\"ImageObject\",\"inLanguage\":\"en-US\",\"@id\":\"https:\\\/\\\/concept05design.com\\\/en\\\/produit\\\/renato\\\/#primaryimage\",\"url\":\"https:\\\/\\\/concept05design.com\\\/wp-content\\\/uploads\\\/2025\\\/07\\\/RENATO.webp\",\"contentUrl\":\"https:\\\/\\\/concept05design.com\\\/wp-content\\\/uploads\\\/2025\\\/07\\\/RENATO.webp\",\"width\":600,\"height\":600},{\"@type\":\"BreadcrumbList\",\"@id\":\"https:\\\/\\\/concept05design.com\\\/en\\\/produit\\\/renato\\\/#breadcrumb\",\"itemListElement\":[{\"@type\":\"ListItem\",\"position\":1,\"name\":\"Accueil\",\"item\":\"https:\\\/\\\/concept05design.com\\\/en\\\/\"},{\"@type\":\"ListItem\",\"position\":2,\"name\":\"Shop\",\"item\":\"https:\\\/\\\/concept05design.com\\\/shop\\\/\"},{\"@type\":\"ListItem\",\"position\":3,\"name\":\"Renato\"}]},{\"@type\":\"WebSite\",\"@id\":\"https:\\\/\\\/concept05design.com\\\/en\\\/#website\",\"url\":\"https:\\\/\\\/concept05design.com\\\/en\\\/\",\"name\":\"Concept 05 Design\",\"description\":\"Du Concept \u00e0 la R\u00e9alit\u00e9 : Votre Vision, Notre Mission\",\"potentialAction\":[{\"@type\":\"SearchAction\",\"target\":{\"@type\":\"EntryPoint\",\"urlTemplate\":\"https:\\\/\\\/concept05design.com\\\/en\\\/?s={search_term_string}\"},\"query-input\":{\"@type\":\"PropertyValueSpecification\",\"valueRequired\":true,\"valueName\":\"search_term_string\"}}],\"inLanguage\":\"en-US\"}]}<\/script>\n<!-- \/ Yoast SEO plugin. -->","yoast_head_json":{"title":"Renato - Concept 05 Design","robots":{"index":"index","follow":"follow","max-snippet":"max-snippet:-1","max-image-preview":"max-image-preview:large","max-video-preview":"max-video-preview:-1"},"canonical":"https:\/\/concept05design.com\/en\/produit\/renato\/","og_locale":"en_US","og_type":"article","og_title":"Renato - Concept 05 Design","og_description":"The color combination and unique design of this faucet evoke a futuristic, modern style. Its discreet handle makes it easy to control temperature and flow, while offering a sleek, elegant look. This faucet is sure to stand out in any bathroom!  &nbsp;","og_url":"https:\/\/concept05design.com\/en\/produit\/renato\/","og_site_name":"Concept 05 Design","article_modified_time":"2025-07-26T16:49:30+00:00","og_image":[{"width":600,"height":600,"url":"https:\/\/concept05design.com\/wp-content\/uploads\/2025\/07\/RENATO.webp","type":"image\/webp"}],"twitter_card":"summary_large_image","schema":{"@context":"https:\/\/schema.org","@graph":[{"@type":"WebPage","@id":"https:\/\/concept05design.com\/en\/produit\/renato\/","url":"https:\/\/concept05design.com\/en\/produit\/renato\/","name":"Renato - Concept 05 Design","isPartOf":{"@id":"https:\/\/concept05design.com\/en\/#website"},"primaryImageOfPage":{"@id":"https:\/\/concept05design.com\/en\/produit\/renato\/#primaryimage"},"image":{"@id":"https:\/\/concept05design.com\/en\/produit\/renato\/#primaryimage"},"thumbnailUrl":"https:\/\/concept05design.com\/wp-content\/uploads\/2025\/07\/RENATO.webp","datePublished":"2025-07-26T16:48:54+00:00","dateModified":"2025-07-26T16:49:30+00:00","breadcrumb":{"@id":"https:\/\/concept05design.com\/en\/produit\/renato\/#breadcrumb"},"inLanguage":"en-US","potentialAction":[{"@type":"ReadAction","target":["https:\/\/concept05design.com\/en\/produit\/renato\/"]}]},{"@type":"ImageObject","inLanguage":"en-US","@id":"https:\/\/concept05design.com\/en\/produit\/renato\/#primaryimage","url":"https:\/\/concept05design.com\/wp-content\/uploads\/2025\/07\/RENATO.webp","contentUrl":"https:\/\/concept05design.com\/wp-content\/uploads\/2025\/07\/RENATO.webp","width":600,"height":600},{"@type":"BreadcrumbList","@id":"https:\/\/concept05design.com\/en\/produit\/renato\/#breadcrumb","itemListElement":[{"@type":"ListItem","position":1,"name":"Accueil","item":"https:\/\/concept05design.com\/en\/"},{"@type":"ListItem","position":2,"name":"Shop","item":"https:\/\/concept05design.com\/shop\/"},{"@type":"ListItem","position":3,"name":"Renato"}]},{"@type":"WebSite","@id":"https:\/\/concept05design.com\/en\/#website","url":"https:\/\/concept05design.com\/en\/","name":"Concept 05 Design","description":"Du Concept \u00e0 la R\u00e9alit\u00e9 : Votre Vision, Notre Mission","potentialAction":[{"@type":"SearchAction","target":{"@type":"EntryPoint","urlTemplate":"https:\/\/concept05design.com\/en\/?s={search_term_string}"},"query-input":{"@type":"PropertyValueSpecification","valueRequired":true,"valueName":"search_term_string"}}],"inLanguage":"en-US"}]}},"_links":{"self":[{"href":"https:\/\/concept05design.com\/en\/wp-json\/wp\/v2\/product\/5870","targetHints":{"allow":["GET"]}}],"collection":[{"href":"https:\/\/concept05design.com\/en\/wp-json\/wp\/v2\/product"}],"about":[{"href":"https:\/\/concept05design.com\/en\/wp-json\/wp\/v2\/types\/product"}],"wp:featuredmedia":[{"embeddable":true,"href":"https:\/\/concept05design.com\/en\/wp-json\/wp\/v2\/media\/5869"}],"wp:attachment":[{"href":"https:\/\/concept05design.com\/en\/wp-json\/wp\/v2\/media?parent=5870"}],"wp:term":[{"taxonomy":"product_brand","embeddable":true,"href":"https:\/\/concept05design.com\/en\/wp-json\/wp\/v2\/product_brand?post=5870"},{"taxonomy":"product_cat","embeddable":true,"href":"https:\/\/concept05design.com\/en\/wp-json\/wp\/v2\/product_cat?post=5870"},{"taxonomy":"product_tag","embeddable":true,"href":"https:\/\/concept05design.com\/en\/wp-json\/wp\/v2\/product_tag?post=5870"}],"curies":[{"name":"wp","href":"https:\/\/api.w.org\/{rel}","templated":true}]}}