{"id":5878,"date":"2025-07-26T16:51:44","date_gmt":"2025-07-26T16:51:44","guid":{"rendered":"https:\/\/concept05design.com\/produit\/rebecca-ii\/"},"modified":"2025-07-26T16:52:37","modified_gmt":"2025-07-26T16:52:37","slug":"rebecca-ii","status":"publish","type":"product","link":"https:\/\/concept05design.com\/en\/produit\/rebecca-ii\/","title":{"rendered":"Rebecca &#8211; II"},"content":{"rendered":"<p data-start=\"378\" data-end=\"400\"><strong data-start=\"378\" data-end=\"398\">Features<\/strong><\/p>\n<ul data-start=\"401\" data-end=\"694\">\n<li data-start=\"401\" data-end=\"432\">\n<p data-start=\"403\" data-end=\"432\">Solid brass design<\/p>\n<\/li>\n<li data-start=\"433\" data-end=\"464\">\n<p data-start=\"435\" data-end=\"464\">Single-hole installation<\/p>\n<\/li>\n<li data-start=\"465\" data-end=\"510\">\n<p data-start=\"467\" data-end=\"510\">Single handle for easy control<\/p>\n<\/li>\n<li data-start=\"511\" data-end=\"539\">\n<p data-start=\"513\" data-end=\"539\">Corrosion-resistant<\/p>\n<\/li>\n<li data-start=\"540\" data-end=\"566\">\n<p data-start=\"542\" data-end=\"566\">Ceramic cartridge<\/p>\n<\/li>\n<li data-start=\"567\" data-end=\"604\">\n<p data-start=\"569\" data-end=\"604\">Pressure regulation system<\/p>\n<\/li>\n<li data-start=\"605\" data-end=\"657\">\n<p data-start=\"607\" data-end=\"657\">Connections compatible with 3\/8&#8243; pipes<\/p>\n<\/li>\n<li data-start=\"658\" data-end=\"694\">\n<p data-start=\"660\" data-end=\"694\">Pressure: 1.98 gpm max at 60 psi<\/p>\n<\/li>\n<\/ul>\n<p data-start=\"696\" data-end=\"716\"><strong data-start=\"696\" data-end=\"714\">Specifications<\/strong><\/p>\n<ul data-start=\"717\" data-end=\"917\" data-is-last-node=\"\" data-is-only-node=\"\">\n<li data-start=\"717\" data-end=\"783\">\n<p data-start=\"719\" data-end=\"783\">Available finishes: Chrome, matte black and brushed brass (gold)<\/p>\n<\/li>\n<li data-start=\"784\" data-end=\"837\">\n<p data-start=\"786\" data-end=\"837\">CSA (B125.1-18) and CUPC (ASME A112.18.1) certified<\/p>\n<\/li>\n<li data-start=\"838\" data-end=\"873\">\n<p data-start=\"840\" data-end=\"873\">Lifetime cartridge warranty<\/p>\n<\/li>\n<li data-start=\"874\" data-end=\"917\" data-is-last-node=\"\">\n<p data-start=\"876\" data-end=\"917\" data-is-last-node=\"\">15-year warranty on chrome finish<\/p>\n<\/li>\n<\/ul>\n","protected":false},"excerpt":{"rendered":"<p>Make a fashion statement with the <strong data-start=\"61\" data-end=\"75\">REBECCA-II<\/strong> faucet. Its geometric shapes will enhance any modern bathroom. Its ceramic cartridge and solid brass construction make it exceptionally durable. Its elongated spout offers more space between sink and faucet, making hand-washing more comfortable.   <\/p>\n<p>&nbsp;<\/p>\n<p><img decoding=\"async\" class=\"alignnone wp-image-5872\" src=\"https:\/\/concept05design.com\/wp-content\/uploads\/2025\/07\/Untitled-34-300x139.png\" alt=\"\" width=\"391\" height=\"181\" srcset=\"https:\/\/concept05design.com\/wp-content\/uploads\/2025\/07\/Untitled-34-200x93.png 200w, https:\/\/concept05design.com\/wp-content\/uploads\/2025\/07\/Untitled-34-300x139.png 300w, https:\/\/concept05design.com\/wp-content\/uploads\/2025\/07\/Untitled-34-400x185.png 400w, https:\/\/concept05design.com\/wp-content\/uploads\/2025\/07\/Untitled-34.png 402w\" sizes=\"(max-width: 391px) 100vw, 391px\" \/><\/p>\n","protected":false},"featured_media":5875,"template":"","meta":[],"product_brand":[],"product_cat":[418,433],"product_tag":[],"class_list":{"0":"post-5878","1":"product","2":"type-product","3":"status-publish","4":"has-post-thumbnail","6":"product_cat-bathroom","7":"product_cat-faucet-en","9":"first","10":"instock","11":"shipping-taxable","12":"product-type-simple"},"yoast_head":"<!-- This site is optimized with the Yoast SEO plugin v27.4 - https:\/\/yoast.com\/product\/yoast-seo-wordpress\/ -->\n<title>Rebecca - II - Concept 05 Design<\/title>\n<meta name=\"robots\" content=\"index, follow, max-snippet:-1, max-image-preview:large, max-video-preview:-1\" \/>\n<link rel=\"canonical\" href=\"https:\/\/concept05design.com\/en\/produit\/rebecca-ii\/\" \/>\n<meta property=\"og:locale\" content=\"en_US\" \/>\n<meta property=\"og:type\" content=\"article\" \/>\n<meta property=\"og:title\" content=\"Rebecca - II - Concept 05 Design\" \/>\n<meta property=\"og:description\" content=\"Make a fashion statement with the REBECCA-II faucet. Its geometric shapes will enhance any modern bathroom. Its ceramic cartridge and solid brass construction make it exceptionally durable. Its elongated spout offers more space between sink and faucet, making hand-washing more comfortable.   &nbsp;\" \/>\n<meta property=\"og:url\" content=\"https:\/\/concept05design.com\/en\/produit\/rebecca-ii\/\" \/>\n<meta property=\"og:site_name\" content=\"Concept 05 Design\" \/>\n<meta property=\"article:modified_time\" content=\"2025-07-26T16:52:37+00:00\" \/>\n<meta property=\"og:image\" content=\"https:\/\/concept05design.com\/wp-content\/uploads\/2025\/07\/REBECCA-GD.webp\" \/>\n\t<meta property=\"og:image:width\" content=\"600\" \/>\n\t<meta property=\"og:image:height\" content=\"600\" \/>\n\t<meta property=\"og:image:type\" content=\"image\/webp\" \/>\n<meta name=\"twitter:card\" content=\"summary_large_image\" \/>\n<script type=\"application\/ld+json\" class=\"yoast-schema-graph\">{\"@context\":\"https:\\\/\\\/schema.org\",\"@graph\":[{\"@type\":\"WebPage\",\"@id\":\"https:\\\/\\\/concept05design.com\\\/en\\\/produit\\\/rebecca-ii\\\/\",\"url\":\"https:\\\/\\\/concept05design.com\\\/en\\\/produit\\\/rebecca-ii\\\/\",\"name\":\"Rebecca - II - Concept 05 Design\",\"isPartOf\":{\"@id\":\"https:\\\/\\\/concept05design.com\\\/en\\\/#website\"},\"primaryImageOfPage\":{\"@id\":\"https:\\\/\\\/concept05design.com\\\/en\\\/produit\\\/rebecca-ii\\\/#primaryimage\"},\"image\":{\"@id\":\"https:\\\/\\\/concept05design.com\\\/en\\\/produit\\\/rebecca-ii\\\/#primaryimage\"},\"thumbnailUrl\":\"https:\\\/\\\/concept05design.com\\\/wp-content\\\/uploads\\\/2025\\\/07\\\/REBECCA-GD.webp\",\"datePublished\":\"2025-07-26T16:51:44+00:00\",\"dateModified\":\"2025-07-26T16:52:37+00:00\",\"breadcrumb\":{\"@id\":\"https:\\\/\\\/concept05design.com\\\/en\\\/produit\\\/rebecca-ii\\\/#breadcrumb\"},\"inLanguage\":\"en-US\",\"potentialAction\":[{\"@type\":\"ReadAction\",\"target\":[\"https:\\\/\\\/concept05design.com\\\/en\\\/produit\\\/rebecca-ii\\\/\"]}]},{\"@type\":\"ImageObject\",\"inLanguage\":\"en-US\",\"@id\":\"https:\\\/\\\/concept05design.com\\\/en\\\/produit\\\/rebecca-ii\\\/#primaryimage\",\"url\":\"https:\\\/\\\/concept05design.com\\\/wp-content\\\/uploads\\\/2025\\\/07\\\/REBECCA-GD.webp\",\"contentUrl\":\"https:\\\/\\\/concept05design.com\\\/wp-content\\\/uploads\\\/2025\\\/07\\\/REBECCA-GD.webp\",\"width\":600,\"height\":600},{\"@type\":\"BreadcrumbList\",\"@id\":\"https:\\\/\\\/concept05design.com\\\/en\\\/produit\\\/rebecca-ii\\\/#breadcrumb\",\"itemListElement\":[{\"@type\":\"ListItem\",\"position\":1,\"name\":\"Accueil\",\"item\":\"https:\\\/\\\/concept05design.com\\\/en\\\/\"},{\"@type\":\"ListItem\",\"position\":2,\"name\":\"Shop\",\"item\":\"https:\\\/\\\/concept05design.com\\\/shop\\\/\"},{\"@type\":\"ListItem\",\"position\":3,\"name\":\"Rebecca &#8211; II\"}]},{\"@type\":\"WebSite\",\"@id\":\"https:\\\/\\\/concept05design.com\\\/en\\\/#website\",\"url\":\"https:\\\/\\\/concept05design.com\\\/en\\\/\",\"name\":\"Concept 05 Design\",\"description\":\"Du Concept \u00e0 la R\u00e9alit\u00e9 : Votre Vision, Notre Mission\",\"potentialAction\":[{\"@type\":\"SearchAction\",\"target\":{\"@type\":\"EntryPoint\",\"urlTemplate\":\"https:\\\/\\\/concept05design.com\\\/en\\\/?s={search_term_string}\"},\"query-input\":{\"@type\":\"PropertyValueSpecification\",\"valueRequired\":true,\"valueName\":\"search_term_string\"}}],\"inLanguage\":\"en-US\"}]}<\/script>\n<!-- \/ Yoast SEO plugin. -->","yoast_head_json":{"title":"Rebecca - II - Concept 05 Design","robots":{"index":"index","follow":"follow","max-snippet":"max-snippet:-1","max-image-preview":"max-image-preview:large","max-video-preview":"max-video-preview:-1"},"canonical":"https:\/\/concept05design.com\/en\/produit\/rebecca-ii\/","og_locale":"en_US","og_type":"article","og_title":"Rebecca - II - Concept 05 Design","og_description":"Make a fashion statement with the REBECCA-II faucet. Its geometric shapes will enhance any modern bathroom. Its ceramic cartridge and solid brass construction make it exceptionally durable. Its elongated spout offers more space between sink and faucet, making hand-washing more comfortable.   &nbsp;","og_url":"https:\/\/concept05design.com\/en\/produit\/rebecca-ii\/","og_site_name":"Concept 05 Design","article_modified_time":"2025-07-26T16:52:37+00:00","og_image":[{"width":600,"height":600,"url":"https:\/\/concept05design.com\/wp-content\/uploads\/2025\/07\/REBECCA-GD.webp","type":"image\/webp"}],"twitter_card":"summary_large_image","schema":{"@context":"https:\/\/schema.org","@graph":[{"@type":"WebPage","@id":"https:\/\/concept05design.com\/en\/produit\/rebecca-ii\/","url":"https:\/\/concept05design.com\/en\/produit\/rebecca-ii\/","name":"Rebecca - II - Concept 05 Design","isPartOf":{"@id":"https:\/\/concept05design.com\/en\/#website"},"primaryImageOfPage":{"@id":"https:\/\/concept05design.com\/en\/produit\/rebecca-ii\/#primaryimage"},"image":{"@id":"https:\/\/concept05design.com\/en\/produit\/rebecca-ii\/#primaryimage"},"thumbnailUrl":"https:\/\/concept05design.com\/wp-content\/uploads\/2025\/07\/REBECCA-GD.webp","datePublished":"2025-07-26T16:51:44+00:00","dateModified":"2025-07-26T16:52:37+00:00","breadcrumb":{"@id":"https:\/\/concept05design.com\/en\/produit\/rebecca-ii\/#breadcrumb"},"inLanguage":"en-US","potentialAction":[{"@type":"ReadAction","target":["https:\/\/concept05design.com\/en\/produit\/rebecca-ii\/"]}]},{"@type":"ImageObject","inLanguage":"en-US","@id":"https:\/\/concept05design.com\/en\/produit\/rebecca-ii\/#primaryimage","url":"https:\/\/concept05design.com\/wp-content\/uploads\/2025\/07\/REBECCA-GD.webp","contentUrl":"https:\/\/concept05design.com\/wp-content\/uploads\/2025\/07\/REBECCA-GD.webp","width":600,"height":600},{"@type":"BreadcrumbList","@id":"https:\/\/concept05design.com\/en\/produit\/rebecca-ii\/#breadcrumb","itemListElement":[{"@type":"ListItem","position":1,"name":"Accueil","item":"https:\/\/concept05design.com\/en\/"},{"@type":"ListItem","position":2,"name":"Shop","item":"https:\/\/concept05design.com\/shop\/"},{"@type":"ListItem","position":3,"name":"Rebecca &#8211; II"}]},{"@type":"WebSite","@id":"https:\/\/concept05design.com\/en\/#website","url":"https:\/\/concept05design.com\/en\/","name":"Concept 05 Design","description":"Du Concept \u00e0 la R\u00e9alit\u00e9 : Votre Vision, Notre Mission","potentialAction":[{"@type":"SearchAction","target":{"@type":"EntryPoint","urlTemplate":"https:\/\/concept05design.com\/en\/?s={search_term_string}"},"query-input":{"@type":"PropertyValueSpecification","valueRequired":true,"valueName":"search_term_string"}}],"inLanguage":"en-US"}]}},"_links":{"self":[{"href":"https:\/\/concept05design.com\/en\/wp-json\/wp\/v2\/product\/5878","targetHints":{"allow":["GET"]}}],"collection":[{"href":"https:\/\/concept05design.com\/en\/wp-json\/wp\/v2\/product"}],"about":[{"href":"https:\/\/concept05design.com\/en\/wp-json\/wp\/v2\/types\/product"}],"wp:featuredmedia":[{"embeddable":true,"href":"https:\/\/concept05design.com\/en\/wp-json\/wp\/v2\/media\/5875"}],"wp:attachment":[{"href":"https:\/\/concept05design.com\/en\/wp-json\/wp\/v2\/media?parent=5878"}],"wp:term":[{"taxonomy":"product_brand","embeddable":true,"href":"https:\/\/concept05design.com\/en\/wp-json\/wp\/v2\/product_brand?post=5878"},{"taxonomy":"product_cat","embeddable":true,"href":"https:\/\/concept05design.com\/en\/wp-json\/wp\/v2\/product_cat?post=5878"},{"taxonomy":"product_tag","embeddable":true,"href":"https:\/\/concept05design.com\/en\/wp-json\/wp\/v2\/product_tag?post=5878"}],"curies":[{"name":"wp","href":"https:\/\/api.w.org\/{rel}","templated":true}]}}