{"id":5886,"date":"2025-07-26T16:55:16","date_gmt":"2025-07-26T16:55:16","guid":{"rendered":"https:\/\/concept05design.com\/produit\/rosana\/"},"modified":"2025-07-26T16:55:40","modified_gmt":"2025-07-26T16:55:40","slug":"rosana","status":"publish","type":"product","link":"https:\/\/concept05design.com\/en\/produit\/rosana\/","title":{"rendered":"Rosana"},"content":{"rendered":"<article class=\"text-token-text-primary w-full\" dir=\"auto\" data-testid=\"conversation-turn-128\" data-scroll-anchor=\"true\">\n<div class=\"text-base my-auto mx-auto pb-10 [--thread-content-margin:--spacing(4)] @[37rem]:[--thread-content-margin:--spacing(6)] @[72rem]:[--thread-content-margin:--spacing(16)] px-(--thread-content-margin)\">\n<div class=\"[--thread-content-max-width:32rem] @[34rem]:[--thread-content-max-width:40rem] @[64rem]:[--thread-content-max-width:48rem] mx-auto max-w-(--thread-content-max-width) flex-1 group\/turn-messages focus-visible:outline-hidden relative flex w-full min-w-0 flex-col agent-turn\" tabindex=\"-1\">\n<div class=\"flex max-w-full flex-col grow\">\n<div class=\"min-h-8 text-message relative flex w-full flex-col items-end gap-2 text-start break-words whitespace-normal [.text-message+&amp;]:mt-5\" dir=\"auto\" data-message-author-role=\"assistant\" data-message-id=\"28f737b4-1b7b-4273-81b0-d5fefff9a369\" data-message-model-slug=\"gpt-4-1-mini\">\n<div class=\"flex w-full flex-col gap-1 empty:hidden first:pt-[3px]\">\n<div class=\"markdown prose dark:prose-invert w-full break-words dark\">\n<p data-start=\"264\" data-end=\"286\"><strong data-start=\"264\" data-end=\"284\">Features<\/strong><\/p>\n<ul data-start=\"287\" data-end=\"581\">\n<li data-start=\"287\" data-end=\"320\">\n<p data-start=\"289\" data-end=\"320\">Solid brass construction<\/p>\n<\/li>\n<li data-start=\"321\" data-end=\"352\">\n<p data-start=\"323\" data-end=\"352\">Single-hole installation<\/p>\n<\/li>\n<li data-start=\"353\" data-end=\"398\">\n<p data-start=\"355\" data-end=\"398\">Single handle for easy control<\/p>\n<\/li>\n<li data-start=\"399\" data-end=\"427\">\n<p data-start=\"401\" data-end=\"427\">Corrosion-resistant<\/p>\n<\/li>\n<li data-start=\"428\" data-end=\"454\">\n<p data-start=\"430\" data-end=\"454\">Ceramic cartridge<\/p>\n<\/li>\n<li data-start=\"455\" data-end=\"492\">\n<p data-start=\"457\" data-end=\"492\">Pressure regulation system<\/p>\n<\/li>\n<li data-start=\"493\" data-end=\"545\">\n<p data-start=\"495\" data-end=\"545\">Connections compatible with 3\/8&#8243; pipes<\/p>\n<\/li>\n<li data-start=\"546\" data-end=\"581\">\n<p data-start=\"548\" data-end=\"581\">Pressure: 1.9 gpm max at 60 psi<\/p>\n<\/li>\n<\/ul>\n<p data-start=\"583\" data-end=\"603\"><strong data-start=\"583\" data-end=\"601\">Specifications<\/strong><\/p>\n<ul data-start=\"604\" data-end=\"819\" data-is-last-node=\"\" data-is-only-node=\"\">\n<li data-start=\"604\" data-end=\"650\">\n<p data-start=\"606\" data-end=\"650\">Available finishes: Chrome and matte black<\/p>\n<\/li>\n<li data-start=\"651\" data-end=\"737\">\n<p data-start=\"653\" data-end=\"737\">This model meets or exceeds CSA (B125.1-18) and CUPC (ASME A112.18.1) standards.<\/p>\n<\/li>\n<li data-start=\"738\" data-end=\"773\">\n<p data-start=\"740\" data-end=\"773\">Lifetime cartridge warranty<\/p>\n<\/li>\n<li data-start=\"774\" data-end=\"819\" data-is-last-node=\"\">\n<p data-start=\"776\" data-end=\"819\" data-is-last-node=\"\">15-year warranty on matte black finish<\/p>\n<\/li>\n<\/ul>\n<\/div>\n<\/div>\n<\/div>\n<\/div>\n<div class=\"mx-[var(--mini-thread-content-inset)]\">\n<div class=\"flex min-h-[46px] justify-start\"><\/div>\n<\/div>\n<\/div>\n<\/div>\n<\/article>\n","protected":false},"excerpt":{"rendered":"<p>The ROSANA-BK is both a fashionable and durable addition to your bathroom. Its unique handle makes it easy to control temperature and flow. Its solid brass construction and ceramic cartridge ensure long life.  <\/p>\n<p>&nbsp;<\/p>\n<p><img decoding=\"async\" class=\"alignnone wp-image-5880\" src=\"https:\/\/concept05design.com\/wp-content\/uploads\/2025\/07\/Untitled-35-300x186.png\" alt=\"\" width=\"334\" height=\"207\" srcset=\"https:\/\/concept05design.com\/wp-content\/uploads\/2025\/07\/Untitled-35-200x124.png 200w, https:\/\/concept05design.com\/wp-content\/uploads\/2025\/07\/Untitled-35-300x186.png 300w, https:\/\/concept05design.com\/wp-content\/uploads\/2025\/07\/Untitled-35.png 338w\" sizes=\"(max-width: 334px) 100vw, 334px\" \/><\/p>\n","protected":false},"featured_media":5885,"template":"","meta":[],"product_brand":[],"product_cat":[418,433],"product_tag":[],"class_list":{"0":"post-5886","1":"product","2":"type-product","3":"status-publish","4":"has-post-thumbnail","6":"product_cat-bathroom","7":"product_cat-faucet-en","9":"first","10":"instock","11":"shipping-taxable","12":"product-type-simple"},"yoast_head":"<!-- This site is optimized with the Yoast SEO plugin v27.4 - https:\/\/yoast.com\/product\/yoast-seo-wordpress\/ -->\n<title>Rosana - Concept 05 Design<\/title>\n<meta name=\"robots\" content=\"index, follow, max-snippet:-1, max-image-preview:large, max-video-preview:-1\" \/>\n<link rel=\"canonical\" href=\"https:\/\/concept05design.com\/en\/produit\/rosana\/\" \/>\n<meta property=\"og:locale\" content=\"en_US\" \/>\n<meta property=\"og:type\" content=\"article\" \/>\n<meta property=\"og:title\" content=\"Rosana - Concept 05 Design\" \/>\n<meta property=\"og:description\" content=\"The ROSANA-BK is both a fashionable and durable addition to your bathroom. Its unique handle makes it easy to control temperature and flow. Its solid brass construction and ceramic cartridge ensure long life.  &nbsp;\" \/>\n<meta property=\"og:url\" content=\"https:\/\/concept05design.com\/en\/produit\/rosana\/\" \/>\n<meta property=\"og:site_name\" content=\"Concept 05 Design\" \/>\n<meta property=\"article:modified_time\" content=\"2025-07-26T16:55:40+00:00\" \/>\n<meta property=\"og:image\" content=\"https:\/\/concept05design.com\/wp-content\/uploads\/2025\/07\/ROSANA-BK.webp\" \/>\n\t<meta property=\"og:image:width\" content=\"600\" \/>\n\t<meta property=\"og:image:height\" content=\"600\" \/>\n\t<meta property=\"og:image:type\" content=\"image\/webp\" \/>\n<meta name=\"twitter:card\" content=\"summary_large_image\" \/>\n<script type=\"application\/ld+json\" class=\"yoast-schema-graph\">{\"@context\":\"https:\\\/\\\/schema.org\",\"@graph\":[{\"@type\":\"WebPage\",\"@id\":\"https:\\\/\\\/concept05design.com\\\/en\\\/produit\\\/rosana\\\/\",\"url\":\"https:\\\/\\\/concept05design.com\\\/en\\\/produit\\\/rosana\\\/\",\"name\":\"Rosana - Concept 05 Design\",\"isPartOf\":{\"@id\":\"https:\\\/\\\/concept05design.com\\\/en\\\/#website\"},\"primaryImageOfPage\":{\"@id\":\"https:\\\/\\\/concept05design.com\\\/en\\\/produit\\\/rosana\\\/#primaryimage\"},\"image\":{\"@id\":\"https:\\\/\\\/concept05design.com\\\/en\\\/produit\\\/rosana\\\/#primaryimage\"},\"thumbnailUrl\":\"https:\\\/\\\/concept05design.com\\\/wp-content\\\/uploads\\\/2025\\\/07\\\/ROSANA-BK.webp\",\"datePublished\":\"2025-07-26T16:55:16+00:00\",\"dateModified\":\"2025-07-26T16:55:40+00:00\",\"breadcrumb\":{\"@id\":\"https:\\\/\\\/concept05design.com\\\/en\\\/produit\\\/rosana\\\/#breadcrumb\"},\"inLanguage\":\"en-US\",\"potentialAction\":[{\"@type\":\"ReadAction\",\"target\":[\"https:\\\/\\\/concept05design.com\\\/en\\\/produit\\\/rosana\\\/\"]}]},{\"@type\":\"ImageObject\",\"inLanguage\":\"en-US\",\"@id\":\"https:\\\/\\\/concept05design.com\\\/en\\\/produit\\\/rosana\\\/#primaryimage\",\"url\":\"https:\\\/\\\/concept05design.com\\\/wp-content\\\/uploads\\\/2025\\\/07\\\/ROSANA-BK.webp\",\"contentUrl\":\"https:\\\/\\\/concept05design.com\\\/wp-content\\\/uploads\\\/2025\\\/07\\\/ROSANA-BK.webp\",\"width\":600,\"height\":600},{\"@type\":\"BreadcrumbList\",\"@id\":\"https:\\\/\\\/concept05design.com\\\/en\\\/produit\\\/rosana\\\/#breadcrumb\",\"itemListElement\":[{\"@type\":\"ListItem\",\"position\":1,\"name\":\"Accueil\",\"item\":\"https:\\\/\\\/concept05design.com\\\/en\\\/\"},{\"@type\":\"ListItem\",\"position\":2,\"name\":\"Shop\",\"item\":\"https:\\\/\\\/concept05design.com\\\/shop\\\/\"},{\"@type\":\"ListItem\",\"position\":3,\"name\":\"Rosana\"}]},{\"@type\":\"WebSite\",\"@id\":\"https:\\\/\\\/concept05design.com\\\/en\\\/#website\",\"url\":\"https:\\\/\\\/concept05design.com\\\/en\\\/\",\"name\":\"Concept 05 Design\",\"description\":\"Du Concept \u00e0 la R\u00e9alit\u00e9 : Votre Vision, Notre Mission\",\"potentialAction\":[{\"@type\":\"SearchAction\",\"target\":{\"@type\":\"EntryPoint\",\"urlTemplate\":\"https:\\\/\\\/concept05design.com\\\/en\\\/?s={search_term_string}\"},\"query-input\":{\"@type\":\"PropertyValueSpecification\",\"valueRequired\":true,\"valueName\":\"search_term_string\"}}],\"inLanguage\":\"en-US\"}]}<\/script>\n<!-- \/ Yoast SEO plugin. -->","yoast_head_json":{"title":"Rosana - Concept 05 Design","robots":{"index":"index","follow":"follow","max-snippet":"max-snippet:-1","max-image-preview":"max-image-preview:large","max-video-preview":"max-video-preview:-1"},"canonical":"https:\/\/concept05design.com\/en\/produit\/rosana\/","og_locale":"en_US","og_type":"article","og_title":"Rosana - Concept 05 Design","og_description":"The ROSANA-BK is both a fashionable and durable addition to your bathroom. Its unique handle makes it easy to control temperature and flow. Its solid brass construction and ceramic cartridge ensure long life.  &nbsp;","og_url":"https:\/\/concept05design.com\/en\/produit\/rosana\/","og_site_name":"Concept 05 Design","article_modified_time":"2025-07-26T16:55:40+00:00","og_image":[{"width":600,"height":600,"url":"https:\/\/concept05design.com\/wp-content\/uploads\/2025\/07\/ROSANA-BK.webp","type":"image\/webp"}],"twitter_card":"summary_large_image","schema":{"@context":"https:\/\/schema.org","@graph":[{"@type":"WebPage","@id":"https:\/\/concept05design.com\/en\/produit\/rosana\/","url":"https:\/\/concept05design.com\/en\/produit\/rosana\/","name":"Rosana - Concept 05 Design","isPartOf":{"@id":"https:\/\/concept05design.com\/en\/#website"},"primaryImageOfPage":{"@id":"https:\/\/concept05design.com\/en\/produit\/rosana\/#primaryimage"},"image":{"@id":"https:\/\/concept05design.com\/en\/produit\/rosana\/#primaryimage"},"thumbnailUrl":"https:\/\/concept05design.com\/wp-content\/uploads\/2025\/07\/ROSANA-BK.webp","datePublished":"2025-07-26T16:55:16+00:00","dateModified":"2025-07-26T16:55:40+00:00","breadcrumb":{"@id":"https:\/\/concept05design.com\/en\/produit\/rosana\/#breadcrumb"},"inLanguage":"en-US","potentialAction":[{"@type":"ReadAction","target":["https:\/\/concept05design.com\/en\/produit\/rosana\/"]}]},{"@type":"ImageObject","inLanguage":"en-US","@id":"https:\/\/concept05design.com\/en\/produit\/rosana\/#primaryimage","url":"https:\/\/concept05design.com\/wp-content\/uploads\/2025\/07\/ROSANA-BK.webp","contentUrl":"https:\/\/concept05design.com\/wp-content\/uploads\/2025\/07\/ROSANA-BK.webp","width":600,"height":600},{"@type":"BreadcrumbList","@id":"https:\/\/concept05design.com\/en\/produit\/rosana\/#breadcrumb","itemListElement":[{"@type":"ListItem","position":1,"name":"Accueil","item":"https:\/\/concept05design.com\/en\/"},{"@type":"ListItem","position":2,"name":"Shop","item":"https:\/\/concept05design.com\/shop\/"},{"@type":"ListItem","position":3,"name":"Rosana"}]},{"@type":"WebSite","@id":"https:\/\/concept05design.com\/en\/#website","url":"https:\/\/concept05design.com\/en\/","name":"Concept 05 Design","description":"Du Concept \u00e0 la R\u00e9alit\u00e9 : Votre Vision, Notre Mission","potentialAction":[{"@type":"SearchAction","target":{"@type":"EntryPoint","urlTemplate":"https:\/\/concept05design.com\/en\/?s={search_term_string}"},"query-input":{"@type":"PropertyValueSpecification","valueRequired":true,"valueName":"search_term_string"}}],"inLanguage":"en-US"}]}},"_links":{"self":[{"href":"https:\/\/concept05design.com\/en\/wp-json\/wp\/v2\/product\/5886","targetHints":{"allow":["GET"]}}],"collection":[{"href":"https:\/\/concept05design.com\/en\/wp-json\/wp\/v2\/product"}],"about":[{"href":"https:\/\/concept05design.com\/en\/wp-json\/wp\/v2\/types\/product"}],"wp:featuredmedia":[{"embeddable":true,"href":"https:\/\/concept05design.com\/en\/wp-json\/wp\/v2\/media\/5885"}],"wp:attachment":[{"href":"https:\/\/concept05design.com\/en\/wp-json\/wp\/v2\/media?parent=5886"}],"wp:term":[{"taxonomy":"product_brand","embeddable":true,"href":"https:\/\/concept05design.com\/en\/wp-json\/wp\/v2\/product_brand?post=5886"},{"taxonomy":"product_cat","embeddable":true,"href":"https:\/\/concept05design.com\/en\/wp-json\/wp\/v2\/product_cat?post=5886"},{"taxonomy":"product_tag","embeddable":true,"href":"https:\/\/concept05design.com\/en\/wp-json\/wp\/v2\/product_tag?post=5886"}],"curies":[{"name":"wp","href":"https:\/\/api.w.org\/{rel}","templated":true}]}}