{"id":5892,"date":"2025-07-26T16:58:53","date_gmt":"2025-07-26T16:58:53","guid":{"rendered":"https:\/\/concept05design.com\/produit\/romancia\/"},"modified":"2025-07-26T16:59:16","modified_gmt":"2025-07-26T16:59:16","slug":"romancia","status":"publish","type":"product","link":"https:\/\/concept05design.com\/en\/produit\/romancia\/","title":{"rendered":"Romancia"},"content":{"rendered":"<p data-start=\"370\" data-end=\"392\"><strong data-start=\"370\" data-end=\"390\">Features<\/strong><\/p>\n<ul data-start=\"393\" data-end=\"688\">\n<li data-start=\"393\" data-end=\"426\">\n<p data-start=\"395\" data-end=\"426\">Solid brass construction<\/p>\n<\/li>\n<li data-start=\"427\" data-end=\"458\">\n<p data-start=\"429\" data-end=\"458\">Single-hole installation<\/p>\n<\/li>\n<li data-start=\"459\" data-end=\"504\">\n<p data-start=\"461\" data-end=\"504\">Single handle for easy control<\/p>\n<\/li>\n<li data-start=\"505\" data-end=\"533\">\n<p data-start=\"507\" data-end=\"533\">Corrosion-resistant<\/p>\n<\/li>\n<li data-start=\"534\" data-end=\"560\">\n<p data-start=\"536\" data-end=\"560\">Ceramic cartridge<\/p>\n<\/li>\n<li data-start=\"561\" data-end=\"598\">\n<p data-start=\"563\" data-end=\"598\">Pressure regulation system<\/p>\n<\/li>\n<li data-start=\"599\" data-end=\"651\">\n<p data-start=\"601\" data-end=\"651\">Connections compatible with 3\/8&#8243; pipes<\/p>\n<\/li>\n<li data-start=\"652\" data-end=\"688\">\n<p data-start=\"654\" data-end=\"688\">Pressure: 1.56 gpm max at 60 psi<\/p>\n<\/li>\n<\/ul>\n<p data-start=\"690\" data-end=\"710\"><strong data-start=\"690\" data-end=\"708\">Specifications<\/strong><\/p>\n<ul data-start=\"711\" data-end=\"914\" data-is-last-node=\"\" data-is-only-node=\"\">\n<li data-start=\"711\" data-end=\"745\">\n<p data-start=\"713\" data-end=\"745\">Available finish: Matt black<\/p>\n<\/li>\n<li data-start=\"746\" data-end=\"832\">\n<p data-start=\"748\" data-end=\"832\">This model meets or exceeds CSA (B125.1-18) and CUPC (ASME A112.18.1) standards.<\/p>\n<\/li>\n<li data-start=\"833\" data-end=\"868\">\n<p data-start=\"835\" data-end=\"868\">Lifetime cartridge warranty<\/p>\n<\/li>\n<li data-start=\"869\" data-end=\"914\" data-is-last-node=\"\">\n<p data-start=\"871\" data-end=\"914\" data-is-last-node=\"\">15-year warranty on matte black finish<\/p>\n<\/li>\n<\/ul>\n","protected":false},"excerpt":{"rendered":"<p>Combining the style of minimalist design, the ROMANCIA is the perfect faucet to achieve the contemporary look you&#8217;re after! The unique handle makes it easy to control temperature and flow, while creating a unique, streamlined appearance. Thanks to its solid brass body and ceramic cartridge, the product&#8217;s durability is assured.  <\/p>\n<p>&nbsp;<\/p>\n<p><img decoding=\"async\" class=\"alignnone size-medium wp-image-5890\" src=\"https:\/\/concept05design.com\/wp-content\/uploads\/2025\/07\/Untitled-36-287x300.png\" alt=\"\" width=\"287\" height=\"300\" srcset=\"https:\/\/concept05design.com\/wp-content\/uploads\/2025\/07\/Untitled-36-200x209.png 200w, https:\/\/concept05design.com\/wp-content\/uploads\/2025\/07\/Untitled-36-287x300.png 287w, https:\/\/concept05design.com\/wp-content\/uploads\/2025\/07\/Untitled-36.png 356w\" sizes=\"(max-width: 287px) 100vw, 287px\" \/><\/p>\n","protected":false},"featured_media":5889,"template":"","meta":[],"product_brand":[],"product_cat":[418,433],"product_tag":[],"class_list":{"0":"post-5892","1":"product","2":"type-product","3":"status-publish","4":"has-post-thumbnail","6":"product_cat-bathroom","7":"product_cat-faucet-en","9":"first","10":"instock","11":"shipping-taxable","12":"product-type-simple"},"yoast_head":"<!-- This site is optimized with the Yoast SEO plugin v27.4 - https:\/\/yoast.com\/product\/yoast-seo-wordpress\/ -->\n<title>Romancia - Concept 05 Design<\/title>\n<meta name=\"robots\" content=\"index, follow, max-snippet:-1, max-image-preview:large, max-video-preview:-1\" \/>\n<link rel=\"canonical\" href=\"https:\/\/concept05design.com\/en\/produit\/romancia\/\" \/>\n<meta property=\"og:locale\" content=\"en_US\" \/>\n<meta property=\"og:type\" content=\"article\" \/>\n<meta property=\"og:title\" content=\"Romancia - Concept 05 Design\" \/>\n<meta property=\"og:description\" content=\"Combining the style of minimalist design, the ROMANCIA is the perfect faucet to achieve the contemporary look you&#039;re after! The unique handle makes it easy to control temperature and flow, while creating a unique, streamlined appearance. Thanks to its solid brass body and ceramic cartridge, the product&#039;s durability is assured.  &nbsp;\" \/>\n<meta property=\"og:url\" content=\"https:\/\/concept05design.com\/en\/produit\/romancia\/\" \/>\n<meta property=\"og:site_name\" content=\"Concept 05 Design\" \/>\n<meta property=\"article:modified_time\" content=\"2025-07-26T16:59:16+00:00\" \/>\n<meta property=\"og:image\" content=\"https:\/\/concept05design.com\/wp-content\/uploads\/2025\/07\/ROMANCIA-Main.webp\" \/>\n\t<meta property=\"og:image:width\" content=\"600\" \/>\n\t<meta property=\"og:image:height\" content=\"600\" \/>\n\t<meta property=\"og:image:type\" content=\"image\/webp\" \/>\n<meta name=\"twitter:card\" content=\"summary_large_image\" \/>\n<script type=\"application\/ld+json\" class=\"yoast-schema-graph\">{\"@context\":\"https:\\\/\\\/schema.org\",\"@graph\":[{\"@type\":\"WebPage\",\"@id\":\"https:\\\/\\\/concept05design.com\\\/en\\\/produit\\\/romancia\\\/\",\"url\":\"https:\\\/\\\/concept05design.com\\\/en\\\/produit\\\/romancia\\\/\",\"name\":\"Romancia - Concept 05 Design\",\"isPartOf\":{\"@id\":\"https:\\\/\\\/concept05design.com\\\/en\\\/#website\"},\"primaryImageOfPage\":{\"@id\":\"https:\\\/\\\/concept05design.com\\\/en\\\/produit\\\/romancia\\\/#primaryimage\"},\"image\":{\"@id\":\"https:\\\/\\\/concept05design.com\\\/en\\\/produit\\\/romancia\\\/#primaryimage\"},\"thumbnailUrl\":\"https:\\\/\\\/concept05design.com\\\/wp-content\\\/uploads\\\/2025\\\/07\\\/ROMANCIA-Main.webp\",\"datePublished\":\"2025-07-26T16:58:53+00:00\",\"dateModified\":\"2025-07-26T16:59:16+00:00\",\"breadcrumb\":{\"@id\":\"https:\\\/\\\/concept05design.com\\\/en\\\/produit\\\/romancia\\\/#breadcrumb\"},\"inLanguage\":\"en-US\",\"potentialAction\":[{\"@type\":\"ReadAction\",\"target\":[\"https:\\\/\\\/concept05design.com\\\/en\\\/produit\\\/romancia\\\/\"]}]},{\"@type\":\"ImageObject\",\"inLanguage\":\"en-US\",\"@id\":\"https:\\\/\\\/concept05design.com\\\/en\\\/produit\\\/romancia\\\/#primaryimage\",\"url\":\"https:\\\/\\\/concept05design.com\\\/wp-content\\\/uploads\\\/2025\\\/07\\\/ROMANCIA-Main.webp\",\"contentUrl\":\"https:\\\/\\\/concept05design.com\\\/wp-content\\\/uploads\\\/2025\\\/07\\\/ROMANCIA-Main.webp\",\"width\":600,\"height\":600},{\"@type\":\"BreadcrumbList\",\"@id\":\"https:\\\/\\\/concept05design.com\\\/en\\\/produit\\\/romancia\\\/#breadcrumb\",\"itemListElement\":[{\"@type\":\"ListItem\",\"position\":1,\"name\":\"Accueil\",\"item\":\"https:\\\/\\\/concept05design.com\\\/en\\\/\"},{\"@type\":\"ListItem\",\"position\":2,\"name\":\"Shop\",\"item\":\"https:\\\/\\\/concept05design.com\\\/shop\\\/\"},{\"@type\":\"ListItem\",\"position\":3,\"name\":\"Romancia\"}]},{\"@type\":\"WebSite\",\"@id\":\"https:\\\/\\\/concept05design.com\\\/en\\\/#website\",\"url\":\"https:\\\/\\\/concept05design.com\\\/en\\\/\",\"name\":\"Concept 05 Design\",\"description\":\"Du Concept \u00e0 la R\u00e9alit\u00e9 : Votre Vision, Notre Mission\",\"potentialAction\":[{\"@type\":\"SearchAction\",\"target\":{\"@type\":\"EntryPoint\",\"urlTemplate\":\"https:\\\/\\\/concept05design.com\\\/en\\\/?s={search_term_string}\"},\"query-input\":{\"@type\":\"PropertyValueSpecification\",\"valueRequired\":true,\"valueName\":\"search_term_string\"}}],\"inLanguage\":\"en-US\"}]}<\/script>\n<!-- \/ Yoast SEO plugin. -->","yoast_head_json":{"title":"Romancia - Concept 05 Design","robots":{"index":"index","follow":"follow","max-snippet":"max-snippet:-1","max-image-preview":"max-image-preview:large","max-video-preview":"max-video-preview:-1"},"canonical":"https:\/\/concept05design.com\/en\/produit\/romancia\/","og_locale":"en_US","og_type":"article","og_title":"Romancia - Concept 05 Design","og_description":"Combining the style of minimalist design, the ROMANCIA is the perfect faucet to achieve the contemporary look you're after! The unique handle makes it easy to control temperature and flow, while creating a unique, streamlined appearance. Thanks to its solid brass body and ceramic cartridge, the product's durability is assured.  &nbsp;","og_url":"https:\/\/concept05design.com\/en\/produit\/romancia\/","og_site_name":"Concept 05 Design","article_modified_time":"2025-07-26T16:59:16+00:00","og_image":[{"width":600,"height":600,"url":"https:\/\/concept05design.com\/wp-content\/uploads\/2025\/07\/ROMANCIA-Main.webp","type":"image\/webp"}],"twitter_card":"summary_large_image","schema":{"@context":"https:\/\/schema.org","@graph":[{"@type":"WebPage","@id":"https:\/\/concept05design.com\/en\/produit\/romancia\/","url":"https:\/\/concept05design.com\/en\/produit\/romancia\/","name":"Romancia - Concept 05 Design","isPartOf":{"@id":"https:\/\/concept05design.com\/en\/#website"},"primaryImageOfPage":{"@id":"https:\/\/concept05design.com\/en\/produit\/romancia\/#primaryimage"},"image":{"@id":"https:\/\/concept05design.com\/en\/produit\/romancia\/#primaryimage"},"thumbnailUrl":"https:\/\/concept05design.com\/wp-content\/uploads\/2025\/07\/ROMANCIA-Main.webp","datePublished":"2025-07-26T16:58:53+00:00","dateModified":"2025-07-26T16:59:16+00:00","breadcrumb":{"@id":"https:\/\/concept05design.com\/en\/produit\/romancia\/#breadcrumb"},"inLanguage":"en-US","potentialAction":[{"@type":"ReadAction","target":["https:\/\/concept05design.com\/en\/produit\/romancia\/"]}]},{"@type":"ImageObject","inLanguage":"en-US","@id":"https:\/\/concept05design.com\/en\/produit\/romancia\/#primaryimage","url":"https:\/\/concept05design.com\/wp-content\/uploads\/2025\/07\/ROMANCIA-Main.webp","contentUrl":"https:\/\/concept05design.com\/wp-content\/uploads\/2025\/07\/ROMANCIA-Main.webp","width":600,"height":600},{"@type":"BreadcrumbList","@id":"https:\/\/concept05design.com\/en\/produit\/romancia\/#breadcrumb","itemListElement":[{"@type":"ListItem","position":1,"name":"Accueil","item":"https:\/\/concept05design.com\/en\/"},{"@type":"ListItem","position":2,"name":"Shop","item":"https:\/\/concept05design.com\/shop\/"},{"@type":"ListItem","position":3,"name":"Romancia"}]},{"@type":"WebSite","@id":"https:\/\/concept05design.com\/en\/#website","url":"https:\/\/concept05design.com\/en\/","name":"Concept 05 Design","description":"Du Concept \u00e0 la R\u00e9alit\u00e9 : Votre Vision, Notre Mission","potentialAction":[{"@type":"SearchAction","target":{"@type":"EntryPoint","urlTemplate":"https:\/\/concept05design.com\/en\/?s={search_term_string}"},"query-input":{"@type":"PropertyValueSpecification","valueRequired":true,"valueName":"search_term_string"}}],"inLanguage":"en-US"}]}},"_links":{"self":[{"href":"https:\/\/concept05design.com\/en\/wp-json\/wp\/v2\/product\/5892","targetHints":{"allow":["GET"]}}],"collection":[{"href":"https:\/\/concept05design.com\/en\/wp-json\/wp\/v2\/product"}],"about":[{"href":"https:\/\/concept05design.com\/en\/wp-json\/wp\/v2\/types\/product"}],"wp:featuredmedia":[{"embeddable":true,"href":"https:\/\/concept05design.com\/en\/wp-json\/wp\/v2\/media\/5889"}],"wp:attachment":[{"href":"https:\/\/concept05design.com\/en\/wp-json\/wp\/v2\/media?parent=5892"}],"wp:term":[{"taxonomy":"product_brand","embeddable":true,"href":"https:\/\/concept05design.com\/en\/wp-json\/wp\/v2\/product_brand?post=5892"},{"taxonomy":"product_cat","embeddable":true,"href":"https:\/\/concept05design.com\/en\/wp-json\/wp\/v2\/product_cat?post=5892"},{"taxonomy":"product_tag","embeddable":true,"href":"https:\/\/concept05design.com\/en\/wp-json\/wp\/v2\/product_tag?post=5892"}],"curies":[{"name":"wp","href":"https:\/\/api.w.org\/{rel}","templated":true}]}}