{"id":5898,"date":"2025-07-26T17:02:24","date_gmt":"2025-07-26T17:02:24","guid":{"rendered":"https:\/\/concept05design.com\/produit\/ragnar\/"},"modified":"2025-07-26T17:02:53","modified_gmt":"2025-07-26T17:02:53","slug":"ragnar","status":"publish","type":"product","link":"https:\/\/concept05design.com\/en\/produit\/ragnar\/","title":{"rendered":"Ragnar"},"content":{"rendered":"<p data-start=\"433\" data-end=\"455\"><strong data-start=\"433\" data-end=\"453\">Features<\/strong><\/p>\n<ul data-start=\"456\" data-end=\"748\">\n<li data-start=\"456\" data-end=\"489\">\n<p data-start=\"458\" data-end=\"489\">Solid brass construction<\/p>\n<\/li>\n<li data-start=\"490\" data-end=\"521\">\n<p data-start=\"492\" data-end=\"521\">Single-hole installation<\/p>\n<\/li>\n<li data-start=\"522\" data-end=\"567\">\n<p data-start=\"524\" data-end=\"567\">Single handle for easy control<\/p>\n<\/li>\n<li data-start=\"568\" data-end=\"596\">\n<p data-start=\"570\" data-end=\"596\">Corrosion-resistant<\/p>\n<\/li>\n<li data-start=\"597\" data-end=\"623\">\n<p data-start=\"599\" data-end=\"623\">Ceramic cartridge<\/p>\n<\/li>\n<li data-start=\"624\" data-end=\"661\">\n<p data-start=\"626\" data-end=\"661\">Pressure regulation system<\/p>\n<\/li>\n<li data-start=\"662\" data-end=\"712\">\n<p data-start=\"664\" data-end=\"712\">Connection compatible with 3\/8&#8243; pipes<\/p>\n<\/li>\n<li data-start=\"713\" data-end=\"748\">\n<p data-start=\"715\" data-end=\"748\">Pressure: 1.9 gpm max at 60 psi<\/p>\n<\/li>\n<\/ul>\n<p data-start=\"750\" data-end=\"770\"><strong data-start=\"750\" data-end=\"768\">Specifications<\/strong><\/p>\n<ul data-start=\"771\" data-end=\"942\" data-is-last-node=\"\" data-is-only-node=\"\">\n<li data-start=\"771\" data-end=\"803\">\n<p data-start=\"773\" data-end=\"803\">Available finish: Chrome<\/p>\n<\/li>\n<li data-start=\"804\" data-end=\"862\">\n<p data-start=\"806\" data-end=\"862\">CSA (B125.1-18) and CUPC (ASME A112.18.1) certified<\/p>\n<\/li>\n<li data-start=\"863\" data-end=\"898\">\n<p data-start=\"865\" data-end=\"898\">Lifetime cartridge warranty<\/p>\n<\/li>\n<li data-start=\"899\" data-end=\"942\" data-is-last-node=\"\">\n<p data-start=\"901\" data-end=\"942\" data-is-last-node=\"\">15-year warranty on chrome finish<\/p>\n<\/li>\n<\/ul>\n","protected":false},"excerpt":{"rendered":"<p>Combining traditional curves with sleek contemporary lines, the RAGNAR will make a statement in any bathroom. Its unique handle makes it easy to control temperature and flow. Its solid brass construction and ceramic cartridge guarantee durability. The height of the faucet offers more space and the shape of the spout softens the water jet for more pleasant hand-washing.   <\/p>\n<p>&nbsp;<\/p>\n<p><img decoding=\"async\" class=\"alignnone size-medium wp-image-5894\" src=\"https:\/\/concept05design.com\/wp-content\/uploads\/2025\/07\/Untitled-37-300x242.png\" alt=\"\" width=\"300\" height=\"242\" srcset=\"https:\/\/concept05design.com\/wp-content\/uploads\/2025\/07\/Untitled-37-177x142.png 177w, https:\/\/concept05design.com\/wp-content\/uploads\/2025\/07\/Untitled-37-200x161.png 200w, https:\/\/concept05design.com\/wp-content\/uploads\/2025\/07\/Untitled-37-300x242.png 300w, https:\/\/concept05design.com\/wp-content\/uploads\/2025\/07\/Untitled-37.png 315w\" sizes=\"(max-width: 300px) 100vw, 300px\" \/><\/p>\n","protected":false},"featured_media":5897,"template":"","meta":[],"product_brand":[],"product_cat":[418,433],"product_tag":[],"class_list":{"0":"post-5898","1":"product","2":"type-product","3":"status-publish","4":"has-post-thumbnail","6":"product_cat-bathroom","7":"product_cat-faucet-en","9":"first","10":"instock","11":"shipping-taxable","12":"product-type-simple"},"yoast_head":"<!-- This site is optimized with the Yoast SEO plugin v27.4 - https:\/\/yoast.com\/product\/yoast-seo-wordpress\/ -->\n<title>Ragnar - Concept 05 Design<\/title>\n<meta name=\"robots\" content=\"index, follow, max-snippet:-1, max-image-preview:large, max-video-preview:-1\" \/>\n<link rel=\"canonical\" href=\"https:\/\/concept05design.com\/en\/produit\/ragnar\/\" \/>\n<meta property=\"og:locale\" content=\"en_US\" \/>\n<meta property=\"og:type\" content=\"article\" \/>\n<meta property=\"og:title\" content=\"Ragnar - Concept 05 Design\" \/>\n<meta property=\"og:description\" content=\"Combining traditional curves with sleek contemporary lines, the RAGNAR will make a statement in any bathroom. Its unique handle makes it easy to control temperature and flow. Its solid brass construction and ceramic cartridge guarantee durability. The height of the faucet offers more space and the shape of the spout softens the water jet for more pleasant hand-washing.   &nbsp;\" \/>\n<meta property=\"og:url\" content=\"https:\/\/concept05design.com\/en\/produit\/ragnar\/\" \/>\n<meta property=\"og:site_name\" content=\"Concept 05 Design\" \/>\n<meta property=\"article:modified_time\" content=\"2025-07-26T17:02:53+00:00\" \/>\n<meta property=\"og:image\" content=\"https:\/\/concept05design.com\/wp-content\/uploads\/2025\/07\/RAGNAR.webp\" \/>\n\t<meta property=\"og:image:width\" content=\"600\" \/>\n\t<meta property=\"og:image:height\" content=\"600\" \/>\n\t<meta property=\"og:image:type\" content=\"image\/webp\" \/>\n<meta name=\"twitter:card\" content=\"summary_large_image\" \/>\n<script type=\"application\/ld+json\" class=\"yoast-schema-graph\">{\"@context\":\"https:\\\/\\\/schema.org\",\"@graph\":[{\"@type\":\"WebPage\",\"@id\":\"https:\\\/\\\/concept05design.com\\\/en\\\/produit\\\/ragnar\\\/\",\"url\":\"https:\\\/\\\/concept05design.com\\\/en\\\/produit\\\/ragnar\\\/\",\"name\":\"Ragnar - Concept 05 Design\",\"isPartOf\":{\"@id\":\"https:\\\/\\\/concept05design.com\\\/en\\\/#website\"},\"primaryImageOfPage\":{\"@id\":\"https:\\\/\\\/concept05design.com\\\/en\\\/produit\\\/ragnar\\\/#primaryimage\"},\"image\":{\"@id\":\"https:\\\/\\\/concept05design.com\\\/en\\\/produit\\\/ragnar\\\/#primaryimage\"},\"thumbnailUrl\":\"https:\\\/\\\/concept05design.com\\\/wp-content\\\/uploads\\\/2025\\\/07\\\/RAGNAR.webp\",\"datePublished\":\"2025-07-26T17:02:24+00:00\",\"dateModified\":\"2025-07-26T17:02:53+00:00\",\"breadcrumb\":{\"@id\":\"https:\\\/\\\/concept05design.com\\\/en\\\/produit\\\/ragnar\\\/#breadcrumb\"},\"inLanguage\":\"en-US\",\"potentialAction\":[{\"@type\":\"ReadAction\",\"target\":[\"https:\\\/\\\/concept05design.com\\\/en\\\/produit\\\/ragnar\\\/\"]}]},{\"@type\":\"ImageObject\",\"inLanguage\":\"en-US\",\"@id\":\"https:\\\/\\\/concept05design.com\\\/en\\\/produit\\\/ragnar\\\/#primaryimage\",\"url\":\"https:\\\/\\\/concept05design.com\\\/wp-content\\\/uploads\\\/2025\\\/07\\\/RAGNAR.webp\",\"contentUrl\":\"https:\\\/\\\/concept05design.com\\\/wp-content\\\/uploads\\\/2025\\\/07\\\/RAGNAR.webp\",\"width\":600,\"height\":600},{\"@type\":\"BreadcrumbList\",\"@id\":\"https:\\\/\\\/concept05design.com\\\/en\\\/produit\\\/ragnar\\\/#breadcrumb\",\"itemListElement\":[{\"@type\":\"ListItem\",\"position\":1,\"name\":\"Accueil\",\"item\":\"https:\\\/\\\/concept05design.com\\\/en\\\/\"},{\"@type\":\"ListItem\",\"position\":2,\"name\":\"Shop\",\"item\":\"https:\\\/\\\/concept05design.com\\\/shop\\\/\"},{\"@type\":\"ListItem\",\"position\":3,\"name\":\"Ragnar\"}]},{\"@type\":\"WebSite\",\"@id\":\"https:\\\/\\\/concept05design.com\\\/en\\\/#website\",\"url\":\"https:\\\/\\\/concept05design.com\\\/en\\\/\",\"name\":\"Concept 05 Design\",\"description\":\"Du Concept \u00e0 la R\u00e9alit\u00e9 : Votre Vision, Notre Mission\",\"potentialAction\":[{\"@type\":\"SearchAction\",\"target\":{\"@type\":\"EntryPoint\",\"urlTemplate\":\"https:\\\/\\\/concept05design.com\\\/en\\\/?s={search_term_string}\"},\"query-input\":{\"@type\":\"PropertyValueSpecification\",\"valueRequired\":true,\"valueName\":\"search_term_string\"}}],\"inLanguage\":\"en-US\"}]}<\/script>\n<!-- \/ Yoast SEO plugin. -->","yoast_head_json":{"title":"Ragnar - Concept 05 Design","robots":{"index":"index","follow":"follow","max-snippet":"max-snippet:-1","max-image-preview":"max-image-preview:large","max-video-preview":"max-video-preview:-1"},"canonical":"https:\/\/concept05design.com\/en\/produit\/ragnar\/","og_locale":"en_US","og_type":"article","og_title":"Ragnar - Concept 05 Design","og_description":"Combining traditional curves with sleek contemporary lines, the RAGNAR will make a statement in any bathroom. Its unique handle makes it easy to control temperature and flow. Its solid brass construction and ceramic cartridge guarantee durability. The height of the faucet offers more space and the shape of the spout softens the water jet for more pleasant hand-washing.   &nbsp;","og_url":"https:\/\/concept05design.com\/en\/produit\/ragnar\/","og_site_name":"Concept 05 Design","article_modified_time":"2025-07-26T17:02:53+00:00","og_image":[{"width":600,"height":600,"url":"https:\/\/concept05design.com\/wp-content\/uploads\/2025\/07\/RAGNAR.webp","type":"image\/webp"}],"twitter_card":"summary_large_image","schema":{"@context":"https:\/\/schema.org","@graph":[{"@type":"WebPage","@id":"https:\/\/concept05design.com\/en\/produit\/ragnar\/","url":"https:\/\/concept05design.com\/en\/produit\/ragnar\/","name":"Ragnar - Concept 05 Design","isPartOf":{"@id":"https:\/\/concept05design.com\/en\/#website"},"primaryImageOfPage":{"@id":"https:\/\/concept05design.com\/en\/produit\/ragnar\/#primaryimage"},"image":{"@id":"https:\/\/concept05design.com\/en\/produit\/ragnar\/#primaryimage"},"thumbnailUrl":"https:\/\/concept05design.com\/wp-content\/uploads\/2025\/07\/RAGNAR.webp","datePublished":"2025-07-26T17:02:24+00:00","dateModified":"2025-07-26T17:02:53+00:00","breadcrumb":{"@id":"https:\/\/concept05design.com\/en\/produit\/ragnar\/#breadcrumb"},"inLanguage":"en-US","potentialAction":[{"@type":"ReadAction","target":["https:\/\/concept05design.com\/en\/produit\/ragnar\/"]}]},{"@type":"ImageObject","inLanguage":"en-US","@id":"https:\/\/concept05design.com\/en\/produit\/ragnar\/#primaryimage","url":"https:\/\/concept05design.com\/wp-content\/uploads\/2025\/07\/RAGNAR.webp","contentUrl":"https:\/\/concept05design.com\/wp-content\/uploads\/2025\/07\/RAGNAR.webp","width":600,"height":600},{"@type":"BreadcrumbList","@id":"https:\/\/concept05design.com\/en\/produit\/ragnar\/#breadcrumb","itemListElement":[{"@type":"ListItem","position":1,"name":"Accueil","item":"https:\/\/concept05design.com\/en\/"},{"@type":"ListItem","position":2,"name":"Shop","item":"https:\/\/concept05design.com\/shop\/"},{"@type":"ListItem","position":3,"name":"Ragnar"}]},{"@type":"WebSite","@id":"https:\/\/concept05design.com\/en\/#website","url":"https:\/\/concept05design.com\/en\/","name":"Concept 05 Design","description":"Du Concept \u00e0 la R\u00e9alit\u00e9 : Votre Vision, Notre Mission","potentialAction":[{"@type":"SearchAction","target":{"@type":"EntryPoint","urlTemplate":"https:\/\/concept05design.com\/en\/?s={search_term_string}"},"query-input":{"@type":"PropertyValueSpecification","valueRequired":true,"valueName":"search_term_string"}}],"inLanguage":"en-US"}]}},"_links":{"self":[{"href":"https:\/\/concept05design.com\/en\/wp-json\/wp\/v2\/product\/5898","targetHints":{"allow":["GET"]}}],"collection":[{"href":"https:\/\/concept05design.com\/en\/wp-json\/wp\/v2\/product"}],"about":[{"href":"https:\/\/concept05design.com\/en\/wp-json\/wp\/v2\/types\/product"}],"wp:featuredmedia":[{"embeddable":true,"href":"https:\/\/concept05design.com\/en\/wp-json\/wp\/v2\/media\/5897"}],"wp:attachment":[{"href":"https:\/\/concept05design.com\/en\/wp-json\/wp\/v2\/media?parent=5898"}],"wp:term":[{"taxonomy":"product_brand","embeddable":true,"href":"https:\/\/concept05design.com\/en\/wp-json\/wp\/v2\/product_brand?post=5898"},{"taxonomy":"product_cat","embeddable":true,"href":"https:\/\/concept05design.com\/en\/wp-json\/wp\/v2\/product_cat?post=5898"},{"taxonomy":"product_tag","embeddable":true,"href":"https:\/\/concept05design.com\/en\/wp-json\/wp\/v2\/product_tag?post=5898"}],"curies":[{"name":"wp","href":"https:\/\/api.w.org\/{rel}","templated":true}]}}