{"id":5912,"date":"2025-07-26T17:06:05","date_gmt":"2025-07-26T17:06:05","guid":{"rendered":"https:\/\/concept05design.com\/produit\/romero\/"},"modified":"2025-07-26T17:06:43","modified_gmt":"2025-07-26T17:06:43","slug":"romero","status":"publish","type":"product","link":"https:\/\/concept05design.com\/en\/produit\/romero\/","title":{"rendered":"Romero"},"content":{"rendered":"<p data-start=\"322\" data-end=\"344\"><strong data-start=\"322\" data-end=\"342\">Features<\/strong><\/p>\n<ul data-start=\"345\" data-end=\"585\">\n<li data-start=\"345\" data-end=\"374\">\n<p data-start=\"347\" data-end=\"374\">Made of solid brass<\/p>\n<\/li>\n<li data-start=\"375\" data-end=\"403\">\n<p data-start=\"377\" data-end=\"403\">Corrosion-resistant<\/p>\n<\/li>\n<li data-start=\"404\" data-end=\"482\">\n<p data-start=\"406\" data-end=\"482\">Flexible supply hoses with 3\/8&#8243; or 9\/16&#8243; compression fittings<\/p>\n<\/li>\n<li data-start=\"483\" data-end=\"509\">\n<p data-start=\"485\" data-end=\"509\">Ceramic cartridge<\/p>\n<\/li>\n<li data-start=\"510\" data-end=\"536\">\n<p data-start=\"512\" data-end=\"536\">3-hole installation<\/p>\n<\/li>\n<li data-start=\"537\" data-end=\"585\">\n<p data-start=\"539\" data-end=\"585\">Maximum flow: 5.7 L\/min (1.5 gpm) at 60 psi<\/p>\n<\/li>\n<\/ul>\n<p data-start=\"587\" data-end=\"607\"><strong data-start=\"587\" data-end=\"605\">Specifications<\/strong><\/p>\n<ul data-start=\"608\" data-end=\"867\" data-is-last-node=\"\" data-is-only-node=\"\">\n<li data-start=\"608\" data-end=\"700\">\n<p data-start=\"610\" data-end=\"700\">Available finishes: Chrome, brushed nickel, matt black, matt white and brushed brass (gold)<\/p>\n<\/li>\n<li data-start=\"701\" data-end=\"736\">\n<p data-start=\"703\" data-end=\"736\">Lifetime cartridge warranty<\/p>\n<\/li>\n<li data-start=\"737\" data-end=\"784\">\n<p data-start=\"739\" data-end=\"784\">5-year warranty on matt white finish<\/p>\n<\/li>\n<li data-start=\"785\" data-end=\"867\" data-is-last-node=\"\">\n<p data-start=\"787\" data-end=\"867\" data-is-last-node=\"\">Model meets or exceeds CUPC (ASME A112.18.1) and CSA (B125.1-18) standards<\/p>\n<\/li>\n<\/ul>\n","protected":false},"excerpt":{"rendered":"<p>Add a touch of elegance to your bathroom with the ROMERO faucet. This 3-hole faucet has a classic, timeless style. Its two refined handles allow easy adjustment of water temperature and flow. Made of solid brass, it resists rust and corrosion.   <\/p>\n<p>&nbsp;<\/p>\n<p><img decoding=\"async\" class=\"alignnone wp-image-5900\" src=\"https:\/\/concept05design.com\/wp-content\/uploads\/2025\/07\/Untitled-38-300x184.png\" alt=\"\" width=\"354\" height=\"217\" srcset=\"https:\/\/concept05design.com\/wp-content\/uploads\/2025\/07\/Untitled-38-200x123.png 200w, https:\/\/concept05design.com\/wp-content\/uploads\/2025\/07\/Untitled-38-300x184.png 300w, https:\/\/concept05design.com\/wp-content\/uploads\/2025\/07\/Untitled-38-400x245.png 400w, https:\/\/concept05design.com\/wp-content\/uploads\/2025\/07\/Untitled-38.png 463w\" sizes=\"(max-width: 354px) 100vw, 354px\" \/><\/p>\n","protected":false},"featured_media":5905,"template":"","meta":[],"product_brand":[],"product_cat":[418,433],"product_tag":[],"class_list":{"0":"post-5912","1":"product","2":"type-product","3":"status-publish","4":"has-post-thumbnail","6":"product_cat-bathroom","7":"product_cat-faucet-en","9":"first","10":"instock","11":"shipping-taxable","12":"product-type-simple"},"yoast_head":"<!-- This site is optimized with the Yoast SEO plugin v27.4 - https:\/\/yoast.com\/product\/yoast-seo-wordpress\/ -->\n<title>Romero - Concept 05 Design<\/title>\n<meta name=\"robots\" content=\"index, follow, max-snippet:-1, max-image-preview:large, max-video-preview:-1\" \/>\n<link rel=\"canonical\" href=\"https:\/\/concept05design.com\/en\/produit\/romero\/\" \/>\n<meta property=\"og:locale\" content=\"en_US\" \/>\n<meta property=\"og:type\" content=\"article\" \/>\n<meta property=\"og:title\" content=\"Romero - Concept 05 Design\" \/>\n<meta property=\"og:description\" content=\"Add a touch of elegance to your bathroom with the ROMERO faucet. This 3-hole faucet has a classic, timeless style. Its two refined handles allow easy adjustment of water temperature and flow. Made of solid brass, it resists rust and corrosion.   &nbsp;\" \/>\n<meta property=\"og:url\" content=\"https:\/\/concept05design.com\/en\/produit\/romero\/\" \/>\n<meta property=\"og:site_name\" content=\"Concept 05 Design\" \/>\n<meta property=\"article:modified_time\" content=\"2025-07-26T17:06:43+00:00\" \/>\n<meta property=\"og:image\" content=\"https:\/\/concept05design.com\/wp-content\/uploads\/2025\/07\/ROMERO-BK-Main.webp\" \/>\n\t<meta property=\"og:image:width\" content=\"600\" \/>\n\t<meta property=\"og:image:height\" content=\"600\" \/>\n\t<meta property=\"og:image:type\" content=\"image\/webp\" \/>\n<meta name=\"twitter:card\" content=\"summary_large_image\" \/>\n<script type=\"application\/ld+json\" class=\"yoast-schema-graph\">{\"@context\":\"https:\\\/\\\/schema.org\",\"@graph\":[{\"@type\":\"WebPage\",\"@id\":\"https:\\\/\\\/concept05design.com\\\/en\\\/produit\\\/romero\\\/\",\"url\":\"https:\\\/\\\/concept05design.com\\\/en\\\/produit\\\/romero\\\/\",\"name\":\"Romero - Concept 05 Design\",\"isPartOf\":{\"@id\":\"https:\\\/\\\/concept05design.com\\\/en\\\/#website\"},\"primaryImageOfPage\":{\"@id\":\"https:\\\/\\\/concept05design.com\\\/en\\\/produit\\\/romero\\\/#primaryimage\"},\"image\":{\"@id\":\"https:\\\/\\\/concept05design.com\\\/en\\\/produit\\\/romero\\\/#primaryimage\"},\"thumbnailUrl\":\"https:\\\/\\\/concept05design.com\\\/wp-content\\\/uploads\\\/2025\\\/07\\\/ROMERO-BK-Main.webp\",\"datePublished\":\"2025-07-26T17:06:05+00:00\",\"dateModified\":\"2025-07-26T17:06:43+00:00\",\"breadcrumb\":{\"@id\":\"https:\\\/\\\/concept05design.com\\\/en\\\/produit\\\/romero\\\/#breadcrumb\"},\"inLanguage\":\"en-US\",\"potentialAction\":[{\"@type\":\"ReadAction\",\"target\":[\"https:\\\/\\\/concept05design.com\\\/en\\\/produit\\\/romero\\\/\"]}]},{\"@type\":\"ImageObject\",\"inLanguage\":\"en-US\",\"@id\":\"https:\\\/\\\/concept05design.com\\\/en\\\/produit\\\/romero\\\/#primaryimage\",\"url\":\"https:\\\/\\\/concept05design.com\\\/wp-content\\\/uploads\\\/2025\\\/07\\\/ROMERO-BK-Main.webp\",\"contentUrl\":\"https:\\\/\\\/concept05design.com\\\/wp-content\\\/uploads\\\/2025\\\/07\\\/ROMERO-BK-Main.webp\",\"width\":600,\"height\":600},{\"@type\":\"BreadcrumbList\",\"@id\":\"https:\\\/\\\/concept05design.com\\\/en\\\/produit\\\/romero\\\/#breadcrumb\",\"itemListElement\":[{\"@type\":\"ListItem\",\"position\":1,\"name\":\"Accueil\",\"item\":\"https:\\\/\\\/concept05design.com\\\/en\\\/\"},{\"@type\":\"ListItem\",\"position\":2,\"name\":\"Shop\",\"item\":\"https:\\\/\\\/concept05design.com\\\/shop\\\/\"},{\"@type\":\"ListItem\",\"position\":3,\"name\":\"Romero\"}]},{\"@type\":\"WebSite\",\"@id\":\"https:\\\/\\\/concept05design.com\\\/en\\\/#website\",\"url\":\"https:\\\/\\\/concept05design.com\\\/en\\\/\",\"name\":\"Concept 05 Design\",\"description\":\"Du Concept \u00e0 la R\u00e9alit\u00e9 : Votre Vision, Notre Mission\",\"potentialAction\":[{\"@type\":\"SearchAction\",\"target\":{\"@type\":\"EntryPoint\",\"urlTemplate\":\"https:\\\/\\\/concept05design.com\\\/en\\\/?s={search_term_string}\"},\"query-input\":{\"@type\":\"PropertyValueSpecification\",\"valueRequired\":true,\"valueName\":\"search_term_string\"}}],\"inLanguage\":\"en-US\"}]}<\/script>\n<!-- \/ Yoast SEO plugin. -->","yoast_head_json":{"title":"Romero - Concept 05 Design","robots":{"index":"index","follow":"follow","max-snippet":"max-snippet:-1","max-image-preview":"max-image-preview:large","max-video-preview":"max-video-preview:-1"},"canonical":"https:\/\/concept05design.com\/en\/produit\/romero\/","og_locale":"en_US","og_type":"article","og_title":"Romero - Concept 05 Design","og_description":"Add a touch of elegance to your bathroom with the ROMERO faucet. This 3-hole faucet has a classic, timeless style. Its two refined handles allow easy adjustment of water temperature and flow. Made of solid brass, it resists rust and corrosion.   &nbsp;","og_url":"https:\/\/concept05design.com\/en\/produit\/romero\/","og_site_name":"Concept 05 Design","article_modified_time":"2025-07-26T17:06:43+00:00","og_image":[{"width":600,"height":600,"url":"https:\/\/concept05design.com\/wp-content\/uploads\/2025\/07\/ROMERO-BK-Main.webp","type":"image\/webp"}],"twitter_card":"summary_large_image","schema":{"@context":"https:\/\/schema.org","@graph":[{"@type":"WebPage","@id":"https:\/\/concept05design.com\/en\/produit\/romero\/","url":"https:\/\/concept05design.com\/en\/produit\/romero\/","name":"Romero - Concept 05 Design","isPartOf":{"@id":"https:\/\/concept05design.com\/en\/#website"},"primaryImageOfPage":{"@id":"https:\/\/concept05design.com\/en\/produit\/romero\/#primaryimage"},"image":{"@id":"https:\/\/concept05design.com\/en\/produit\/romero\/#primaryimage"},"thumbnailUrl":"https:\/\/concept05design.com\/wp-content\/uploads\/2025\/07\/ROMERO-BK-Main.webp","datePublished":"2025-07-26T17:06:05+00:00","dateModified":"2025-07-26T17:06:43+00:00","breadcrumb":{"@id":"https:\/\/concept05design.com\/en\/produit\/romero\/#breadcrumb"},"inLanguage":"en-US","potentialAction":[{"@type":"ReadAction","target":["https:\/\/concept05design.com\/en\/produit\/romero\/"]}]},{"@type":"ImageObject","inLanguage":"en-US","@id":"https:\/\/concept05design.com\/en\/produit\/romero\/#primaryimage","url":"https:\/\/concept05design.com\/wp-content\/uploads\/2025\/07\/ROMERO-BK-Main.webp","contentUrl":"https:\/\/concept05design.com\/wp-content\/uploads\/2025\/07\/ROMERO-BK-Main.webp","width":600,"height":600},{"@type":"BreadcrumbList","@id":"https:\/\/concept05design.com\/en\/produit\/romero\/#breadcrumb","itemListElement":[{"@type":"ListItem","position":1,"name":"Accueil","item":"https:\/\/concept05design.com\/en\/"},{"@type":"ListItem","position":2,"name":"Shop","item":"https:\/\/concept05design.com\/shop\/"},{"@type":"ListItem","position":3,"name":"Romero"}]},{"@type":"WebSite","@id":"https:\/\/concept05design.com\/en\/#website","url":"https:\/\/concept05design.com\/en\/","name":"Concept 05 Design","description":"Du Concept \u00e0 la R\u00e9alit\u00e9 : Votre Vision, Notre Mission","potentialAction":[{"@type":"SearchAction","target":{"@type":"EntryPoint","urlTemplate":"https:\/\/concept05design.com\/en\/?s={search_term_string}"},"query-input":{"@type":"PropertyValueSpecification","valueRequired":true,"valueName":"search_term_string"}}],"inLanguage":"en-US"}]}},"_links":{"self":[{"href":"https:\/\/concept05design.com\/en\/wp-json\/wp\/v2\/product\/5912","targetHints":{"allow":["GET"]}}],"collection":[{"href":"https:\/\/concept05design.com\/en\/wp-json\/wp\/v2\/product"}],"about":[{"href":"https:\/\/concept05design.com\/en\/wp-json\/wp\/v2\/types\/product"}],"wp:featuredmedia":[{"embeddable":true,"href":"https:\/\/concept05design.com\/en\/wp-json\/wp\/v2\/media\/5905"}],"wp:attachment":[{"href":"https:\/\/concept05design.com\/en\/wp-json\/wp\/v2\/media?parent=5912"}],"wp:term":[{"taxonomy":"product_brand","embeddable":true,"href":"https:\/\/concept05design.com\/en\/wp-json\/wp\/v2\/product_brand?post=5912"},{"taxonomy":"product_cat","embeddable":true,"href":"https:\/\/concept05design.com\/en\/wp-json\/wp\/v2\/product_cat?post=5912"},{"taxonomy":"product_tag","embeddable":true,"href":"https:\/\/concept05design.com\/en\/wp-json\/wp\/v2\/product_tag?post=5912"}],"curies":[{"name":"wp","href":"https:\/\/api.w.org\/{rel}","templated":true}]}}