{"id":5936,"date":"2025-07-26T19:55:31","date_gmt":"2025-07-26T19:55:31","guid":{"rendered":"https:\/\/concept05design.com\/produit\/roberto\/"},"modified":"2025-07-26T19:55:57","modified_gmt":"2025-07-26T19:55:57","slug":"roberto","status":"publish","type":"product","link":"https:\/\/concept05design.com\/en\/produit\/roberto\/","title":{"rendered":"Roberto"},"content":{"rendered":"<p data-start=\"315\" data-end=\"337\"><strong data-start=\"315\" data-end=\"335\">Features<\/strong><\/p>\n<ul data-start=\"338\" data-end=\"614\">\n<li data-start=\"338\" data-end=\"371\">\n<p data-start=\"340\" data-end=\"371\">Solid brass construction<\/p>\n<\/li>\n<li data-start=\"372\" data-end=\"403\">\n<p data-start=\"374\" data-end=\"403\">Single-hole installation<\/p>\n<\/li>\n<li data-start=\"404\" data-end=\"449\">\n<p data-start=\"406\" data-end=\"449\">Single handle for easy control<\/p>\n<\/li>\n<li data-start=\"450\" data-end=\"478\">\n<p data-start=\"452\" data-end=\"478\">Corrosion-resistant<\/p>\n<\/li>\n<li data-start=\"479\" data-end=\"505\">\n<p data-start=\"481\" data-end=\"505\">Ceramic cartridge<\/p>\n<\/li>\n<li data-start=\"506\" data-end=\"546\">\n<p data-start=\"508\" data-end=\"546\">Pressure regulation system<\/p>\n<\/li>\n<li data-start=\"547\" data-end=\"580\">\n<p data-start=\"549\" data-end=\"580\">3\/8&#8243; pipe connection<\/p>\n<\/li>\n<li data-start=\"581\" data-end=\"614\">\n<p data-start=\"583\" data-end=\"614\">Flow rate: 1.84 gpm max at 60 psi<\/p>\n<\/li>\n<\/ul>\n<p data-start=\"616\" data-end=\"636\"><strong data-start=\"616\" data-end=\"634\">Specifications<\/strong><\/p>\n<ul data-start=\"637\" data-end=\"835\" data-is-last-node=\"\" data-is-only-node=\"\">\n<li data-start=\"637\" data-end=\"701\">\n<p data-start=\"639\" data-end=\"701\">Available finishes: Chrome, matt black, brushed brass (gold)<\/p>\n<\/li>\n<li data-start=\"702\" data-end=\"755\">\n<p data-start=\"704\" data-end=\"755\">CSA (B125.1-18) and CUPC (ASME A112.18.1) certified<\/p>\n<\/li>\n<li data-start=\"756\" data-end=\"791\">\n<p data-start=\"758\" data-end=\"791\">Lifetime cartridge warranty<\/p>\n<\/li>\n<li data-start=\"792\" data-end=\"835\" data-is-last-node=\"\">\n<p data-start=\"794\" data-end=\"835\" data-is-last-node=\"\">15-year warranty on chrome finish<\/p>\n<\/li>\n<\/ul>\n","protected":false},"excerpt":{"rendered":"<p>Add an elegant touch to your bathroom with this square sink faucet. Its unique handle makes it easy to control temperature and flow, while offering a sleek, modern style. With its solid brass body and ceramic cartridge, this faucet is built to last.  <\/p>\n<p>&nbsp;<\/p>\n<p><img decoding=\"async\" class=\"alignnone size-medium wp-image-5934\" src=\"https:\/\/concept05design.com\/wp-content\/uploads\/2025\/07\/Untitled-40-300x248.png\" alt=\"\" width=\"300\" height=\"248\" srcset=\"https:\/\/concept05design.com\/wp-content\/uploads\/2025\/07\/Untitled-40-200x165.png 200w, https:\/\/concept05design.com\/wp-content\/uploads\/2025\/07\/Untitled-40-300x248.png 300w, https:\/\/concept05design.com\/wp-content\/uploads\/2025\/07\/Untitled-40.png 382w\" sizes=\"(max-width: 300px) 100vw, 300px\" \/><\/p>\n","protected":false},"featured_media":5929,"template":"","meta":[],"product_brand":[],"product_cat":[418,433],"product_tag":[],"class_list":{"0":"post-5936","1":"product","2":"type-product","3":"status-publish","4":"has-post-thumbnail","6":"product_cat-bathroom","7":"product_cat-faucet-en","9":"first","10":"instock","11":"shipping-taxable","12":"product-type-simple"},"yoast_head":"<!-- This site is optimized with the Yoast SEO plugin v27.4 - https:\/\/yoast.com\/product\/yoast-seo-wordpress\/ -->\n<title>Roberto - Concept 05 Design<\/title>\n<meta name=\"robots\" content=\"index, follow, max-snippet:-1, max-image-preview:large, max-video-preview:-1\" \/>\n<link rel=\"canonical\" href=\"https:\/\/concept05design.com\/en\/produit\/roberto\/\" \/>\n<meta property=\"og:locale\" content=\"en_US\" \/>\n<meta property=\"og:type\" content=\"article\" \/>\n<meta property=\"og:title\" content=\"Roberto - Concept 05 Design\" \/>\n<meta property=\"og:description\" content=\"Add an elegant touch to your bathroom with this square sink faucet. Its unique handle makes it easy to control temperature and flow, while offering a sleek, modern style. With its solid brass body and ceramic cartridge, this faucet is built to last.  &nbsp;\" \/>\n<meta property=\"og:url\" content=\"https:\/\/concept05design.com\/en\/produit\/roberto\/\" \/>\n<meta property=\"og:site_name\" content=\"Concept 05 Design\" \/>\n<meta property=\"article:modified_time\" content=\"2025-07-26T19:55:57+00:00\" \/>\n<meta property=\"og:image\" content=\"https:\/\/concept05design.com\/wp-content\/uploads\/2025\/07\/ROBERTO_bf3ba557-e864-40c5-8c28-ad70c2e8ee15.webp\" \/>\n\t<meta property=\"og:image:width\" content=\"600\" \/>\n\t<meta property=\"og:image:height\" content=\"600\" \/>\n\t<meta property=\"og:image:type\" content=\"image\/webp\" \/>\n<meta name=\"twitter:card\" content=\"summary_large_image\" \/>\n<script type=\"application\/ld+json\" class=\"yoast-schema-graph\">{\"@context\":\"https:\\\/\\\/schema.org\",\"@graph\":[{\"@type\":\"WebPage\",\"@id\":\"https:\\\/\\\/concept05design.com\\\/en\\\/produit\\\/roberto\\\/\",\"url\":\"https:\\\/\\\/concept05design.com\\\/en\\\/produit\\\/roberto\\\/\",\"name\":\"Roberto - Concept 05 Design\",\"isPartOf\":{\"@id\":\"https:\\\/\\\/concept05design.com\\\/en\\\/#website\"},\"primaryImageOfPage\":{\"@id\":\"https:\\\/\\\/concept05design.com\\\/en\\\/produit\\\/roberto\\\/#primaryimage\"},\"image\":{\"@id\":\"https:\\\/\\\/concept05design.com\\\/en\\\/produit\\\/roberto\\\/#primaryimage\"},\"thumbnailUrl\":\"https:\\\/\\\/concept05design.com\\\/wp-content\\\/uploads\\\/2025\\\/07\\\/ROBERTO_bf3ba557-e864-40c5-8c28-ad70c2e8ee15.webp\",\"datePublished\":\"2025-07-26T19:55:31+00:00\",\"dateModified\":\"2025-07-26T19:55:57+00:00\",\"breadcrumb\":{\"@id\":\"https:\\\/\\\/concept05design.com\\\/en\\\/produit\\\/roberto\\\/#breadcrumb\"},\"inLanguage\":\"en-US\",\"potentialAction\":[{\"@type\":\"ReadAction\",\"target\":[\"https:\\\/\\\/concept05design.com\\\/en\\\/produit\\\/roberto\\\/\"]}]},{\"@type\":\"ImageObject\",\"inLanguage\":\"en-US\",\"@id\":\"https:\\\/\\\/concept05design.com\\\/en\\\/produit\\\/roberto\\\/#primaryimage\",\"url\":\"https:\\\/\\\/concept05design.com\\\/wp-content\\\/uploads\\\/2025\\\/07\\\/ROBERTO_bf3ba557-e864-40c5-8c28-ad70c2e8ee15.webp\",\"contentUrl\":\"https:\\\/\\\/concept05design.com\\\/wp-content\\\/uploads\\\/2025\\\/07\\\/ROBERTO_bf3ba557-e864-40c5-8c28-ad70c2e8ee15.webp\",\"width\":600,\"height\":600},{\"@type\":\"BreadcrumbList\",\"@id\":\"https:\\\/\\\/concept05design.com\\\/en\\\/produit\\\/roberto\\\/#breadcrumb\",\"itemListElement\":[{\"@type\":\"ListItem\",\"position\":1,\"name\":\"Accueil\",\"item\":\"https:\\\/\\\/concept05design.com\\\/en\\\/\"},{\"@type\":\"ListItem\",\"position\":2,\"name\":\"Shop\",\"item\":\"https:\\\/\\\/concept05design.com\\\/shop\\\/\"},{\"@type\":\"ListItem\",\"position\":3,\"name\":\"Roberto\"}]},{\"@type\":\"WebSite\",\"@id\":\"https:\\\/\\\/concept05design.com\\\/en\\\/#website\",\"url\":\"https:\\\/\\\/concept05design.com\\\/en\\\/\",\"name\":\"Concept 05 Design\",\"description\":\"Du Concept \u00e0 la R\u00e9alit\u00e9 : Votre Vision, Notre Mission\",\"potentialAction\":[{\"@type\":\"SearchAction\",\"target\":{\"@type\":\"EntryPoint\",\"urlTemplate\":\"https:\\\/\\\/concept05design.com\\\/en\\\/?s={search_term_string}\"},\"query-input\":{\"@type\":\"PropertyValueSpecification\",\"valueRequired\":true,\"valueName\":\"search_term_string\"}}],\"inLanguage\":\"en-US\"}]}<\/script>\n<!-- \/ Yoast SEO plugin. -->","yoast_head_json":{"title":"Roberto - Concept 05 Design","robots":{"index":"index","follow":"follow","max-snippet":"max-snippet:-1","max-image-preview":"max-image-preview:large","max-video-preview":"max-video-preview:-1"},"canonical":"https:\/\/concept05design.com\/en\/produit\/roberto\/","og_locale":"en_US","og_type":"article","og_title":"Roberto - Concept 05 Design","og_description":"Add an elegant touch to your bathroom with this square sink faucet. Its unique handle makes it easy to control temperature and flow, while offering a sleek, modern style. With its solid brass body and ceramic cartridge, this faucet is built to last.  &nbsp;","og_url":"https:\/\/concept05design.com\/en\/produit\/roberto\/","og_site_name":"Concept 05 Design","article_modified_time":"2025-07-26T19:55:57+00:00","og_image":[{"width":600,"height":600,"url":"https:\/\/concept05design.com\/wp-content\/uploads\/2025\/07\/ROBERTO_bf3ba557-e864-40c5-8c28-ad70c2e8ee15.webp","type":"image\/webp"}],"twitter_card":"summary_large_image","schema":{"@context":"https:\/\/schema.org","@graph":[{"@type":"WebPage","@id":"https:\/\/concept05design.com\/en\/produit\/roberto\/","url":"https:\/\/concept05design.com\/en\/produit\/roberto\/","name":"Roberto - Concept 05 Design","isPartOf":{"@id":"https:\/\/concept05design.com\/en\/#website"},"primaryImageOfPage":{"@id":"https:\/\/concept05design.com\/en\/produit\/roberto\/#primaryimage"},"image":{"@id":"https:\/\/concept05design.com\/en\/produit\/roberto\/#primaryimage"},"thumbnailUrl":"https:\/\/concept05design.com\/wp-content\/uploads\/2025\/07\/ROBERTO_bf3ba557-e864-40c5-8c28-ad70c2e8ee15.webp","datePublished":"2025-07-26T19:55:31+00:00","dateModified":"2025-07-26T19:55:57+00:00","breadcrumb":{"@id":"https:\/\/concept05design.com\/en\/produit\/roberto\/#breadcrumb"},"inLanguage":"en-US","potentialAction":[{"@type":"ReadAction","target":["https:\/\/concept05design.com\/en\/produit\/roberto\/"]}]},{"@type":"ImageObject","inLanguage":"en-US","@id":"https:\/\/concept05design.com\/en\/produit\/roberto\/#primaryimage","url":"https:\/\/concept05design.com\/wp-content\/uploads\/2025\/07\/ROBERTO_bf3ba557-e864-40c5-8c28-ad70c2e8ee15.webp","contentUrl":"https:\/\/concept05design.com\/wp-content\/uploads\/2025\/07\/ROBERTO_bf3ba557-e864-40c5-8c28-ad70c2e8ee15.webp","width":600,"height":600},{"@type":"BreadcrumbList","@id":"https:\/\/concept05design.com\/en\/produit\/roberto\/#breadcrumb","itemListElement":[{"@type":"ListItem","position":1,"name":"Accueil","item":"https:\/\/concept05design.com\/en\/"},{"@type":"ListItem","position":2,"name":"Shop","item":"https:\/\/concept05design.com\/shop\/"},{"@type":"ListItem","position":3,"name":"Roberto"}]},{"@type":"WebSite","@id":"https:\/\/concept05design.com\/en\/#website","url":"https:\/\/concept05design.com\/en\/","name":"Concept 05 Design","description":"Du Concept \u00e0 la R\u00e9alit\u00e9 : Votre Vision, Notre Mission","potentialAction":[{"@type":"SearchAction","target":{"@type":"EntryPoint","urlTemplate":"https:\/\/concept05design.com\/en\/?s={search_term_string}"},"query-input":{"@type":"PropertyValueSpecification","valueRequired":true,"valueName":"search_term_string"}}],"inLanguage":"en-US"}]}},"_links":{"self":[{"href":"https:\/\/concept05design.com\/en\/wp-json\/wp\/v2\/product\/5936","targetHints":{"allow":["GET"]}}],"collection":[{"href":"https:\/\/concept05design.com\/en\/wp-json\/wp\/v2\/product"}],"about":[{"href":"https:\/\/concept05design.com\/en\/wp-json\/wp\/v2\/types\/product"}],"wp:featuredmedia":[{"embeddable":true,"href":"https:\/\/concept05design.com\/en\/wp-json\/wp\/v2\/media\/5929"}],"wp:attachment":[{"href":"https:\/\/concept05design.com\/en\/wp-json\/wp\/v2\/media?parent=5936"}],"wp:term":[{"taxonomy":"product_brand","embeddable":true,"href":"https:\/\/concept05design.com\/en\/wp-json\/wp\/v2\/product_brand?post=5936"},{"taxonomy":"product_cat","embeddable":true,"href":"https:\/\/concept05design.com\/en\/wp-json\/wp\/v2\/product_cat?post=5936"},{"taxonomy":"product_tag","embeddable":true,"href":"https:\/\/concept05design.com\/en\/wp-json\/wp\/v2\/product_tag?post=5936"}],"curies":[{"name":"wp","href":"https:\/\/api.w.org\/{rel}","templated":true}]}}