{"id":5953,"date":"2025-07-26T20:00:18","date_gmt":"2025-07-26T20:00:18","guid":{"rendered":"https:\/\/concept05design.com\/produit\/rosario\/"},"modified":"2025-07-26T20:00:49","modified_gmt":"2025-07-26T20:00:49","slug":"rosario","status":"publish","type":"product","link":"https:\/\/concept05design.com\/en\/produit\/rosario\/","title":{"rendered":"Rosario"},"content":{"rendered":"<p data-start=\"282\" data-end=\"304\"><strong data-start=\"282\" data-end=\"302\">Features<\/strong><\/p>\n<ul data-start=\"305\" data-end=\"581\">\n<li data-start=\"305\" data-end=\"338\">\n<p data-start=\"307\" data-end=\"338\">Solid brass construction<\/p>\n<\/li>\n<li data-start=\"339\" data-end=\"370\">\n<p data-start=\"341\" data-end=\"370\">Single-hole installation<\/p>\n<\/li>\n<li data-start=\"371\" data-end=\"416\">\n<p data-start=\"373\" data-end=\"416\">Single handle for easy control<\/p>\n<\/li>\n<li data-start=\"417\" data-end=\"445\">\n<p data-start=\"419\" data-end=\"445\">Corrosion-resistant<\/p>\n<\/li>\n<li data-start=\"446\" data-end=\"472\">\n<p data-start=\"448\" data-end=\"472\">Ceramic cartridge<\/p>\n<\/li>\n<li data-start=\"473\" data-end=\"513\">\n<p data-start=\"475\" data-end=\"513\">Pressure regulation system<\/p>\n<\/li>\n<li data-start=\"514\" data-end=\"547\">\n<p data-start=\"516\" data-end=\"547\">3\/8&#8243; pipe connection<\/p>\n<\/li>\n<li data-start=\"548\" data-end=\"581\">\n<p data-start=\"550\" data-end=\"581\">Flow rate: 1.84 gpm max at 60 psi<\/p>\n<\/li>\n<\/ul>\n<p data-start=\"583\" data-end=\"603\"><strong data-start=\"583\" data-end=\"601\">Specifications<\/strong><\/p>\n<ul data-start=\"604\" data-end=\"786\" data-is-last-node=\"\" data-is-only-node=\"\">\n<li data-start=\"604\" data-end=\"650\">\n<p data-start=\"606\" data-end=\"650\">Available finishes: Chrome and matte black<\/p>\n<\/li>\n<li data-start=\"651\" data-end=\"704\">\n<p data-start=\"653\" data-end=\"704\">CSA (B125.1-18) and CUPC (ASME A112.18.1) certified<\/p>\n<\/li>\n<li data-start=\"705\" data-end=\"740\">\n<p data-start=\"707\" data-end=\"740\">Lifetime cartridge warranty<\/p>\n<\/li>\n<li data-start=\"741\" data-end=\"786\" data-is-last-node=\"\">\n<p data-start=\"743\" data-end=\"786\" data-is-last-node=\"\">15-year warranty on matte black finish<\/p>\n<\/li>\n<\/ul>\n","protected":false},"excerpt":{"rendered":"<p>The <strong data-start=\"28\" data-end=\"42\">ROSARIO-BK<\/strong> is an elegant and durable addition to your bathroom. Its unique handle makes it easy to control temperature and water flow. Its solid brass construction and ceramic cartridge ensure durability.  <\/p>\n<p><img decoding=\"async\" class=\"alignnone size-medium wp-image-5951\" src=\"https:\/\/concept05design.com\/wp-content\/uploads\/2025\/07\/Untitled-42-300x255.png\" alt=\"\" width=\"300\" height=\"255\" srcset=\"https:\/\/concept05design.com\/wp-content\/uploads\/2025\/07\/Untitled-42-200x170.png 200w, https:\/\/concept05design.com\/wp-content\/uploads\/2025\/07\/Untitled-42-300x255.png 300w, https:\/\/concept05design.com\/wp-content\/uploads\/2025\/07\/Untitled-42-400x340.png 400w, https:\/\/concept05design.com\/wp-content\/uploads\/2025\/07\/Untitled-42.png 421w\" sizes=\"(max-width: 300px) 100vw, 300px\" \/><\/p>\n<p>&nbsp;<\/p>\n","protected":false},"featured_media":5948,"template":"","meta":[],"product_brand":[],"product_cat":[418,433],"product_tag":[],"class_list":{"0":"post-5953","1":"product","2":"type-product","3":"status-publish","4":"has-post-thumbnail","6":"product_cat-bathroom","7":"product_cat-faucet-en","9":"first","10":"instock","11":"shipping-taxable","12":"product-type-simple"},"yoast_head":"<!-- This site is optimized with the Yoast SEO plugin v27.4 - https:\/\/yoast.com\/product\/yoast-seo-wordpress\/ -->\n<title>Rosario - Concept 05 Design<\/title>\n<meta name=\"robots\" content=\"index, follow, max-snippet:-1, max-image-preview:large, max-video-preview:-1\" \/>\n<link rel=\"canonical\" href=\"https:\/\/concept05design.com\/en\/produit\/rosario\/\" \/>\n<meta property=\"og:locale\" content=\"en_US\" \/>\n<meta property=\"og:type\" content=\"article\" \/>\n<meta property=\"og:title\" content=\"Rosario - Concept 05 Design\" \/>\n<meta property=\"og:description\" content=\"The ROSARIO-BK is an elegant and durable addition to your bathroom. Its unique handle makes it easy to control temperature and water flow. Its solid brass construction and ceramic cartridge ensure durability.   &nbsp;\" \/>\n<meta property=\"og:url\" content=\"https:\/\/concept05design.com\/en\/produit\/rosario\/\" \/>\n<meta property=\"og:site_name\" content=\"Concept 05 Design\" \/>\n<meta property=\"article:modified_time\" content=\"2025-07-26T20:00:49+00:00\" \/>\n<meta property=\"og:image\" content=\"https:\/\/concept05design.com\/wp-content\/uploads\/2025\/07\/ROSARIO-BK_049c8c5d-8326-4f47-aeb4-3ffa906ab9eb.webp\" \/>\n\t<meta property=\"og:image:width\" content=\"600\" \/>\n\t<meta property=\"og:image:height\" content=\"600\" \/>\n\t<meta property=\"og:image:type\" content=\"image\/webp\" \/>\n<meta name=\"twitter:card\" content=\"summary_large_image\" \/>\n<script type=\"application\/ld+json\" class=\"yoast-schema-graph\">{\"@context\":\"https:\\\/\\\/schema.org\",\"@graph\":[{\"@type\":\"WebPage\",\"@id\":\"https:\\\/\\\/concept05design.com\\\/en\\\/produit\\\/rosario\\\/\",\"url\":\"https:\\\/\\\/concept05design.com\\\/en\\\/produit\\\/rosario\\\/\",\"name\":\"Rosario - Concept 05 Design\",\"isPartOf\":{\"@id\":\"https:\\\/\\\/concept05design.com\\\/en\\\/#website\"},\"primaryImageOfPage\":{\"@id\":\"https:\\\/\\\/concept05design.com\\\/en\\\/produit\\\/rosario\\\/#primaryimage\"},\"image\":{\"@id\":\"https:\\\/\\\/concept05design.com\\\/en\\\/produit\\\/rosario\\\/#primaryimage\"},\"thumbnailUrl\":\"https:\\\/\\\/concept05design.com\\\/wp-content\\\/uploads\\\/2025\\\/07\\\/ROSARIO-BK_049c8c5d-8326-4f47-aeb4-3ffa906ab9eb.webp\",\"datePublished\":\"2025-07-26T20:00:18+00:00\",\"dateModified\":\"2025-07-26T20:00:49+00:00\",\"breadcrumb\":{\"@id\":\"https:\\\/\\\/concept05design.com\\\/en\\\/produit\\\/rosario\\\/#breadcrumb\"},\"inLanguage\":\"en-US\",\"potentialAction\":[{\"@type\":\"ReadAction\",\"target\":[\"https:\\\/\\\/concept05design.com\\\/en\\\/produit\\\/rosario\\\/\"]}]},{\"@type\":\"ImageObject\",\"inLanguage\":\"en-US\",\"@id\":\"https:\\\/\\\/concept05design.com\\\/en\\\/produit\\\/rosario\\\/#primaryimage\",\"url\":\"https:\\\/\\\/concept05design.com\\\/wp-content\\\/uploads\\\/2025\\\/07\\\/ROSARIO-BK_049c8c5d-8326-4f47-aeb4-3ffa906ab9eb.webp\",\"contentUrl\":\"https:\\\/\\\/concept05design.com\\\/wp-content\\\/uploads\\\/2025\\\/07\\\/ROSARIO-BK_049c8c5d-8326-4f47-aeb4-3ffa906ab9eb.webp\",\"width\":600,\"height\":600},{\"@type\":\"BreadcrumbList\",\"@id\":\"https:\\\/\\\/concept05design.com\\\/en\\\/produit\\\/rosario\\\/#breadcrumb\",\"itemListElement\":[{\"@type\":\"ListItem\",\"position\":1,\"name\":\"Accueil\",\"item\":\"https:\\\/\\\/concept05design.com\\\/en\\\/\"},{\"@type\":\"ListItem\",\"position\":2,\"name\":\"Shop\",\"item\":\"https:\\\/\\\/concept05design.com\\\/shop\\\/\"},{\"@type\":\"ListItem\",\"position\":3,\"name\":\"Rosario\"}]},{\"@type\":\"WebSite\",\"@id\":\"https:\\\/\\\/concept05design.com\\\/en\\\/#website\",\"url\":\"https:\\\/\\\/concept05design.com\\\/en\\\/\",\"name\":\"Concept 05 Design\",\"description\":\"Du Concept \u00e0 la R\u00e9alit\u00e9 : Votre Vision, Notre Mission\",\"potentialAction\":[{\"@type\":\"SearchAction\",\"target\":{\"@type\":\"EntryPoint\",\"urlTemplate\":\"https:\\\/\\\/concept05design.com\\\/en\\\/?s={search_term_string}\"},\"query-input\":{\"@type\":\"PropertyValueSpecification\",\"valueRequired\":true,\"valueName\":\"search_term_string\"}}],\"inLanguage\":\"en-US\"}]}<\/script>\n<!-- \/ Yoast SEO plugin. -->","yoast_head_json":{"title":"Rosario - Concept 05 Design","robots":{"index":"index","follow":"follow","max-snippet":"max-snippet:-1","max-image-preview":"max-image-preview:large","max-video-preview":"max-video-preview:-1"},"canonical":"https:\/\/concept05design.com\/en\/produit\/rosario\/","og_locale":"en_US","og_type":"article","og_title":"Rosario - Concept 05 Design","og_description":"The ROSARIO-BK is an elegant and durable addition to your bathroom. Its unique handle makes it easy to control temperature and water flow. Its solid brass construction and ceramic cartridge ensure durability.   &nbsp;","og_url":"https:\/\/concept05design.com\/en\/produit\/rosario\/","og_site_name":"Concept 05 Design","article_modified_time":"2025-07-26T20:00:49+00:00","og_image":[{"width":600,"height":600,"url":"https:\/\/concept05design.com\/wp-content\/uploads\/2025\/07\/ROSARIO-BK_049c8c5d-8326-4f47-aeb4-3ffa906ab9eb.webp","type":"image\/webp"}],"twitter_card":"summary_large_image","schema":{"@context":"https:\/\/schema.org","@graph":[{"@type":"WebPage","@id":"https:\/\/concept05design.com\/en\/produit\/rosario\/","url":"https:\/\/concept05design.com\/en\/produit\/rosario\/","name":"Rosario - Concept 05 Design","isPartOf":{"@id":"https:\/\/concept05design.com\/en\/#website"},"primaryImageOfPage":{"@id":"https:\/\/concept05design.com\/en\/produit\/rosario\/#primaryimage"},"image":{"@id":"https:\/\/concept05design.com\/en\/produit\/rosario\/#primaryimage"},"thumbnailUrl":"https:\/\/concept05design.com\/wp-content\/uploads\/2025\/07\/ROSARIO-BK_049c8c5d-8326-4f47-aeb4-3ffa906ab9eb.webp","datePublished":"2025-07-26T20:00:18+00:00","dateModified":"2025-07-26T20:00:49+00:00","breadcrumb":{"@id":"https:\/\/concept05design.com\/en\/produit\/rosario\/#breadcrumb"},"inLanguage":"en-US","potentialAction":[{"@type":"ReadAction","target":["https:\/\/concept05design.com\/en\/produit\/rosario\/"]}]},{"@type":"ImageObject","inLanguage":"en-US","@id":"https:\/\/concept05design.com\/en\/produit\/rosario\/#primaryimage","url":"https:\/\/concept05design.com\/wp-content\/uploads\/2025\/07\/ROSARIO-BK_049c8c5d-8326-4f47-aeb4-3ffa906ab9eb.webp","contentUrl":"https:\/\/concept05design.com\/wp-content\/uploads\/2025\/07\/ROSARIO-BK_049c8c5d-8326-4f47-aeb4-3ffa906ab9eb.webp","width":600,"height":600},{"@type":"BreadcrumbList","@id":"https:\/\/concept05design.com\/en\/produit\/rosario\/#breadcrumb","itemListElement":[{"@type":"ListItem","position":1,"name":"Accueil","item":"https:\/\/concept05design.com\/en\/"},{"@type":"ListItem","position":2,"name":"Shop","item":"https:\/\/concept05design.com\/shop\/"},{"@type":"ListItem","position":3,"name":"Rosario"}]},{"@type":"WebSite","@id":"https:\/\/concept05design.com\/en\/#website","url":"https:\/\/concept05design.com\/en\/","name":"Concept 05 Design","description":"Du Concept \u00e0 la R\u00e9alit\u00e9 : Votre Vision, Notre Mission","potentialAction":[{"@type":"SearchAction","target":{"@type":"EntryPoint","urlTemplate":"https:\/\/concept05design.com\/en\/?s={search_term_string}"},"query-input":{"@type":"PropertyValueSpecification","valueRequired":true,"valueName":"search_term_string"}}],"inLanguage":"en-US"}]}},"_links":{"self":[{"href":"https:\/\/concept05design.com\/en\/wp-json\/wp\/v2\/product\/5953","targetHints":{"allow":["GET"]}}],"collection":[{"href":"https:\/\/concept05design.com\/en\/wp-json\/wp\/v2\/product"}],"about":[{"href":"https:\/\/concept05design.com\/en\/wp-json\/wp\/v2\/types\/product"}],"wp:featuredmedia":[{"embeddable":true,"href":"https:\/\/concept05design.com\/en\/wp-json\/wp\/v2\/media\/5948"}],"wp:attachment":[{"href":"https:\/\/concept05design.com\/en\/wp-json\/wp\/v2\/media?parent=5953"}],"wp:term":[{"taxonomy":"product_brand","embeddable":true,"href":"https:\/\/concept05design.com\/en\/wp-json\/wp\/v2\/product_brand?post=5953"},{"taxonomy":"product_cat","embeddable":true,"href":"https:\/\/concept05design.com\/en\/wp-json\/wp\/v2\/product_cat?post=5953"},{"taxonomy":"product_tag","embeddable":true,"href":"https:\/\/concept05design.com\/en\/wp-json\/wp\/v2\/product_tag?post=5953"}],"curies":[{"name":"wp","href":"https:\/\/api.w.org\/{rel}","templated":true}]}}