{"id":5959,"date":"2025-07-26T20:02:22","date_gmt":"2025-07-26T20:02:22","guid":{"rendered":"https:\/\/concept05design.com\/produit\/roman\/"},"modified":"2025-07-26T20:02:57","modified_gmt":"2025-07-26T20:02:57","slug":"roman","status":"publish","type":"product","link":"https:\/\/concept05design.com\/en\/produit\/roman\/","title":{"rendered":"Roman"},"content":{"rendered":"<p data-start=\"425\" data-end=\"447\"><strong data-start=\"425\" data-end=\"445\">Features<\/strong><\/p>\n<ul data-start=\"448\" data-end=\"724\">\n<li data-start=\"448\" data-end=\"481\">\n<p data-start=\"450\" data-end=\"481\">Solid brass construction<\/p>\n<\/li>\n<li data-start=\"482\" data-end=\"513\">\n<p data-start=\"484\" data-end=\"513\">Single-hole installation<\/p>\n<\/li>\n<li data-start=\"514\" data-end=\"559\">\n<p data-start=\"516\" data-end=\"559\">Single handle for easy control<\/p>\n<\/li>\n<li data-start=\"560\" data-end=\"588\">\n<p data-start=\"562\" data-end=\"588\">Corrosion-resistant<\/p>\n<\/li>\n<li data-start=\"589\" data-end=\"615\">\n<p data-start=\"591\" data-end=\"615\">Ceramic cartridge<\/p>\n<\/li>\n<li data-start=\"616\" data-end=\"656\">\n<p data-start=\"618\" data-end=\"656\">Pressure regulation system<\/p>\n<\/li>\n<li data-start=\"657\" data-end=\"690\">\n<p data-start=\"659\" data-end=\"690\">3\/8&#8243; pipe connection<\/p>\n<\/li>\n<li data-start=\"691\" data-end=\"724\">\n<p data-start=\"693\" data-end=\"724\">Flow rate: 1.32 gpm max at 60 psi<\/p>\n<\/li>\n<\/ul>\n<p data-start=\"726\" data-end=\"746\"><strong data-start=\"726\" data-end=\"744\">Specifications<\/strong><\/p>\n<ul data-start=\"747\" data-end=\"982\" data-is-last-node=\"\" data-is-only-node=\"\">\n<li data-start=\"747\" data-end=\"781\">\n<p data-start=\"749\" data-end=\"781\">Available finish: Matt black<\/p>\n<\/li>\n<li data-start=\"782\" data-end=\"835\">\n<p data-start=\"784\" data-end=\"835\">CSA (B125.1-18) and CUPC (ASME A112.18.1) certified<\/p>\n<\/li>\n<li data-start=\"836\" data-end=\"871\">\n<p data-start=\"838\" data-end=\"871\">Lifetime cartridge warranty<\/p>\n<\/li>\n<li data-start=\"872\" data-end=\"982\" data-is-last-node=\"\">\n<p data-start=\"874\" data-end=\"982\" data-is-last-node=\"\">15-year warranty on chrome finish (despite black finish, specified warranty still applies)<\/p>\n<\/li>\n<\/ul>\n","protected":false},"excerpt":{"rendered":"<p>With its angular lines, <strong data-start=\"56\" data-end=\"65\">ROMAN<\/strong> is the perfect complement to any modern bathroom. Its high, elongated spout offers more space between sink and faucet, making hand-washing more comfortable. Its unique handle makes it easy to control temperature and flow, while its solid brass construction and ceramic cartridge ensure excellent durability.  <\/p>\n<p>&nbsp;<\/p>\n<p><img decoding=\"async\" class=\"alignnone size-medium wp-image-5955\" src=\"https:\/\/concept05design.com\/wp-content\/uploads\/2025\/07\/Untitled-43-300x238.png\" alt=\"\" width=\"300\" height=\"238\" srcset=\"https:\/\/concept05design.com\/wp-content\/uploads\/2025\/07\/Untitled-43-200x159.png 200w, https:\/\/concept05design.com\/wp-content\/uploads\/2025\/07\/Untitled-43-300x238.png 300w, https:\/\/concept05design.com\/wp-content\/uploads\/2025\/07\/Untitled-43.png 399w\" sizes=\"(max-width: 300px) 100vw, 300px\" \/><\/p>\n","protected":false},"featured_media":5958,"template":"","meta":[],"product_brand":[],"product_cat":[418,433],"product_tag":[],"class_list":{"0":"post-5959","1":"product","2":"type-product","3":"status-publish","4":"has-post-thumbnail","6":"product_cat-bathroom","7":"product_cat-faucet-en","9":"first","10":"instock","11":"shipping-taxable","12":"product-type-simple"},"yoast_head":"<!-- This site is optimized with the Yoast SEO plugin v27.4 - https:\/\/yoast.com\/product\/yoast-seo-wordpress\/ -->\n<title>Roman - Concept 05 Design<\/title>\n<meta name=\"robots\" content=\"index, follow, max-snippet:-1, max-image-preview:large, max-video-preview:-1\" \/>\n<link rel=\"canonical\" href=\"https:\/\/concept05design.com\/en\/produit\/roman\/\" \/>\n<meta property=\"og:locale\" content=\"en_US\" \/>\n<meta property=\"og:type\" content=\"article\" \/>\n<meta property=\"og:title\" content=\"Roman - Concept 05 Design\" \/>\n<meta property=\"og:description\" content=\"With its angular lines, ROMAN is the perfect complement to any modern bathroom. Its high, elongated spout offers more space between sink and faucet, making hand-washing more comfortable. Its unique handle makes it easy to control temperature and flow, while its solid brass construction and ceramic cartridge ensure excellent durability.  &nbsp;\" \/>\n<meta property=\"og:url\" content=\"https:\/\/concept05design.com\/en\/produit\/roman\/\" \/>\n<meta property=\"og:site_name\" content=\"Concept 05 Design\" \/>\n<meta property=\"article:modified_time\" content=\"2025-07-26T20:02:57+00:00\" \/>\n<meta property=\"og:image\" content=\"https:\/\/concept05design.com\/wp-content\/uploads\/2025\/07\/ROMAN_496d0870-4107-4be4-bcec-b5d345376ac4.webp\" \/>\n\t<meta property=\"og:image:width\" content=\"600\" \/>\n\t<meta property=\"og:image:height\" content=\"600\" \/>\n\t<meta property=\"og:image:type\" content=\"image\/webp\" \/>\n<meta name=\"twitter:card\" content=\"summary_large_image\" \/>\n<script type=\"application\/ld+json\" class=\"yoast-schema-graph\">{\"@context\":\"https:\\\/\\\/schema.org\",\"@graph\":[{\"@type\":\"WebPage\",\"@id\":\"https:\\\/\\\/concept05design.com\\\/en\\\/produit\\\/roman\\\/\",\"url\":\"https:\\\/\\\/concept05design.com\\\/en\\\/produit\\\/roman\\\/\",\"name\":\"Roman - Concept 05 Design\",\"isPartOf\":{\"@id\":\"https:\\\/\\\/concept05design.com\\\/en\\\/#website\"},\"primaryImageOfPage\":{\"@id\":\"https:\\\/\\\/concept05design.com\\\/en\\\/produit\\\/roman\\\/#primaryimage\"},\"image\":{\"@id\":\"https:\\\/\\\/concept05design.com\\\/en\\\/produit\\\/roman\\\/#primaryimage\"},\"thumbnailUrl\":\"https:\\\/\\\/concept05design.com\\\/wp-content\\\/uploads\\\/2025\\\/07\\\/ROMAN_496d0870-4107-4be4-bcec-b5d345376ac4.webp\",\"datePublished\":\"2025-07-26T20:02:22+00:00\",\"dateModified\":\"2025-07-26T20:02:57+00:00\",\"breadcrumb\":{\"@id\":\"https:\\\/\\\/concept05design.com\\\/en\\\/produit\\\/roman\\\/#breadcrumb\"},\"inLanguage\":\"en-US\",\"potentialAction\":[{\"@type\":\"ReadAction\",\"target\":[\"https:\\\/\\\/concept05design.com\\\/en\\\/produit\\\/roman\\\/\"]}]},{\"@type\":\"ImageObject\",\"inLanguage\":\"en-US\",\"@id\":\"https:\\\/\\\/concept05design.com\\\/en\\\/produit\\\/roman\\\/#primaryimage\",\"url\":\"https:\\\/\\\/concept05design.com\\\/wp-content\\\/uploads\\\/2025\\\/07\\\/ROMAN_496d0870-4107-4be4-bcec-b5d345376ac4.webp\",\"contentUrl\":\"https:\\\/\\\/concept05design.com\\\/wp-content\\\/uploads\\\/2025\\\/07\\\/ROMAN_496d0870-4107-4be4-bcec-b5d345376ac4.webp\",\"width\":600,\"height\":600},{\"@type\":\"BreadcrumbList\",\"@id\":\"https:\\\/\\\/concept05design.com\\\/en\\\/produit\\\/roman\\\/#breadcrumb\",\"itemListElement\":[{\"@type\":\"ListItem\",\"position\":1,\"name\":\"Accueil\",\"item\":\"https:\\\/\\\/concept05design.com\\\/en\\\/\"},{\"@type\":\"ListItem\",\"position\":2,\"name\":\"Shop\",\"item\":\"https:\\\/\\\/concept05design.com\\\/shop\\\/\"},{\"@type\":\"ListItem\",\"position\":3,\"name\":\"Roman\"}]},{\"@type\":\"WebSite\",\"@id\":\"https:\\\/\\\/concept05design.com\\\/en\\\/#website\",\"url\":\"https:\\\/\\\/concept05design.com\\\/en\\\/\",\"name\":\"Concept 05 Design\",\"description\":\"Du Concept \u00e0 la R\u00e9alit\u00e9 : Votre Vision, Notre Mission\",\"potentialAction\":[{\"@type\":\"SearchAction\",\"target\":{\"@type\":\"EntryPoint\",\"urlTemplate\":\"https:\\\/\\\/concept05design.com\\\/en\\\/?s={search_term_string}\"},\"query-input\":{\"@type\":\"PropertyValueSpecification\",\"valueRequired\":true,\"valueName\":\"search_term_string\"}}],\"inLanguage\":\"en-US\"}]}<\/script>\n<!-- \/ Yoast SEO plugin. -->","yoast_head_json":{"title":"Roman - Concept 05 Design","robots":{"index":"index","follow":"follow","max-snippet":"max-snippet:-1","max-image-preview":"max-image-preview:large","max-video-preview":"max-video-preview:-1"},"canonical":"https:\/\/concept05design.com\/en\/produit\/roman\/","og_locale":"en_US","og_type":"article","og_title":"Roman - Concept 05 Design","og_description":"With its angular lines, ROMAN is the perfect complement to any modern bathroom. Its high, elongated spout offers more space between sink and faucet, making hand-washing more comfortable. Its unique handle makes it easy to control temperature and flow, while its solid brass construction and ceramic cartridge ensure excellent durability.  &nbsp;","og_url":"https:\/\/concept05design.com\/en\/produit\/roman\/","og_site_name":"Concept 05 Design","article_modified_time":"2025-07-26T20:02:57+00:00","og_image":[{"width":600,"height":600,"url":"https:\/\/concept05design.com\/wp-content\/uploads\/2025\/07\/ROMAN_496d0870-4107-4be4-bcec-b5d345376ac4.webp","type":"image\/webp"}],"twitter_card":"summary_large_image","schema":{"@context":"https:\/\/schema.org","@graph":[{"@type":"WebPage","@id":"https:\/\/concept05design.com\/en\/produit\/roman\/","url":"https:\/\/concept05design.com\/en\/produit\/roman\/","name":"Roman - Concept 05 Design","isPartOf":{"@id":"https:\/\/concept05design.com\/en\/#website"},"primaryImageOfPage":{"@id":"https:\/\/concept05design.com\/en\/produit\/roman\/#primaryimage"},"image":{"@id":"https:\/\/concept05design.com\/en\/produit\/roman\/#primaryimage"},"thumbnailUrl":"https:\/\/concept05design.com\/wp-content\/uploads\/2025\/07\/ROMAN_496d0870-4107-4be4-bcec-b5d345376ac4.webp","datePublished":"2025-07-26T20:02:22+00:00","dateModified":"2025-07-26T20:02:57+00:00","breadcrumb":{"@id":"https:\/\/concept05design.com\/en\/produit\/roman\/#breadcrumb"},"inLanguage":"en-US","potentialAction":[{"@type":"ReadAction","target":["https:\/\/concept05design.com\/en\/produit\/roman\/"]}]},{"@type":"ImageObject","inLanguage":"en-US","@id":"https:\/\/concept05design.com\/en\/produit\/roman\/#primaryimage","url":"https:\/\/concept05design.com\/wp-content\/uploads\/2025\/07\/ROMAN_496d0870-4107-4be4-bcec-b5d345376ac4.webp","contentUrl":"https:\/\/concept05design.com\/wp-content\/uploads\/2025\/07\/ROMAN_496d0870-4107-4be4-bcec-b5d345376ac4.webp","width":600,"height":600},{"@type":"BreadcrumbList","@id":"https:\/\/concept05design.com\/en\/produit\/roman\/#breadcrumb","itemListElement":[{"@type":"ListItem","position":1,"name":"Accueil","item":"https:\/\/concept05design.com\/en\/"},{"@type":"ListItem","position":2,"name":"Shop","item":"https:\/\/concept05design.com\/shop\/"},{"@type":"ListItem","position":3,"name":"Roman"}]},{"@type":"WebSite","@id":"https:\/\/concept05design.com\/en\/#website","url":"https:\/\/concept05design.com\/en\/","name":"Concept 05 Design","description":"Du Concept \u00e0 la R\u00e9alit\u00e9 : Votre Vision, Notre Mission","potentialAction":[{"@type":"SearchAction","target":{"@type":"EntryPoint","urlTemplate":"https:\/\/concept05design.com\/en\/?s={search_term_string}"},"query-input":{"@type":"PropertyValueSpecification","valueRequired":true,"valueName":"search_term_string"}}],"inLanguage":"en-US"}]}},"_links":{"self":[{"href":"https:\/\/concept05design.com\/en\/wp-json\/wp\/v2\/product\/5959","targetHints":{"allow":["GET"]}}],"collection":[{"href":"https:\/\/concept05design.com\/en\/wp-json\/wp\/v2\/product"}],"about":[{"href":"https:\/\/concept05design.com\/en\/wp-json\/wp\/v2\/types\/product"}],"wp:featuredmedia":[{"embeddable":true,"href":"https:\/\/concept05design.com\/en\/wp-json\/wp\/v2\/media\/5958"}],"wp:attachment":[{"href":"https:\/\/concept05design.com\/en\/wp-json\/wp\/v2\/media?parent=5959"}],"wp:term":[{"taxonomy":"product_brand","embeddable":true,"href":"https:\/\/concept05design.com\/en\/wp-json\/wp\/v2\/product_brand?post=5959"},{"taxonomy":"product_cat","embeddable":true,"href":"https:\/\/concept05design.com\/en\/wp-json\/wp\/v2\/product_cat?post=5959"},{"taxonomy":"product_tag","embeddable":true,"href":"https:\/\/concept05design.com\/en\/wp-json\/wp\/v2\/product_tag?post=5959"}],"curies":[{"name":"wp","href":"https:\/\/api.w.org\/{rel}","templated":true}]}}