{"id":5969,"date":"2025-07-26T20:05:59","date_gmt":"2025-07-26T20:05:59","guid":{"rendered":"https:\/\/concept05design.com\/produit\/renata\/"},"modified":"2025-07-26T20:06:36","modified_gmt":"2025-07-26T20:06:36","slug":"renata","status":"publish","type":"product","link":"https:\/\/concept05design.com\/en\/produit\/renata\/","title":{"rendered":"Renata"},"content":{"rendered":"<article class=\"text-token-text-primary w-full\" dir=\"auto\" data-testid=\"conversation-turn-146\" data-scroll-anchor=\"true\">\n<div class=\"text-base my-auto mx-auto pb-10 [--thread-content-margin:--spacing(4)] @[37rem]:[--thread-content-margin:--spacing(6)] @[72rem]:[--thread-content-margin:--spacing(16)] px-(--thread-content-margin)\">\n<div class=\"[--thread-content-max-width:32rem] @[34rem]:[--thread-content-max-width:40rem] @[64rem]:[--thread-content-max-width:48rem] mx-auto max-w-(--thread-content-max-width) flex-1 group\/turn-messages focus-visible:outline-hidden relative flex w-full min-w-0 flex-col agent-turn\" tabindex=\"-1\">\n<div class=\"flex max-w-full flex-col grow\">\n<div class=\"min-h-8 text-message relative flex w-full flex-col items-end gap-2 text-start break-words whitespace-normal [.text-message+&amp;]:mt-5\" dir=\"auto\" data-message-author-role=\"assistant\" data-message-id=\"7d1c7a2c-a7a5-4150-a64d-677489da3827\" data-message-model-slug=\"gpt-4o\">\n<div class=\"flex w-full flex-col gap-1 empty:hidden first:pt-[3px]\">\n<div class=\"markdown prose dark:prose-invert w-full break-words dark\">\n<p data-start=\"325\" data-end=\"347\"><strong data-start=\"325\" data-end=\"345\">Features<\/strong><\/p>\n<ul data-start=\"348\" data-end=\"623\">\n<li data-start=\"348\" data-end=\"381\">\n<p data-start=\"350\" data-end=\"381\">Solid brass construction<\/p>\n<\/li>\n<li data-start=\"382\" data-end=\"413\">\n<p data-start=\"384\" data-end=\"413\">Single-hole installation<\/p>\n<\/li>\n<li data-start=\"414\" data-end=\"459\">\n<p data-start=\"416\" data-end=\"459\">Single handle for easy control<\/p>\n<\/li>\n<li data-start=\"460\" data-end=\"488\">\n<p data-start=\"462\" data-end=\"488\">Corrosion-resistant<\/p>\n<\/li>\n<li data-start=\"489\" data-end=\"515\">\n<p data-start=\"491\" data-end=\"515\">Ceramic cartridge<\/p>\n<\/li>\n<li data-start=\"516\" data-end=\"556\">\n<p data-start=\"518\" data-end=\"556\">Pressure regulation system<\/p>\n<\/li>\n<li data-start=\"557\" data-end=\"590\">\n<p data-start=\"559\" data-end=\"590\">3\/8&#8243; pipe connection<\/p>\n<\/li>\n<li data-start=\"591\" data-end=\"623\">\n<p data-start=\"593\" data-end=\"623\">Flow: 1.2 gpm max at 60 psi<\/p>\n<\/li>\n<\/ul>\n<p data-start=\"625\" data-end=\"645\"><strong data-start=\"625\" data-end=\"643\">Specifications<\/strong><\/p>\n<ul data-start=\"646\" data-end=\"865\" data-is-last-node=\"\" data-is-only-node=\"\">\n<li data-start=\"646\" data-end=\"719\">\n<p data-start=\"648\" data-end=\"719\">Available finishes: Brushed nickel, matt black and brushed brass (gold)<\/p>\n<\/li>\n<li data-start=\"720\" data-end=\"773\">\n<p data-start=\"722\" data-end=\"773\">CSA (B125.1-18) and CUPC (ASME A112.18.1) certified<\/p>\n<\/li>\n<li data-start=\"774\" data-end=\"809\">\n<p data-start=\"776\" data-end=\"809\">Lifetime cartridge warranty<\/p>\n<\/li>\n<li data-start=\"810\" data-end=\"865\" data-is-last-node=\"\">\n<p data-start=\"812\" data-end=\"865\" data-is-last-node=\"\">15-year warranty on brushed brass (gold) finish<\/p>\n<\/li>\n<\/ul>\n<\/div>\n<\/div>\n<\/div>\n<\/div>\n<div class=\"mx-[var(--mini-thread-content-inset)]\">\n<div class=\"flex min-h-[46px] justify-start\"><\/div>\n<\/div>\n<\/div>\n<\/div>\n<\/article>\n","protected":false},"excerpt":{"rendered":"<p>The color combination and unique design evoke a futuristic, modern style. Its discreet handle makes it easy to control temperature and flow, while providing a sleek, original appearance. This faucet is sure to stand out in any bathroom!  <\/p>\n<p>&nbsp;<\/p>\n<p><img decoding=\"async\" class=\"alignnone size-medium wp-image-5967\" src=\"https:\/\/concept05design.com\/wp-content\/uploads\/2025\/07\/Untitled-44-300x296.png\" alt=\"\" width=\"300\" height=\"296\" srcset=\"https:\/\/concept05design.com\/wp-content\/uploads\/2025\/07\/Untitled-44-66x66.png 66w, https:\/\/concept05design.com\/wp-content\/uploads\/2025\/07\/Untitled-44-200x197.png 200w, https:\/\/concept05design.com\/wp-content\/uploads\/2025\/07\/Untitled-44-300x296.png 300w, https:\/\/concept05design.com\/wp-content\/uploads\/2025\/07\/Untitled-44.png 355w\" sizes=\"(max-width: 300px) 100vw, 300px\" \/><\/p>\n","protected":false},"featured_media":5966,"template":"","meta":[],"product_brand":[],"product_cat":[418,433],"product_tag":[],"class_list":{"0":"post-5969","1":"product","2":"type-product","3":"status-publish","4":"has-post-thumbnail","6":"product_cat-bathroom","7":"product_cat-faucet-en","9":"first","10":"instock","11":"shipping-taxable","12":"product-type-simple"},"yoast_head":"<!-- This site is optimized with the Yoast SEO plugin v27.4 - https:\/\/yoast.com\/product\/yoast-seo-wordpress\/ -->\n<title>Renata - Concept 05 Design<\/title>\n<meta name=\"robots\" content=\"index, follow, max-snippet:-1, max-image-preview:large, max-video-preview:-1\" \/>\n<link rel=\"canonical\" href=\"https:\/\/concept05design.com\/en\/produit\/renata\/\" \/>\n<meta property=\"og:locale\" content=\"en_US\" \/>\n<meta property=\"og:type\" content=\"article\" \/>\n<meta property=\"og:title\" content=\"Renata - Concept 05 Design\" \/>\n<meta property=\"og:description\" content=\"The color combination and unique design evoke a futuristic, modern style. Its discreet handle makes it easy to control temperature and flow, while providing a sleek, original appearance. This faucet is sure to stand out in any bathroom!  &nbsp;\" \/>\n<meta property=\"og:url\" content=\"https:\/\/concept05design.com\/en\/produit\/renata\/\" \/>\n<meta property=\"og:site_name\" content=\"Concept 05 Design\" \/>\n<meta property=\"article:modified_time\" content=\"2025-07-26T20:06:36+00:00\" \/>\n<meta property=\"og:image\" content=\"https:\/\/concept05design.com\/wp-content\/uploads\/2025\/07\/RENATA-GD_f83e8daf-f991-49b4-952a-ddd3c300f43c.webp\" \/>\n\t<meta property=\"og:image:width\" content=\"600\" \/>\n\t<meta property=\"og:image:height\" content=\"600\" \/>\n\t<meta property=\"og:image:type\" content=\"image\/webp\" \/>\n<meta name=\"twitter:card\" content=\"summary_large_image\" \/>\n<script type=\"application\/ld+json\" class=\"yoast-schema-graph\">{\"@context\":\"https:\\\/\\\/schema.org\",\"@graph\":[{\"@type\":\"WebPage\",\"@id\":\"https:\\\/\\\/concept05design.com\\\/en\\\/produit\\\/renata\\\/\",\"url\":\"https:\\\/\\\/concept05design.com\\\/en\\\/produit\\\/renata\\\/\",\"name\":\"Renata - Concept 05 Design\",\"isPartOf\":{\"@id\":\"https:\\\/\\\/concept05design.com\\\/en\\\/#website\"},\"primaryImageOfPage\":{\"@id\":\"https:\\\/\\\/concept05design.com\\\/en\\\/produit\\\/renata\\\/#primaryimage\"},\"image\":{\"@id\":\"https:\\\/\\\/concept05design.com\\\/en\\\/produit\\\/renata\\\/#primaryimage\"},\"thumbnailUrl\":\"https:\\\/\\\/concept05design.com\\\/wp-content\\\/uploads\\\/2025\\\/07\\\/RENATA-GD_f83e8daf-f991-49b4-952a-ddd3c300f43c.webp\",\"datePublished\":\"2025-07-26T20:05:59+00:00\",\"dateModified\":\"2025-07-26T20:06:36+00:00\",\"breadcrumb\":{\"@id\":\"https:\\\/\\\/concept05design.com\\\/en\\\/produit\\\/renata\\\/#breadcrumb\"},\"inLanguage\":\"en-US\",\"potentialAction\":[{\"@type\":\"ReadAction\",\"target\":[\"https:\\\/\\\/concept05design.com\\\/en\\\/produit\\\/renata\\\/\"]}]},{\"@type\":\"ImageObject\",\"inLanguage\":\"en-US\",\"@id\":\"https:\\\/\\\/concept05design.com\\\/en\\\/produit\\\/renata\\\/#primaryimage\",\"url\":\"https:\\\/\\\/concept05design.com\\\/wp-content\\\/uploads\\\/2025\\\/07\\\/RENATA-GD_f83e8daf-f991-49b4-952a-ddd3c300f43c.webp\",\"contentUrl\":\"https:\\\/\\\/concept05design.com\\\/wp-content\\\/uploads\\\/2025\\\/07\\\/RENATA-GD_f83e8daf-f991-49b4-952a-ddd3c300f43c.webp\",\"width\":600,\"height\":600},{\"@type\":\"BreadcrumbList\",\"@id\":\"https:\\\/\\\/concept05design.com\\\/en\\\/produit\\\/renata\\\/#breadcrumb\",\"itemListElement\":[{\"@type\":\"ListItem\",\"position\":1,\"name\":\"Accueil\",\"item\":\"https:\\\/\\\/concept05design.com\\\/en\\\/\"},{\"@type\":\"ListItem\",\"position\":2,\"name\":\"Shop\",\"item\":\"https:\\\/\\\/concept05design.com\\\/shop\\\/\"},{\"@type\":\"ListItem\",\"position\":3,\"name\":\"Renata\"}]},{\"@type\":\"WebSite\",\"@id\":\"https:\\\/\\\/concept05design.com\\\/en\\\/#website\",\"url\":\"https:\\\/\\\/concept05design.com\\\/en\\\/\",\"name\":\"Concept 05 Design\",\"description\":\"Du Concept \u00e0 la R\u00e9alit\u00e9 : Votre Vision, Notre Mission\",\"potentialAction\":[{\"@type\":\"SearchAction\",\"target\":{\"@type\":\"EntryPoint\",\"urlTemplate\":\"https:\\\/\\\/concept05design.com\\\/en\\\/?s={search_term_string}\"},\"query-input\":{\"@type\":\"PropertyValueSpecification\",\"valueRequired\":true,\"valueName\":\"search_term_string\"}}],\"inLanguage\":\"en-US\"}]}<\/script>\n<!-- \/ Yoast SEO plugin. -->","yoast_head_json":{"title":"Renata - Concept 05 Design","robots":{"index":"index","follow":"follow","max-snippet":"max-snippet:-1","max-image-preview":"max-image-preview:large","max-video-preview":"max-video-preview:-1"},"canonical":"https:\/\/concept05design.com\/en\/produit\/renata\/","og_locale":"en_US","og_type":"article","og_title":"Renata - Concept 05 Design","og_description":"The color combination and unique design evoke a futuristic, modern style. Its discreet handle makes it easy to control temperature and flow, while providing a sleek, original appearance. This faucet is sure to stand out in any bathroom!  &nbsp;","og_url":"https:\/\/concept05design.com\/en\/produit\/renata\/","og_site_name":"Concept 05 Design","article_modified_time":"2025-07-26T20:06:36+00:00","og_image":[{"width":600,"height":600,"url":"https:\/\/concept05design.com\/wp-content\/uploads\/2025\/07\/RENATA-GD_f83e8daf-f991-49b4-952a-ddd3c300f43c.webp","type":"image\/webp"}],"twitter_card":"summary_large_image","schema":{"@context":"https:\/\/schema.org","@graph":[{"@type":"WebPage","@id":"https:\/\/concept05design.com\/en\/produit\/renata\/","url":"https:\/\/concept05design.com\/en\/produit\/renata\/","name":"Renata - Concept 05 Design","isPartOf":{"@id":"https:\/\/concept05design.com\/en\/#website"},"primaryImageOfPage":{"@id":"https:\/\/concept05design.com\/en\/produit\/renata\/#primaryimage"},"image":{"@id":"https:\/\/concept05design.com\/en\/produit\/renata\/#primaryimage"},"thumbnailUrl":"https:\/\/concept05design.com\/wp-content\/uploads\/2025\/07\/RENATA-GD_f83e8daf-f991-49b4-952a-ddd3c300f43c.webp","datePublished":"2025-07-26T20:05:59+00:00","dateModified":"2025-07-26T20:06:36+00:00","breadcrumb":{"@id":"https:\/\/concept05design.com\/en\/produit\/renata\/#breadcrumb"},"inLanguage":"en-US","potentialAction":[{"@type":"ReadAction","target":["https:\/\/concept05design.com\/en\/produit\/renata\/"]}]},{"@type":"ImageObject","inLanguage":"en-US","@id":"https:\/\/concept05design.com\/en\/produit\/renata\/#primaryimage","url":"https:\/\/concept05design.com\/wp-content\/uploads\/2025\/07\/RENATA-GD_f83e8daf-f991-49b4-952a-ddd3c300f43c.webp","contentUrl":"https:\/\/concept05design.com\/wp-content\/uploads\/2025\/07\/RENATA-GD_f83e8daf-f991-49b4-952a-ddd3c300f43c.webp","width":600,"height":600},{"@type":"BreadcrumbList","@id":"https:\/\/concept05design.com\/en\/produit\/renata\/#breadcrumb","itemListElement":[{"@type":"ListItem","position":1,"name":"Accueil","item":"https:\/\/concept05design.com\/en\/"},{"@type":"ListItem","position":2,"name":"Shop","item":"https:\/\/concept05design.com\/shop\/"},{"@type":"ListItem","position":3,"name":"Renata"}]},{"@type":"WebSite","@id":"https:\/\/concept05design.com\/en\/#website","url":"https:\/\/concept05design.com\/en\/","name":"Concept 05 Design","description":"Du Concept \u00e0 la R\u00e9alit\u00e9 : Votre Vision, Notre Mission","potentialAction":[{"@type":"SearchAction","target":{"@type":"EntryPoint","urlTemplate":"https:\/\/concept05design.com\/en\/?s={search_term_string}"},"query-input":{"@type":"PropertyValueSpecification","valueRequired":true,"valueName":"search_term_string"}}],"inLanguage":"en-US"}]}},"_links":{"self":[{"href":"https:\/\/concept05design.com\/en\/wp-json\/wp\/v2\/product\/5969","targetHints":{"allow":["GET"]}}],"collection":[{"href":"https:\/\/concept05design.com\/en\/wp-json\/wp\/v2\/product"}],"about":[{"href":"https:\/\/concept05design.com\/en\/wp-json\/wp\/v2\/types\/product"}],"wp:featuredmedia":[{"embeddable":true,"href":"https:\/\/concept05design.com\/en\/wp-json\/wp\/v2\/media\/5966"}],"wp:attachment":[{"href":"https:\/\/concept05design.com\/en\/wp-json\/wp\/v2\/media?parent=5969"}],"wp:term":[{"taxonomy":"product_brand","embeddable":true,"href":"https:\/\/concept05design.com\/en\/wp-json\/wp\/v2\/product_brand?post=5969"},{"taxonomy":"product_cat","embeddable":true,"href":"https:\/\/concept05design.com\/en\/wp-json\/wp\/v2\/product_cat?post=5969"},{"taxonomy":"product_tag","embeddable":true,"href":"https:\/\/concept05design.com\/en\/wp-json\/wp\/v2\/product_tag?post=5969"}],"curies":[{"name":"wp","href":"https:\/\/api.w.org\/{rel}","templated":true}]}}