{"id":5975,"date":"2025-07-26T20:07:51","date_gmt":"2025-07-26T20:07:51","guid":{"rendered":"https:\/\/concept05design.com\/produit\/ragna\/"},"modified":"2025-07-26T20:08:22","modified_gmt":"2025-07-26T20:08:22","slug":"ragna","status":"publish","type":"product","link":"https:\/\/concept05design.com\/en\/produit\/ragna\/","title":{"rendered":"Ragna"},"content":{"rendered":"<p data-start=\"454\" data-end=\"476\"><strong data-start=\"454\" data-end=\"474\">Features<\/strong><\/p>\n<ul data-start=\"477\" data-end=\"753\">\n<li data-start=\"477\" data-end=\"510\">\n<p data-start=\"479\" data-end=\"510\">Solid brass construction<\/p>\n<\/li>\n<li data-start=\"511\" data-end=\"542\">\n<p data-start=\"513\" data-end=\"542\">Single-hole installation<\/p>\n<\/li>\n<li data-start=\"543\" data-end=\"588\">\n<p data-start=\"545\" data-end=\"588\">Single handle for easy control<\/p>\n<\/li>\n<li data-start=\"589\" data-end=\"618\">\n<p data-start=\"591\" data-end=\"618\">Corrosion resistance<\/p>\n<\/li>\n<li data-start=\"619\" data-end=\"645\">\n<p data-start=\"621\" data-end=\"645\">Ceramic cartridge<\/p>\n<\/li>\n<li data-start=\"646\" data-end=\"686\">\n<p data-start=\"648\" data-end=\"686\">Pressure regulation system<\/p>\n<\/li>\n<li data-start=\"687\" data-end=\"720\">\n<p data-start=\"689\" data-end=\"720\">3\/8&#8243; pipe connection<\/p>\n<\/li>\n<li data-start=\"721\" data-end=\"753\">\n<p data-start=\"723\" data-end=\"753\">Flow rate: 1.9 gpm max at 60 psi<\/p>\n<\/li>\n<\/ul>\n<p data-start=\"755\" data-end=\"775\"><strong data-start=\"755\" data-end=\"773\">Specifications<\/strong><\/p>\n<ul data-start=\"776\" data-end=\"942\" data-is-last-node=\"\" data-is-only-node=\"\">\n<li data-start=\"776\" data-end=\"808\">\n<p data-start=\"778\" data-end=\"808\">Available finish: Chrome<\/p>\n<\/li>\n<li data-start=\"809\" data-end=\"862\">\n<p data-start=\"811\" data-end=\"862\">CSA (B125.1-18) and CUPC (ASME A112.18.1) certified<\/p>\n<\/li>\n<li data-start=\"863\" data-end=\"898\">\n<p data-start=\"865\" data-end=\"898\">Lifetime cartridge warranty<\/p>\n<\/li>\n<li data-start=\"899\" data-end=\"942\" data-is-last-node=\"\">\n<p data-start=\"901\" data-end=\"942\" data-is-last-node=\"\">15-year warranty on chrome finish<\/p>\n<\/li>\n<\/ul>\n","protected":false},"excerpt":{"rendered":"<p>Combining traditional curves with sleek contemporary lines, the <strong data-start=\"94\" data-end=\"103\">RAGNA<\/strong> model will stand out in any bathroom. Its unique handle makes it easy to control temperature and flow. Its solid brass construction and ceramic cartridge guarantee exceptional durability. Its height allows more space and the shape of the spout softens the water jet for more pleasant hand-washing.   <\/p>\n<p>&nbsp;<\/p>\n<p><img decoding=\"async\" class=\"alignnone size-medium wp-image-5971\" src=\"https:\/\/concept05design.com\/wp-content\/uploads\/2025\/07\/Untitled-45-268x300.png\" alt=\"\" width=\"268\" height=\"300\" srcset=\"https:\/\/concept05design.com\/wp-content\/uploads\/2025\/07\/Untitled-45-200x224.png 200w, https:\/\/concept05design.com\/wp-content\/uploads\/2025\/07\/Untitled-45-268x300.png 268w, https:\/\/concept05design.com\/wp-content\/uploads\/2025\/07\/Untitled-45.png 297w\" sizes=\"(max-width: 268px) 100vw, 268px\" \/><\/p>\n","protected":false},"featured_media":5974,"template":"","meta":[],"product_brand":[],"product_cat":[418,433],"product_tag":[],"class_list":{"0":"post-5975","1":"product","2":"type-product","3":"status-publish","4":"has-post-thumbnail","6":"product_cat-bathroom","7":"product_cat-faucet-en","9":"first","10":"instock","11":"shipping-taxable","12":"product-type-simple"},"yoast_head":"<!-- This site is optimized with the Yoast SEO plugin v27.4 - https:\/\/yoast.com\/product\/yoast-seo-wordpress\/ -->\n<title>Ragna - Concept 05 Design<\/title>\n<meta name=\"robots\" content=\"index, follow, max-snippet:-1, max-image-preview:large, max-video-preview:-1\" \/>\n<link rel=\"canonical\" href=\"https:\/\/concept05design.com\/en\/produit\/ragna\/\" \/>\n<meta property=\"og:locale\" content=\"en_US\" \/>\n<meta property=\"og:type\" content=\"article\" \/>\n<meta property=\"og:title\" content=\"Ragna - Concept 05 Design\" \/>\n<meta property=\"og:description\" content=\"Combining traditional curves with sleek contemporary lines, the RAGNA model will stand out in any bathroom. Its unique handle makes it easy to control temperature and flow. Its solid brass construction and ceramic cartridge guarantee exceptional durability. Its height allows more space and the shape of the spout softens the water jet for more pleasant hand-washing.   &nbsp;\" \/>\n<meta property=\"og:url\" content=\"https:\/\/concept05design.com\/en\/produit\/ragna\/\" \/>\n<meta property=\"og:site_name\" content=\"Concept 05 Design\" \/>\n<meta property=\"article:modified_time\" content=\"2025-07-26T20:08:22+00:00\" \/>\n<meta property=\"og:image\" content=\"https:\/\/concept05design.com\/wp-content\/uploads\/2025\/07\/RAGNA.webp\" \/>\n\t<meta property=\"og:image:width\" content=\"600\" \/>\n\t<meta property=\"og:image:height\" content=\"600\" \/>\n\t<meta property=\"og:image:type\" content=\"image\/webp\" \/>\n<meta name=\"twitter:card\" content=\"summary_large_image\" \/>\n<script type=\"application\/ld+json\" class=\"yoast-schema-graph\">{\"@context\":\"https:\\\/\\\/schema.org\",\"@graph\":[{\"@type\":\"WebPage\",\"@id\":\"https:\\\/\\\/concept05design.com\\\/en\\\/produit\\\/ragna\\\/\",\"url\":\"https:\\\/\\\/concept05design.com\\\/en\\\/produit\\\/ragna\\\/\",\"name\":\"Ragna - Concept 05 Design\",\"isPartOf\":{\"@id\":\"https:\\\/\\\/concept05design.com\\\/en\\\/#website\"},\"primaryImageOfPage\":{\"@id\":\"https:\\\/\\\/concept05design.com\\\/en\\\/produit\\\/ragna\\\/#primaryimage\"},\"image\":{\"@id\":\"https:\\\/\\\/concept05design.com\\\/en\\\/produit\\\/ragna\\\/#primaryimage\"},\"thumbnailUrl\":\"https:\\\/\\\/concept05design.com\\\/wp-content\\\/uploads\\\/2025\\\/07\\\/RAGNA.webp\",\"datePublished\":\"2025-07-26T20:07:51+00:00\",\"dateModified\":\"2025-07-26T20:08:22+00:00\",\"breadcrumb\":{\"@id\":\"https:\\\/\\\/concept05design.com\\\/en\\\/produit\\\/ragna\\\/#breadcrumb\"},\"inLanguage\":\"en-US\",\"potentialAction\":[{\"@type\":\"ReadAction\",\"target\":[\"https:\\\/\\\/concept05design.com\\\/en\\\/produit\\\/ragna\\\/\"]}]},{\"@type\":\"ImageObject\",\"inLanguage\":\"en-US\",\"@id\":\"https:\\\/\\\/concept05design.com\\\/en\\\/produit\\\/ragna\\\/#primaryimage\",\"url\":\"https:\\\/\\\/concept05design.com\\\/wp-content\\\/uploads\\\/2025\\\/07\\\/RAGNA.webp\",\"contentUrl\":\"https:\\\/\\\/concept05design.com\\\/wp-content\\\/uploads\\\/2025\\\/07\\\/RAGNA.webp\",\"width\":600,\"height\":600},{\"@type\":\"BreadcrumbList\",\"@id\":\"https:\\\/\\\/concept05design.com\\\/en\\\/produit\\\/ragna\\\/#breadcrumb\",\"itemListElement\":[{\"@type\":\"ListItem\",\"position\":1,\"name\":\"Accueil\",\"item\":\"https:\\\/\\\/concept05design.com\\\/en\\\/\"},{\"@type\":\"ListItem\",\"position\":2,\"name\":\"Shop\",\"item\":\"https:\\\/\\\/concept05design.com\\\/shop\\\/\"},{\"@type\":\"ListItem\",\"position\":3,\"name\":\"Ragna\"}]},{\"@type\":\"WebSite\",\"@id\":\"https:\\\/\\\/concept05design.com\\\/en\\\/#website\",\"url\":\"https:\\\/\\\/concept05design.com\\\/en\\\/\",\"name\":\"Concept 05 Design\",\"description\":\"Du Concept \u00e0 la R\u00e9alit\u00e9 : Votre Vision, Notre Mission\",\"potentialAction\":[{\"@type\":\"SearchAction\",\"target\":{\"@type\":\"EntryPoint\",\"urlTemplate\":\"https:\\\/\\\/concept05design.com\\\/en\\\/?s={search_term_string}\"},\"query-input\":{\"@type\":\"PropertyValueSpecification\",\"valueRequired\":true,\"valueName\":\"search_term_string\"}}],\"inLanguage\":\"en-US\"}]}<\/script>\n<!-- \/ Yoast SEO plugin. -->","yoast_head_json":{"title":"Ragna - Concept 05 Design","robots":{"index":"index","follow":"follow","max-snippet":"max-snippet:-1","max-image-preview":"max-image-preview:large","max-video-preview":"max-video-preview:-1"},"canonical":"https:\/\/concept05design.com\/en\/produit\/ragna\/","og_locale":"en_US","og_type":"article","og_title":"Ragna - Concept 05 Design","og_description":"Combining traditional curves with sleek contemporary lines, the RAGNA model will stand out in any bathroom. Its unique handle makes it easy to control temperature and flow. Its solid brass construction and ceramic cartridge guarantee exceptional durability. Its height allows more space and the shape of the spout softens the water jet for more pleasant hand-washing.   &nbsp;","og_url":"https:\/\/concept05design.com\/en\/produit\/ragna\/","og_site_name":"Concept 05 Design","article_modified_time":"2025-07-26T20:08:22+00:00","og_image":[{"width":600,"height":600,"url":"https:\/\/concept05design.com\/wp-content\/uploads\/2025\/07\/RAGNA.webp","type":"image\/webp"}],"twitter_card":"summary_large_image","schema":{"@context":"https:\/\/schema.org","@graph":[{"@type":"WebPage","@id":"https:\/\/concept05design.com\/en\/produit\/ragna\/","url":"https:\/\/concept05design.com\/en\/produit\/ragna\/","name":"Ragna - Concept 05 Design","isPartOf":{"@id":"https:\/\/concept05design.com\/en\/#website"},"primaryImageOfPage":{"@id":"https:\/\/concept05design.com\/en\/produit\/ragna\/#primaryimage"},"image":{"@id":"https:\/\/concept05design.com\/en\/produit\/ragna\/#primaryimage"},"thumbnailUrl":"https:\/\/concept05design.com\/wp-content\/uploads\/2025\/07\/RAGNA.webp","datePublished":"2025-07-26T20:07:51+00:00","dateModified":"2025-07-26T20:08:22+00:00","breadcrumb":{"@id":"https:\/\/concept05design.com\/en\/produit\/ragna\/#breadcrumb"},"inLanguage":"en-US","potentialAction":[{"@type":"ReadAction","target":["https:\/\/concept05design.com\/en\/produit\/ragna\/"]}]},{"@type":"ImageObject","inLanguage":"en-US","@id":"https:\/\/concept05design.com\/en\/produit\/ragna\/#primaryimage","url":"https:\/\/concept05design.com\/wp-content\/uploads\/2025\/07\/RAGNA.webp","contentUrl":"https:\/\/concept05design.com\/wp-content\/uploads\/2025\/07\/RAGNA.webp","width":600,"height":600},{"@type":"BreadcrumbList","@id":"https:\/\/concept05design.com\/en\/produit\/ragna\/#breadcrumb","itemListElement":[{"@type":"ListItem","position":1,"name":"Accueil","item":"https:\/\/concept05design.com\/en\/"},{"@type":"ListItem","position":2,"name":"Shop","item":"https:\/\/concept05design.com\/shop\/"},{"@type":"ListItem","position":3,"name":"Ragna"}]},{"@type":"WebSite","@id":"https:\/\/concept05design.com\/en\/#website","url":"https:\/\/concept05design.com\/en\/","name":"Concept 05 Design","description":"Du Concept \u00e0 la R\u00e9alit\u00e9 : Votre Vision, Notre Mission","potentialAction":[{"@type":"SearchAction","target":{"@type":"EntryPoint","urlTemplate":"https:\/\/concept05design.com\/en\/?s={search_term_string}"},"query-input":{"@type":"PropertyValueSpecification","valueRequired":true,"valueName":"search_term_string"}}],"inLanguage":"en-US"}]}},"_links":{"self":[{"href":"https:\/\/concept05design.com\/en\/wp-json\/wp\/v2\/product\/5975","targetHints":{"allow":["GET"]}}],"collection":[{"href":"https:\/\/concept05design.com\/en\/wp-json\/wp\/v2\/product"}],"about":[{"href":"https:\/\/concept05design.com\/en\/wp-json\/wp\/v2\/types\/product"}],"wp:featuredmedia":[{"embeddable":true,"href":"https:\/\/concept05design.com\/en\/wp-json\/wp\/v2\/media\/5974"}],"wp:attachment":[{"href":"https:\/\/concept05design.com\/en\/wp-json\/wp\/v2\/media?parent=5975"}],"wp:term":[{"taxonomy":"product_brand","embeddable":true,"href":"https:\/\/concept05design.com\/en\/wp-json\/wp\/v2\/product_brand?post=5975"},{"taxonomy":"product_cat","embeddable":true,"href":"https:\/\/concept05design.com\/en\/wp-json\/wp\/v2\/product_cat?post=5975"},{"taxonomy":"product_tag","embeddable":true,"href":"https:\/\/concept05design.com\/en\/wp-json\/wp\/v2\/product_tag?post=5975"}],"curies":[{"name":"wp","href":"https:\/\/api.w.org\/{rel}","templated":true}]}}