{"id":5987,"date":"2025-07-26T20:09:57","date_gmt":"2025-07-26T20:09:57","guid":{"rendered":"https:\/\/concept05design.com\/produit\/rufus\/"},"modified":"2025-07-26T20:10:26","modified_gmt":"2025-07-26T20:10:26","slug":"rufus","status":"publish","type":"product","link":"https:\/\/concept05design.com\/en\/produit\/rufus\/","title":{"rendered":"Rufus"},"content":{"rendered":"<p data-start=\"336\" data-end=\"358\"><strong data-start=\"336\" data-end=\"356\">Features<\/strong><\/p>\n<ul data-start=\"359\" data-end=\"628\">\n<li data-start=\"359\" data-end=\"392\">\n<p data-start=\"361\" data-end=\"392\">Solid brass construction<\/p>\n<\/li>\n<li data-start=\"393\" data-end=\"416\">\n<p data-start=\"395\" data-end=\"416\">Wall installation<\/p>\n<\/li>\n<li data-start=\"417\" data-end=\"462\">\n<p data-start=\"419\" data-end=\"462\">Single handle for easy control<\/p>\n<\/li>\n<li data-start=\"463\" data-end=\"492\">\n<p data-start=\"465\" data-end=\"492\">Corrosion resistance<\/p>\n<\/li>\n<li data-start=\"493\" data-end=\"519\">\n<p data-start=\"495\" data-end=\"519\">Ceramic cartridge<\/p>\n<\/li>\n<li data-start=\"520\" data-end=\"560\">\n<p data-start=\"522\" data-end=\"560\">Pressure regulation system<\/p>\n<\/li>\n<li data-start=\"561\" data-end=\"594\">\n<p data-start=\"563\" data-end=\"594\">1\/2&#8243; pipe connection<\/p>\n<\/li>\n<li data-start=\"595\" data-end=\"628\">\n<p data-start=\"597\" data-end=\"628\">Flow rate: 3.56 gpm max at 60 psi<\/p>\n<\/li>\n<\/ul>\n<p data-start=\"630\" data-end=\"650\"><strong data-start=\"630\" data-end=\"648\">Specifications<\/strong><\/p>\n<ul data-start=\"651\" data-end=\"859\" data-is-last-node=\"\" data-is-only-node=\"\">\n<li data-start=\"651\" data-end=\"717\">\n<p data-start=\"653\" data-end=\"717\">Available finishes: Chrome, matte black and brushed brass (gold)<\/p>\n<\/li>\n<li data-start=\"718\" data-end=\"779\">\n<p data-start=\"720\" data-end=\"779\">Certifications: CSA (B125.1-18) and CUPC (ASME A112.18.1)<\/p>\n<\/li>\n<li data-start=\"780\" data-end=\"815\">\n<p data-start=\"782\" data-end=\"815\">Lifetime cartridge warranty<\/p>\n<\/li>\n<li data-start=\"816\" data-end=\"859\" data-is-last-node=\"\">\n<p data-start=\"818\" data-end=\"859\" data-is-last-node=\"\">15-year warranty on chrome finish<\/p>\n<\/li>\n<\/ul>\n","protected":false},"excerpt":{"rendered":"<p>If you&#8217;re looking for a unique element to enhance your bathroom, this wall-mounted faucet is the ideal choice! Its wall-mounted installation frees up countertop space while offering a sleeker look. The unique handle allows easy control of pressure and temperature for simplified operation.  <\/p>\n<p>&nbsp;<\/p>\n<p><img decoding=\"async\" class=\"alignnone size-medium wp-image-5985\" src=\"https:\/\/concept05design.com\/wp-content\/uploads\/2025\/07\/Untitled-46-210x300.png\" alt=\"\" width=\"210\" height=\"300\" srcset=\"https:\/\/concept05design.com\/wp-content\/uploads\/2025\/07\/Untitled-46-200x285.png 200w, https:\/\/concept05design.com\/wp-content\/uploads\/2025\/07\/Untitled-46-210x300.png 210w, https:\/\/concept05design.com\/wp-content\/uploads\/2025\/07\/Untitled-46.png 310w\" sizes=\"(max-width: 210px) 100vw, 210px\" \/><\/p>\n","protected":false},"featured_media":5978,"template":"","meta":[],"product_brand":[],"product_cat":[418,433],"product_tag":[],"class_list":{"0":"post-5987","1":"product","2":"type-product","3":"status-publish","4":"has-post-thumbnail","6":"product_cat-bathroom","7":"product_cat-faucet-en","9":"first","10":"instock","11":"shipping-taxable","12":"product-type-simple"},"yoast_head":"<!-- This site is optimized with the Yoast SEO plugin v27.4 - https:\/\/yoast.com\/product\/yoast-seo-wordpress\/ -->\n<title>Rufus - Concept 05 Design<\/title>\n<meta name=\"robots\" content=\"index, follow, max-snippet:-1, max-image-preview:large, max-video-preview:-1\" \/>\n<link rel=\"canonical\" href=\"https:\/\/concept05design.com\/en\/produit\/rufus\/\" \/>\n<meta property=\"og:locale\" content=\"en_US\" \/>\n<meta property=\"og:type\" content=\"article\" \/>\n<meta property=\"og:title\" content=\"Rufus - Concept 05 Design\" \/>\n<meta property=\"og:description\" content=\"If you&#039;re looking for a unique element to enhance your bathroom, this wall-mounted faucet is the ideal choice! Its wall-mounted installation frees up countertop space while offering a sleeker look. The unique handle allows easy control of pressure and temperature for simplified operation.  &nbsp;\" \/>\n<meta property=\"og:url\" content=\"https:\/\/concept05design.com\/en\/produit\/rufus\/\" \/>\n<meta property=\"og:site_name\" content=\"Concept 05 Design\" \/>\n<meta property=\"article:modified_time\" content=\"2025-07-26T20:10:26+00:00\" \/>\n<meta property=\"og:image\" content=\"https:\/\/concept05design.com\/wp-content\/uploads\/2025\/07\/RUFUS_1a6add56-050f-4cc1-857d-77223f0513a3.webp\" \/>\n\t<meta property=\"og:image:width\" content=\"600\" \/>\n\t<meta property=\"og:image:height\" content=\"600\" \/>\n\t<meta property=\"og:image:type\" content=\"image\/webp\" \/>\n<meta name=\"twitter:card\" content=\"summary_large_image\" \/>\n<script type=\"application\/ld+json\" class=\"yoast-schema-graph\">{\"@context\":\"https:\\\/\\\/schema.org\",\"@graph\":[{\"@type\":\"WebPage\",\"@id\":\"https:\\\/\\\/concept05design.com\\\/en\\\/produit\\\/rufus\\\/\",\"url\":\"https:\\\/\\\/concept05design.com\\\/en\\\/produit\\\/rufus\\\/\",\"name\":\"Rufus - Concept 05 Design\",\"isPartOf\":{\"@id\":\"https:\\\/\\\/concept05design.com\\\/en\\\/#website\"},\"primaryImageOfPage\":{\"@id\":\"https:\\\/\\\/concept05design.com\\\/en\\\/produit\\\/rufus\\\/#primaryimage\"},\"image\":{\"@id\":\"https:\\\/\\\/concept05design.com\\\/en\\\/produit\\\/rufus\\\/#primaryimage\"},\"thumbnailUrl\":\"https:\\\/\\\/concept05design.com\\\/wp-content\\\/uploads\\\/2025\\\/07\\\/RUFUS_1a6add56-050f-4cc1-857d-77223f0513a3.webp\",\"datePublished\":\"2025-07-26T20:09:57+00:00\",\"dateModified\":\"2025-07-26T20:10:26+00:00\",\"breadcrumb\":{\"@id\":\"https:\\\/\\\/concept05design.com\\\/en\\\/produit\\\/rufus\\\/#breadcrumb\"},\"inLanguage\":\"en-US\",\"potentialAction\":[{\"@type\":\"ReadAction\",\"target\":[\"https:\\\/\\\/concept05design.com\\\/en\\\/produit\\\/rufus\\\/\"]}]},{\"@type\":\"ImageObject\",\"inLanguage\":\"en-US\",\"@id\":\"https:\\\/\\\/concept05design.com\\\/en\\\/produit\\\/rufus\\\/#primaryimage\",\"url\":\"https:\\\/\\\/concept05design.com\\\/wp-content\\\/uploads\\\/2025\\\/07\\\/RUFUS_1a6add56-050f-4cc1-857d-77223f0513a3.webp\",\"contentUrl\":\"https:\\\/\\\/concept05design.com\\\/wp-content\\\/uploads\\\/2025\\\/07\\\/RUFUS_1a6add56-050f-4cc1-857d-77223f0513a3.webp\",\"width\":600,\"height\":600},{\"@type\":\"BreadcrumbList\",\"@id\":\"https:\\\/\\\/concept05design.com\\\/en\\\/produit\\\/rufus\\\/#breadcrumb\",\"itemListElement\":[{\"@type\":\"ListItem\",\"position\":1,\"name\":\"Accueil\",\"item\":\"https:\\\/\\\/concept05design.com\\\/en\\\/\"},{\"@type\":\"ListItem\",\"position\":2,\"name\":\"Shop\",\"item\":\"https:\\\/\\\/concept05design.com\\\/shop\\\/\"},{\"@type\":\"ListItem\",\"position\":3,\"name\":\"Rufus\"}]},{\"@type\":\"WebSite\",\"@id\":\"https:\\\/\\\/concept05design.com\\\/en\\\/#website\",\"url\":\"https:\\\/\\\/concept05design.com\\\/en\\\/\",\"name\":\"Concept 05 Design\",\"description\":\"Du Concept \u00e0 la R\u00e9alit\u00e9 : Votre Vision, Notre Mission\",\"potentialAction\":[{\"@type\":\"SearchAction\",\"target\":{\"@type\":\"EntryPoint\",\"urlTemplate\":\"https:\\\/\\\/concept05design.com\\\/en\\\/?s={search_term_string}\"},\"query-input\":{\"@type\":\"PropertyValueSpecification\",\"valueRequired\":true,\"valueName\":\"search_term_string\"}}],\"inLanguage\":\"en-US\"}]}<\/script>\n<!-- \/ Yoast SEO plugin. -->","yoast_head_json":{"title":"Rufus - Concept 05 Design","robots":{"index":"index","follow":"follow","max-snippet":"max-snippet:-1","max-image-preview":"max-image-preview:large","max-video-preview":"max-video-preview:-1"},"canonical":"https:\/\/concept05design.com\/en\/produit\/rufus\/","og_locale":"en_US","og_type":"article","og_title":"Rufus - Concept 05 Design","og_description":"If you're looking for a unique element to enhance your bathroom, this wall-mounted faucet is the ideal choice! Its wall-mounted installation frees up countertop space while offering a sleeker look. The unique handle allows easy control of pressure and temperature for simplified operation.  &nbsp;","og_url":"https:\/\/concept05design.com\/en\/produit\/rufus\/","og_site_name":"Concept 05 Design","article_modified_time":"2025-07-26T20:10:26+00:00","og_image":[{"width":600,"height":600,"url":"https:\/\/concept05design.com\/wp-content\/uploads\/2025\/07\/RUFUS_1a6add56-050f-4cc1-857d-77223f0513a3.webp","type":"image\/webp"}],"twitter_card":"summary_large_image","schema":{"@context":"https:\/\/schema.org","@graph":[{"@type":"WebPage","@id":"https:\/\/concept05design.com\/en\/produit\/rufus\/","url":"https:\/\/concept05design.com\/en\/produit\/rufus\/","name":"Rufus - Concept 05 Design","isPartOf":{"@id":"https:\/\/concept05design.com\/en\/#website"},"primaryImageOfPage":{"@id":"https:\/\/concept05design.com\/en\/produit\/rufus\/#primaryimage"},"image":{"@id":"https:\/\/concept05design.com\/en\/produit\/rufus\/#primaryimage"},"thumbnailUrl":"https:\/\/concept05design.com\/wp-content\/uploads\/2025\/07\/RUFUS_1a6add56-050f-4cc1-857d-77223f0513a3.webp","datePublished":"2025-07-26T20:09:57+00:00","dateModified":"2025-07-26T20:10:26+00:00","breadcrumb":{"@id":"https:\/\/concept05design.com\/en\/produit\/rufus\/#breadcrumb"},"inLanguage":"en-US","potentialAction":[{"@type":"ReadAction","target":["https:\/\/concept05design.com\/en\/produit\/rufus\/"]}]},{"@type":"ImageObject","inLanguage":"en-US","@id":"https:\/\/concept05design.com\/en\/produit\/rufus\/#primaryimage","url":"https:\/\/concept05design.com\/wp-content\/uploads\/2025\/07\/RUFUS_1a6add56-050f-4cc1-857d-77223f0513a3.webp","contentUrl":"https:\/\/concept05design.com\/wp-content\/uploads\/2025\/07\/RUFUS_1a6add56-050f-4cc1-857d-77223f0513a3.webp","width":600,"height":600},{"@type":"BreadcrumbList","@id":"https:\/\/concept05design.com\/en\/produit\/rufus\/#breadcrumb","itemListElement":[{"@type":"ListItem","position":1,"name":"Accueil","item":"https:\/\/concept05design.com\/en\/"},{"@type":"ListItem","position":2,"name":"Shop","item":"https:\/\/concept05design.com\/shop\/"},{"@type":"ListItem","position":3,"name":"Rufus"}]},{"@type":"WebSite","@id":"https:\/\/concept05design.com\/en\/#website","url":"https:\/\/concept05design.com\/en\/","name":"Concept 05 Design","description":"Du Concept \u00e0 la R\u00e9alit\u00e9 : Votre Vision, Notre Mission","potentialAction":[{"@type":"SearchAction","target":{"@type":"EntryPoint","urlTemplate":"https:\/\/concept05design.com\/en\/?s={search_term_string}"},"query-input":{"@type":"PropertyValueSpecification","valueRequired":true,"valueName":"search_term_string"}}],"inLanguage":"en-US"}]}},"_links":{"self":[{"href":"https:\/\/concept05design.com\/en\/wp-json\/wp\/v2\/product\/5987","targetHints":{"allow":["GET"]}}],"collection":[{"href":"https:\/\/concept05design.com\/en\/wp-json\/wp\/v2\/product"}],"about":[{"href":"https:\/\/concept05design.com\/en\/wp-json\/wp\/v2\/types\/product"}],"wp:featuredmedia":[{"embeddable":true,"href":"https:\/\/concept05design.com\/en\/wp-json\/wp\/v2\/media\/5978"}],"wp:attachment":[{"href":"https:\/\/concept05design.com\/en\/wp-json\/wp\/v2\/media?parent=5987"}],"wp:term":[{"taxonomy":"product_brand","embeddable":true,"href":"https:\/\/concept05design.com\/en\/wp-json\/wp\/v2\/product_brand?post=5987"},{"taxonomy":"product_cat","embeddable":true,"href":"https:\/\/concept05design.com\/en\/wp-json\/wp\/v2\/product_cat?post=5987"},{"taxonomy":"product_tag","embeddable":true,"href":"https:\/\/concept05design.com\/en\/wp-json\/wp\/v2\/product_tag?post=5987"}],"curies":[{"name":"wp","href":"https:\/\/api.w.org\/{rel}","templated":true}]}}