{"id":5997,"date":"2025-07-26T20:15:25","date_gmt":"2025-07-26T20:15:25","guid":{"rendered":"https:\/\/concept05design.com\/produit\/riccardo\/"},"modified":"2025-07-26T20:16:54","modified_gmt":"2025-07-26T20:16:54","slug":"riccardo","status":"publish","type":"product","link":"https:\/\/concept05design.com\/en\/produit\/riccardo\/","title":{"rendered":"Riccardo"},"content":{"rendered":"<p data-start=\"372\" data-end=\"394\"><strong data-start=\"372\" data-end=\"392\">Features<\/strong><\/p>\n<ul data-start=\"395\" data-end=\"663\">\n<li data-start=\"395\" data-end=\"428\">\n<p data-start=\"397\" data-end=\"428\">Solid brass construction<\/p>\n<\/li>\n<li data-start=\"429\" data-end=\"452\">\n<p data-start=\"431\" data-end=\"452\">Wall installation<\/p>\n<\/li>\n<li data-start=\"453\" data-end=\"498\">\n<p data-start=\"455\" data-end=\"498\">Single handle for easy control<\/p>\n<\/li>\n<li data-start=\"499\" data-end=\"527\">\n<p data-start=\"501\" data-end=\"527\">Corrosion-resistant<\/p>\n<\/li>\n<li data-start=\"528\" data-end=\"554\">\n<p data-start=\"530\" data-end=\"554\">Ceramic cartridge<\/p>\n<\/li>\n<li data-start=\"555\" data-end=\"595\">\n<p data-start=\"557\" data-end=\"595\">Pressure regulation system<\/p>\n<\/li>\n<li data-start=\"596\" data-end=\"629\">\n<p data-start=\"598\" data-end=\"629\">1\/2&#8243; pipe connection<\/p>\n<\/li>\n<li data-start=\"630\" data-end=\"663\">\n<p data-start=\"632\" data-end=\"663\">Flow rate: 1.71 gpm max at 60 psi<\/p>\n<\/li>\n<\/ul>\n<p data-start=\"665\" data-end=\"685\"><strong data-start=\"665\" data-end=\"683\">Specifications<\/strong><\/p>\n<ul data-start=\"686\" data-end=\"909\" data-is-last-node=\"\" data-is-only-node=\"\">\n<li data-start=\"686\" data-end=\"752\">\n<p data-start=\"688\" data-end=\"752\">Available finishes: Chrome, matte black and brushed brass (gold)<\/p>\n<\/li>\n<li data-start=\"753\" data-end=\"814\">\n<p data-start=\"755\" data-end=\"814\">Certifications: CSA (B125.1-18) and CUPC (ASME A112.18.1)<\/p>\n<\/li>\n<li data-start=\"815\" data-end=\"850\">\n<p data-start=\"817\" data-end=\"850\">Lifetime cartridge warranty<\/p>\n<\/li>\n<li data-start=\"851\" data-end=\"909\" data-is-last-node=\"\">\n<p data-start=\"853\" data-end=\"909\" data-is-last-node=\"\">15-year warranty on brushed brass finish (gold)<\/p>\n<\/li>\n<\/ul>\n","protected":false},"excerpt":{"rendered":"<p>Straight, geometric lines, combined with minimalist styling, blend perfectly with many bathroom styles. Its unique handle makes it easy to control water temperature and flow. Thanks to its brass body and ceramic cartridge, this faucet offers great durability. An excellent addition to any sink!   <\/p>\n<p>&nbsp;<\/p>\n<p><img decoding=\"async\" class=\"alignnone size-medium wp-image-5995\" src=\"https:\/\/concept05design.com\/wp-content\/uploads\/2025\/07\/Untitled-47-207x300.png\" alt=\"\" width=\"207\" height=\"300\" srcset=\"https:\/\/concept05design.com\/wp-content\/uploads\/2025\/07\/Untitled-47-200x290.png 200w, https:\/\/concept05design.com\/wp-content\/uploads\/2025\/07\/Untitled-47-207x300.png 207w, https:\/\/concept05design.com\/wp-content\/uploads\/2025\/07\/Untitled-47.png 284w\" sizes=\"(max-width: 207px) 100vw, 207px\" \/><\/p>\n","protected":false},"featured_media":5994,"template":"","meta":[],"product_brand":[],"product_cat":[418,433],"product_tag":[],"class_list":{"0":"post-5997","1":"product","2":"type-product","3":"status-publish","4":"has-post-thumbnail","6":"product_cat-bathroom","7":"product_cat-faucet-en","9":"first","10":"instock","11":"shipping-taxable","12":"product-type-simple"},"yoast_head":"<!-- This site is optimized with the Yoast SEO plugin v27.4 - https:\/\/yoast.com\/product\/yoast-seo-wordpress\/ -->\n<title>Riccardo - Concept 05 Design<\/title>\n<meta name=\"robots\" content=\"index, follow, max-snippet:-1, max-image-preview:large, max-video-preview:-1\" \/>\n<link rel=\"canonical\" href=\"https:\/\/concept05design.com\/en\/produit\/riccardo\/\" \/>\n<meta property=\"og:locale\" content=\"en_US\" \/>\n<meta property=\"og:type\" content=\"article\" \/>\n<meta property=\"og:title\" content=\"Riccardo - Concept 05 Design\" \/>\n<meta property=\"og:description\" content=\"Straight, geometric lines, combined with minimalist styling, blend perfectly with many bathroom styles. Its unique handle makes it easy to control water temperature and flow. Thanks to its brass body and ceramic cartridge, this faucet offers great durability. An excellent addition to any sink!   &nbsp;\" \/>\n<meta property=\"og:url\" content=\"https:\/\/concept05design.com\/en\/produit\/riccardo\/\" \/>\n<meta property=\"og:site_name\" content=\"Concept 05 Design\" \/>\n<meta property=\"article:modified_time\" content=\"2025-07-26T20:16:54+00:00\" \/>\n<meta property=\"og:image\" content=\"https:\/\/concept05design.com\/wp-content\/uploads\/2025\/07\/RICCARDO.webp\" \/>\n\t<meta property=\"og:image:width\" content=\"600\" \/>\n\t<meta property=\"og:image:height\" content=\"600\" \/>\n\t<meta property=\"og:image:type\" content=\"image\/webp\" \/>\n<meta name=\"twitter:card\" content=\"summary_large_image\" \/>\n<script type=\"application\/ld+json\" class=\"yoast-schema-graph\">{\"@context\":\"https:\\\/\\\/schema.org\",\"@graph\":[{\"@type\":\"WebPage\",\"@id\":\"https:\\\/\\\/concept05design.com\\\/en\\\/produit\\\/riccardo\\\/\",\"url\":\"https:\\\/\\\/concept05design.com\\\/en\\\/produit\\\/riccardo\\\/\",\"name\":\"Riccardo - Concept 05 Design\",\"isPartOf\":{\"@id\":\"https:\\\/\\\/concept05design.com\\\/en\\\/#website\"},\"primaryImageOfPage\":{\"@id\":\"https:\\\/\\\/concept05design.com\\\/en\\\/produit\\\/riccardo\\\/#primaryimage\"},\"image\":{\"@id\":\"https:\\\/\\\/concept05design.com\\\/en\\\/produit\\\/riccardo\\\/#primaryimage\"},\"thumbnailUrl\":\"https:\\\/\\\/concept05design.com\\\/wp-content\\\/uploads\\\/2025\\\/07\\\/RICCARDO.webp\",\"datePublished\":\"2025-07-26T20:15:25+00:00\",\"dateModified\":\"2025-07-26T20:16:54+00:00\",\"breadcrumb\":{\"@id\":\"https:\\\/\\\/concept05design.com\\\/en\\\/produit\\\/riccardo\\\/#breadcrumb\"},\"inLanguage\":\"en-US\",\"potentialAction\":[{\"@type\":\"ReadAction\",\"target\":[\"https:\\\/\\\/concept05design.com\\\/en\\\/produit\\\/riccardo\\\/\"]}]},{\"@type\":\"ImageObject\",\"inLanguage\":\"en-US\",\"@id\":\"https:\\\/\\\/concept05design.com\\\/en\\\/produit\\\/riccardo\\\/#primaryimage\",\"url\":\"https:\\\/\\\/concept05design.com\\\/wp-content\\\/uploads\\\/2025\\\/07\\\/RICCARDO.webp\",\"contentUrl\":\"https:\\\/\\\/concept05design.com\\\/wp-content\\\/uploads\\\/2025\\\/07\\\/RICCARDO.webp\",\"width\":600,\"height\":600},{\"@type\":\"BreadcrumbList\",\"@id\":\"https:\\\/\\\/concept05design.com\\\/en\\\/produit\\\/riccardo\\\/#breadcrumb\",\"itemListElement\":[{\"@type\":\"ListItem\",\"position\":1,\"name\":\"Accueil\",\"item\":\"https:\\\/\\\/concept05design.com\\\/en\\\/\"},{\"@type\":\"ListItem\",\"position\":2,\"name\":\"Shop\",\"item\":\"https:\\\/\\\/concept05design.com\\\/shop\\\/\"},{\"@type\":\"ListItem\",\"position\":3,\"name\":\"Riccardo\"}]},{\"@type\":\"WebSite\",\"@id\":\"https:\\\/\\\/concept05design.com\\\/en\\\/#website\",\"url\":\"https:\\\/\\\/concept05design.com\\\/en\\\/\",\"name\":\"Concept 05 Design\",\"description\":\"Du Concept \u00e0 la R\u00e9alit\u00e9 : Votre Vision, Notre Mission\",\"potentialAction\":[{\"@type\":\"SearchAction\",\"target\":{\"@type\":\"EntryPoint\",\"urlTemplate\":\"https:\\\/\\\/concept05design.com\\\/en\\\/?s={search_term_string}\"},\"query-input\":{\"@type\":\"PropertyValueSpecification\",\"valueRequired\":true,\"valueName\":\"search_term_string\"}}],\"inLanguage\":\"en-US\"}]}<\/script>\n<!-- \/ Yoast SEO plugin. -->","yoast_head_json":{"title":"Riccardo - Concept 05 Design","robots":{"index":"index","follow":"follow","max-snippet":"max-snippet:-1","max-image-preview":"max-image-preview:large","max-video-preview":"max-video-preview:-1"},"canonical":"https:\/\/concept05design.com\/en\/produit\/riccardo\/","og_locale":"en_US","og_type":"article","og_title":"Riccardo - Concept 05 Design","og_description":"Straight, geometric lines, combined with minimalist styling, blend perfectly with many bathroom styles. Its unique handle makes it easy to control water temperature and flow. Thanks to its brass body and ceramic cartridge, this faucet offers great durability. An excellent addition to any sink!   &nbsp;","og_url":"https:\/\/concept05design.com\/en\/produit\/riccardo\/","og_site_name":"Concept 05 Design","article_modified_time":"2025-07-26T20:16:54+00:00","og_image":[{"width":600,"height":600,"url":"https:\/\/concept05design.com\/wp-content\/uploads\/2025\/07\/RICCARDO.webp","type":"image\/webp"}],"twitter_card":"summary_large_image","schema":{"@context":"https:\/\/schema.org","@graph":[{"@type":"WebPage","@id":"https:\/\/concept05design.com\/en\/produit\/riccardo\/","url":"https:\/\/concept05design.com\/en\/produit\/riccardo\/","name":"Riccardo - Concept 05 Design","isPartOf":{"@id":"https:\/\/concept05design.com\/en\/#website"},"primaryImageOfPage":{"@id":"https:\/\/concept05design.com\/en\/produit\/riccardo\/#primaryimage"},"image":{"@id":"https:\/\/concept05design.com\/en\/produit\/riccardo\/#primaryimage"},"thumbnailUrl":"https:\/\/concept05design.com\/wp-content\/uploads\/2025\/07\/RICCARDO.webp","datePublished":"2025-07-26T20:15:25+00:00","dateModified":"2025-07-26T20:16:54+00:00","breadcrumb":{"@id":"https:\/\/concept05design.com\/en\/produit\/riccardo\/#breadcrumb"},"inLanguage":"en-US","potentialAction":[{"@type":"ReadAction","target":["https:\/\/concept05design.com\/en\/produit\/riccardo\/"]}]},{"@type":"ImageObject","inLanguage":"en-US","@id":"https:\/\/concept05design.com\/en\/produit\/riccardo\/#primaryimage","url":"https:\/\/concept05design.com\/wp-content\/uploads\/2025\/07\/RICCARDO.webp","contentUrl":"https:\/\/concept05design.com\/wp-content\/uploads\/2025\/07\/RICCARDO.webp","width":600,"height":600},{"@type":"BreadcrumbList","@id":"https:\/\/concept05design.com\/en\/produit\/riccardo\/#breadcrumb","itemListElement":[{"@type":"ListItem","position":1,"name":"Accueil","item":"https:\/\/concept05design.com\/en\/"},{"@type":"ListItem","position":2,"name":"Shop","item":"https:\/\/concept05design.com\/shop\/"},{"@type":"ListItem","position":3,"name":"Riccardo"}]},{"@type":"WebSite","@id":"https:\/\/concept05design.com\/en\/#website","url":"https:\/\/concept05design.com\/en\/","name":"Concept 05 Design","description":"Du Concept \u00e0 la R\u00e9alit\u00e9 : Votre Vision, Notre Mission","potentialAction":[{"@type":"SearchAction","target":{"@type":"EntryPoint","urlTemplate":"https:\/\/concept05design.com\/en\/?s={search_term_string}"},"query-input":{"@type":"PropertyValueSpecification","valueRequired":true,"valueName":"search_term_string"}}],"inLanguage":"en-US"}]}},"_links":{"self":[{"href":"https:\/\/concept05design.com\/en\/wp-json\/wp\/v2\/product\/5997","targetHints":{"allow":["GET"]}}],"collection":[{"href":"https:\/\/concept05design.com\/en\/wp-json\/wp\/v2\/product"}],"about":[{"href":"https:\/\/concept05design.com\/en\/wp-json\/wp\/v2\/types\/product"}],"wp:featuredmedia":[{"embeddable":true,"href":"https:\/\/concept05design.com\/en\/wp-json\/wp\/v2\/media\/5994"}],"wp:attachment":[{"href":"https:\/\/concept05design.com\/en\/wp-json\/wp\/v2\/media?parent=5997"}],"wp:term":[{"taxonomy":"product_brand","embeddable":true,"href":"https:\/\/concept05design.com\/en\/wp-json\/wp\/v2\/product_brand?post=5997"},{"taxonomy":"product_cat","embeddable":true,"href":"https:\/\/concept05design.com\/en\/wp-json\/wp\/v2\/product_cat?post=5997"},{"taxonomy":"product_tag","embeddable":true,"href":"https:\/\/concept05design.com\/en\/wp-json\/wp\/v2\/product_tag?post=5997"}],"curies":[{"name":"wp","href":"https:\/\/api.w.org\/{rel}","templated":true}]}}