{"id":6005,"date":"2025-07-26T20:19:03","date_gmt":"2025-07-26T20:19:03","guid":{"rendered":"https:\/\/concept05design.com\/produit\/rio\/"},"modified":"2025-07-26T20:19:29","modified_gmt":"2025-07-26T20:19:29","slug":"rio","status":"publish","type":"product","link":"https:\/\/concept05design.com\/en\/produit\/rio\/","title":{"rendered":"Rio"},"content":{"rendered":"<p data-start=\"390\" data-end=\"412\"><strong data-start=\"390\" data-end=\"410\">Features<\/strong><\/p>\n<ul data-start=\"413\" data-end=\"681\">\n<li data-start=\"413\" data-end=\"446\">\n<p data-start=\"415\" data-end=\"446\">Solid brass construction<\/p>\n<\/li>\n<li data-start=\"447\" data-end=\"470\">\n<p data-start=\"449\" data-end=\"470\">Wall installation<\/p>\n<\/li>\n<li data-start=\"471\" data-end=\"516\">\n<p data-start=\"473\" data-end=\"516\">Single handle for easy control<\/p>\n<\/li>\n<li data-start=\"517\" data-end=\"545\">\n<p data-start=\"519\" data-end=\"545\">Corrosion-resistant<\/p>\n<\/li>\n<li data-start=\"546\" data-end=\"572\">\n<p data-start=\"548\" data-end=\"572\">Ceramic cartridge<\/p>\n<\/li>\n<li data-start=\"573\" data-end=\"613\">\n<p data-start=\"575\" data-end=\"613\">Pressure regulation system<\/p>\n<\/li>\n<li data-start=\"614\" data-end=\"647\">\n<p data-start=\"616\" data-end=\"647\">1\/2&#8243; pipe connection<\/p>\n<\/li>\n<li data-start=\"648\" data-end=\"681\">\n<p data-start=\"650\" data-end=\"681\">Flow rate: 1.66 gpm max at 60 psi<\/p>\n<\/li>\n<\/ul>\n<p data-start=\"683\" data-end=\"703\"><strong data-start=\"683\" data-end=\"701\">Specifications<\/strong><\/p>\n<ul data-start=\"704\" data-end=\"957\" data-is-last-node=\"\" data-is-only-node=\"\">\n<li data-start=\"704\" data-end=\"762\">\n<p data-start=\"706\" data-end=\"762\">Available finishes: Matte black and brushed brass (gold)<\/p>\n<\/li>\n<li data-start=\"763\" data-end=\"875\">\n<p data-start=\"765\" data-end=\"875\">This model meets or exceeds the following requirements: CSA (B125.1-18) and CUPC (ASME A112.18.1) certification.<\/p>\n<\/li>\n<li data-start=\"876\" data-end=\"911\">\n<p data-start=\"878\" data-end=\"911\">Lifetime cartridge warranty<\/p>\n<\/li>\n<li data-start=\"912\" data-end=\"957\" data-is-last-node=\"\">\n<p data-start=\"914\" data-end=\"957\" data-is-last-node=\"\">15-year warranty on matte black finish<\/p>\n<\/li>\n<\/ul>\n","protected":false},"excerpt":{"rendered":"<p>Designed to offer superior quality and durability, this elegant faucet will help create a relaxing bathroom ambience. Its unique handle makes it easy to control temperature and flow, while providing a sleek, modern appearance. Its solid brass body and ceramic cartridge ensure durability.  <\/p>\n<p>&nbsp;<\/p>\n<p><img decoding=\"async\" class=\"alignnone size-medium wp-image-6003\" src=\"https:\/\/concept05design.com\/wp-content\/uploads\/2025\/07\/Untitled-48-237x300.png\" alt=\"\" width=\"237\" height=\"300\" srcset=\"https:\/\/concept05design.com\/wp-content\/uploads\/2025\/07\/Untitled-48-200x254.png 200w, https:\/\/concept05design.com\/wp-content\/uploads\/2025\/07\/Untitled-48-237x300.png 237w, https:\/\/concept05design.com\/wp-content\/uploads\/2025\/07\/Untitled-48.png 354w\" sizes=\"(max-width: 237px) 100vw, 237px\" \/><\/p>\n","protected":false},"featured_media":6002,"template":"","meta":[],"product_brand":[],"product_cat":[418,433],"product_tag":[],"class_list":{"0":"post-6005","1":"product","2":"type-product","3":"status-publish","4":"has-post-thumbnail","6":"product_cat-bathroom","7":"product_cat-faucet-en","9":"first","10":"instock","11":"shipping-taxable","12":"product-type-simple"},"yoast_head":"<!-- This site is optimized with the Yoast SEO plugin v27.4 - https:\/\/yoast.com\/product\/yoast-seo-wordpress\/ -->\n<title>Rio - Concept 05 Design<\/title>\n<meta name=\"robots\" content=\"index, follow, max-snippet:-1, max-image-preview:large, max-video-preview:-1\" \/>\n<link rel=\"canonical\" href=\"https:\/\/concept05design.com\/en\/produit\/rio\/\" \/>\n<meta property=\"og:locale\" content=\"en_US\" \/>\n<meta property=\"og:type\" content=\"article\" \/>\n<meta property=\"og:title\" content=\"Rio - Concept 05 Design\" \/>\n<meta property=\"og:description\" content=\"Designed to offer superior quality and durability, this elegant faucet will help create a relaxing bathroom ambience. Its unique handle makes it easy to control temperature and flow, while providing a sleek, modern appearance. Its solid brass body and ceramic cartridge ensure durability.  &nbsp;\" \/>\n<meta property=\"og:url\" content=\"https:\/\/concept05design.com\/en\/produit\/rio\/\" \/>\n<meta property=\"og:site_name\" content=\"Concept 05 Design\" \/>\n<meta property=\"article:modified_time\" content=\"2025-07-26T20:19:29+00:00\" \/>\n<meta property=\"og:image\" content=\"https:\/\/concept05design.com\/wp-content\/uploads\/2025\/07\/RIO-GD_2aa29ed7-ca0f-4525-ad86-419778870e29.webp\" \/>\n\t<meta property=\"og:image:width\" content=\"600\" \/>\n\t<meta property=\"og:image:height\" content=\"600\" \/>\n\t<meta property=\"og:image:type\" content=\"image\/webp\" \/>\n<meta name=\"twitter:card\" content=\"summary_large_image\" \/>\n<script type=\"application\/ld+json\" class=\"yoast-schema-graph\">{\"@context\":\"https:\\\/\\\/schema.org\",\"@graph\":[{\"@type\":\"WebPage\",\"@id\":\"https:\\\/\\\/concept05design.com\\\/en\\\/produit\\\/rio\\\/\",\"url\":\"https:\\\/\\\/concept05design.com\\\/en\\\/produit\\\/rio\\\/\",\"name\":\"Rio - Concept 05 Design\",\"isPartOf\":{\"@id\":\"https:\\\/\\\/concept05design.com\\\/en\\\/#website\"},\"primaryImageOfPage\":{\"@id\":\"https:\\\/\\\/concept05design.com\\\/en\\\/produit\\\/rio\\\/#primaryimage\"},\"image\":{\"@id\":\"https:\\\/\\\/concept05design.com\\\/en\\\/produit\\\/rio\\\/#primaryimage\"},\"thumbnailUrl\":\"https:\\\/\\\/concept05design.com\\\/wp-content\\\/uploads\\\/2025\\\/07\\\/RIO-GD_2aa29ed7-ca0f-4525-ad86-419778870e29.webp\",\"datePublished\":\"2025-07-26T20:19:03+00:00\",\"dateModified\":\"2025-07-26T20:19:29+00:00\",\"breadcrumb\":{\"@id\":\"https:\\\/\\\/concept05design.com\\\/en\\\/produit\\\/rio\\\/#breadcrumb\"},\"inLanguage\":\"en-US\",\"potentialAction\":[{\"@type\":\"ReadAction\",\"target\":[\"https:\\\/\\\/concept05design.com\\\/en\\\/produit\\\/rio\\\/\"]}]},{\"@type\":\"ImageObject\",\"inLanguage\":\"en-US\",\"@id\":\"https:\\\/\\\/concept05design.com\\\/en\\\/produit\\\/rio\\\/#primaryimage\",\"url\":\"https:\\\/\\\/concept05design.com\\\/wp-content\\\/uploads\\\/2025\\\/07\\\/RIO-GD_2aa29ed7-ca0f-4525-ad86-419778870e29.webp\",\"contentUrl\":\"https:\\\/\\\/concept05design.com\\\/wp-content\\\/uploads\\\/2025\\\/07\\\/RIO-GD_2aa29ed7-ca0f-4525-ad86-419778870e29.webp\",\"width\":600,\"height\":600},{\"@type\":\"BreadcrumbList\",\"@id\":\"https:\\\/\\\/concept05design.com\\\/en\\\/produit\\\/rio\\\/#breadcrumb\",\"itemListElement\":[{\"@type\":\"ListItem\",\"position\":1,\"name\":\"Accueil\",\"item\":\"https:\\\/\\\/concept05design.com\\\/en\\\/\"},{\"@type\":\"ListItem\",\"position\":2,\"name\":\"Shop\",\"item\":\"https:\\\/\\\/concept05design.com\\\/shop\\\/\"},{\"@type\":\"ListItem\",\"position\":3,\"name\":\"Rio\"}]},{\"@type\":\"WebSite\",\"@id\":\"https:\\\/\\\/concept05design.com\\\/en\\\/#website\",\"url\":\"https:\\\/\\\/concept05design.com\\\/en\\\/\",\"name\":\"Concept 05 Design\",\"description\":\"Du Concept \u00e0 la R\u00e9alit\u00e9 : Votre Vision, Notre Mission\",\"potentialAction\":[{\"@type\":\"SearchAction\",\"target\":{\"@type\":\"EntryPoint\",\"urlTemplate\":\"https:\\\/\\\/concept05design.com\\\/en\\\/?s={search_term_string}\"},\"query-input\":{\"@type\":\"PropertyValueSpecification\",\"valueRequired\":true,\"valueName\":\"search_term_string\"}}],\"inLanguage\":\"en-US\"}]}<\/script>\n<!-- \/ Yoast SEO plugin. -->","yoast_head_json":{"title":"Rio - Concept 05 Design","robots":{"index":"index","follow":"follow","max-snippet":"max-snippet:-1","max-image-preview":"max-image-preview:large","max-video-preview":"max-video-preview:-1"},"canonical":"https:\/\/concept05design.com\/en\/produit\/rio\/","og_locale":"en_US","og_type":"article","og_title":"Rio - Concept 05 Design","og_description":"Designed to offer superior quality and durability, this elegant faucet will help create a relaxing bathroom ambience. Its unique handle makes it easy to control temperature and flow, while providing a sleek, modern appearance. Its solid brass body and ceramic cartridge ensure durability.  &nbsp;","og_url":"https:\/\/concept05design.com\/en\/produit\/rio\/","og_site_name":"Concept 05 Design","article_modified_time":"2025-07-26T20:19:29+00:00","og_image":[{"width":600,"height":600,"url":"https:\/\/concept05design.com\/wp-content\/uploads\/2025\/07\/RIO-GD_2aa29ed7-ca0f-4525-ad86-419778870e29.webp","type":"image\/webp"}],"twitter_card":"summary_large_image","schema":{"@context":"https:\/\/schema.org","@graph":[{"@type":"WebPage","@id":"https:\/\/concept05design.com\/en\/produit\/rio\/","url":"https:\/\/concept05design.com\/en\/produit\/rio\/","name":"Rio - Concept 05 Design","isPartOf":{"@id":"https:\/\/concept05design.com\/en\/#website"},"primaryImageOfPage":{"@id":"https:\/\/concept05design.com\/en\/produit\/rio\/#primaryimage"},"image":{"@id":"https:\/\/concept05design.com\/en\/produit\/rio\/#primaryimage"},"thumbnailUrl":"https:\/\/concept05design.com\/wp-content\/uploads\/2025\/07\/RIO-GD_2aa29ed7-ca0f-4525-ad86-419778870e29.webp","datePublished":"2025-07-26T20:19:03+00:00","dateModified":"2025-07-26T20:19:29+00:00","breadcrumb":{"@id":"https:\/\/concept05design.com\/en\/produit\/rio\/#breadcrumb"},"inLanguage":"en-US","potentialAction":[{"@type":"ReadAction","target":["https:\/\/concept05design.com\/en\/produit\/rio\/"]}]},{"@type":"ImageObject","inLanguage":"en-US","@id":"https:\/\/concept05design.com\/en\/produit\/rio\/#primaryimage","url":"https:\/\/concept05design.com\/wp-content\/uploads\/2025\/07\/RIO-GD_2aa29ed7-ca0f-4525-ad86-419778870e29.webp","contentUrl":"https:\/\/concept05design.com\/wp-content\/uploads\/2025\/07\/RIO-GD_2aa29ed7-ca0f-4525-ad86-419778870e29.webp","width":600,"height":600},{"@type":"BreadcrumbList","@id":"https:\/\/concept05design.com\/en\/produit\/rio\/#breadcrumb","itemListElement":[{"@type":"ListItem","position":1,"name":"Accueil","item":"https:\/\/concept05design.com\/en\/"},{"@type":"ListItem","position":2,"name":"Shop","item":"https:\/\/concept05design.com\/shop\/"},{"@type":"ListItem","position":3,"name":"Rio"}]},{"@type":"WebSite","@id":"https:\/\/concept05design.com\/en\/#website","url":"https:\/\/concept05design.com\/en\/","name":"Concept 05 Design","description":"Du Concept \u00e0 la R\u00e9alit\u00e9 : Votre Vision, Notre Mission","potentialAction":[{"@type":"SearchAction","target":{"@type":"EntryPoint","urlTemplate":"https:\/\/concept05design.com\/en\/?s={search_term_string}"},"query-input":{"@type":"PropertyValueSpecification","valueRequired":true,"valueName":"search_term_string"}}],"inLanguage":"en-US"}]}},"_links":{"self":[{"href":"https:\/\/concept05design.com\/en\/wp-json\/wp\/v2\/product\/6005","targetHints":{"allow":["GET"]}}],"collection":[{"href":"https:\/\/concept05design.com\/en\/wp-json\/wp\/v2\/product"}],"about":[{"href":"https:\/\/concept05design.com\/en\/wp-json\/wp\/v2\/types\/product"}],"wp:featuredmedia":[{"embeddable":true,"href":"https:\/\/concept05design.com\/en\/wp-json\/wp\/v2\/media\/6002"}],"wp:attachment":[{"href":"https:\/\/concept05design.com\/en\/wp-json\/wp\/v2\/media?parent=6005"}],"wp:term":[{"taxonomy":"product_brand","embeddable":true,"href":"https:\/\/concept05design.com\/en\/wp-json\/wp\/v2\/product_brand?post=6005"},{"taxonomy":"product_cat","embeddable":true,"href":"https:\/\/concept05design.com\/en\/wp-json\/wp\/v2\/product_cat?post=6005"},{"taxonomy":"product_tag","embeddable":true,"href":"https:\/\/concept05design.com\/en\/wp-json\/wp\/v2\/product_tag?post=6005"}],"curies":[{"name":"wp","href":"https:\/\/api.w.org\/{rel}","templated":true}]}}