{"id":6019,"date":"2025-07-26T20:23:21","date_gmt":"2025-07-26T20:23:21","guid":{"rendered":"https:\/\/concept05design.com\/produit\/rosa\/"},"modified":"2025-07-26T20:27:13","modified_gmt":"2025-07-26T20:27:13","slug":"rosa","status":"publish","type":"product","link":"https:\/\/concept05design.com\/en\/produit\/rosa\/","title":{"rendered":"Rosa"},"content":{"rendered":"<p data-start=\"410\" data-end=\"432\"><strong data-start=\"410\" data-end=\"430\">Features<\/strong><\/p>\n<ul data-start=\"433\" data-end=\"702\">\n<li data-start=\"433\" data-end=\"466\">\n<p data-start=\"435\" data-end=\"466\">Solid brass construction<\/p>\n<\/li>\n<li data-start=\"467\" data-end=\"490\">\n<p data-start=\"469\" data-end=\"490\">Wall installation<\/p>\n<\/li>\n<li data-start=\"491\" data-end=\"538\">\n<p data-start=\"493\" data-end=\"538\">Textured handle for easy control<\/p>\n<\/li>\n<li data-start=\"539\" data-end=\"567\">\n<p data-start=\"541\" data-end=\"567\">Corrosion-resistant<\/p>\n<\/li>\n<li data-start=\"568\" data-end=\"594\">\n<p data-start=\"570\" data-end=\"594\">Ceramic cartridge<\/p>\n<\/li>\n<li data-start=\"595\" data-end=\"635\">\n<p data-start=\"597\" data-end=\"635\">Pressure regulation system<\/p>\n<\/li>\n<li data-start=\"636\" data-end=\"669\">\n<p data-start=\"638\" data-end=\"669\">1\/2&#8243; pipe connection<\/p>\n<\/li>\n<li data-start=\"670\" data-end=\"702\">\n<p data-start=\"672\" data-end=\"702\">Flow rate: 1.9 gpm max at 60 psi<\/p>\n<\/li>\n<\/ul>\n<p data-start=\"704\" data-end=\"724\"><strong data-start=\"704\" data-end=\"722\">Specifications<\/strong><\/p>\n<ul data-start=\"725\" data-end=\"1000\" data-is-last-node=\"\" data-is-only-node=\"\">\n<li data-start=\"725\" data-end=\"809\">\n<p data-start=\"727\" data-end=\"809\">Available finishes: Matte black, brushed brass (gold), brushed nickel and matte white<\/p>\n<\/li>\n<li data-start=\"810\" data-end=\"845\">\n<p data-start=\"812\" data-end=\"845\">Lifetime cartridge warranty<\/p>\n<\/li>\n<li data-start=\"846\" data-end=\"893\">\n<p data-start=\"848\" data-end=\"893\">5-year warranty on matt white finish<\/p>\n<\/li>\n<li data-start=\"894\" data-end=\"1000\" data-is-last-node=\"\">\n<p data-start=\"896\" data-end=\"1000\" data-is-last-node=\"\">This model meets or exceeds CSA (B125.1-18) and CUPC (ASME A112.18.1) certification requirements.<\/p>\n<\/li>\n<\/ul>\n","protected":false},"excerpt":{"rendered":"<p>With its soft curves, sensual lines and meticulous details, this faucet brings an elegant touch to your bathroom. Its unique textured handle makes it easy to control temperature and flow, while ensuring a secure grip, even with wet hands. Thanks to its solid brass body and ceramic cartridge, the product&#8217;s durability is guaranteed.  <\/p>\n<p>&nbsp;<\/p>\n<p><img decoding=\"async\" class=\"alignnone wp-image-6015\" src=\"https:\/\/concept05design.com\/wp-content\/uploads\/2025\/07\/Untitled-49-300x263.png\" alt=\"\" width=\"262\" height=\"229\" srcset=\"https:\/\/concept05design.com\/wp-content\/uploads\/2025\/07\/Untitled-49-200x175.png 200w, https:\/\/concept05design.com\/wp-content\/uploads\/2025\/07\/Untitled-49-300x263.png 300w, https:\/\/concept05design.com\/wp-content\/uploads\/2025\/07\/Untitled-49.png 315w\" sizes=\"(max-width: 262px) 100vw, 262px\" \/> <img decoding=\"async\" class=\"alignnone wp-image-6017\" src=\"https:\/\/concept05design.com\/wp-content\/uploads\/2025\/07\/Untitled1-2-300x134.png\" alt=\"\" width=\"374\" height=\"167\" srcset=\"https:\/\/concept05design.com\/wp-content\/uploads\/2025\/07\/Untitled1-2-200x89.png 200w, https:\/\/concept05design.com\/wp-content\/uploads\/2025\/07\/Untitled1-2-300x134.png 300w, https:\/\/concept05design.com\/wp-content\/uploads\/2025\/07\/Untitled1-2-400x179.png 400w, https:\/\/concept05design.com\/wp-content\/uploads\/2025\/07\/Untitled1-2.png 497w\" sizes=\"(max-width: 374px) 100vw, 374px\" \/><\/p>\n","protected":false},"featured_media":6010,"template":"","meta":[],"product_brand":[],"product_cat":[418,433],"product_tag":[],"class_list":{"0":"post-6019","1":"product","2":"type-product","3":"status-publish","4":"has-post-thumbnail","6":"product_cat-bathroom","7":"product_cat-faucet-en","9":"first","10":"instock","11":"shipping-taxable","12":"product-type-simple"},"yoast_head":"<!-- This site is optimized with the Yoast SEO plugin v27.4 - https:\/\/yoast.com\/product\/yoast-seo-wordpress\/ -->\n<title>Rosa - Concept 05 Design<\/title>\n<meta name=\"robots\" content=\"index, follow, max-snippet:-1, max-image-preview:large, max-video-preview:-1\" \/>\n<link rel=\"canonical\" href=\"https:\/\/concept05design.com\/en\/produit\/rosa\/\" \/>\n<meta property=\"og:locale\" content=\"en_US\" \/>\n<meta property=\"og:type\" content=\"article\" \/>\n<meta property=\"og:title\" content=\"Rosa - Concept 05 Design\" \/>\n<meta property=\"og:description\" content=\"With its soft curves, sensual lines and meticulous details, this faucet brings an elegant touch to your bathroom. Its unique textured handle makes it easy to control temperature and flow, while ensuring a secure grip, even with wet hands. Thanks to its solid brass body and ceramic cartridge, the product&#039;s durability is guaranteed.  &nbsp;\" \/>\n<meta property=\"og:url\" content=\"https:\/\/concept05design.com\/en\/produit\/rosa\/\" \/>\n<meta property=\"og:site_name\" content=\"Concept 05 Design\" \/>\n<meta property=\"article:modified_time\" content=\"2025-07-26T20:27:13+00:00\" \/>\n<meta property=\"og:image\" content=\"https:\/\/concept05design.com\/wp-content\/uploads\/2025\/07\/ROSA-BN-Main.webp\" \/>\n\t<meta property=\"og:image:width\" content=\"600\" \/>\n\t<meta property=\"og:image:height\" content=\"600\" \/>\n\t<meta property=\"og:image:type\" content=\"image\/webp\" \/>\n<meta name=\"twitter:card\" content=\"summary_large_image\" \/>\n<script type=\"application\/ld+json\" class=\"yoast-schema-graph\">{\"@context\":\"https:\\\/\\\/schema.org\",\"@graph\":[{\"@type\":\"WebPage\",\"@id\":\"https:\\\/\\\/concept05design.com\\\/en\\\/produit\\\/rosa\\\/\",\"url\":\"https:\\\/\\\/concept05design.com\\\/en\\\/produit\\\/rosa\\\/\",\"name\":\"Rosa - Concept 05 Design\",\"isPartOf\":{\"@id\":\"https:\\\/\\\/concept05design.com\\\/en\\\/#website\"},\"primaryImageOfPage\":{\"@id\":\"https:\\\/\\\/concept05design.com\\\/en\\\/produit\\\/rosa\\\/#primaryimage\"},\"image\":{\"@id\":\"https:\\\/\\\/concept05design.com\\\/en\\\/produit\\\/rosa\\\/#primaryimage\"},\"thumbnailUrl\":\"https:\\\/\\\/concept05design.com\\\/wp-content\\\/uploads\\\/2025\\\/07\\\/ROSA-BN-Main.webp\",\"datePublished\":\"2025-07-26T20:23:21+00:00\",\"dateModified\":\"2025-07-26T20:27:13+00:00\",\"breadcrumb\":{\"@id\":\"https:\\\/\\\/concept05design.com\\\/en\\\/produit\\\/rosa\\\/#breadcrumb\"},\"inLanguage\":\"en-US\",\"potentialAction\":[{\"@type\":\"ReadAction\",\"target\":[\"https:\\\/\\\/concept05design.com\\\/en\\\/produit\\\/rosa\\\/\"]}]},{\"@type\":\"ImageObject\",\"inLanguage\":\"en-US\",\"@id\":\"https:\\\/\\\/concept05design.com\\\/en\\\/produit\\\/rosa\\\/#primaryimage\",\"url\":\"https:\\\/\\\/concept05design.com\\\/wp-content\\\/uploads\\\/2025\\\/07\\\/ROSA-BN-Main.webp\",\"contentUrl\":\"https:\\\/\\\/concept05design.com\\\/wp-content\\\/uploads\\\/2025\\\/07\\\/ROSA-BN-Main.webp\",\"width\":600,\"height\":600},{\"@type\":\"BreadcrumbList\",\"@id\":\"https:\\\/\\\/concept05design.com\\\/en\\\/produit\\\/rosa\\\/#breadcrumb\",\"itemListElement\":[{\"@type\":\"ListItem\",\"position\":1,\"name\":\"Accueil\",\"item\":\"https:\\\/\\\/concept05design.com\\\/en\\\/\"},{\"@type\":\"ListItem\",\"position\":2,\"name\":\"Shop\",\"item\":\"https:\\\/\\\/concept05design.com\\\/shop\\\/\"},{\"@type\":\"ListItem\",\"position\":3,\"name\":\"Rosa\"}]},{\"@type\":\"WebSite\",\"@id\":\"https:\\\/\\\/concept05design.com\\\/en\\\/#website\",\"url\":\"https:\\\/\\\/concept05design.com\\\/en\\\/\",\"name\":\"Concept 05 Design\",\"description\":\"Du Concept \u00e0 la R\u00e9alit\u00e9 : Votre Vision, Notre Mission\",\"potentialAction\":[{\"@type\":\"SearchAction\",\"target\":{\"@type\":\"EntryPoint\",\"urlTemplate\":\"https:\\\/\\\/concept05design.com\\\/en\\\/?s={search_term_string}\"},\"query-input\":{\"@type\":\"PropertyValueSpecification\",\"valueRequired\":true,\"valueName\":\"search_term_string\"}}],\"inLanguage\":\"en-US\"}]}<\/script>\n<!-- \/ Yoast SEO plugin. -->","yoast_head_json":{"title":"Rosa - Concept 05 Design","robots":{"index":"index","follow":"follow","max-snippet":"max-snippet:-1","max-image-preview":"max-image-preview:large","max-video-preview":"max-video-preview:-1"},"canonical":"https:\/\/concept05design.com\/en\/produit\/rosa\/","og_locale":"en_US","og_type":"article","og_title":"Rosa - Concept 05 Design","og_description":"With its soft curves, sensual lines and meticulous details, this faucet brings an elegant touch to your bathroom. Its unique textured handle makes it easy to control temperature and flow, while ensuring a secure grip, even with wet hands. Thanks to its solid brass body and ceramic cartridge, the product's durability is guaranteed.  &nbsp;","og_url":"https:\/\/concept05design.com\/en\/produit\/rosa\/","og_site_name":"Concept 05 Design","article_modified_time":"2025-07-26T20:27:13+00:00","og_image":[{"width":600,"height":600,"url":"https:\/\/concept05design.com\/wp-content\/uploads\/2025\/07\/ROSA-BN-Main.webp","type":"image\/webp"}],"twitter_card":"summary_large_image","schema":{"@context":"https:\/\/schema.org","@graph":[{"@type":"WebPage","@id":"https:\/\/concept05design.com\/en\/produit\/rosa\/","url":"https:\/\/concept05design.com\/en\/produit\/rosa\/","name":"Rosa - Concept 05 Design","isPartOf":{"@id":"https:\/\/concept05design.com\/en\/#website"},"primaryImageOfPage":{"@id":"https:\/\/concept05design.com\/en\/produit\/rosa\/#primaryimage"},"image":{"@id":"https:\/\/concept05design.com\/en\/produit\/rosa\/#primaryimage"},"thumbnailUrl":"https:\/\/concept05design.com\/wp-content\/uploads\/2025\/07\/ROSA-BN-Main.webp","datePublished":"2025-07-26T20:23:21+00:00","dateModified":"2025-07-26T20:27:13+00:00","breadcrumb":{"@id":"https:\/\/concept05design.com\/en\/produit\/rosa\/#breadcrumb"},"inLanguage":"en-US","potentialAction":[{"@type":"ReadAction","target":["https:\/\/concept05design.com\/en\/produit\/rosa\/"]}]},{"@type":"ImageObject","inLanguage":"en-US","@id":"https:\/\/concept05design.com\/en\/produit\/rosa\/#primaryimage","url":"https:\/\/concept05design.com\/wp-content\/uploads\/2025\/07\/ROSA-BN-Main.webp","contentUrl":"https:\/\/concept05design.com\/wp-content\/uploads\/2025\/07\/ROSA-BN-Main.webp","width":600,"height":600},{"@type":"BreadcrumbList","@id":"https:\/\/concept05design.com\/en\/produit\/rosa\/#breadcrumb","itemListElement":[{"@type":"ListItem","position":1,"name":"Accueil","item":"https:\/\/concept05design.com\/en\/"},{"@type":"ListItem","position":2,"name":"Shop","item":"https:\/\/concept05design.com\/shop\/"},{"@type":"ListItem","position":3,"name":"Rosa"}]},{"@type":"WebSite","@id":"https:\/\/concept05design.com\/en\/#website","url":"https:\/\/concept05design.com\/en\/","name":"Concept 05 Design","description":"Du Concept \u00e0 la R\u00e9alit\u00e9 : Votre Vision, Notre Mission","potentialAction":[{"@type":"SearchAction","target":{"@type":"EntryPoint","urlTemplate":"https:\/\/concept05design.com\/en\/?s={search_term_string}"},"query-input":{"@type":"PropertyValueSpecification","valueRequired":true,"valueName":"search_term_string"}}],"inLanguage":"en-US"}]}},"_links":{"self":[{"href":"https:\/\/concept05design.com\/en\/wp-json\/wp\/v2\/product\/6019","targetHints":{"allow":["GET"]}}],"collection":[{"href":"https:\/\/concept05design.com\/en\/wp-json\/wp\/v2\/product"}],"about":[{"href":"https:\/\/concept05design.com\/en\/wp-json\/wp\/v2\/types\/product"}],"wp:featuredmedia":[{"embeddable":true,"href":"https:\/\/concept05design.com\/en\/wp-json\/wp\/v2\/media\/6010"}],"wp:attachment":[{"href":"https:\/\/concept05design.com\/en\/wp-json\/wp\/v2\/media?parent=6019"}],"wp:term":[{"taxonomy":"product_brand","embeddable":true,"href":"https:\/\/concept05design.com\/en\/wp-json\/wp\/v2\/product_brand?post=6019"},{"taxonomy":"product_cat","embeddable":true,"href":"https:\/\/concept05design.com\/en\/wp-json\/wp\/v2\/product_cat?post=6019"},{"taxonomy":"product_tag","embeddable":true,"href":"https:\/\/concept05design.com\/en\/wp-json\/wp\/v2\/product_tag?post=6019"}],"curies":[{"name":"wp","href":"https:\/\/api.w.org\/{rel}","templated":true}]}}