{"id":6042,"date":"2025-07-26T20:42:58","date_gmt":"2025-07-26T20:42:58","guid":{"rendered":"https:\/\/concept05design.com\/produit\/sakura\/"},"modified":"2025-07-26T20:43:39","modified_gmt":"2025-07-26T20:43:39","slug":"sakura","status":"publish","type":"product","link":"https:\/\/concept05design.com\/en\/produit\/sakura\/","title":{"rendered":"Sakura"},"content":{"rendered":"<p data-start=\"416\" data-end=\"438\"><strong data-start=\"416\" data-end=\"436\">Features<\/strong><\/p>\n<ul data-start=\"439\" data-end=\"767\">\n<li data-start=\"439\" data-end=\"472\">\n<p data-start=\"441\" data-end=\"472\">Solid brass construction<\/p>\n<\/li>\n<li data-start=\"473\" data-end=\"502\">\n<p data-start=\"475\" data-end=\"502\">Freestanding installation<\/p>\n<\/li>\n<li data-start=\"503\" data-end=\"542\">\n<p data-start=\"505\" data-end=\"542\">Hand shower with anti-scale nozzle<\/p>\n<\/li>\n<li data-start=\"543\" data-end=\"571\">\n<p data-start=\"545\" data-end=\"571\">Corrosion-resistant<\/p>\n<\/li>\n<li data-start=\"572\" data-end=\"598\">\n<p data-start=\"574\" data-end=\"598\">Ceramic cartridge<\/p>\n<\/li>\n<li data-start=\"599\" data-end=\"636\">\n<p data-start=\"601\" data-end=\"636\">Pressure regulation system<\/p>\n<\/li>\n<li data-start=\"637\" data-end=\"670\">\n<p data-start=\"639\" data-end=\"670\">1\/2&#8243; pipe connection<\/p>\n<\/li>\n<li data-start=\"671\" data-end=\"714\">\n<p data-start=\"673\" data-end=\"714\">Hand shower: max flow 2.43 gpm at 60 psi<\/p>\n<\/li>\n<li data-start=\"715\" data-end=\"767\">\n<p data-start=\"717\" data-end=\"767\">Tub filling: max flow 3 gpm at 60 psi<\/p>\n<\/li>\n<\/ul>\n<p data-start=\"769\" data-end=\"789\"><strong data-start=\"769\" data-end=\"787\">Specifications<\/strong><\/p>\n<ul data-start=\"790\" data-end=\"996\" data-is-last-node=\"\" data-is-only-node=\"\">\n<li data-start=\"790\" data-end=\"856\">\n<p data-start=\"792\" data-end=\"856\">Available finishes: Chrome, matte black and brushed brass (gold)<\/p>\n<\/li>\n<li data-start=\"857\" data-end=\"916\">\n<p data-start=\"859\" data-end=\"916\">CSA (B125.1-18) and CUPC (ASME A112.18.1) certifications<\/p>\n<\/li>\n<li data-start=\"917\" data-end=\"952\">\n<p data-start=\"919\" data-end=\"952\">Lifetime cartridge warranty<\/p>\n<\/li>\n<li data-start=\"953\" data-end=\"996\" data-is-last-node=\"\">\n<p data-start=\"955\" data-end=\"996\" data-is-last-node=\"\">15-year warranty on chrome finish<\/p>\n<\/li>\n<\/ul>\n","protected":false},"excerpt":{"rendered":"<p data-start=\"0\" data-end=\"414\">This faucet will bring a modern look to your freestanding bathtub. Its unique handle makes it easy to control temperature, and its hand shower is a real ally when it comes to rinsing. Solid brass construction and a ceramic cartridge ensure the faucet&#8217;s durability. SAKURA is equipped with a hand shower and offers balanced pressure, making it ideal for everyday use.   <\/p>\n<p data-start=\"416\" data-end=\"438\">\n<p data-start=\"416\" data-end=\"438\"><img decoding=\"async\" class=\"alignnone size-medium wp-image-6040\" src=\"https:\/\/concept05design.com\/wp-content\/uploads\/2025\/07\/Untitled-51-218x300.png\" alt=\"\" width=\"218\" height=\"300\" srcset=\"https:\/\/concept05design.com\/wp-content\/uploads\/2025\/07\/Untitled-51-200x276.png 200w, https:\/\/concept05design.com\/wp-content\/uploads\/2025\/07\/Untitled-51-218x300.png 218w, https:\/\/concept05design.com\/wp-content\/uploads\/2025\/07\/Untitled-51.png 309w\" sizes=\"(max-width: 218px) 100vw, 218px\" \/><\/p>\n","protected":false},"featured_media":6039,"template":"","meta":[],"product_brand":[],"product_cat":[436,418,433],"product_tag":[],"class_list":{"0":"post-6042","1":"product","2":"type-product","3":"status-publish","4":"has-post-thumbnail","6":"product_cat-bath","7":"product_cat-bathroom","8":"product_cat-faucet-en","10":"first","11":"instock","12":"shipping-taxable","13":"product-type-simple"},"yoast_head":"<!-- This site is optimized with the Yoast SEO plugin v27.4 - https:\/\/yoast.com\/product\/yoast-seo-wordpress\/ -->\n<title>Sakura - Concept 05 Design<\/title>\n<meta name=\"robots\" content=\"index, follow, max-snippet:-1, max-image-preview:large, max-video-preview:-1\" \/>\n<link rel=\"canonical\" href=\"https:\/\/concept05design.com\/en\/produit\/sakura\/\" \/>\n<meta property=\"og:locale\" content=\"en_US\" \/>\n<meta property=\"og:type\" content=\"article\" \/>\n<meta property=\"og:title\" content=\"Sakura - Concept 05 Design\" \/>\n<meta property=\"og:description\" content=\"This faucet will bring a modern look to your freestanding bathtub. Its unique handle makes it easy to control temperature, and its hand shower is a real ally when it comes to rinsing. Solid brass construction and a ceramic cartridge ensure the faucet&#039;s durability. SAKURA is equipped with a hand shower and offers balanced pressure, making it ideal for everyday use.\" \/>\n<meta property=\"og:url\" content=\"https:\/\/concept05design.com\/en\/produit\/sakura\/\" \/>\n<meta property=\"og:site_name\" content=\"Concept 05 Design\" \/>\n<meta property=\"article:modified_time\" content=\"2025-07-26T20:43:39+00:00\" \/>\n<meta property=\"og:image\" content=\"https:\/\/concept05design.com\/wp-content\/uploads\/2025\/07\/SAKURA-GD.webp\" \/>\n\t<meta property=\"og:image:width\" content=\"600\" \/>\n\t<meta property=\"og:image:height\" content=\"600\" \/>\n\t<meta property=\"og:image:type\" content=\"image\/webp\" \/>\n<meta name=\"twitter:card\" content=\"summary_large_image\" \/>\n<script type=\"application\/ld+json\" class=\"yoast-schema-graph\">{\"@context\":\"https:\\\/\\\/schema.org\",\"@graph\":[{\"@type\":\"WebPage\",\"@id\":\"https:\\\/\\\/concept05design.com\\\/en\\\/produit\\\/sakura\\\/\",\"url\":\"https:\\\/\\\/concept05design.com\\\/en\\\/produit\\\/sakura\\\/\",\"name\":\"Sakura - Concept 05 Design\",\"isPartOf\":{\"@id\":\"https:\\\/\\\/concept05design.com\\\/en\\\/#website\"},\"primaryImageOfPage\":{\"@id\":\"https:\\\/\\\/concept05design.com\\\/en\\\/produit\\\/sakura\\\/#primaryimage\"},\"image\":{\"@id\":\"https:\\\/\\\/concept05design.com\\\/en\\\/produit\\\/sakura\\\/#primaryimage\"},\"thumbnailUrl\":\"https:\\\/\\\/concept05design.com\\\/wp-content\\\/uploads\\\/2025\\\/07\\\/SAKURA-GD.webp\",\"datePublished\":\"2025-07-26T20:42:58+00:00\",\"dateModified\":\"2025-07-26T20:43:39+00:00\",\"breadcrumb\":{\"@id\":\"https:\\\/\\\/concept05design.com\\\/en\\\/produit\\\/sakura\\\/#breadcrumb\"},\"inLanguage\":\"en-US\",\"potentialAction\":[{\"@type\":\"ReadAction\",\"target\":[\"https:\\\/\\\/concept05design.com\\\/en\\\/produit\\\/sakura\\\/\"]}]},{\"@type\":\"ImageObject\",\"inLanguage\":\"en-US\",\"@id\":\"https:\\\/\\\/concept05design.com\\\/en\\\/produit\\\/sakura\\\/#primaryimage\",\"url\":\"https:\\\/\\\/concept05design.com\\\/wp-content\\\/uploads\\\/2025\\\/07\\\/SAKURA-GD.webp\",\"contentUrl\":\"https:\\\/\\\/concept05design.com\\\/wp-content\\\/uploads\\\/2025\\\/07\\\/SAKURA-GD.webp\",\"width\":600,\"height\":600},{\"@type\":\"BreadcrumbList\",\"@id\":\"https:\\\/\\\/concept05design.com\\\/en\\\/produit\\\/sakura\\\/#breadcrumb\",\"itemListElement\":[{\"@type\":\"ListItem\",\"position\":1,\"name\":\"Accueil\",\"item\":\"https:\\\/\\\/concept05design.com\\\/en\\\/\"},{\"@type\":\"ListItem\",\"position\":2,\"name\":\"Shop\",\"item\":\"https:\\\/\\\/concept05design.com\\\/shop\\\/\"},{\"@type\":\"ListItem\",\"position\":3,\"name\":\"Sakura\"}]},{\"@type\":\"WebSite\",\"@id\":\"https:\\\/\\\/concept05design.com\\\/en\\\/#website\",\"url\":\"https:\\\/\\\/concept05design.com\\\/en\\\/\",\"name\":\"Concept 05 Design\",\"description\":\"Du Concept \u00e0 la R\u00e9alit\u00e9 : Votre Vision, Notre Mission\",\"potentialAction\":[{\"@type\":\"SearchAction\",\"target\":{\"@type\":\"EntryPoint\",\"urlTemplate\":\"https:\\\/\\\/concept05design.com\\\/en\\\/?s={search_term_string}\"},\"query-input\":{\"@type\":\"PropertyValueSpecification\",\"valueRequired\":true,\"valueName\":\"search_term_string\"}}],\"inLanguage\":\"en-US\"}]}<\/script>\n<!-- \/ Yoast SEO plugin. -->","yoast_head_json":{"title":"Sakura - Concept 05 Design","robots":{"index":"index","follow":"follow","max-snippet":"max-snippet:-1","max-image-preview":"max-image-preview:large","max-video-preview":"max-video-preview:-1"},"canonical":"https:\/\/concept05design.com\/en\/produit\/sakura\/","og_locale":"en_US","og_type":"article","og_title":"Sakura - Concept 05 Design","og_description":"This faucet will bring a modern look to your freestanding bathtub. Its unique handle makes it easy to control temperature, and its hand shower is a real ally when it comes to rinsing. Solid brass construction and a ceramic cartridge ensure the faucet's durability. SAKURA is equipped with a hand shower and offers balanced pressure, making it ideal for everyday use.","og_url":"https:\/\/concept05design.com\/en\/produit\/sakura\/","og_site_name":"Concept 05 Design","article_modified_time":"2025-07-26T20:43:39+00:00","og_image":[{"width":600,"height":600,"url":"https:\/\/concept05design.com\/wp-content\/uploads\/2025\/07\/SAKURA-GD.webp","type":"image\/webp"}],"twitter_card":"summary_large_image","schema":{"@context":"https:\/\/schema.org","@graph":[{"@type":"WebPage","@id":"https:\/\/concept05design.com\/en\/produit\/sakura\/","url":"https:\/\/concept05design.com\/en\/produit\/sakura\/","name":"Sakura - Concept 05 Design","isPartOf":{"@id":"https:\/\/concept05design.com\/en\/#website"},"primaryImageOfPage":{"@id":"https:\/\/concept05design.com\/en\/produit\/sakura\/#primaryimage"},"image":{"@id":"https:\/\/concept05design.com\/en\/produit\/sakura\/#primaryimage"},"thumbnailUrl":"https:\/\/concept05design.com\/wp-content\/uploads\/2025\/07\/SAKURA-GD.webp","datePublished":"2025-07-26T20:42:58+00:00","dateModified":"2025-07-26T20:43:39+00:00","breadcrumb":{"@id":"https:\/\/concept05design.com\/en\/produit\/sakura\/#breadcrumb"},"inLanguage":"en-US","potentialAction":[{"@type":"ReadAction","target":["https:\/\/concept05design.com\/en\/produit\/sakura\/"]}]},{"@type":"ImageObject","inLanguage":"en-US","@id":"https:\/\/concept05design.com\/en\/produit\/sakura\/#primaryimage","url":"https:\/\/concept05design.com\/wp-content\/uploads\/2025\/07\/SAKURA-GD.webp","contentUrl":"https:\/\/concept05design.com\/wp-content\/uploads\/2025\/07\/SAKURA-GD.webp","width":600,"height":600},{"@type":"BreadcrumbList","@id":"https:\/\/concept05design.com\/en\/produit\/sakura\/#breadcrumb","itemListElement":[{"@type":"ListItem","position":1,"name":"Accueil","item":"https:\/\/concept05design.com\/en\/"},{"@type":"ListItem","position":2,"name":"Shop","item":"https:\/\/concept05design.com\/shop\/"},{"@type":"ListItem","position":3,"name":"Sakura"}]},{"@type":"WebSite","@id":"https:\/\/concept05design.com\/en\/#website","url":"https:\/\/concept05design.com\/en\/","name":"Concept 05 Design","description":"Du Concept \u00e0 la R\u00e9alit\u00e9 : Votre Vision, Notre Mission","potentialAction":[{"@type":"SearchAction","target":{"@type":"EntryPoint","urlTemplate":"https:\/\/concept05design.com\/en\/?s={search_term_string}"},"query-input":{"@type":"PropertyValueSpecification","valueRequired":true,"valueName":"search_term_string"}}],"inLanguage":"en-US"}]}},"_links":{"self":[{"href":"https:\/\/concept05design.com\/en\/wp-json\/wp\/v2\/product\/6042","targetHints":{"allow":["GET"]}}],"collection":[{"href":"https:\/\/concept05design.com\/en\/wp-json\/wp\/v2\/product"}],"about":[{"href":"https:\/\/concept05design.com\/en\/wp-json\/wp\/v2\/types\/product"}],"wp:featuredmedia":[{"embeddable":true,"href":"https:\/\/concept05design.com\/en\/wp-json\/wp\/v2\/media\/6039"}],"wp:attachment":[{"href":"https:\/\/concept05design.com\/en\/wp-json\/wp\/v2\/media?parent=6042"}],"wp:term":[{"taxonomy":"product_brand","embeddable":true,"href":"https:\/\/concept05design.com\/en\/wp-json\/wp\/v2\/product_brand?post=6042"},{"taxonomy":"product_cat","embeddable":true,"href":"https:\/\/concept05design.com\/en\/wp-json\/wp\/v2\/product_cat?post=6042"},{"taxonomy":"product_tag","embeddable":true,"href":"https:\/\/concept05design.com\/en\/wp-json\/wp\/v2\/product_tag?post=6042"}],"curies":[{"name":"wp","href":"https:\/\/api.w.org\/{rel}","templated":true}]}}