{"id":6055,"date":"2025-07-28T16:59:44","date_gmt":"2025-07-28T16:59:44","guid":{"rendered":"https:\/\/concept05design.com\/produit\/salia\/"},"modified":"2025-07-28T17:00:27","modified_gmt":"2025-07-28T17:00:27","slug":"salia","status":"publish","type":"product","link":"https:\/\/concept05design.com\/en\/produit\/salia\/","title":{"rendered":"Salia"},"content":{"rendered":"<p data-start=\"476\" data-end=\"498\"><strong data-start=\"476\" data-end=\"496\">Features<\/strong><\/p>\n<ul data-start=\"499\" data-end=\"826\">\n<li data-start=\"499\" data-end=\"532\">\n<p data-start=\"501\" data-end=\"532\">Solid brass construction<\/p>\n<\/li>\n<li data-start=\"533\" data-end=\"562\">\n<p data-start=\"535\" data-end=\"562\">Freestanding installation<\/p>\n<\/li>\n<li data-start=\"563\" data-end=\"585\">\n<p data-start=\"565\" data-end=\"585\">Metal hand shower<\/p>\n<\/li>\n<li data-start=\"586\" data-end=\"606\">\n<p data-start=\"588\" data-end=\"606\">Textured handle<\/p>\n<\/li>\n<li data-start=\"607\" data-end=\"635\">\n<p data-start=\"609\" data-end=\"635\">Corrosion-resistant<\/p>\n<\/li>\n<li data-start=\"636\" data-end=\"662\">\n<p data-start=\"638\" data-end=\"662\">Ceramic cartridge<\/p>\n<\/li>\n<li data-start=\"663\" data-end=\"700\">\n<p data-start=\"665\" data-end=\"700\">Pressure regulation system<\/p>\n<\/li>\n<li data-start=\"701\" data-end=\"736\">\n<p data-start=\"703\" data-end=\"736\">1\/2&#8243; pipe connection<\/p>\n<\/li>\n<li data-start=\"737\" data-end=\"785\">\n<p data-start=\"739\" data-end=\"785\">Hand shower flow rate: 3.8 gpm max at 60 psi<\/p>\n<\/li>\n<li data-start=\"786\" data-end=\"826\">\n<p data-start=\"788\" data-end=\"826\">Spout flow: 8.24 gpm max at 60 psi<\/p>\n<\/li>\n<\/ul>\n<p data-start=\"828\" data-end=\"848\"><strong data-start=\"828\" data-end=\"846\">Specifications<\/strong><\/p>\n<ul data-start=\"849\" data-end=\"1117\" data-is-last-node=\"\" data-is-only-node=\"\">\n<li data-start=\"849\" data-end=\"933\">\n<p data-start=\"851\" data-end=\"933\">Available finishes: brushed nickel, matt black, brushed brass (gold) and matt white<\/p>\n<\/li>\n<li data-start=\"934\" data-end=\"1035\">\n<p data-start=\"936\" data-end=\"1035\">This model meets or exceeds the following requirements: CSA (B125.1-18) and CUPC (ASME A112.18.1)<\/p>\n<\/li>\n<li data-start=\"1036\" data-end=\"1071\">\n<p data-start=\"1038\" data-end=\"1071\">Lifetime cartridge warranty<\/p>\n<\/li>\n<li data-start=\"1072\" data-end=\"1117\" data-is-last-node=\"\">\n<p data-start=\"1074\" data-end=\"1117\" data-is-last-node=\"\">15-year warranty on matte black finish<\/p>\n<\/li>\n<\/ul>\n","protected":false},"excerpt":{"rendered":"<p>The <strong data-start=\"30\" data-end=\"42\">SALIA-BK<\/strong> features a sleek, modern design that lets you relax in style. Its textured handle makes it easy to control temperature, while the metal hand shower is a valuable ally for rinsing. Its solid brass construction and ceramic cartridge ensure outstanding durability. This freestanding faucet offers balanced pressure, making it ideal for everyday use.   <\/p>\n<p>&nbsp;<\/p>\n<p><img decoding=\"async\" class=\"alignnone size-medium wp-image-6053\" src=\"https:\/\/concept05design.com\/wp-content\/uploads\/2025\/07\/Untitled-52-179x300.png\" alt=\"\" width=\"179\" height=\"300\" srcset=\"https:\/\/concept05design.com\/wp-content\/uploads\/2025\/07\/Untitled-52-179x300.png 179w, https:\/\/concept05design.com\/wp-content\/uploads\/2025\/07\/Untitled-52-200x335.png 200w, https:\/\/concept05design.com\/wp-content\/uploads\/2025\/07\/Untitled-52.png 337w\" sizes=\"(max-width: 179px) 100vw, 179px\" \/><\/p>\n","protected":false},"featured_media":6051,"template":"","meta":[],"product_brand":[],"product_cat":[436,418,433],"product_tag":[],"class_list":{"0":"post-6055","1":"product","2":"type-product","3":"status-publish","4":"has-post-thumbnail","6":"product_cat-bath","7":"product_cat-bathroom","8":"product_cat-faucet-en","10":"first","11":"instock","12":"shipping-taxable","13":"product-type-simple"},"yoast_head":"<!-- This site is optimized with the Yoast SEO plugin v27.4 - https:\/\/yoast.com\/product\/yoast-seo-wordpress\/ -->\n<title>Salia - Concept 05 Design<\/title>\n<meta name=\"robots\" content=\"index, follow, max-snippet:-1, max-image-preview:large, max-video-preview:-1\" \/>\n<link rel=\"canonical\" href=\"https:\/\/concept05design.com\/en\/produit\/salia\/\" \/>\n<meta property=\"og:locale\" content=\"en_US\" \/>\n<meta property=\"og:type\" content=\"article\" \/>\n<meta property=\"og:title\" content=\"Salia - Concept 05 Design\" \/>\n<meta property=\"og:description\" content=\"The SALIA-BK features a sleek, modern design that lets you relax in style. Its textured handle makes it easy to control temperature, while the metal hand shower is a valuable ally for rinsing. Its solid brass construction and ceramic cartridge ensure outstanding durability. This freestanding faucet offers balanced pressure, making it ideal for everyday use.   &nbsp;\" \/>\n<meta property=\"og:url\" content=\"https:\/\/concept05design.com\/en\/produit\/salia\/\" \/>\n<meta property=\"og:site_name\" content=\"Concept 05 Design\" \/>\n<meta property=\"article:modified_time\" content=\"2025-07-28T17:00:27+00:00\" \/>\n<meta property=\"og:image\" content=\"https:\/\/concept05design.com\/wp-content\/uploads\/2025\/07\/SALIA.webp\" \/>\n\t<meta property=\"og:image:width\" content=\"600\" \/>\n\t<meta property=\"og:image:height\" content=\"600\" \/>\n\t<meta property=\"og:image:type\" content=\"image\/webp\" \/>\n<meta name=\"twitter:card\" content=\"summary_large_image\" \/>\n<script type=\"application\/ld+json\" class=\"yoast-schema-graph\">{\"@context\":\"https:\\\/\\\/schema.org\",\"@graph\":[{\"@type\":\"WebPage\",\"@id\":\"https:\\\/\\\/concept05design.com\\\/en\\\/produit\\\/salia\\\/\",\"url\":\"https:\\\/\\\/concept05design.com\\\/en\\\/produit\\\/salia\\\/\",\"name\":\"Salia - Concept 05 Design\",\"isPartOf\":{\"@id\":\"https:\\\/\\\/concept05design.com\\\/en\\\/#website\"},\"primaryImageOfPage\":{\"@id\":\"https:\\\/\\\/concept05design.com\\\/en\\\/produit\\\/salia\\\/#primaryimage\"},\"image\":{\"@id\":\"https:\\\/\\\/concept05design.com\\\/en\\\/produit\\\/salia\\\/#primaryimage\"},\"thumbnailUrl\":\"https:\\\/\\\/concept05design.com\\\/wp-content\\\/uploads\\\/2025\\\/07\\\/SALIA.webp\",\"datePublished\":\"2025-07-28T16:59:44+00:00\",\"dateModified\":\"2025-07-28T17:00:27+00:00\",\"breadcrumb\":{\"@id\":\"https:\\\/\\\/concept05design.com\\\/en\\\/produit\\\/salia\\\/#breadcrumb\"},\"inLanguage\":\"en-US\",\"potentialAction\":[{\"@type\":\"ReadAction\",\"target\":[\"https:\\\/\\\/concept05design.com\\\/en\\\/produit\\\/salia\\\/\"]}]},{\"@type\":\"ImageObject\",\"inLanguage\":\"en-US\",\"@id\":\"https:\\\/\\\/concept05design.com\\\/en\\\/produit\\\/salia\\\/#primaryimage\",\"url\":\"https:\\\/\\\/concept05design.com\\\/wp-content\\\/uploads\\\/2025\\\/07\\\/SALIA.webp\",\"contentUrl\":\"https:\\\/\\\/concept05design.com\\\/wp-content\\\/uploads\\\/2025\\\/07\\\/SALIA.webp\",\"width\":600,\"height\":600},{\"@type\":\"BreadcrumbList\",\"@id\":\"https:\\\/\\\/concept05design.com\\\/en\\\/produit\\\/salia\\\/#breadcrumb\",\"itemListElement\":[{\"@type\":\"ListItem\",\"position\":1,\"name\":\"Accueil\",\"item\":\"https:\\\/\\\/concept05design.com\\\/en\\\/\"},{\"@type\":\"ListItem\",\"position\":2,\"name\":\"Shop\",\"item\":\"https:\\\/\\\/concept05design.com\\\/shop\\\/\"},{\"@type\":\"ListItem\",\"position\":3,\"name\":\"Salia\"}]},{\"@type\":\"WebSite\",\"@id\":\"https:\\\/\\\/concept05design.com\\\/en\\\/#website\",\"url\":\"https:\\\/\\\/concept05design.com\\\/en\\\/\",\"name\":\"Concept 05 Design\",\"description\":\"Du Concept \u00e0 la R\u00e9alit\u00e9 : Votre Vision, Notre Mission\",\"potentialAction\":[{\"@type\":\"SearchAction\",\"target\":{\"@type\":\"EntryPoint\",\"urlTemplate\":\"https:\\\/\\\/concept05design.com\\\/en\\\/?s={search_term_string}\"},\"query-input\":{\"@type\":\"PropertyValueSpecification\",\"valueRequired\":true,\"valueName\":\"search_term_string\"}}],\"inLanguage\":\"en-US\"}]}<\/script>\n<!-- \/ Yoast SEO plugin. -->","yoast_head_json":{"title":"Salia - Concept 05 Design","robots":{"index":"index","follow":"follow","max-snippet":"max-snippet:-1","max-image-preview":"max-image-preview:large","max-video-preview":"max-video-preview:-1"},"canonical":"https:\/\/concept05design.com\/en\/produit\/salia\/","og_locale":"en_US","og_type":"article","og_title":"Salia - Concept 05 Design","og_description":"The SALIA-BK features a sleek, modern design that lets you relax in style. Its textured handle makes it easy to control temperature, while the metal hand shower is a valuable ally for rinsing. Its solid brass construction and ceramic cartridge ensure outstanding durability. This freestanding faucet offers balanced pressure, making it ideal for everyday use.   &nbsp;","og_url":"https:\/\/concept05design.com\/en\/produit\/salia\/","og_site_name":"Concept 05 Design","article_modified_time":"2025-07-28T17:00:27+00:00","og_image":[{"width":600,"height":600,"url":"https:\/\/concept05design.com\/wp-content\/uploads\/2025\/07\/SALIA.webp","type":"image\/webp"}],"twitter_card":"summary_large_image","schema":{"@context":"https:\/\/schema.org","@graph":[{"@type":"WebPage","@id":"https:\/\/concept05design.com\/en\/produit\/salia\/","url":"https:\/\/concept05design.com\/en\/produit\/salia\/","name":"Salia - Concept 05 Design","isPartOf":{"@id":"https:\/\/concept05design.com\/en\/#website"},"primaryImageOfPage":{"@id":"https:\/\/concept05design.com\/en\/produit\/salia\/#primaryimage"},"image":{"@id":"https:\/\/concept05design.com\/en\/produit\/salia\/#primaryimage"},"thumbnailUrl":"https:\/\/concept05design.com\/wp-content\/uploads\/2025\/07\/SALIA.webp","datePublished":"2025-07-28T16:59:44+00:00","dateModified":"2025-07-28T17:00:27+00:00","breadcrumb":{"@id":"https:\/\/concept05design.com\/en\/produit\/salia\/#breadcrumb"},"inLanguage":"en-US","potentialAction":[{"@type":"ReadAction","target":["https:\/\/concept05design.com\/en\/produit\/salia\/"]}]},{"@type":"ImageObject","inLanguage":"en-US","@id":"https:\/\/concept05design.com\/en\/produit\/salia\/#primaryimage","url":"https:\/\/concept05design.com\/wp-content\/uploads\/2025\/07\/SALIA.webp","contentUrl":"https:\/\/concept05design.com\/wp-content\/uploads\/2025\/07\/SALIA.webp","width":600,"height":600},{"@type":"BreadcrumbList","@id":"https:\/\/concept05design.com\/en\/produit\/salia\/#breadcrumb","itemListElement":[{"@type":"ListItem","position":1,"name":"Accueil","item":"https:\/\/concept05design.com\/en\/"},{"@type":"ListItem","position":2,"name":"Shop","item":"https:\/\/concept05design.com\/shop\/"},{"@type":"ListItem","position":3,"name":"Salia"}]},{"@type":"WebSite","@id":"https:\/\/concept05design.com\/en\/#website","url":"https:\/\/concept05design.com\/en\/","name":"Concept 05 Design","description":"Du Concept \u00e0 la R\u00e9alit\u00e9 : Votre Vision, Notre Mission","potentialAction":[{"@type":"SearchAction","target":{"@type":"EntryPoint","urlTemplate":"https:\/\/concept05design.com\/en\/?s={search_term_string}"},"query-input":{"@type":"PropertyValueSpecification","valueRequired":true,"valueName":"search_term_string"}}],"inLanguage":"en-US"}]}},"_links":{"self":[{"href":"https:\/\/concept05design.com\/en\/wp-json\/wp\/v2\/product\/6055","targetHints":{"allow":["GET"]}}],"collection":[{"href":"https:\/\/concept05design.com\/en\/wp-json\/wp\/v2\/product"}],"about":[{"href":"https:\/\/concept05design.com\/en\/wp-json\/wp\/v2\/types\/product"}],"wp:featuredmedia":[{"embeddable":true,"href":"https:\/\/concept05design.com\/en\/wp-json\/wp\/v2\/media\/6051"}],"wp:attachment":[{"href":"https:\/\/concept05design.com\/en\/wp-json\/wp\/v2\/media?parent=6055"}],"wp:term":[{"taxonomy":"product_brand","embeddable":true,"href":"https:\/\/concept05design.com\/en\/wp-json\/wp\/v2\/product_brand?post=6055"},{"taxonomy":"product_cat","embeddable":true,"href":"https:\/\/concept05design.com\/en\/wp-json\/wp\/v2\/product_cat?post=6055"},{"taxonomy":"product_tag","embeddable":true,"href":"https:\/\/concept05design.com\/en\/wp-json\/wp\/v2\/product_tag?post=6055"}],"curies":[{"name":"wp","href":"https:\/\/api.w.org\/{rel}","templated":true}]}}